{"id":135643,"date":"2024-02-13T13:21:05","date_gmt":"2024-02-13T11:21:05","guid":{"rendered":"https:\/\/metaltale.com\/produktas\/metala-galda-kaja-uris-75x72-cm-lakots-terauds\/"},"modified":"2024-02-13T13:21:05","modified_gmt":"2024-02-13T11:21:05","slug":"metala-galda-kaja-uris-75x72-cm-lakots-terauds","status":"publish","type":"product","link":"https:\/\/metaltale.com\/lv\/produkts\/metala-galda-kaja-uris-75x72-cm-lakots-terauds\/","title":{"rendered":"Met\u0101la galda k\u0101ja URIS 75&#215;72 cm, lakots t\u0113rauds"},"content":{"rendered":"<div class=\"prod_data\">\n<p>ZA <strong>modelis<\/strong>. N05. NDS<br \/>\n<strong>Materi\u0101ls<\/strong> T\u0113rauds<br \/>\n<strong>Materi\u0101la biezums (cm<\/strong> ) PROFILS 2 x 8<br \/>\n<strong>Kop\u0113jais augstums (cm<\/strong> ) 72<br \/>\n<strong>Kop\u0113jais platums (cm<\/strong> ) 75<br \/>\nMont\u0101\u017eas skr\u016bves N\u0113<br \/>\n<strong>Kr\u0101sa<\/strong> Melna, t\u0113rauda<br \/>\nDaudzums komplekt\u0101 1 gab.<\/p>\n<p>&#8211; t\u0113rauda galda k\u0101ja &#8211; stabila pamatne galda virsmai.<br \/>\n&#8211; divi kr\u0101su varianti \u013cauj izveidot galdu, kas sader ar j\u016bsu interjera dizainu.<br \/>\n&#8211; t\u0113rauda versija, kas pies\u016bcin\u0101ta ar bezkr\u0101sainu laku, at\u0161\u0137iras ar redzamiem skr\u0101p\u0113jumiem un citiem noveco\u0161anas efektiem.<br \/>\n&#8211; izstr\u0101d\u0101jumu kr\u0101sa var at\u0161\u0137irties no galerij\u0101 redzamajiem att\u0113liem individu\u0101lu monitora iestat\u012bjumu un materi\u0101lu \u012bpa\u0161\u012bbu d\u0113\u013c &#8211; t\u0113rauds ir neapstr\u0101d\u0101ts materi\u0101ls, kura kr\u0101sa, tonis un tekst\u016bra var at\u0161\u0137irties no parauga uz paraugu vai no partijas uz partiju.<br \/>\n&#8211; pied\u0101v\u0101t\u0101s skr\u016bves ir paredz\u0113tas darba virsm\u0101m, kuru biezums ir 37 mm vai vair\u0101k.<\/p>\n<hr>\n<p>URIS t\u0113rauda k\u0101ja kombin\u0101cij\u0101 ar koka galda virsmu veido p\u0101rlaic\u012bgu biroja rakst\u0101mgaldu, konferen\u010du telpas galdu, virtuves vai \u0113damgaldus. URIS k\u0101ja ir vienk\u0101r\u0161a un viegla, ta\u010du stabila un iztur\u012bga, t\u0101 sp\u0113j iztur\u0113t pat smagu ozolkoka darba virsmu. K\u0101ja ir ide\u0101li piem\u0113rota ne tikai pla\u0161iem b\u0113ni\u0146u interjeriem, bet ar\u012b virtuves ieej\u0101m maz\u0101kos dz\u012bvok\u013cos, jo t\u0101 sp\u0113j aiz\u0146emt vietu galda virspus\u0113. Ide\u0101li piem\u0113rots modernu dizainu ar industri\u0101liem akcentiem veido\u0161anai. Pa\u0161darin\u0101ts m\u0113be\u013cu gabals jebkurai iek\u0101rtai pie\u0161\u0137irs \u0161armu, un papildu priek\u0161roc\u012bba ir iesp\u0113ja izv\u0113l\u0113ties r\u016bpniecisku t\u0113rauda vai retro melno kr\u0101su. Met\u0101la k\u0101ji\u0146as aizsarg\u0101t\u0101 virsma garant\u0113 iztur\u012bbu pret skr\u0101p\u0113jumiem. Ierosin\u0101tais k\u0101ju raksts neaizsedz iek\u0101rtojumu, bet tikai izce\u013c interjera dizaina raksturu.<\/p>\n<\/div>\n","protected":false},"excerpt":{"rendered":"<p>ZA modelis. N05. NDS Materi\u0101ls T\u0113rauds Materi\u0101la biezums (cm ) PROFILS 2 x 8 Kop\u0113jais augstums (cm ) 72 Kop\u0113jais<\/p>\n","protected":false},"featured_media":119919,"comment_status":"open","ping_status":"closed","template":"","meta":{"_acf_changed":false,"pmpro_default_level":""},"product_brand":[],"product_cat":[24056,23916],"product_tag":[],"class_list":{"0":"post-135643","1":"product","2":"type-product","3":"status-publish","4":"has-post-thumbnail","6":"product_cat-mebelu-kajas","7":"product_cat-stalo-kojos-lv","8":"pmpro-has-access","10":"first","11":"instock","12":"shipping-taxable","13":"purchasable","14":"product-type-simple"},"acf":[],"yoast_head":"<!-- This site is optimized with the Yoast SEO plugin v24.9 - https:\/\/yoast.com\/wordpress\/plugins\/seo\/ -->\n<title>Met\u0101la galda k\u0101ja URIS 75x72 cm, lakots t\u0113rauds - MetalTale.com<\/title>\n<meta name=\"robots\" content=\"index, follow, max-snippet:-1, max-image-preview:large, max-video-preview:-1\" \/>\n<link rel=\"canonical\" href=\"https:\/\/metaltale.com\/lv\/produkts\/metala-galda-kaja-uris-75x72-cm-lakots-terauds\/\" \/>\n<meta property=\"og:locale\" content=\"lv_LV\" \/>\n<meta property=\"og:type\" content=\"article\" \/>\n<meta property=\"og:title\" content=\"Met\u0101la galda k\u0101ja URIS 75x72 cm, lakots t\u0113rauds - MetalTale.com\" \/>\n<meta property=\"og:description\" content=\"ZA modelis. N05. NDS Materi\u0101ls T\u0113rauds Materi\u0101la biezums (cm ) PROFILS 2 x 8 Kop\u0113jais augstums (cm ) 72 Kop\u0113jais\" \/>\n<meta property=\"og:url\" content=\"https:\/\/metaltale.com\/lv\/produkts\/metala-galda-kaja-uris-75x72-cm-lakots-terauds\/\" \/>\n<meta property=\"og:site_name\" content=\"MetalTale.com\" \/>\n<meta name=\"twitter:card\" content=\"summary_large_image\" \/>\n<meta name=\"twitter:label1\" content=\"Est. reading time\" \/>\n\t<meta name=\"twitter:data1\" content=\"2 minutes\" \/>\n<script type=\"application\/ld+json\" class=\"yoast-schema-graph\">{\"@context\":\"https:\/\/schema.org\",\"@graph\":[{\"@type\":\"WebPage\",\"@id\":\"https:\/\/metaltale.com\/lv\/produkts\/metala-galda-kaja-uris-75x72-cm-lakots-terauds\/\",\"url\":\"https:\/\/metaltale.com\/lv\/produkts\/metala-galda-kaja-uris-75x72-cm-lakots-terauds\/\",\"name\":\"Met\u0101la galda k\u0101ja URIS 75x72 cm, lakots t\u0113rauds - MetalTale.com\",\"isPartOf\":{\"@id\":\"https:\/\/metaltale.com\/lv\/#website\"},\"primaryImageOfPage\":{\"@id\":\"https:\/\/metaltale.com\/lv\/produkts\/metala-galda-kaja-uris-75x72-cm-lakots-terauds\/#primaryimage\"},\"image\":{\"@id\":\"https:\/\/metaltale.com\/lv\/produkts\/metala-galda-kaja-uris-75x72-cm-lakots-terauds\/#primaryimage\"},\"thumbnailUrl\":\"https:\/\/metaltale.com\/wp-content\/uploads\/2024\/01\/metalines-stalo-kojos-2.jpg\",\"datePublished\":\"2024-02-13T11:21:05+00:00\",\"breadcrumb\":{\"@id\":\"https:\/\/metaltale.com\/lv\/produkts\/metala-galda-kaja-uris-75x72-cm-lakots-terauds\/#breadcrumb\"},\"inLanguage\":\"lv-LV\",\"potentialAction\":[{\"@type\":\"ReadAction\",\"target\":[\"https:\/\/metaltale.com\/lv\/produkts\/metala-galda-kaja-uris-75x72-cm-lakots-terauds\/\"]}]},{\"@type\":\"ImageObject\",\"inLanguage\":\"lv-LV\",\"@id\":\"https:\/\/metaltale.com\/lv\/produkts\/metala-galda-kaja-uris-75x72-cm-lakots-terauds\/#primaryimage\",\"url\":\"https:\/\/metaltale.com\/wp-content\/uploads\/2024\/01\/metalines-stalo-kojos-2.jpg\",\"contentUrl\":\"https:\/\/metaltale.com\/wp-content\/uploads\/2024\/01\/metalines-stalo-kojos-2.jpg\",\"width\":800,\"height\":800,\"caption\":\"met\u0101la galda k\u0101jas\"},{\"@type\":\"BreadcrumbList\",\"@id\":\"https:\/\/metaltale.com\/lv\/produkts\/metala-galda-kaja-uris-75x72-cm-lakots-terauds\/#breadcrumb\",\"itemListElement\":[{\"@type\":\"ListItem\",\"position\":1,\"name\":\"Home\",\"item\":\"https:\/\/metaltale.com\/lv\/majas\/\"},{\"@type\":\"ListItem\",\"position\":2,\"name\":\"Veikals\",\"item\":\"https:\/\/metaltale.com\/lv\/shop\/\"},{\"@type\":\"ListItem\",\"position\":3,\"name\":\"Met\u0101la galda k\u0101ja URIS 75&#215;72 cm, lakots t\u0113rauds\"}]},{\"@type\":\"WebSite\",\"@id\":\"https:\/\/metaltale.com\/lv\/#website\",\"url\":\"https:\/\/metaltale.com\/lv\/\",\"name\":\"Metaltale.com\",\"description\":\"\",\"potentialAction\":[{\"@type\":\"SearchAction\",\"target\":{\"@type\":\"EntryPoint\",\"urlTemplate\":\"https:\/\/metaltale.com\/lv\/?s={search_term_string}\"},\"query-input\":{\"@type\":\"PropertyValueSpecification\",\"valueRequired\":true,\"valueName\":\"search_term_string\"}}],\"inLanguage\":\"lv-LV\"}]}<\/script>\n<!-- \/ Yoast SEO plugin. -->","yoast_head_json":{"title":"Met\u0101la galda k\u0101ja URIS 75x72 cm, lakots t\u0113rauds - MetalTale.com","robots":{"index":"index","follow":"follow","max-snippet":"max-snippet:-1","max-image-preview":"max-image-preview:large","max-video-preview":"max-video-preview:-1"},"canonical":"https:\/\/metaltale.com\/lv\/produkts\/metala-galda-kaja-uris-75x72-cm-lakots-terauds\/","og_locale":"lv_LV","og_type":"article","og_title":"Met\u0101la galda k\u0101ja URIS 75x72 cm, lakots t\u0113rauds - MetalTale.com","og_description":"ZA modelis. N05. NDS Materi\u0101ls T\u0113rauds Materi\u0101la biezums (cm ) PROFILS 2 x 8 Kop\u0113jais augstums (cm ) 72 Kop\u0113jais","og_url":"https:\/\/metaltale.com\/lv\/produkts\/metala-galda-kaja-uris-75x72-cm-lakots-terauds\/","og_site_name":"MetalTale.com","twitter_card":"summary_large_image","twitter_misc":{"Est. reading time":"2 minutes"},"schema":{"@context":"https:\/\/schema.org","@graph":[{"@type":"WebPage","@id":"https:\/\/metaltale.com\/lv\/produkts\/metala-galda-kaja-uris-75x72-cm-lakots-terauds\/","url":"https:\/\/metaltale.com\/lv\/produkts\/metala-galda-kaja-uris-75x72-cm-lakots-terauds\/","name":"Met\u0101la galda k\u0101ja URIS 75x72 cm, lakots t\u0113rauds - MetalTale.com","isPartOf":{"@id":"https:\/\/metaltale.com\/lv\/#website"},"primaryImageOfPage":{"@id":"https:\/\/metaltale.com\/lv\/produkts\/metala-galda-kaja-uris-75x72-cm-lakots-terauds\/#primaryimage"},"image":{"@id":"https:\/\/metaltale.com\/lv\/produkts\/metala-galda-kaja-uris-75x72-cm-lakots-terauds\/#primaryimage"},"thumbnailUrl":"https:\/\/metaltale.com\/wp-content\/uploads\/2024\/01\/metalines-stalo-kojos-2.jpg","datePublished":"2024-02-13T11:21:05+00:00","breadcrumb":{"@id":"https:\/\/metaltale.com\/lv\/produkts\/metala-galda-kaja-uris-75x72-cm-lakots-terauds\/#breadcrumb"},"inLanguage":"lv-LV","potentialAction":[{"@type":"ReadAction","target":["https:\/\/metaltale.com\/lv\/produkts\/metala-galda-kaja-uris-75x72-cm-lakots-terauds\/"]}]},{"@type":"ImageObject","inLanguage":"lv-LV","@id":"https:\/\/metaltale.com\/lv\/produkts\/metala-galda-kaja-uris-75x72-cm-lakots-terauds\/#primaryimage","url":"https:\/\/metaltale.com\/wp-content\/uploads\/2024\/01\/metalines-stalo-kojos-2.jpg","contentUrl":"https:\/\/metaltale.com\/wp-content\/uploads\/2024\/01\/metalines-stalo-kojos-2.jpg","width":800,"height":800,"caption":"met\u0101la galda k\u0101jas"},{"@type":"BreadcrumbList","@id":"https:\/\/metaltale.com\/lv\/produkts\/metala-galda-kaja-uris-75x72-cm-lakots-terauds\/#breadcrumb","itemListElement":[{"@type":"ListItem","position":1,"name":"Home","item":"https:\/\/metaltale.com\/lv\/majas\/"},{"@type":"ListItem","position":2,"name":"Veikals","item":"https:\/\/metaltale.com\/lv\/shop\/"},{"@type":"ListItem","position":3,"name":"Met\u0101la galda k\u0101ja URIS 75&#215;72 cm, lakots t\u0113rauds"}]},{"@type":"WebSite","@id":"https:\/\/metaltale.com\/lv\/#website","url":"https:\/\/metaltale.com\/lv\/","name":"Metaltale.com","description":"","potentialAction":[{"@type":"SearchAction","target":{"@type":"EntryPoint","urlTemplate":"https:\/\/metaltale.com\/lv\/?s={search_term_string}"},"query-input":{"@type":"PropertyValueSpecification","valueRequired":true,"valueName":"search_term_string"}}],"inLanguage":"lv-LV"}]}},"_links":{"self":[{"href":"https:\/\/metaltale.com\/lv\/wp-json\/wp\/v2\/product\/135643","targetHints":{"allow":["GET"]}}],"collection":[{"href":"https:\/\/metaltale.com\/lv\/wp-json\/wp\/v2\/product"}],"about":[{"href":"https:\/\/metaltale.com\/lv\/wp-json\/wp\/v2\/types\/product"}],"replies":[{"embeddable":true,"href":"https:\/\/metaltale.com\/lv\/wp-json\/wp\/v2\/comments?post=135643"}],"version-history":[{"count":0,"href":"https:\/\/metaltale.com\/lv\/wp-json\/wp\/v2\/product\/135643\/revisions"}],"wp:featuredmedia":[{"embeddable":true,"href":"https:\/\/metaltale.com\/lv\/wp-json\/wp\/v2\/media\/119919"}],"wp:attachment":[{"href":"https:\/\/metaltale.com\/lv\/wp-json\/wp\/v2\/media?parent=135643"}],"wp:term":[{"taxonomy":"product_brand","embeddable":true,"href":"https:\/\/metaltale.com\/lv\/wp-json\/wp\/v2\/product_brand?post=135643"},{"taxonomy":"product_cat","embeddable":true,"href":"https:\/\/metaltale.com\/lv\/wp-json\/wp\/v2\/product_cat?post=135643"},{"taxonomy":"product_tag","embeddable":true,"href":"https:\/\/metaltale.com\/lv\/wp-json\/wp\/v2\/product_tag?post=135643"}],"curies":[{"name":"wp","href":"https:\/\/api.w.org\/{rel}","templated":true}]}}