{"id":135609,"date":"2024-02-13T15:17:05","date_gmt":"2024-02-13T13:17:05","guid":{"rendered":"https:\/\/metaltale.com\/produktas\/metala-galda-kaja-typu-h-basic-82x71cm-melna\/"},"modified":"2024-02-13T15:17:05","modified_gmt":"2024-02-13T13:17:05","slug":"metala-galda-kaja-typu-h-basic-82x71cm-melna","status":"publish","type":"product","link":"https:\/\/metaltale.com\/lv\/produkts\/metala-galda-kaja-typu-h-basic-82x71cm-melna\/","title":{"rendered":"Met\u0101la galda k\u0101ja TYPU H BASIC 82x71cm, melna"},"content":{"rendered":"<div class=\"prod_data\">\n<p><strong>Modelis<\/strong> RR.TH. PRGR<br \/>\n<strong>Materi\u0101ls<\/strong> T\u0113rauds<br \/>\n<strong>Biezums (cm<\/strong> ) 8&#215;4<br \/>\nKop\u0113jais augstums (cm ) 71<br \/>\n<strong>Kop\u0113jais platums (cm<\/strong> ) 82<br \/>\n<strong>Pamatnes izm\u0113ri (cm)<\/strong> 15,2&#215;12<br \/>\nMont\u0101\u017eas skr\u016bves N\u0113<br \/>\nKr\u0101sa Melna<br \/>\n<strong>Apdare<\/strong> Pulvera p\u0101rkl\u0101jums<\/p>\n<p>Met\u0101la galda k\u0101jai ir cieta pamatne galda virsmai.<\/p>\n<p>Pulverkr\u0101sota melna met\u0101la k\u0101ja ar augstu iztur\u012bbu pret skr\u0101p\u0113jumiem<\/p>\n<p>H formas k\u0101jas izskat\u0101s viegli un moderni<\/p>\n<p>Produktu kr\u0101sa var at\u0161\u0137irties no galerij\u0101 redzam\u0101s kr\u0101sas, kas var b\u016bt saist\u012bts ar individu\u0101liem monitora iestat\u012bjumiem un materi\u0101la \u012bpa\u0161\u012bb\u0101m.<\/p>\n<hr>\n<p>Ja mekl\u0113jat met\u0101la k\u0101jas, kas pal\u012bdz\u0113s jums izveidot m\u016bsdien\u012bga stila galdu ar b\u0113ni\u0146u akcentiem, tad \u0161eit redzam\u0101s m\u0113be\u013cu k\u0101jas ir lieliska izv\u0113le. H tipa met\u0101la k\u0101jas ir ide\u0101li piem\u0113rotas lieliem galdiem, rakst\u0101mgaldiem vai mas\u012bv\u0101m galda virsm\u0101m. Galds ir veidots uz H-veida k\u0101jas pamatnes, kas \u013cauj \u0113rti s\u0113d\u0113t pie galda. Augst\u0101k\u0101s kvalit\u0101tes izejvielu izmanto\u0161ana garant\u0113 m\u016bsu iztur\u012bbu un uzticam\u012bbu. M\u016bsdien\u012bga k\u0101ja pie galda noteikti sp\u0113l\u0113s pirmo vijoli interjera dizain\u0101. Pulverkr\u0101sain\u0101 meln\u0101 kr\u0101s\u0101 ir eleganta un \u0161iks versija, kas ir ide\u0101li piem\u0113rota retro un industri\u0101lam klimatam.<\/p>\n<p>* Pied\u0101v\u0101jums attiecas tikai uz t\u0113rauda k\u0101ju un neietver darba virsmu.<\/p>\n<\/div>\n","protected":false},"excerpt":{"rendered":"<p>Modelis RR.TH. PRGR Materi\u0101ls T\u0113rauds Biezums (cm ) 8&#215;4 Kop\u0113jais augstums (cm ) 71 Kop\u0113jais platums (cm ) 82 Pamatnes<\/p>\n","protected":false},"featured_media":117779,"comment_status":"open","ping_status":"closed","template":"","meta":{"_acf_changed":false,"pmpro_default_level":""},"product_brand":[],"product_cat":[24056,23916],"product_tag":[],"class_list":{"0":"post-135609","1":"product","2":"type-product","3":"status-publish","4":"has-post-thumbnail","6":"product_cat-mebelu-kajas","7":"product_cat-stalo-kojos-lv","8":"pmpro-has-access","10":"first","11":"instock","12":"shipping-taxable","13":"purchasable","14":"product-type-simple"},"acf":[],"yoast_head":"<!-- This site is optimized with the Yoast SEO plugin v24.9 - https:\/\/yoast.com\/wordpress\/plugins\/seo\/ -->\n<title>Met\u0101la galda k\u0101ja TYPU H BASIC 82x71cm, melna - MetalTale.com<\/title>\n<meta name=\"robots\" content=\"index, follow, max-snippet:-1, max-image-preview:large, max-video-preview:-1\" \/>\n<link rel=\"canonical\" href=\"https:\/\/metaltale.com\/lv\/produkts\/metala-galda-kaja-typu-h-basic-82x71cm-melna\/\" \/>\n<meta property=\"og:locale\" content=\"lv_LV\" \/>\n<meta property=\"og:type\" content=\"article\" \/>\n<meta property=\"og:title\" content=\"Met\u0101la galda k\u0101ja TYPU H BASIC 82x71cm, melna - MetalTale.com\" \/>\n<meta property=\"og:description\" content=\"Modelis RR.TH. PRGR Materi\u0101ls T\u0113rauds Biezums (cm ) 8&#215;4 Kop\u0113jais augstums (cm ) 71 Kop\u0113jais platums (cm ) 82 Pamatnes\" \/>\n<meta property=\"og:url\" content=\"https:\/\/metaltale.com\/lv\/produkts\/metala-galda-kaja-typu-h-basic-82x71cm-melna\/\" \/>\n<meta property=\"og:site_name\" content=\"MetalTale.com\" \/>\n<meta property=\"og:image\" content=\"https:\/\/metaltale.com\/wp-content\/uploads\/2023\/12\/BASIC-H-tipo-metalinx117s-stalo-kojos.jpg\" \/>\n\t<meta property=\"og:image:width\" content=\"800\" \/>\n\t<meta property=\"og:image:height\" content=\"800\" \/>\n\t<meta property=\"og:image:type\" content=\"image\/jpeg\" \/>\n<meta name=\"twitter:card\" content=\"summary_large_image\" \/>\n<meta name=\"twitter:label1\" content=\"Est. reading time\" \/>\n\t<meta name=\"twitter:data1\" content=\"1 minute\" \/>\n<script type=\"application\/ld+json\" class=\"yoast-schema-graph\">{\"@context\":\"https:\/\/schema.org\",\"@graph\":[{\"@type\":\"WebPage\",\"@id\":\"https:\/\/metaltale.com\/lv\/produkts\/metala-galda-kaja-typu-h-basic-82x71cm-melna\/\",\"url\":\"https:\/\/metaltale.com\/lv\/produkts\/metala-galda-kaja-typu-h-basic-82x71cm-melna\/\",\"name\":\"Met\u0101la galda k\u0101ja TYPU H BASIC 82x71cm, melna - MetalTale.com\",\"isPartOf\":{\"@id\":\"https:\/\/metaltale.com\/lv\/#website\"},\"primaryImageOfPage\":{\"@id\":\"https:\/\/metaltale.com\/lv\/produkts\/metala-galda-kaja-typu-h-basic-82x71cm-melna\/#primaryimage\"},\"image\":{\"@id\":\"https:\/\/metaltale.com\/lv\/produkts\/metala-galda-kaja-typu-h-basic-82x71cm-melna\/#primaryimage\"},\"thumbnailUrl\":\"https:\/\/metaltale.com\/wp-content\/uploads\/2023\/12\/BASIC-H-tipo-metalinx117s-stalo-kojos.jpg\",\"datePublished\":\"2024-02-13T13:17:05+00:00\",\"breadcrumb\":{\"@id\":\"https:\/\/metaltale.com\/lv\/produkts\/metala-galda-kaja-typu-h-basic-82x71cm-melna\/#breadcrumb\"},\"inLanguage\":\"lv-LV\",\"potentialAction\":[{\"@type\":\"ReadAction\",\"target\":[\"https:\/\/metaltale.com\/lv\/produkts\/metala-galda-kaja-typu-h-basic-82x71cm-melna\/\"]}]},{\"@type\":\"ImageObject\",\"inLanguage\":\"lv-LV\",\"@id\":\"https:\/\/metaltale.com\/lv\/produkts\/metala-galda-kaja-typu-h-basic-82x71cm-melna\/#primaryimage\",\"url\":\"https:\/\/metaltale.com\/wp-content\/uploads\/2023\/12\/BASIC-H-tipo-metalinx117s-stalo-kojos.jpg\",\"contentUrl\":\"https:\/\/metaltale.com\/wp-content\/uploads\/2023\/12\/BASIC-H-tipo-metalinx117s-stalo-kojos.jpg\",\"width\":800,\"height\":800,\"caption\":\"Met\u0101la galda k\u0101jas\"},{\"@type\":\"BreadcrumbList\",\"@id\":\"https:\/\/metaltale.com\/lv\/produkts\/metala-galda-kaja-typu-h-basic-82x71cm-melna\/#breadcrumb\",\"itemListElement\":[{\"@type\":\"ListItem\",\"position\":1,\"name\":\"Home\",\"item\":\"https:\/\/metaltale.com\/lv\/majas\/\"},{\"@type\":\"ListItem\",\"position\":2,\"name\":\"Veikals\",\"item\":\"https:\/\/metaltale.com\/lv\/shop\/\"},{\"@type\":\"ListItem\",\"position\":3,\"name\":\"Met\u0101la galda k\u0101ja TYPU H BASIC 82x71cm, melna\"}]},{\"@type\":\"WebSite\",\"@id\":\"https:\/\/metaltale.com\/lv\/#website\",\"url\":\"https:\/\/metaltale.com\/lv\/\",\"name\":\"Metaltale.com\",\"description\":\"\",\"potentialAction\":[{\"@type\":\"SearchAction\",\"target\":{\"@type\":\"EntryPoint\",\"urlTemplate\":\"https:\/\/metaltale.com\/lv\/?s={search_term_string}\"},\"query-input\":{\"@type\":\"PropertyValueSpecification\",\"valueRequired\":true,\"valueName\":\"search_term_string\"}}],\"inLanguage\":\"lv-LV\"}]}<\/script>\n<!-- \/ Yoast SEO plugin. -->","yoast_head_json":{"title":"Met\u0101la galda k\u0101ja TYPU H BASIC 82x71cm, melna - MetalTale.com","robots":{"index":"index","follow":"follow","max-snippet":"max-snippet:-1","max-image-preview":"max-image-preview:large","max-video-preview":"max-video-preview:-1"},"canonical":"https:\/\/metaltale.com\/lv\/produkts\/metala-galda-kaja-typu-h-basic-82x71cm-melna\/","og_locale":"lv_LV","og_type":"article","og_title":"Met\u0101la galda k\u0101ja TYPU H BASIC 82x71cm, melna - MetalTale.com","og_description":"Modelis RR.TH. PRGR Materi\u0101ls T\u0113rauds Biezums (cm ) 8&#215;4 Kop\u0113jais augstums (cm ) 71 Kop\u0113jais platums (cm ) 82 Pamatnes","og_url":"https:\/\/metaltale.com\/lv\/produkts\/metala-galda-kaja-typu-h-basic-82x71cm-melna\/","og_site_name":"MetalTale.com","og_image":[{"width":800,"height":800,"url":"https:\/\/metaltale.com\/wp-content\/uploads\/2023\/12\/BASIC-H-tipo-metalinx117s-stalo-kojos.jpg","type":"image\/jpeg"}],"twitter_card":"summary_large_image","twitter_misc":{"Est. reading time":"1 minute"},"schema":{"@context":"https:\/\/schema.org","@graph":[{"@type":"WebPage","@id":"https:\/\/metaltale.com\/lv\/produkts\/metala-galda-kaja-typu-h-basic-82x71cm-melna\/","url":"https:\/\/metaltale.com\/lv\/produkts\/metala-galda-kaja-typu-h-basic-82x71cm-melna\/","name":"Met\u0101la galda k\u0101ja TYPU H BASIC 82x71cm, melna - MetalTale.com","isPartOf":{"@id":"https:\/\/metaltale.com\/lv\/#website"},"primaryImageOfPage":{"@id":"https:\/\/metaltale.com\/lv\/produkts\/metala-galda-kaja-typu-h-basic-82x71cm-melna\/#primaryimage"},"image":{"@id":"https:\/\/metaltale.com\/lv\/produkts\/metala-galda-kaja-typu-h-basic-82x71cm-melna\/#primaryimage"},"thumbnailUrl":"https:\/\/metaltale.com\/wp-content\/uploads\/2023\/12\/BASIC-H-tipo-metalinx117s-stalo-kojos.jpg","datePublished":"2024-02-13T13:17:05+00:00","breadcrumb":{"@id":"https:\/\/metaltale.com\/lv\/produkts\/metala-galda-kaja-typu-h-basic-82x71cm-melna\/#breadcrumb"},"inLanguage":"lv-LV","potentialAction":[{"@type":"ReadAction","target":["https:\/\/metaltale.com\/lv\/produkts\/metala-galda-kaja-typu-h-basic-82x71cm-melna\/"]}]},{"@type":"ImageObject","inLanguage":"lv-LV","@id":"https:\/\/metaltale.com\/lv\/produkts\/metala-galda-kaja-typu-h-basic-82x71cm-melna\/#primaryimage","url":"https:\/\/metaltale.com\/wp-content\/uploads\/2023\/12\/BASIC-H-tipo-metalinx117s-stalo-kojos.jpg","contentUrl":"https:\/\/metaltale.com\/wp-content\/uploads\/2023\/12\/BASIC-H-tipo-metalinx117s-stalo-kojos.jpg","width":800,"height":800,"caption":"Met\u0101la galda k\u0101jas"},{"@type":"BreadcrumbList","@id":"https:\/\/metaltale.com\/lv\/produkts\/metala-galda-kaja-typu-h-basic-82x71cm-melna\/#breadcrumb","itemListElement":[{"@type":"ListItem","position":1,"name":"Home","item":"https:\/\/metaltale.com\/lv\/majas\/"},{"@type":"ListItem","position":2,"name":"Veikals","item":"https:\/\/metaltale.com\/lv\/shop\/"},{"@type":"ListItem","position":3,"name":"Met\u0101la galda k\u0101ja TYPU H BASIC 82x71cm, melna"}]},{"@type":"WebSite","@id":"https:\/\/metaltale.com\/lv\/#website","url":"https:\/\/metaltale.com\/lv\/","name":"Metaltale.com","description":"","potentialAction":[{"@type":"SearchAction","target":{"@type":"EntryPoint","urlTemplate":"https:\/\/metaltale.com\/lv\/?s={search_term_string}"},"query-input":{"@type":"PropertyValueSpecification","valueRequired":true,"valueName":"search_term_string"}}],"inLanguage":"lv-LV"}]}},"_links":{"self":[{"href":"https:\/\/metaltale.com\/lv\/wp-json\/wp\/v2\/product\/135609","targetHints":{"allow":["GET"]}}],"collection":[{"href":"https:\/\/metaltale.com\/lv\/wp-json\/wp\/v2\/product"}],"about":[{"href":"https:\/\/metaltale.com\/lv\/wp-json\/wp\/v2\/types\/product"}],"replies":[{"embeddable":true,"href":"https:\/\/metaltale.com\/lv\/wp-json\/wp\/v2\/comments?post=135609"}],"version-history":[{"count":0,"href":"https:\/\/metaltale.com\/lv\/wp-json\/wp\/v2\/product\/135609\/revisions"}],"wp:featuredmedia":[{"embeddable":true,"href":"https:\/\/metaltale.com\/lv\/wp-json\/wp\/v2\/media\/117779"}],"wp:attachment":[{"href":"https:\/\/metaltale.com\/lv\/wp-json\/wp\/v2\/media?parent=135609"}],"wp:term":[{"taxonomy":"product_brand","embeddable":true,"href":"https:\/\/metaltale.com\/lv\/wp-json\/wp\/v2\/product_brand?post=135609"},{"taxonomy":"product_cat","embeddable":true,"href":"https:\/\/metaltale.com\/lv\/wp-json\/wp\/v2\/product_cat?post=135609"},{"taxonomy":"product_tag","embeddable":true,"href":"https:\/\/metaltale.com\/lv\/wp-json\/wp\/v2\/product_tag?post=135609"}],"curies":[{"name":"wp","href":"https:\/\/api.w.org\/{rel}","templated":true}]}}