{"id":135602,"date":"2024-02-13T14:05:41","date_gmt":"2024-02-13T12:05:41","guid":{"rendered":"https:\/\/metaltale.com\/produktas\/metala-galda-kaja-twin-melna\/"},"modified":"2024-02-13T14:05:41","modified_gmt":"2024-02-13T12:05:41","slug":"metala-galda-kaja-twin-melna","status":"publish","type":"product","link":"https:\/\/metaltale.com\/lv\/produkts\/metala-galda-kaja-twin-melna\/","title":{"rendered":"Met\u0101la galda k\u0101ja TWIN, melna"},"content":{"rendered":"<div class=\"prod_data\">\n<p><strong>Modelis<\/strong> ZA.LAW.NDSKA<br \/>\n<strong>Materi\u0101ls<\/strong> T\u0113rauds<br \/>\n<strong>Kop\u0113jais augstums (cm<\/strong> ) 38<br \/>\n<strong>Kop\u0113jais platums (cm<\/strong> ) 80<br \/>\nMont\u0101\u017eas skr\u016bves N\u0113<br \/>\n<strong>Kr\u0101sa<\/strong> Melna<br \/>\nDaudzums komplekt\u0101 1 gab.<\/p>\n<p>&#8211; divkr\u0101saina t\u0113rauda kafijas galdi\u0146a k\u0101ja<br \/>\n&#8211; Ori\u0123in\u0101la forma iztur\u012bgai un stabilai konstrukcijai<br \/>\n&#8211; melna pulverkr\u0101sota k\u0101ja, kas ir \u013coti iztur\u012bga pret skr\u0101p\u0113jumiem<br \/>\n&#8211; izstr\u0101d\u0101jumu kr\u0101sa var at\u0161\u0137irties no galerij\u0101 redzamajiem att\u0113liem individu\u0101lu monitora iestat\u012bjumu un materi\u0101lu \u012bpa\u0161\u012bbu d\u0113\u013c &#8211; t\u0113rauds ir neapstr\u0101d\u0101ts materi\u0101ls, kura kr\u0101sa, tonis un tekst\u016bra var at\u0161\u0137irties no parauga uz paraugu vai no partijas uz partiju.<br \/>\n&#8211; ieteicam\u0101s skr\u016bves paredz\u0113tas darba virsm\u0101m ar minim\u0101lo biezumu 37 mm.<\/p>\n<hr>\n<p>TWIN k\u0101jas ir paredz\u0113tas \u012bstiem lauku stila cien\u012bt\u0101jiem, kuri nov\u0113rt\u0113 individu\u0101lus un unik\u0101lus risin\u0101jumus. Pieg\u0101d\u0101tais k\u0101ju komplekts ir izgatavots no augstas kvalit\u0101tes t\u0113rauda. Pateicoties t\u0101 unik\u0101lajam dizainam un iesp\u0113jai kombin\u0113t ar jebkura veida galda virsmu, m\u0113s varam izveidot skaistu un noder\u012bgu galda formas m\u0113beli. Lai pastiprin\u0101tu tipiski lauku atmosf\u0113ru, kuras pamat\u0101 ir met\u0101la un koka kombin\u0101cija, komplekts ir apr\u012bkots ar dekorat\u012bviem st\u016briem, kas nodro\u0161ina galda s\u0101nu virsmas papildu aizsardz\u012bbu.<\/p>\n<\/div>\n","protected":false},"excerpt":{"rendered":"<p>Modelis ZA.LAW.NDSKA Materi\u0101ls T\u0113rauds Kop\u0113jais augstums (cm ) 38 Kop\u0113jais platums (cm ) 80 Mont\u0101\u017eas skr\u016bves N\u0113 Kr\u0101sa Melna Daudzums<\/p>\n","protected":false},"featured_media":85345,"comment_status":"open","ping_status":"closed","template":"","meta":{"_acf_changed":false,"pmpro_default_level":""},"product_brand":[],"product_cat":[24056,23911],"product_tag":[],"class_list":{"0":"post-135602","1":"product","2":"type-product","3":"status-publish","4":"has-post-thumbnail","6":"product_cat-mebelu-kajas","7":"product_cat-kavos-staliuko-kojos-lv","8":"pmpro-has-access","10":"first","11":"instock","12":"shipping-taxable","13":"purchasable","14":"product-type-simple"},"acf":[],"yoast_head":"<!-- This site is optimized with the Yoast SEO plugin v24.9 - https:\/\/yoast.com\/wordpress\/plugins\/seo\/ -->\n<title>Met\u0101la galda k\u0101ja TWIN, melna - MetalTale.com<\/title>\n<meta name=\"robots\" content=\"index, follow, max-snippet:-1, max-image-preview:large, max-video-preview:-1\" \/>\n<link rel=\"canonical\" href=\"https:\/\/metaltale.com\/lv\/produkts\/metala-galda-kaja-twin-melna\/\" \/>\n<meta property=\"og:locale\" content=\"lv_LV\" \/>\n<meta property=\"og:type\" content=\"article\" \/>\n<meta property=\"og:title\" content=\"Met\u0101la galda k\u0101ja TWIN, melna - MetalTale.com\" \/>\n<meta property=\"og:description\" content=\"Modelis ZA.LAW.NDSKA Materi\u0101ls T\u0113rauds Kop\u0113jais augstums (cm ) 38 Kop\u0113jais platums (cm ) 80 Mont\u0101\u017eas skr\u016bves N\u0113 Kr\u0101sa Melna Daudzums\" \/>\n<meta property=\"og:url\" content=\"https:\/\/metaltale.com\/lv\/produkts\/metala-galda-kaja-twin-melna\/\" \/>\n<meta property=\"og:site_name\" content=\"MetalTale.com\" \/>\n<meta name=\"twitter:card\" content=\"summary_large_image\" \/>\n<meta name=\"twitter:label1\" content=\"Est. reading time\" \/>\n\t<meta name=\"twitter:data1\" content=\"1 minute\" \/>\n<script type=\"application\/ld+json\" class=\"yoast-schema-graph\">{\"@context\":\"https:\/\/schema.org\",\"@graph\":[{\"@type\":\"WebPage\",\"@id\":\"https:\/\/metaltale.com\/lv\/produkts\/metala-galda-kaja-twin-melna\/\",\"url\":\"https:\/\/metaltale.com\/lv\/produkts\/metala-galda-kaja-twin-melna\/\",\"name\":\"Met\u0101la galda k\u0101ja TWIN, melna - MetalTale.com\",\"isPartOf\":{\"@id\":\"https:\/\/metaltale.com\/lv\/#website\"},\"primaryImageOfPage\":{\"@id\":\"https:\/\/metaltale.com\/lv\/produkts\/metala-galda-kaja-twin-melna\/#primaryimage\"},\"image\":{\"@id\":\"https:\/\/metaltale.com\/lv\/produkts\/metala-galda-kaja-twin-melna\/#primaryimage\"},\"thumbnailUrl\":\"https:\/\/metaltale.com\/wp-content\/uploads\/2023\/10\/DVYNIx172-KOJA-JUODA.jpg\",\"datePublished\":\"2024-02-13T12:05:41+00:00\",\"breadcrumb\":{\"@id\":\"https:\/\/metaltale.com\/lv\/produkts\/metala-galda-kaja-twin-melna\/#breadcrumb\"},\"inLanguage\":\"lv-LV\",\"potentialAction\":[{\"@type\":\"ReadAction\",\"target\":[\"https:\/\/metaltale.com\/lv\/produkts\/metala-galda-kaja-twin-melna\/\"]}]},{\"@type\":\"ImageObject\",\"inLanguage\":\"lv-LV\",\"@id\":\"https:\/\/metaltale.com\/lv\/produkts\/metala-galda-kaja-twin-melna\/#primaryimage\",\"url\":\"https:\/\/metaltale.com\/wp-content\/uploads\/2023\/10\/DVYNIx172-KOJA-JUODA.jpg\",\"contentUrl\":\"https:\/\/metaltale.com\/wp-content\/uploads\/2023\/10\/DVYNIx172-KOJA-JUODA.jpg\",\"width\":800,\"height\":800},{\"@type\":\"BreadcrumbList\",\"@id\":\"https:\/\/metaltale.com\/lv\/produkts\/metala-galda-kaja-twin-melna\/#breadcrumb\",\"itemListElement\":[{\"@type\":\"ListItem\",\"position\":1,\"name\":\"Home\",\"item\":\"https:\/\/metaltale.com\/lv\/majas\/\"},{\"@type\":\"ListItem\",\"position\":2,\"name\":\"Veikals\",\"item\":\"https:\/\/metaltale.com\/lv\/shop\/\"},{\"@type\":\"ListItem\",\"position\":3,\"name\":\"Met\u0101la galda k\u0101ja TWIN, melna\"}]},{\"@type\":\"WebSite\",\"@id\":\"https:\/\/metaltale.com\/lv\/#website\",\"url\":\"https:\/\/metaltale.com\/lv\/\",\"name\":\"Metaltale.com\",\"description\":\"\",\"potentialAction\":[{\"@type\":\"SearchAction\",\"target\":{\"@type\":\"EntryPoint\",\"urlTemplate\":\"https:\/\/metaltale.com\/lv\/?s={search_term_string}\"},\"query-input\":{\"@type\":\"PropertyValueSpecification\",\"valueRequired\":true,\"valueName\":\"search_term_string\"}}],\"inLanguage\":\"lv-LV\"}]}<\/script>\n<!-- \/ Yoast SEO plugin. -->","yoast_head_json":{"title":"Met\u0101la galda k\u0101ja TWIN, melna - MetalTale.com","robots":{"index":"index","follow":"follow","max-snippet":"max-snippet:-1","max-image-preview":"max-image-preview:large","max-video-preview":"max-video-preview:-1"},"canonical":"https:\/\/metaltale.com\/lv\/produkts\/metala-galda-kaja-twin-melna\/","og_locale":"lv_LV","og_type":"article","og_title":"Met\u0101la galda k\u0101ja TWIN, melna - MetalTale.com","og_description":"Modelis ZA.LAW.NDSKA Materi\u0101ls T\u0113rauds Kop\u0113jais augstums (cm ) 38 Kop\u0113jais platums (cm ) 80 Mont\u0101\u017eas skr\u016bves N\u0113 Kr\u0101sa Melna Daudzums","og_url":"https:\/\/metaltale.com\/lv\/produkts\/metala-galda-kaja-twin-melna\/","og_site_name":"MetalTale.com","twitter_card":"summary_large_image","twitter_misc":{"Est. reading time":"1 minute"},"schema":{"@context":"https:\/\/schema.org","@graph":[{"@type":"WebPage","@id":"https:\/\/metaltale.com\/lv\/produkts\/metala-galda-kaja-twin-melna\/","url":"https:\/\/metaltale.com\/lv\/produkts\/metala-galda-kaja-twin-melna\/","name":"Met\u0101la galda k\u0101ja TWIN, melna - MetalTale.com","isPartOf":{"@id":"https:\/\/metaltale.com\/lv\/#website"},"primaryImageOfPage":{"@id":"https:\/\/metaltale.com\/lv\/produkts\/metala-galda-kaja-twin-melna\/#primaryimage"},"image":{"@id":"https:\/\/metaltale.com\/lv\/produkts\/metala-galda-kaja-twin-melna\/#primaryimage"},"thumbnailUrl":"https:\/\/metaltale.com\/wp-content\/uploads\/2023\/10\/DVYNIx172-KOJA-JUODA.jpg","datePublished":"2024-02-13T12:05:41+00:00","breadcrumb":{"@id":"https:\/\/metaltale.com\/lv\/produkts\/metala-galda-kaja-twin-melna\/#breadcrumb"},"inLanguage":"lv-LV","potentialAction":[{"@type":"ReadAction","target":["https:\/\/metaltale.com\/lv\/produkts\/metala-galda-kaja-twin-melna\/"]}]},{"@type":"ImageObject","inLanguage":"lv-LV","@id":"https:\/\/metaltale.com\/lv\/produkts\/metala-galda-kaja-twin-melna\/#primaryimage","url":"https:\/\/metaltale.com\/wp-content\/uploads\/2023\/10\/DVYNIx172-KOJA-JUODA.jpg","contentUrl":"https:\/\/metaltale.com\/wp-content\/uploads\/2023\/10\/DVYNIx172-KOJA-JUODA.jpg","width":800,"height":800},{"@type":"BreadcrumbList","@id":"https:\/\/metaltale.com\/lv\/produkts\/metala-galda-kaja-twin-melna\/#breadcrumb","itemListElement":[{"@type":"ListItem","position":1,"name":"Home","item":"https:\/\/metaltale.com\/lv\/majas\/"},{"@type":"ListItem","position":2,"name":"Veikals","item":"https:\/\/metaltale.com\/lv\/shop\/"},{"@type":"ListItem","position":3,"name":"Met\u0101la galda k\u0101ja TWIN, melna"}]},{"@type":"WebSite","@id":"https:\/\/metaltale.com\/lv\/#website","url":"https:\/\/metaltale.com\/lv\/","name":"Metaltale.com","description":"","potentialAction":[{"@type":"SearchAction","target":{"@type":"EntryPoint","urlTemplate":"https:\/\/metaltale.com\/lv\/?s={search_term_string}"},"query-input":{"@type":"PropertyValueSpecification","valueRequired":true,"valueName":"search_term_string"}}],"inLanguage":"lv-LV"}]}},"_links":{"self":[{"href":"https:\/\/metaltale.com\/lv\/wp-json\/wp\/v2\/product\/135602","targetHints":{"allow":["GET"]}}],"collection":[{"href":"https:\/\/metaltale.com\/lv\/wp-json\/wp\/v2\/product"}],"about":[{"href":"https:\/\/metaltale.com\/lv\/wp-json\/wp\/v2\/types\/product"}],"replies":[{"embeddable":true,"href":"https:\/\/metaltale.com\/lv\/wp-json\/wp\/v2\/comments?post=135602"}],"version-history":[{"count":0,"href":"https:\/\/metaltale.com\/lv\/wp-json\/wp\/v2\/product\/135602\/revisions"}],"wp:featuredmedia":[{"embeddable":true,"href":"https:\/\/metaltale.com\/lv\/wp-json\/wp\/v2\/media\/85345"}],"wp:attachment":[{"href":"https:\/\/metaltale.com\/lv\/wp-json\/wp\/v2\/media?parent=135602"}],"wp:term":[{"taxonomy":"product_brand","embeddable":true,"href":"https:\/\/metaltale.com\/lv\/wp-json\/wp\/v2\/product_brand?post=135602"},{"taxonomy":"product_cat","embeddable":true,"href":"https:\/\/metaltale.com\/lv\/wp-json\/wp\/v2\/product_cat?post=135602"},{"taxonomy":"product_tag","embeddable":true,"href":"https:\/\/metaltale.com\/lv\/wp-json\/wp\/v2\/product_tag?post=135602"}],"curies":[{"name":"wp","href":"https:\/\/api.w.org\/{rel}","templated":true}]}}