{"id":135578,"date":"2024-02-13T15:17:05","date_gmt":"2024-02-13T13:17:05","guid":{"rendered":"https:\/\/metaltale.com\/produktas\/metala-galda-kaja-slant-71cm-melna\/"},"modified":"2024-02-13T15:17:05","modified_gmt":"2024-02-13T13:17:05","slug":"metala-galda-kaja-slant-71cm-melna","status":"publish","type":"product","link":"https:\/\/metaltale.com\/lv\/produkts\/metala-galda-kaja-slant-71cm-melna\/","title":{"rendered":"Met\u0101la galda k\u0101ja SLANT 71cm, melna"},"content":{"rendered":"<div class=\"prod_data\">\n<p><strong>Modelis<\/strong> RR. N01. PRGR<br \/>\n<strong>Materi\u0101ls<\/strong> T\u0113rauds<br \/>\n<strong>Materi\u0101la biezums (cm<\/strong> ) 8&#215;2 PROFILS<br \/>\nKop\u0113jais augstums (cm ) 71<br \/>\n<strong>Pamatnes izm\u0113ri (cm)<\/strong> 11&#215;8,5<br \/>\nMont\u0101\u017eas skr\u016bves N\u0113<br \/>\nKr\u0101sa Melna<br \/>\n<strong>Apdare<\/strong> Pulvera p\u0101rkl\u0101jums<\/p>\n<p>Met\u0101la galda k\u0101jai ir cieta pamatne galda virsmai.<\/p>\n<p>Pulverkr\u0101sota melna met\u0101la k\u0101ja ar augstu iztur\u012bbu pret skr\u0101p\u0113jumiem<\/p>\n<p>Vienk\u0101r\u0161s, ta\u010du intri\u0123\u0113jo\u0161s dizains atbilsto\u0161i popul\u0101r\u0101m interjera dizaina tendenc\u0113m<\/p>\n<p>Produktu kr\u0101sa var at\u0161\u0137irties no galerij\u0101 redzam\u0101s kr\u0101sas, kas var b\u016bt saist\u012bts ar individu\u0101liem monitora iestat\u012bjumiem un materi\u0101la \u012bpa\u0161\u012bb\u0101m.<\/p>\n<hr>\n<p>Vienk\u0101r\u0161ais sl\u012bp\u0101s met\u0101la k\u0101jas dizains padara to ide\u0101li piem\u0113rotu jebkuram interjeram. Pulverkr\u0101sot\u0101 k\u0101ja ir iztur\u012bga pret skr\u0101p\u0113jumiem, un t\u0101s tum\u0161i meln\u0101 kr\u0101sa ir piem\u0113rota b\u0113ni\u0146u, modern\u0101m vai klasisk\u0101k\u0101m kompoz\u012bcij\u0101m. K\u0101ja ir iztur\u012bga pret skr\u0101p\u0113jumiem, t\u0101p\u0113c t\u0101 labi noder\u0113s \u0123imenes viesistab\u0101 vai virtuv\u0113. K\u0101jas ir izgatavotas no augst\u0101k\u0101s kvalit\u0101tes t\u0113rauda, kas ar\u012b garant\u0113 iztur\u012bbu un stabilit\u0101ti. M\u016bsu veikal\u0101 atrad\u012bsiet ar\u012b koka galda virsmu pied\u0101v\u0101jumu, kas kop\u0101 ar pied\u0101v\u0101to k\u0101ju rad\u012bs ori\u0123in\u0101lu galdu, kas b\u016bs ne tikai praktisks elements, bet ar\u012b m\u016bsu interjera centr\u0101lais elements.<\/p>\n<p>* Pied\u0101v\u0101jums attiecas tikai uz t\u0113rauda k\u0101ju un neietver darba virsmu.<\/p>\n<\/div>\n","protected":false},"excerpt":{"rendered":"<p>Modelis RR. N01. PRGR Materi\u0101ls T\u0113rauds Materi\u0101la biezums (cm ) 8&#215;2 PROFILS Kop\u0113jais augstums (cm ) 71 Pamatnes izm\u0113ri (cm)<\/p>\n","protected":false},"featured_media":107349,"comment_status":"open","ping_status":"closed","template":"","meta":{"_acf_changed":false,"pmpro_default_level":""},"product_brand":[],"product_cat":[24056,23916],"product_tag":[],"class_list":{"0":"post-135578","1":"product","2":"type-product","3":"status-publish","4":"has-post-thumbnail","6":"product_cat-mebelu-kajas","7":"product_cat-stalo-kojos-lv","8":"pmpro-has-access","10":"first","11":"instock","12":"shipping-taxable","13":"purchasable","14":"product-type-simple"},"acf":[],"yoast_head":"<!-- This site is optimized with the Yoast SEO plugin v24.9 - https:\/\/yoast.com\/wordpress\/plugins\/seo\/ -->\n<title>Met\u0101la galda k\u0101ja SLANT 71cm, melna - MetalTale.com<\/title>\n<meta name=\"robots\" content=\"index, follow, max-snippet:-1, max-image-preview:large, max-video-preview:-1\" \/>\n<link rel=\"canonical\" href=\"https:\/\/metaltale.com\/lv\/produkts\/metala-galda-kaja-slant-71cm-melna\/\" \/>\n<meta property=\"og:locale\" content=\"lv_LV\" \/>\n<meta property=\"og:type\" content=\"article\" \/>\n<meta property=\"og:title\" content=\"Met\u0101la galda k\u0101ja SLANT 71cm, melna - MetalTale.com\" \/>\n<meta property=\"og:description\" content=\"Modelis RR. N01. PRGR Materi\u0101ls T\u0113rauds Materi\u0101la biezums (cm ) 8&#215;2 PROFILS Kop\u0113jais augstums (cm ) 71 Pamatnes izm\u0113ri (cm)\" \/>\n<meta property=\"og:url\" content=\"https:\/\/metaltale.com\/lv\/produkts\/metala-galda-kaja-slant-71cm-melna\/\" \/>\n<meta property=\"og:site_name\" content=\"MetalTale.com\" \/>\n<meta property=\"og:image\" content=\"https:\/\/metaltale.com\/wp-content\/uploads\/2023\/11\/Atsargiai-pasvirx119s-71cm-CZARNA.jpg\" \/>\n\t<meta property=\"og:image:width\" content=\"800\" \/>\n\t<meta property=\"og:image:height\" content=\"800\" \/>\n\t<meta property=\"og:image:type\" content=\"image\/jpeg\" \/>\n<meta name=\"twitter:card\" content=\"summary_large_image\" \/>\n<meta name=\"twitter:label1\" content=\"Est. reading time\" \/>\n\t<meta name=\"twitter:data1\" content=\"1 minute\" \/>\n<script type=\"application\/ld+json\" class=\"yoast-schema-graph\">{\"@context\":\"https:\/\/schema.org\",\"@graph\":[{\"@type\":\"WebPage\",\"@id\":\"https:\/\/metaltale.com\/lv\/produkts\/metala-galda-kaja-slant-71cm-melna\/\",\"url\":\"https:\/\/metaltale.com\/lv\/produkts\/metala-galda-kaja-slant-71cm-melna\/\",\"name\":\"Met\u0101la galda k\u0101ja SLANT 71cm, melna - MetalTale.com\",\"isPartOf\":{\"@id\":\"https:\/\/metaltale.com\/lv\/#website\"},\"primaryImageOfPage\":{\"@id\":\"https:\/\/metaltale.com\/lv\/produkts\/metala-galda-kaja-slant-71cm-melna\/#primaryimage\"},\"image\":{\"@id\":\"https:\/\/metaltale.com\/lv\/produkts\/metala-galda-kaja-slant-71cm-melna\/#primaryimage\"},\"thumbnailUrl\":\"https:\/\/metaltale.com\/wp-content\/uploads\/2023\/11\/Atsargiai-pasvirx119s-71cm-CZARNA.jpg\",\"datePublished\":\"2024-02-13T13:17:05+00:00\",\"breadcrumb\":{\"@id\":\"https:\/\/metaltale.com\/lv\/produkts\/metala-galda-kaja-slant-71cm-melna\/#breadcrumb\"},\"inLanguage\":\"lv-LV\",\"potentialAction\":[{\"@type\":\"ReadAction\",\"target\":[\"https:\/\/metaltale.com\/lv\/produkts\/metala-galda-kaja-slant-71cm-melna\/\"]}]},{\"@type\":\"ImageObject\",\"inLanguage\":\"lv-LV\",\"@id\":\"https:\/\/metaltale.com\/lv\/produkts\/metala-galda-kaja-slant-71cm-melna\/#primaryimage\",\"url\":\"https:\/\/metaltale.com\/wp-content\/uploads\/2023\/11\/Atsargiai-pasvirx119s-71cm-CZARNA.jpg\",\"contentUrl\":\"https:\/\/metaltale.com\/wp-content\/uploads\/2023\/11\/Atsargiai-pasvirx119s-71cm-CZARNA.jpg\",\"width\":800,\"height\":800,\"caption\":\"Met\u0101la galda k\u0101jas\"},{\"@type\":\"BreadcrumbList\",\"@id\":\"https:\/\/metaltale.com\/lv\/produkts\/metala-galda-kaja-slant-71cm-melna\/#breadcrumb\",\"itemListElement\":[{\"@type\":\"ListItem\",\"position\":1,\"name\":\"Home\",\"item\":\"https:\/\/metaltale.com\/lv\/majas\/\"},{\"@type\":\"ListItem\",\"position\":2,\"name\":\"Veikals\",\"item\":\"https:\/\/metaltale.com\/lv\/shop\/\"},{\"@type\":\"ListItem\",\"position\":3,\"name\":\"Met\u0101la galda k\u0101ja SLANT 71cm, melna\"}]},{\"@type\":\"WebSite\",\"@id\":\"https:\/\/metaltale.com\/lv\/#website\",\"url\":\"https:\/\/metaltale.com\/lv\/\",\"name\":\"Metaltale.com\",\"description\":\"\",\"potentialAction\":[{\"@type\":\"SearchAction\",\"target\":{\"@type\":\"EntryPoint\",\"urlTemplate\":\"https:\/\/metaltale.com\/lv\/?s={search_term_string}\"},\"query-input\":{\"@type\":\"PropertyValueSpecification\",\"valueRequired\":true,\"valueName\":\"search_term_string\"}}],\"inLanguage\":\"lv-LV\"}]}<\/script>\n<!-- \/ Yoast SEO plugin. -->","yoast_head_json":{"title":"Met\u0101la galda k\u0101ja SLANT 71cm, melna - MetalTale.com","robots":{"index":"index","follow":"follow","max-snippet":"max-snippet:-1","max-image-preview":"max-image-preview:large","max-video-preview":"max-video-preview:-1"},"canonical":"https:\/\/metaltale.com\/lv\/produkts\/metala-galda-kaja-slant-71cm-melna\/","og_locale":"lv_LV","og_type":"article","og_title":"Met\u0101la galda k\u0101ja SLANT 71cm, melna - MetalTale.com","og_description":"Modelis RR. N01. PRGR Materi\u0101ls T\u0113rauds Materi\u0101la biezums (cm ) 8&#215;2 PROFILS Kop\u0113jais augstums (cm ) 71 Pamatnes izm\u0113ri (cm)","og_url":"https:\/\/metaltale.com\/lv\/produkts\/metala-galda-kaja-slant-71cm-melna\/","og_site_name":"MetalTale.com","og_image":[{"width":800,"height":800,"url":"https:\/\/metaltale.com\/wp-content\/uploads\/2023\/11\/Atsargiai-pasvirx119s-71cm-CZARNA.jpg","type":"image\/jpeg"}],"twitter_card":"summary_large_image","twitter_misc":{"Est. reading time":"1 minute"},"schema":{"@context":"https:\/\/schema.org","@graph":[{"@type":"WebPage","@id":"https:\/\/metaltale.com\/lv\/produkts\/metala-galda-kaja-slant-71cm-melna\/","url":"https:\/\/metaltale.com\/lv\/produkts\/metala-galda-kaja-slant-71cm-melna\/","name":"Met\u0101la galda k\u0101ja SLANT 71cm, melna - MetalTale.com","isPartOf":{"@id":"https:\/\/metaltale.com\/lv\/#website"},"primaryImageOfPage":{"@id":"https:\/\/metaltale.com\/lv\/produkts\/metala-galda-kaja-slant-71cm-melna\/#primaryimage"},"image":{"@id":"https:\/\/metaltale.com\/lv\/produkts\/metala-galda-kaja-slant-71cm-melna\/#primaryimage"},"thumbnailUrl":"https:\/\/metaltale.com\/wp-content\/uploads\/2023\/11\/Atsargiai-pasvirx119s-71cm-CZARNA.jpg","datePublished":"2024-02-13T13:17:05+00:00","breadcrumb":{"@id":"https:\/\/metaltale.com\/lv\/produkts\/metala-galda-kaja-slant-71cm-melna\/#breadcrumb"},"inLanguage":"lv-LV","potentialAction":[{"@type":"ReadAction","target":["https:\/\/metaltale.com\/lv\/produkts\/metala-galda-kaja-slant-71cm-melna\/"]}]},{"@type":"ImageObject","inLanguage":"lv-LV","@id":"https:\/\/metaltale.com\/lv\/produkts\/metala-galda-kaja-slant-71cm-melna\/#primaryimage","url":"https:\/\/metaltale.com\/wp-content\/uploads\/2023\/11\/Atsargiai-pasvirx119s-71cm-CZARNA.jpg","contentUrl":"https:\/\/metaltale.com\/wp-content\/uploads\/2023\/11\/Atsargiai-pasvirx119s-71cm-CZARNA.jpg","width":800,"height":800,"caption":"Met\u0101la galda k\u0101jas"},{"@type":"BreadcrumbList","@id":"https:\/\/metaltale.com\/lv\/produkts\/metala-galda-kaja-slant-71cm-melna\/#breadcrumb","itemListElement":[{"@type":"ListItem","position":1,"name":"Home","item":"https:\/\/metaltale.com\/lv\/majas\/"},{"@type":"ListItem","position":2,"name":"Veikals","item":"https:\/\/metaltale.com\/lv\/shop\/"},{"@type":"ListItem","position":3,"name":"Met\u0101la galda k\u0101ja SLANT 71cm, melna"}]},{"@type":"WebSite","@id":"https:\/\/metaltale.com\/lv\/#website","url":"https:\/\/metaltale.com\/lv\/","name":"Metaltale.com","description":"","potentialAction":[{"@type":"SearchAction","target":{"@type":"EntryPoint","urlTemplate":"https:\/\/metaltale.com\/lv\/?s={search_term_string}"},"query-input":{"@type":"PropertyValueSpecification","valueRequired":true,"valueName":"search_term_string"}}],"inLanguage":"lv-LV"}]}},"_links":{"self":[{"href":"https:\/\/metaltale.com\/lv\/wp-json\/wp\/v2\/product\/135578","targetHints":{"allow":["GET"]}}],"collection":[{"href":"https:\/\/metaltale.com\/lv\/wp-json\/wp\/v2\/product"}],"about":[{"href":"https:\/\/metaltale.com\/lv\/wp-json\/wp\/v2\/types\/product"}],"replies":[{"embeddable":true,"href":"https:\/\/metaltale.com\/lv\/wp-json\/wp\/v2\/comments?post=135578"}],"version-history":[{"count":0,"href":"https:\/\/metaltale.com\/lv\/wp-json\/wp\/v2\/product\/135578\/revisions"}],"wp:featuredmedia":[{"embeddable":true,"href":"https:\/\/metaltale.com\/lv\/wp-json\/wp\/v2\/media\/107349"}],"wp:attachment":[{"href":"https:\/\/metaltale.com\/lv\/wp-json\/wp\/v2\/media?parent=135578"}],"wp:term":[{"taxonomy":"product_brand","embeddable":true,"href":"https:\/\/metaltale.com\/lv\/wp-json\/wp\/v2\/product_brand?post=135578"},{"taxonomy":"product_cat","embeddable":true,"href":"https:\/\/metaltale.com\/lv\/wp-json\/wp\/v2\/product_cat?post=135578"},{"taxonomy":"product_tag","embeddable":true,"href":"https:\/\/metaltale.com\/lv\/wp-json\/wp\/v2\/product_tag?post=135578"}],"curies":[{"name":"wp","href":"https:\/\/api.w.org\/{rel}","templated":true}]}}