{"id":135528,"date":"2024-02-13T15:01:57","date_gmt":"2024-02-13T13:01:57","guid":{"rendered":"https:\/\/metaltale.com\/produktas\/metala-galda-kaja-kwadro-mezzo-80x71cm-melna\/"},"modified":"2024-09-30T17:33:40","modified_gmt":"2024-09-30T15:33:40","slug":"metala-galda-kaja-kwadro-mezzo-80x71cm-melna","status":"publish","type":"product","link":"https:\/\/metaltale.com\/lv\/produkts\/metala-galda-kaja-kwadro-mezzo-80x71cm-melna\/","title":{"rendered":"Met\u0101la galda k\u0101ja KWADRO MEZZO 80x71cm, melna"},"content":{"rendered":"<div class=\"prod_data\">\n<p>ZA <strong>modelis<\/strong>. N08. W<br \/>\n<strong>Materi\u0101ls<\/strong> T\u0113rauds<br \/>\n<strong>Materi\u0101la biezums (cm<\/strong> ) PROFILS 6 x 2<br \/>\nKop\u0113jais augstums (cm ) 71<br \/>\n<strong>Kop\u0113jais platums (cm<\/strong> ) 80<br \/>\n<strong>Dzi\u013cums (cm<\/strong> ) 35<br \/>\n<strong>Kr\u0101sa<\/strong> Melna<br \/>\nDaudzums komplekt\u0101 1 gab.<\/p>\n<p>&#8211; galda stat\u012bvs, kas izgatavots no augstas kvalit\u0101tes t\u0113rauda, nodro\u0161ina stabilu atbalstu galda virsmai.<br \/>\n&#8211; melna pulverkr\u0101sota k\u0101ja, kas ir \u013coti iztur\u012bga pret skr\u0101p\u0113jumiem<br \/>\n&#8211; vienk\u0101r\u0161s, bet intri\u0123\u0113jo\u0161s dizains, kas atbilst popul\u0101raj\u0101m interjera tendenc\u0113m.<\/p>\n<hr>\n<p>Elegants un neuzkr\u012bto\u0161s vai varb\u016bt ar industri\u0101lu akcentu &#8211; KWADRO MEZZO viegli ieder\u0113sies jebkur\u0101 interjer\u0101. Meln\u0101 pulverkr\u0101sot\u0101 met\u0101la k\u0101ja ir p\u0101rlaic\u012bgs un \u0161iks priek\u0161likums retro un modernam interjeram. T\u0113rauda versija, ko aizsarg\u0101 bezkr\u0101sains lakojums, ir rakstur\u012bg\u0101ka, ar nobr\u0101zumiem un \u0161uv\u0113m, kas pie\u0161\u0137ir tai neapstr\u0101d\u0101tu, industri\u0101lu izskatu. Mas\u012bv\u0101, bet neuzkr\u012bto\u0161\u0101 konstrukcija, kas izgatavota no augst\u0101k\u0101s kvalit\u0101tes t\u0113rauda, nodro\u0161ina stabilu atbalstu galda virsmai. \u0122eometriskais dizains apliecina mode\u013ca daudzpus\u012bbu. Galda pamatnes virsma, kas ir iztur\u012bga pret skr\u0101p\u0113jumiem, padara Kwadro Mezzo ide\u0101li piem\u0113rotu \u0123imenes \u0113damistab\u0101m vai birojiem. T\u0113rauda k\u0101jas stabilit\u0101te \u013cauj to izmantot k\u0101 galda pamatni.<\/p>\n<hr>\n<p>*Materi\u0101lu kr\u0101sa var at\u0161\u0137irties no galerij\u0101 redzamajiem att\u0113liem, kas var b\u016bt saist\u012bts ar individu\u0101liem monitora iestat\u012bjumiem un materi\u0101lu \u012bpa\u0161\u012bb\u0101m &#8211; t\u0113rauds ir neapstr\u0101d\u0101ts materi\u0101ls, kura kr\u0101sa, tonis un tekst\u016bra var at\u0161\u0137irties atkar\u012bb\u0101 no parauga vai partijas. Pied\u0101v\u0101jums attiecas tikai uz met\u0101la k\u0101ju, un tas neattiecas uz darba virsmu.<\/p>\n<\/div>\n","protected":false},"excerpt":{"rendered":"<p>ZA modelis. N08. W Materi\u0101ls T\u0113rauds Materi\u0101la biezums (cm ) PROFILS 6 x 2 Kop\u0113jais augstums (cm ) 71 Kop\u0113jais<\/p>\n","protected":false},"featured_media":106108,"comment_status":"open","ping_status":"closed","template":"","meta":{"_acf_changed":false,"pmpro_default_level":""},"product_brand":[],"product_cat":[24115,24056,23916],"product_tag":[],"class_list":{"0":"post-135528","1":"product","2":"type-product","3":"status-publish","4":"has-post-thumbnail","6":"product_cat-galda-ramis","7":"product_cat-mebelu-kajas","8":"product_cat-stalo-kojos-lv","9":"pmpro-has-access","11":"first","12":"instock","13":"shipping-taxable","14":"purchasable","15":"product-type-simple"},"acf":[],"yoast_head":"<!-- This site is optimized with the Yoast SEO plugin v24.9 - https:\/\/yoast.com\/wordpress\/plugins\/seo\/ -->\n<title>Met\u0101la galda k\u0101ja KWADRO MEZZO 80x71cm, melna - MetalTale.com<\/title>\n<meta name=\"robots\" content=\"index, follow, max-snippet:-1, max-image-preview:large, max-video-preview:-1\" \/>\n<link rel=\"canonical\" href=\"https:\/\/metaltale.com\/lv\/produkts\/metala-galda-kaja-kwadro-mezzo-80x71cm-melna\/\" \/>\n<meta property=\"og:locale\" content=\"lv_LV\" \/>\n<meta property=\"og:type\" content=\"article\" \/>\n<meta property=\"og:title\" content=\"Met\u0101la galda k\u0101ja KWADRO MEZZO 80x71cm, melna - MetalTale.com\" \/>\n<meta property=\"og:description\" content=\"ZA modelis. N08. W Materi\u0101ls T\u0113rauds Materi\u0101la biezums (cm ) PROFILS 6 x 2 Kop\u0113jais augstums (cm ) 71 Kop\u0113jais\" \/>\n<meta property=\"og:url\" content=\"https:\/\/metaltale.com\/lv\/produkts\/metala-galda-kaja-kwadro-mezzo-80x71cm-melna\/\" \/>\n<meta property=\"og:site_name\" content=\"MetalTale.com\" \/>\n<meta property=\"article:modified_time\" content=\"2024-09-30T15:33:40+00:00\" \/>\n<meta name=\"twitter:card\" content=\"summary_large_image\" \/>\n<meta name=\"twitter:label1\" content=\"Est. reading time\" \/>\n\t<meta name=\"twitter:data1\" content=\"1 minute\" \/>\n<script type=\"application\/ld+json\" class=\"yoast-schema-graph\">{\"@context\":\"https:\/\/schema.org\",\"@graph\":[{\"@type\":\"WebPage\",\"@id\":\"https:\/\/metaltale.com\/lv\/produkts\/metala-galda-kaja-kwadro-mezzo-80x71cm-melna\/\",\"url\":\"https:\/\/metaltale.com\/lv\/produkts\/metala-galda-kaja-kwadro-mezzo-80x71cm-melna\/\",\"name\":\"Met\u0101la galda k\u0101ja KWADRO MEZZO 80x71cm, melna - MetalTale.com\",\"isPartOf\":{\"@id\":\"https:\/\/metaltale.com\/lv\/#website\"},\"primaryImageOfPage\":{\"@id\":\"https:\/\/metaltale.com\/lv\/produkts\/metala-galda-kaja-kwadro-mezzo-80x71cm-melna\/#primaryimage\"},\"image\":{\"@id\":\"https:\/\/metaltale.com\/lv\/produkts\/metala-galda-kaja-kwadro-mezzo-80x71cm-melna\/#primaryimage\"},\"thumbnailUrl\":\"https:\/\/metaltale.com\/wp-content\/uploads\/2023\/11\/Koja-KWADRO-MEZZO-80x71cm-JUODA.jpg\",\"datePublished\":\"2024-02-13T13:01:57+00:00\",\"dateModified\":\"2024-09-30T15:33:40+00:00\",\"breadcrumb\":{\"@id\":\"https:\/\/metaltale.com\/lv\/produkts\/metala-galda-kaja-kwadro-mezzo-80x71cm-melna\/#breadcrumb\"},\"inLanguage\":\"lv-LV\",\"potentialAction\":[{\"@type\":\"ReadAction\",\"target\":[\"https:\/\/metaltale.com\/lv\/produkts\/metala-galda-kaja-kwadro-mezzo-80x71cm-melna\/\"]}]},{\"@type\":\"ImageObject\",\"inLanguage\":\"lv-LV\",\"@id\":\"https:\/\/metaltale.com\/lv\/produkts\/metala-galda-kaja-kwadro-mezzo-80x71cm-melna\/#primaryimage\",\"url\":\"https:\/\/metaltale.com\/wp-content\/uploads\/2023\/11\/Koja-KWADRO-MEZZO-80x71cm-JUODA.jpg\",\"contentUrl\":\"https:\/\/metaltale.com\/wp-content\/uploads\/2023\/11\/Koja-KWADRO-MEZZO-80x71cm-JUODA.jpg\",\"width\":800,\"height\":800,\"caption\":\"Met\u0101la galda k\u0101jas\"},{\"@type\":\"BreadcrumbList\",\"@id\":\"https:\/\/metaltale.com\/lv\/produkts\/metala-galda-kaja-kwadro-mezzo-80x71cm-melna\/#breadcrumb\",\"itemListElement\":[{\"@type\":\"ListItem\",\"position\":1,\"name\":\"Home\",\"item\":\"https:\/\/metaltale.com\/lv\/majas\/\"},{\"@type\":\"ListItem\",\"position\":2,\"name\":\"Veikals\",\"item\":\"https:\/\/metaltale.com\/lv\/shop\/\"},{\"@type\":\"ListItem\",\"position\":3,\"name\":\"Met\u0101la galda k\u0101ja KWADRO MEZZO 80x71cm, melna\"}]},{\"@type\":\"WebSite\",\"@id\":\"https:\/\/metaltale.com\/lv\/#website\",\"url\":\"https:\/\/metaltale.com\/lv\/\",\"name\":\"Metaltale.com\",\"description\":\"\",\"potentialAction\":[{\"@type\":\"SearchAction\",\"target\":{\"@type\":\"EntryPoint\",\"urlTemplate\":\"https:\/\/metaltale.com\/lv\/?s={search_term_string}\"},\"query-input\":{\"@type\":\"PropertyValueSpecification\",\"valueRequired\":true,\"valueName\":\"search_term_string\"}}],\"inLanguage\":\"lv-LV\"}]}<\/script>\n<!-- \/ Yoast SEO plugin. -->","yoast_head_json":{"title":"Met\u0101la galda k\u0101ja KWADRO MEZZO 80x71cm, melna - MetalTale.com","robots":{"index":"index","follow":"follow","max-snippet":"max-snippet:-1","max-image-preview":"max-image-preview:large","max-video-preview":"max-video-preview:-1"},"canonical":"https:\/\/metaltale.com\/lv\/produkts\/metala-galda-kaja-kwadro-mezzo-80x71cm-melna\/","og_locale":"lv_LV","og_type":"article","og_title":"Met\u0101la galda k\u0101ja KWADRO MEZZO 80x71cm, melna - MetalTale.com","og_description":"ZA modelis. N08. W Materi\u0101ls T\u0113rauds Materi\u0101la biezums (cm ) PROFILS 6 x 2 Kop\u0113jais augstums (cm ) 71 Kop\u0113jais","og_url":"https:\/\/metaltale.com\/lv\/produkts\/metala-galda-kaja-kwadro-mezzo-80x71cm-melna\/","og_site_name":"MetalTale.com","article_modified_time":"2024-09-30T15:33:40+00:00","twitter_card":"summary_large_image","twitter_misc":{"Est. reading time":"1 minute"},"schema":{"@context":"https:\/\/schema.org","@graph":[{"@type":"WebPage","@id":"https:\/\/metaltale.com\/lv\/produkts\/metala-galda-kaja-kwadro-mezzo-80x71cm-melna\/","url":"https:\/\/metaltale.com\/lv\/produkts\/metala-galda-kaja-kwadro-mezzo-80x71cm-melna\/","name":"Met\u0101la galda k\u0101ja KWADRO MEZZO 80x71cm, melna - MetalTale.com","isPartOf":{"@id":"https:\/\/metaltale.com\/lv\/#website"},"primaryImageOfPage":{"@id":"https:\/\/metaltale.com\/lv\/produkts\/metala-galda-kaja-kwadro-mezzo-80x71cm-melna\/#primaryimage"},"image":{"@id":"https:\/\/metaltale.com\/lv\/produkts\/metala-galda-kaja-kwadro-mezzo-80x71cm-melna\/#primaryimage"},"thumbnailUrl":"https:\/\/metaltale.com\/wp-content\/uploads\/2023\/11\/Koja-KWADRO-MEZZO-80x71cm-JUODA.jpg","datePublished":"2024-02-13T13:01:57+00:00","dateModified":"2024-09-30T15:33:40+00:00","breadcrumb":{"@id":"https:\/\/metaltale.com\/lv\/produkts\/metala-galda-kaja-kwadro-mezzo-80x71cm-melna\/#breadcrumb"},"inLanguage":"lv-LV","potentialAction":[{"@type":"ReadAction","target":["https:\/\/metaltale.com\/lv\/produkts\/metala-galda-kaja-kwadro-mezzo-80x71cm-melna\/"]}]},{"@type":"ImageObject","inLanguage":"lv-LV","@id":"https:\/\/metaltale.com\/lv\/produkts\/metala-galda-kaja-kwadro-mezzo-80x71cm-melna\/#primaryimage","url":"https:\/\/metaltale.com\/wp-content\/uploads\/2023\/11\/Koja-KWADRO-MEZZO-80x71cm-JUODA.jpg","contentUrl":"https:\/\/metaltale.com\/wp-content\/uploads\/2023\/11\/Koja-KWADRO-MEZZO-80x71cm-JUODA.jpg","width":800,"height":800,"caption":"Met\u0101la galda k\u0101jas"},{"@type":"BreadcrumbList","@id":"https:\/\/metaltale.com\/lv\/produkts\/metala-galda-kaja-kwadro-mezzo-80x71cm-melna\/#breadcrumb","itemListElement":[{"@type":"ListItem","position":1,"name":"Home","item":"https:\/\/metaltale.com\/lv\/majas\/"},{"@type":"ListItem","position":2,"name":"Veikals","item":"https:\/\/metaltale.com\/lv\/shop\/"},{"@type":"ListItem","position":3,"name":"Met\u0101la galda k\u0101ja KWADRO MEZZO 80x71cm, melna"}]},{"@type":"WebSite","@id":"https:\/\/metaltale.com\/lv\/#website","url":"https:\/\/metaltale.com\/lv\/","name":"Metaltale.com","description":"","potentialAction":[{"@type":"SearchAction","target":{"@type":"EntryPoint","urlTemplate":"https:\/\/metaltale.com\/lv\/?s={search_term_string}"},"query-input":{"@type":"PropertyValueSpecification","valueRequired":true,"valueName":"search_term_string"}}],"inLanguage":"lv-LV"}]}},"_links":{"self":[{"href":"https:\/\/metaltale.com\/lv\/wp-json\/wp\/v2\/product\/135528","targetHints":{"allow":["GET"]}}],"collection":[{"href":"https:\/\/metaltale.com\/lv\/wp-json\/wp\/v2\/product"}],"about":[{"href":"https:\/\/metaltale.com\/lv\/wp-json\/wp\/v2\/types\/product"}],"replies":[{"embeddable":true,"href":"https:\/\/metaltale.com\/lv\/wp-json\/wp\/v2\/comments?post=135528"}],"version-history":[{"count":0,"href":"https:\/\/metaltale.com\/lv\/wp-json\/wp\/v2\/product\/135528\/revisions"}],"wp:featuredmedia":[{"embeddable":true,"href":"https:\/\/metaltale.com\/lv\/wp-json\/wp\/v2\/media\/106108"}],"wp:attachment":[{"href":"https:\/\/metaltale.com\/lv\/wp-json\/wp\/v2\/media?parent=135528"}],"wp:term":[{"taxonomy":"product_brand","embeddable":true,"href":"https:\/\/metaltale.com\/lv\/wp-json\/wp\/v2\/product_brand?post=135528"},{"taxonomy":"product_cat","embeddable":true,"href":"https:\/\/metaltale.com\/lv\/wp-json\/wp\/v2\/product_cat?post=135528"},{"taxonomy":"product_tag","embeddable":true,"href":"https:\/\/metaltale.com\/lv\/wp-json\/wp\/v2\/product_tag?post=135528"}],"curies":[{"name":"wp","href":"https:\/\/api.w.org\/{rel}","templated":true}]}}