{"id":135518,"date":"2024-01-19T21:13:35","date_gmt":"2024-01-19T19:13:35","guid":{"rendered":"https:\/\/metaltale.com\/produktas\/metala-galda-kaja-kwadro-basic-melna\/"},"modified":"2024-01-19T21:13:35","modified_gmt":"2024-01-19T19:13:35","slug":"metala-galda-kaja-kwadro-basic-melna","status":"publish","type":"product","link":"https:\/\/metaltale.com\/lv\/produkts\/metala-galda-kaja-kwadro-basic-melna\/","title":{"rendered":"Met\u0101la galda k\u0101ja KWADRO BASIC, melna"},"content":{"rendered":"<p><strong>Modelis<\/strong> ZA..NW-CZ.PRGR<br \/>\n<strong>Materi\u0101ls<\/strong> T\u0113rauds<br \/>\n<strong>Materi\u0101la biezums (cm<\/strong> ) Profils 2 x 6<br \/>\nKop\u0113jais augstums (cm ) 71<br \/>\nKop\u0113jais platums (cm ) 60<br \/>\nMont\u0101\u017eas skr\u016bves N\u0113<br \/>\n<strong>Kr\u0101sa<\/strong> Melna<br \/>\nDaudzums komplekt\u0101 1 gab.<\/p>\n<p>&#8211; T\u0113rauda galda k\u0101ja nodro\u0161ina stabilu pamatu galda virsmai.<br \/>\n&#8211; Mas\u012bv\u0101 konstrukcija garant\u0113 izgatavoto m\u0113be\u013cu iztur\u012bbu un stabilit\u0101ti.<br \/>\n&#8211; melnais pulverkr\u0101sotais rokturis ir \u013coti iztur\u012bgs pret skr\u0101p\u0113jumiem.<br \/>\n&#8211; vienk\u0101r\u0161s, bet intri\u0123\u0113jo\u0161s dizains, kas atbilst popul\u0101raj\u0101m interjera dizaina tendenc\u0113m.<br \/>\n&#8211; mont\u0101\u017eas atveres galda virsmas stiprin\u0101\u0161anai<\/p>\n<p>KWADRO BASIC k\u0101ja ir vienk\u0101r\u0161a, ta\u010du iztur\u012bga konstrukcija, kas \u013cauj mums izveidot skaistu b\u0113ni\u0146u stila galdu. Nekas m\u016bsu pras\u012bb\u0101m neatbild\u012bs lab\u0101k par pa\u0161u projekt\u0113tu un izgatavotu galdu. Kwadro Basic k\u0101jas pal\u012bdz\u0113s mums izveidot galdu, par k\u0101du vienm\u0113r esam sap\u0146oju\u0161i. Met\u0101la k\u0101ji\u0146u un koka virsmas kombin\u0101cija \u013caus m\u0113bel\u0113m ieder\u0113ties gan b\u0113ni\u0146u, gan modern\u0101 stil\u0101. Pulvera p\u0101rkl\u0101juma k\u0101jas ir iztur\u012bgas pret skr\u0101p\u0113jumiem, t\u0101p\u0113c galds ir ide\u0101li piem\u0113rots \u0123imenes viesistabai vai \u0113damistabai.<\/p>\n","protected":false},"excerpt":{"rendered":"<p>Modelis ZA..NW-CZ.PRGR Materi\u0101ls T\u0113rauds Materi\u0101la biezums (cm ) Profils 2 x 6 Kop\u0113jais augstums (cm ) 71 Kop\u0113jais platums (cm<\/p>\n","protected":false},"featured_media":129986,"comment_status":"open","ping_status":"closed","template":"","meta":{"_acf_changed":false,"pmpro_default_level":""},"product_brand":[],"product_cat":[24056,23916],"product_tag":[],"class_list":{"0":"post-135518","1":"product","2":"type-product","3":"status-publish","4":"has-post-thumbnail","6":"product_cat-mebelu-kajas","7":"product_cat-stalo-kojos-lv","8":"pmpro-has-access","10":"first","11":"instock","12":"shipping-taxable","13":"purchasable","14":"product-type-simple"},"acf":[],"yoast_head":"<!-- This site is optimized with the Yoast SEO plugin v24.9 - https:\/\/yoast.com\/wordpress\/plugins\/seo\/ -->\n<title>Met\u0101la galda k\u0101ja KWADRO BASIC, melna - MetalTale.com<\/title>\n<meta name=\"robots\" content=\"index, follow, max-snippet:-1, max-image-preview:large, max-video-preview:-1\" \/>\n<link rel=\"canonical\" href=\"https:\/\/metaltale.com\/lv\/produkts\/metala-galda-kaja-kwadro-basic-melna\/\" \/>\n<meta property=\"og:locale\" content=\"lv_LV\" \/>\n<meta property=\"og:type\" content=\"article\" \/>\n<meta property=\"og:title\" content=\"Met\u0101la galda k\u0101ja KWADRO BASIC, melna - MetalTale.com\" \/>\n<meta property=\"og:description\" content=\"Modelis ZA..NW-CZ.PRGR Materi\u0101ls T\u0113rauds Materi\u0101la biezums (cm ) Profils 2 x 6 Kop\u0113jais augstums (cm ) 71 Kop\u0113jais platums (cm\" \/>\n<meta property=\"og:url\" content=\"https:\/\/metaltale.com\/lv\/produkts\/metala-galda-kaja-kwadro-basic-melna\/\" \/>\n<meta property=\"og:site_name\" content=\"MetalTale.com\" \/>\n<meta property=\"og:image\" content=\"https:\/\/metaltale.com\/wp-content\/uploads\/2024\/01\/Metaline-stalo-koja-3.jpg\" \/>\n\t<meta property=\"og:image:width\" content=\"800\" \/>\n\t<meta property=\"og:image:height\" content=\"800\" \/>\n\t<meta property=\"og:image:type\" content=\"image\/jpeg\" \/>\n<meta name=\"twitter:card\" content=\"summary_large_image\" \/>\n<meta name=\"twitter:label1\" content=\"Est. reading time\" \/>\n\t<meta name=\"twitter:data1\" content=\"1 minute\" \/>\n<script type=\"application\/ld+json\" class=\"yoast-schema-graph\">{\"@context\":\"https:\/\/schema.org\",\"@graph\":[{\"@type\":\"WebPage\",\"@id\":\"https:\/\/metaltale.com\/lv\/produkts\/metala-galda-kaja-kwadro-basic-melna\/\",\"url\":\"https:\/\/metaltale.com\/lv\/produkts\/metala-galda-kaja-kwadro-basic-melna\/\",\"name\":\"Met\u0101la galda k\u0101ja KWADRO BASIC, melna - MetalTale.com\",\"isPartOf\":{\"@id\":\"https:\/\/metaltale.com\/lv\/#website\"},\"primaryImageOfPage\":{\"@id\":\"https:\/\/metaltale.com\/lv\/produkts\/metala-galda-kaja-kwadro-basic-melna\/#primaryimage\"},\"image\":{\"@id\":\"https:\/\/metaltale.com\/lv\/produkts\/metala-galda-kaja-kwadro-basic-melna\/#primaryimage\"},\"thumbnailUrl\":\"https:\/\/metaltale.com\/wp-content\/uploads\/2024\/01\/Metaline-stalo-koja-3.jpg\",\"datePublished\":\"2024-01-19T19:13:35+00:00\",\"breadcrumb\":{\"@id\":\"https:\/\/metaltale.com\/lv\/produkts\/metala-galda-kaja-kwadro-basic-melna\/#breadcrumb\"},\"inLanguage\":\"lv-LV\",\"potentialAction\":[{\"@type\":\"ReadAction\",\"target\":[\"https:\/\/metaltale.com\/lv\/produkts\/metala-galda-kaja-kwadro-basic-melna\/\"]}]},{\"@type\":\"ImageObject\",\"inLanguage\":\"lv-LV\",\"@id\":\"https:\/\/metaltale.com\/lv\/produkts\/metala-galda-kaja-kwadro-basic-melna\/#primaryimage\",\"url\":\"https:\/\/metaltale.com\/wp-content\/uploads\/2024\/01\/Metaline-stalo-koja-3.jpg\",\"contentUrl\":\"https:\/\/metaltale.com\/wp-content\/uploads\/2024\/01\/Metaline-stalo-koja-3.jpg\",\"width\":800,\"height\":800,\"caption\":\"Met\u0101la galda k\u0101ja\"},{\"@type\":\"BreadcrumbList\",\"@id\":\"https:\/\/metaltale.com\/lv\/produkts\/metala-galda-kaja-kwadro-basic-melna\/#breadcrumb\",\"itemListElement\":[{\"@type\":\"ListItem\",\"position\":1,\"name\":\"Home\",\"item\":\"https:\/\/metaltale.com\/lv\/majas\/\"},{\"@type\":\"ListItem\",\"position\":2,\"name\":\"Veikals\",\"item\":\"https:\/\/metaltale.com\/lv\/shop\/\"},{\"@type\":\"ListItem\",\"position\":3,\"name\":\"Met\u0101la galda k\u0101ja KWADRO BASIC, melna\"}]},{\"@type\":\"WebSite\",\"@id\":\"https:\/\/metaltale.com\/lv\/#website\",\"url\":\"https:\/\/metaltale.com\/lv\/\",\"name\":\"Metaltale.com\",\"description\":\"\",\"potentialAction\":[{\"@type\":\"SearchAction\",\"target\":{\"@type\":\"EntryPoint\",\"urlTemplate\":\"https:\/\/metaltale.com\/lv\/?s={search_term_string}\"},\"query-input\":{\"@type\":\"PropertyValueSpecification\",\"valueRequired\":true,\"valueName\":\"search_term_string\"}}],\"inLanguage\":\"lv-LV\"}]}<\/script>\n<!-- \/ Yoast SEO plugin. -->","yoast_head_json":{"title":"Met\u0101la galda k\u0101ja KWADRO BASIC, melna - MetalTale.com","robots":{"index":"index","follow":"follow","max-snippet":"max-snippet:-1","max-image-preview":"max-image-preview:large","max-video-preview":"max-video-preview:-1"},"canonical":"https:\/\/metaltale.com\/lv\/produkts\/metala-galda-kaja-kwadro-basic-melna\/","og_locale":"lv_LV","og_type":"article","og_title":"Met\u0101la galda k\u0101ja KWADRO BASIC, melna - MetalTale.com","og_description":"Modelis ZA..NW-CZ.PRGR Materi\u0101ls T\u0113rauds Materi\u0101la biezums (cm ) Profils 2 x 6 Kop\u0113jais augstums (cm ) 71 Kop\u0113jais platums (cm","og_url":"https:\/\/metaltale.com\/lv\/produkts\/metala-galda-kaja-kwadro-basic-melna\/","og_site_name":"MetalTale.com","og_image":[{"width":800,"height":800,"url":"https:\/\/metaltale.com\/wp-content\/uploads\/2024\/01\/Metaline-stalo-koja-3.jpg","type":"image\/jpeg"}],"twitter_card":"summary_large_image","twitter_misc":{"Est. reading time":"1 minute"},"schema":{"@context":"https:\/\/schema.org","@graph":[{"@type":"WebPage","@id":"https:\/\/metaltale.com\/lv\/produkts\/metala-galda-kaja-kwadro-basic-melna\/","url":"https:\/\/metaltale.com\/lv\/produkts\/metala-galda-kaja-kwadro-basic-melna\/","name":"Met\u0101la galda k\u0101ja KWADRO BASIC, melna - MetalTale.com","isPartOf":{"@id":"https:\/\/metaltale.com\/lv\/#website"},"primaryImageOfPage":{"@id":"https:\/\/metaltale.com\/lv\/produkts\/metala-galda-kaja-kwadro-basic-melna\/#primaryimage"},"image":{"@id":"https:\/\/metaltale.com\/lv\/produkts\/metala-galda-kaja-kwadro-basic-melna\/#primaryimage"},"thumbnailUrl":"https:\/\/metaltale.com\/wp-content\/uploads\/2024\/01\/Metaline-stalo-koja-3.jpg","datePublished":"2024-01-19T19:13:35+00:00","breadcrumb":{"@id":"https:\/\/metaltale.com\/lv\/produkts\/metala-galda-kaja-kwadro-basic-melna\/#breadcrumb"},"inLanguage":"lv-LV","potentialAction":[{"@type":"ReadAction","target":["https:\/\/metaltale.com\/lv\/produkts\/metala-galda-kaja-kwadro-basic-melna\/"]}]},{"@type":"ImageObject","inLanguage":"lv-LV","@id":"https:\/\/metaltale.com\/lv\/produkts\/metala-galda-kaja-kwadro-basic-melna\/#primaryimage","url":"https:\/\/metaltale.com\/wp-content\/uploads\/2024\/01\/Metaline-stalo-koja-3.jpg","contentUrl":"https:\/\/metaltale.com\/wp-content\/uploads\/2024\/01\/Metaline-stalo-koja-3.jpg","width":800,"height":800,"caption":"Met\u0101la galda k\u0101ja"},{"@type":"BreadcrumbList","@id":"https:\/\/metaltale.com\/lv\/produkts\/metala-galda-kaja-kwadro-basic-melna\/#breadcrumb","itemListElement":[{"@type":"ListItem","position":1,"name":"Home","item":"https:\/\/metaltale.com\/lv\/majas\/"},{"@type":"ListItem","position":2,"name":"Veikals","item":"https:\/\/metaltale.com\/lv\/shop\/"},{"@type":"ListItem","position":3,"name":"Met\u0101la galda k\u0101ja KWADRO BASIC, melna"}]},{"@type":"WebSite","@id":"https:\/\/metaltale.com\/lv\/#website","url":"https:\/\/metaltale.com\/lv\/","name":"Metaltale.com","description":"","potentialAction":[{"@type":"SearchAction","target":{"@type":"EntryPoint","urlTemplate":"https:\/\/metaltale.com\/lv\/?s={search_term_string}"},"query-input":{"@type":"PropertyValueSpecification","valueRequired":true,"valueName":"search_term_string"}}],"inLanguage":"lv-LV"}]}},"_links":{"self":[{"href":"https:\/\/metaltale.com\/lv\/wp-json\/wp\/v2\/product\/135518","targetHints":{"allow":["GET"]}}],"collection":[{"href":"https:\/\/metaltale.com\/lv\/wp-json\/wp\/v2\/product"}],"about":[{"href":"https:\/\/metaltale.com\/lv\/wp-json\/wp\/v2\/types\/product"}],"replies":[{"embeddable":true,"href":"https:\/\/metaltale.com\/lv\/wp-json\/wp\/v2\/comments?post=135518"}],"version-history":[{"count":0,"href":"https:\/\/metaltale.com\/lv\/wp-json\/wp\/v2\/product\/135518\/revisions"}],"wp:featuredmedia":[{"embeddable":true,"href":"https:\/\/metaltale.com\/lv\/wp-json\/wp\/v2\/media\/129986"}],"wp:attachment":[{"href":"https:\/\/metaltale.com\/lv\/wp-json\/wp\/v2\/media?parent=135518"}],"wp:term":[{"taxonomy":"product_brand","embeddable":true,"href":"https:\/\/metaltale.com\/lv\/wp-json\/wp\/v2\/product_brand?post=135518"},{"taxonomy":"product_cat","embeddable":true,"href":"https:\/\/metaltale.com\/lv\/wp-json\/wp\/v2\/product_cat?post=135518"},{"taxonomy":"product_tag","embeddable":true,"href":"https:\/\/metaltale.com\/lv\/wp-json\/wp\/v2\/product_tag?post=135518"}],"curies":[{"name":"wp","href":"https:\/\/api.w.org\/{rel}","templated":true}]}}