{"id":135516,"date":"2024-02-13T14:05:41","date_gmt":"2024-02-13T12:05:41","guid":{"rendered":"https:\/\/metaltale.com\/produktas\/metala-galda-kaja-krzyzak-melna\/"},"modified":"2024-02-13T14:05:41","modified_gmt":"2024-02-13T12:05:41","slug":"metala-galda-kaja-krzyzak-melna","status":"publish","type":"product","link":"https:\/\/metaltale.com\/lv\/produkts\/metala-galda-kaja-krzyzak-melna\/","title":{"rendered":"Met\u0101la galda k\u0101ja KRZY\u017bAK, melna"},"content":{"rendered":"<div class=\"prod_data\">\n<p><strong>Modelis<\/strong> RR. ST. KRISTI\u0100NA. NDS<br \/>\n<strong>Materi\u0101ls<\/strong> T\u0113rauds<br \/>\nKop\u0113jais augstums (cm ) 71<br \/>\n<strong>Kop\u0113jais platums (cm<\/strong> ) 82<br \/>\nMont\u0101\u017eas skr\u016bves N\u0113<br \/>\n<strong>Kr\u0101sa<\/strong> Melna<br \/>\nDaudzums komplekt\u0101 1 gab.<\/p>\n<p>&#8211; t\u0113rauda galda k\u0101ja &#8211; stabila pamatne galda virsmai.<br \/>\n&#8211; divi kr\u0101su varianti \u013cauj izveidot galdu, kas sader ar j\u016bsu interjera dizainu.<br \/>\n&#8211; melna met\u0101la k\u0101ja ar pulverkr\u0101sas p\u0101rkl\u0101jumu, \u013coti iztur\u012bga pret skr\u0101p\u0113jumiem.<br \/>\n&#8211; izstr\u0101d\u0101jumu kr\u0101sa var at\u0161\u0137irties no galerij\u0101 redzamajiem att\u0113liem individu\u0101lu monitora iestat\u012bjumu un materi\u0101lu \u012bpa\u0161\u012bbu d\u0113\u013c &#8211; t\u0113rauds ir neapstr\u0101d\u0101ts materi\u0101ls, kura kr\u0101sa, tonis un tekst\u016bra var at\u0161\u0137irties no parauga uz paraugu vai no partijas uz partiju.<br \/>\n&#8211; pied\u0101v\u0101t\u0101s skr\u016bves ir paredz\u0113tas darba virsm\u0101m, kuru biezums ir 35 mm vai vair\u0101k.<\/p>\n<hr>\n<p>Industri\u0101lais galds, kas rad\u012bts, apvienojot Krzy\u017cak k\u0101jas un galda virsmu no Rustykalneuchwyty.pl, atst\u0101j milz\u012bgu iespaidu, piesaista uzman\u012bbu un ne\u013cauj gar\u0101m paiet gar\u0101m bez ieskat\u012b\u0161an\u0101s. Tas ir ide\u0101ls balsts lieliem rakst\u0101mgaldiem vai virtuves sal\u0101m, pla\u0161iem rakst\u0101mgaldiem vai mas\u012bviem darba galdiem. Tas efekt\u012bvi darbojas dz\u012bvojam\u0101s istab\u0101s, b\u0113ni\u0146u virtuv\u0113s vai pla\u0161\u0101s modern\u0101s konferen\u010du telp\u0101s. Tas jebkuram interjeram pie\u0161\u0137ir industri\u0101lu vai izsmalcin\u0101tu stilu. Kombin\u0101cij\u0101 ar koka darba virsmu tas ir vienk\u0101r\u0161s un efekt\u012bvs veids, k\u0101 p\u0101rveidot interjeru.<\/p>\n<\/div>\n","protected":false},"excerpt":{"rendered":"<p>Modelis RR. ST. KRISTI\u0100NA. NDS Materi\u0101ls T\u0113rauds Kop\u0113jais augstums (cm ) 71 Kop\u0113jais platums (cm ) 82 Mont\u0101\u017eas skr\u016bves N\u0113<\/p>\n","protected":false},"featured_media":118729,"comment_status":"open","ping_status":"closed","template":"","meta":{"_acf_changed":false,"pmpro_default_level":""},"product_brand":[],"product_cat":[24056,23916],"product_tag":[],"class_list":{"0":"post-135516","1":"product","2":"type-product","3":"status-publish","4":"has-post-thumbnail","6":"product_cat-mebelu-kajas","7":"product_cat-stalo-kojos-lv","8":"pmpro-has-access","10":"first","11":"instock","12":"shipping-taxable","13":"purchasable","14":"product-type-simple"},"acf":[],"yoast_head":"<!-- This site is optimized with the Yoast SEO plugin v24.9 - https:\/\/yoast.com\/wordpress\/plugins\/seo\/ -->\n<title>Met\u0101la galda k\u0101ja KRZY\u017bAK, melna - MetalTale.com<\/title>\n<meta name=\"robots\" content=\"index, follow, max-snippet:-1, max-image-preview:large, max-video-preview:-1\" \/>\n<link rel=\"canonical\" href=\"https:\/\/metaltale.com\/lv\/produkts\/metala-galda-kaja-krzyzak-melna\/\" \/>\n<meta property=\"og:locale\" content=\"lv_LV\" \/>\n<meta property=\"og:type\" content=\"article\" \/>\n<meta property=\"og:title\" content=\"Met\u0101la galda k\u0101ja KRZY\u017bAK, melna - MetalTale.com\" \/>\n<meta property=\"og:description\" content=\"Modelis RR. ST. KRISTI\u0100NA. NDS Materi\u0101ls T\u0113rauds Kop\u0113jais augstums (cm ) 71 Kop\u0113jais platums (cm ) 82 Mont\u0101\u017eas skr\u016bves N\u0113\" \/>\n<meta property=\"og:url\" content=\"https:\/\/metaltale.com\/lv\/produkts\/metala-galda-kaja-krzyzak-melna\/\" \/>\n<meta property=\"og:site_name\" content=\"MetalTale.com\" \/>\n<meta name=\"twitter:card\" content=\"summary_large_image\" \/>\n<meta name=\"twitter:label1\" content=\"Est. reading time\" \/>\n\t<meta name=\"twitter:data1\" content=\"1 minute\" \/>\n<script type=\"application\/ld+json\" class=\"yoast-schema-graph\">{\"@context\":\"https:\/\/schema.org\",\"@graph\":[{\"@type\":\"WebPage\",\"@id\":\"https:\/\/metaltale.com\/lv\/produkts\/metala-galda-kaja-krzyzak-melna\/\",\"url\":\"https:\/\/metaltale.com\/lv\/produkts\/metala-galda-kaja-krzyzak-melna\/\",\"name\":\"Met\u0101la galda k\u0101ja KRZY\u017bAK, melna - MetalTale.com\",\"isPartOf\":{\"@id\":\"https:\/\/metaltale.com\/lv\/#website\"},\"primaryImageOfPage\":{\"@id\":\"https:\/\/metaltale.com\/lv\/produkts\/metala-galda-kaja-krzyzak-melna\/#primaryimage\"},\"image\":{\"@id\":\"https:\/\/metaltale.com\/lv\/produkts\/metala-galda-kaja-krzyzak-melna\/#primaryimage\"},\"thumbnailUrl\":\"https:\/\/metaltale.com\/wp-content\/uploads\/2023\/12\/metalines-stalo-kojos-5-scaled.jpg\",\"datePublished\":\"2024-02-13T12:05:41+00:00\",\"breadcrumb\":{\"@id\":\"https:\/\/metaltale.com\/lv\/produkts\/metala-galda-kaja-krzyzak-melna\/#breadcrumb\"},\"inLanguage\":\"lv-LV\",\"potentialAction\":[{\"@type\":\"ReadAction\",\"target\":[\"https:\/\/metaltale.com\/lv\/produkts\/metala-galda-kaja-krzyzak-melna\/\"]}]},{\"@type\":\"ImageObject\",\"inLanguage\":\"lv-LV\",\"@id\":\"https:\/\/metaltale.com\/lv\/produkts\/metala-galda-kaja-krzyzak-melna\/#primaryimage\",\"url\":\"https:\/\/metaltale.com\/wp-content\/uploads\/2023\/12\/metalines-stalo-kojos-5-scaled.jpg\",\"contentUrl\":\"https:\/\/metaltale.com\/wp-content\/uploads\/2023\/12\/metalines-stalo-kojos-5-scaled.jpg\",\"width\":2560,\"height\":2560,\"caption\":\"Met\u0101la galda k\u0101jas\"},{\"@type\":\"BreadcrumbList\",\"@id\":\"https:\/\/metaltale.com\/lv\/produkts\/metala-galda-kaja-krzyzak-melna\/#breadcrumb\",\"itemListElement\":[{\"@type\":\"ListItem\",\"position\":1,\"name\":\"Home\",\"item\":\"https:\/\/metaltale.com\/lv\/majas\/\"},{\"@type\":\"ListItem\",\"position\":2,\"name\":\"Veikals\",\"item\":\"https:\/\/metaltale.com\/lv\/shop\/\"},{\"@type\":\"ListItem\",\"position\":3,\"name\":\"Met\u0101la galda k\u0101ja KRZY\u017bAK, melna\"}]},{\"@type\":\"WebSite\",\"@id\":\"https:\/\/metaltale.com\/lv\/#website\",\"url\":\"https:\/\/metaltale.com\/lv\/\",\"name\":\"Metaltale.com\",\"description\":\"\",\"potentialAction\":[{\"@type\":\"SearchAction\",\"target\":{\"@type\":\"EntryPoint\",\"urlTemplate\":\"https:\/\/metaltale.com\/lv\/?s={search_term_string}\"},\"query-input\":{\"@type\":\"PropertyValueSpecification\",\"valueRequired\":true,\"valueName\":\"search_term_string\"}}],\"inLanguage\":\"lv-LV\"}]}<\/script>\n<!-- \/ Yoast SEO plugin. -->","yoast_head_json":{"title":"Met\u0101la galda k\u0101ja KRZY\u017bAK, melna - MetalTale.com","robots":{"index":"index","follow":"follow","max-snippet":"max-snippet:-1","max-image-preview":"max-image-preview:large","max-video-preview":"max-video-preview:-1"},"canonical":"https:\/\/metaltale.com\/lv\/produkts\/metala-galda-kaja-krzyzak-melna\/","og_locale":"lv_LV","og_type":"article","og_title":"Met\u0101la galda k\u0101ja KRZY\u017bAK, melna - MetalTale.com","og_description":"Modelis RR. ST. KRISTI\u0100NA. NDS Materi\u0101ls T\u0113rauds Kop\u0113jais augstums (cm ) 71 Kop\u0113jais platums (cm ) 82 Mont\u0101\u017eas skr\u016bves N\u0113","og_url":"https:\/\/metaltale.com\/lv\/produkts\/metala-galda-kaja-krzyzak-melna\/","og_site_name":"MetalTale.com","twitter_card":"summary_large_image","twitter_misc":{"Est. reading time":"1 minute"},"schema":{"@context":"https:\/\/schema.org","@graph":[{"@type":"WebPage","@id":"https:\/\/metaltale.com\/lv\/produkts\/metala-galda-kaja-krzyzak-melna\/","url":"https:\/\/metaltale.com\/lv\/produkts\/metala-galda-kaja-krzyzak-melna\/","name":"Met\u0101la galda k\u0101ja KRZY\u017bAK, melna - MetalTale.com","isPartOf":{"@id":"https:\/\/metaltale.com\/lv\/#website"},"primaryImageOfPage":{"@id":"https:\/\/metaltale.com\/lv\/produkts\/metala-galda-kaja-krzyzak-melna\/#primaryimage"},"image":{"@id":"https:\/\/metaltale.com\/lv\/produkts\/metala-galda-kaja-krzyzak-melna\/#primaryimage"},"thumbnailUrl":"https:\/\/metaltale.com\/wp-content\/uploads\/2023\/12\/metalines-stalo-kojos-5-scaled.jpg","datePublished":"2024-02-13T12:05:41+00:00","breadcrumb":{"@id":"https:\/\/metaltale.com\/lv\/produkts\/metala-galda-kaja-krzyzak-melna\/#breadcrumb"},"inLanguage":"lv-LV","potentialAction":[{"@type":"ReadAction","target":["https:\/\/metaltale.com\/lv\/produkts\/metala-galda-kaja-krzyzak-melna\/"]}]},{"@type":"ImageObject","inLanguage":"lv-LV","@id":"https:\/\/metaltale.com\/lv\/produkts\/metala-galda-kaja-krzyzak-melna\/#primaryimage","url":"https:\/\/metaltale.com\/wp-content\/uploads\/2023\/12\/metalines-stalo-kojos-5-scaled.jpg","contentUrl":"https:\/\/metaltale.com\/wp-content\/uploads\/2023\/12\/metalines-stalo-kojos-5-scaled.jpg","width":2560,"height":2560,"caption":"Met\u0101la galda k\u0101jas"},{"@type":"BreadcrumbList","@id":"https:\/\/metaltale.com\/lv\/produkts\/metala-galda-kaja-krzyzak-melna\/#breadcrumb","itemListElement":[{"@type":"ListItem","position":1,"name":"Home","item":"https:\/\/metaltale.com\/lv\/majas\/"},{"@type":"ListItem","position":2,"name":"Veikals","item":"https:\/\/metaltale.com\/lv\/shop\/"},{"@type":"ListItem","position":3,"name":"Met\u0101la galda k\u0101ja KRZY\u017bAK, melna"}]},{"@type":"WebSite","@id":"https:\/\/metaltale.com\/lv\/#website","url":"https:\/\/metaltale.com\/lv\/","name":"Metaltale.com","description":"","potentialAction":[{"@type":"SearchAction","target":{"@type":"EntryPoint","urlTemplate":"https:\/\/metaltale.com\/lv\/?s={search_term_string}"},"query-input":{"@type":"PropertyValueSpecification","valueRequired":true,"valueName":"search_term_string"}}],"inLanguage":"lv-LV"}]}},"_links":{"self":[{"href":"https:\/\/metaltale.com\/lv\/wp-json\/wp\/v2\/product\/135516","targetHints":{"allow":["GET"]}}],"collection":[{"href":"https:\/\/metaltale.com\/lv\/wp-json\/wp\/v2\/product"}],"about":[{"href":"https:\/\/metaltale.com\/lv\/wp-json\/wp\/v2\/types\/product"}],"replies":[{"embeddable":true,"href":"https:\/\/metaltale.com\/lv\/wp-json\/wp\/v2\/comments?post=135516"}],"version-history":[{"count":0,"href":"https:\/\/metaltale.com\/lv\/wp-json\/wp\/v2\/product\/135516\/revisions"}],"wp:featuredmedia":[{"embeddable":true,"href":"https:\/\/metaltale.com\/lv\/wp-json\/wp\/v2\/media\/118729"}],"wp:attachment":[{"href":"https:\/\/metaltale.com\/lv\/wp-json\/wp\/v2\/media?parent=135516"}],"wp:term":[{"taxonomy":"product_brand","embeddable":true,"href":"https:\/\/metaltale.com\/lv\/wp-json\/wp\/v2\/product_brand?post=135516"},{"taxonomy":"product_cat","embeddable":true,"href":"https:\/\/metaltale.com\/lv\/wp-json\/wp\/v2\/product_cat?post=135516"},{"taxonomy":"product_tag","embeddable":true,"href":"https:\/\/metaltale.com\/lv\/wp-json\/wp\/v2\/product_tag?post=135516"}],"curies":[{"name":"wp","href":"https:\/\/api.w.org\/{rel}","templated":true}]}}