{"id":135487,"date":"2024-02-13T13:23:04","date_gmt":"2024-02-13T11:23:04","guid":{"rendered":"https:\/\/metaltale.com\/produktas\/metala-galda-kaja-hairpin-triple-flat-bar-73-cm-krasots-terauds\/"},"modified":"2024-02-13T13:23:04","modified_gmt":"2024-02-13T11:23:04","slug":"metala-galda-kaja-hairpin-triple-flat-bar-73-cm-krasots-terauds","status":"publish","type":"product","link":"https:\/\/metaltale.com\/lv\/produkts\/metala-galda-kaja-hairpin-triple-flat-bar-73-cm-krasots-terauds\/","title":{"rendered":"Met\u0101la galda k\u0101ja HAIRPIN TRIPLE FLAT BAR 73 cm, kr\u0101sots t\u0113rauds"},"content":{"rendered":"<div class=\"prod_data\">\n<p>ZA <strong>modelis<\/strong>. P3 cl. NDS<br \/>\n<strong>Materi\u0101ls<\/strong> T\u0113rauds<br \/>\n<strong>Plakan\u0101s sloksnes izm\u0113ri (cm)<\/strong> 0,4 x 2<br \/>\nMont\u0101\u017eas skr\u016bves N\u0113<br \/>\nT\u0113rauda <strong>kr\u0101sa<\/strong><br \/>\nDaudzums komplekt\u0101 1 gab.<\/p>\n<p>&#8211; T\u0113rauda galda k\u0101ja nodro\u0161ina stabilu pamatu galda virsmai.<br \/>\n&#8211; priek\u0161roc\u012bba, ka m\u0113belei ir viena k\u0101ja &#8211; br\u012bv\u012bba izv\u0113l\u0113ties, kur to piestiprin\u0101t pie darba virsmas.<br \/>\n&#8211; t\u0113rauda versija, kas pies\u016bcin\u0101ta ar caursp\u012bd\u012bgu laku, at\u0161\u0137iras ar redzam\u0101m skr\u0101p\u0113jumiem un cit\u0101m noveco\u0161anas sek\u0101m.<br \/>\n&#8211; izstr\u0101d\u0101jumu kr\u0101sa var at\u0161\u0137irties no galerij\u0101 redzamajiem att\u0113liem individu\u0101lu monitora iestat\u012bjumu un materi\u0101lu \u012bpa\u0161\u012bbu d\u0113\u013c &#8211; t\u0113rauds ir neapstr\u0101d\u0101ts materi\u0101ls, kura kr\u0101sa, tonis un tekst\u016bra var at\u0161\u0137irties no parauga uz paraugu vai no partijas uz partiju.<br \/>\n&#8211; pied\u0101v\u0101t\u0101s skr\u016bves ir paredz\u0113tas darba virsm\u0101m, kuru biezums ir 37 mm vai vair\u0101k.<\/p>\n<hr>\n<p>HAIRPIN galda k\u0101ja meln\u0101 vai t\u0113rauda kr\u0101s\u0101 ir ide\u0101la galda pamatne \u0113damistabas, virtuves vai viesistabas galdam. Tas lieliski sader gan ar apa\u013c\u0101m, gan taisnst\u016bra darba virsm\u0101m. Modernas k\u013c\u016bst b\u0113ni\u0146u un industri\u0101l\u0101 stila interjera m\u0113beles, kas izgatavotas no met\u0101la un koka kombin\u0101cijas. \u0160\u012b kombin\u0101cija ir ide\u0101ls veids, k\u0101 rad\u012bt idillisku atmosf\u0113ru m\u0113bel\u0113t\u0101 interjer\u0101. Vienk\u0101r\u0161ais dizains apvienojum\u0101 ar interesant\u0101s fakt\u016bras galda virsmu noteikti pie\u0161\u0137irs vajadz\u012bgo raksturu gan pa\u0161am galdam, gan telpai, kur\u0101 tas tiks izst\u0101d\u012bts.<\/p>\n<\/div>\n","protected":false},"excerpt":{"rendered":"<p>ZA modelis. P3 cl. NDS Materi\u0101ls T\u0113rauds Plakan\u0101s sloksnes izm\u0113ri (cm) 0,4 x 2 Mont\u0101\u017eas skr\u016bves N\u0113 T\u0113rauda kr\u0101sa Daudzums<\/p>\n","protected":false},"featured_media":118797,"comment_status":"open","ping_status":"closed","template":"","meta":{"_acf_changed":false,"pmpro_default_level":""},"product_brand":[],"product_cat":[24056,23916],"product_tag":[],"class_list":{"0":"post-135487","1":"product","2":"type-product","3":"status-publish","4":"has-post-thumbnail","6":"product_cat-mebelu-kajas","7":"product_cat-stalo-kojos-lv","8":"pmpro-has-access","10":"first","11":"instock","12":"shipping-taxable","13":"purchasable","14":"product-type-simple"},"acf":[],"yoast_head":"<!-- This site is optimized with the Yoast SEO plugin v24.9 - https:\/\/yoast.com\/wordpress\/plugins\/seo\/ -->\n<title>Met\u0101la galda k\u0101ja HAIRPIN TRIPLE FLAT BAR 73 cm, kr\u0101sots t\u0113rauds - MetalTale.com<\/title>\n<meta name=\"robots\" content=\"index, follow, max-snippet:-1, max-image-preview:large, max-video-preview:-1\" \/>\n<link rel=\"canonical\" href=\"https:\/\/metaltale.com\/lv\/produkts\/metala-galda-kaja-hairpin-triple-flat-bar-73-cm-krasots-terauds\/\" \/>\n<meta property=\"og:locale\" content=\"lv_LV\" \/>\n<meta property=\"og:type\" content=\"article\" \/>\n<meta property=\"og:title\" content=\"Met\u0101la galda k\u0101ja HAIRPIN TRIPLE FLAT BAR 73 cm, kr\u0101sots t\u0113rauds - MetalTale.com\" \/>\n<meta property=\"og:description\" content=\"ZA modelis. P3 cl. NDS Materi\u0101ls T\u0113rauds Plakan\u0101s sloksnes izm\u0113ri (cm) 0,4 x 2 Mont\u0101\u017eas skr\u016bves N\u0113 T\u0113rauda kr\u0101sa Daudzums\" \/>\n<meta property=\"og:url\" content=\"https:\/\/metaltale.com\/lv\/produkts\/metala-galda-kaja-hairpin-triple-flat-bar-73-cm-krasots-terauds\/\" \/>\n<meta property=\"og:site_name\" content=\"MetalTale.com\" \/>\n<meta name=\"twitter:card\" content=\"summary_large_image\" \/>\n<meta name=\"twitter:label1\" content=\"Est. reading time\" \/>\n\t<meta name=\"twitter:data1\" content=\"1 minute\" \/>\n<script type=\"application\/ld+json\" class=\"yoast-schema-graph\">{\"@context\":\"https:\/\/schema.org\",\"@graph\":[{\"@type\":\"WebPage\",\"@id\":\"https:\/\/metaltale.com\/lv\/produkts\/metala-galda-kaja-hairpin-triple-flat-bar-73-cm-krasots-terauds\/\",\"url\":\"https:\/\/metaltale.com\/lv\/produkts\/metala-galda-kaja-hairpin-triple-flat-bar-73-cm-krasots-terauds\/\",\"name\":\"Met\u0101la galda k\u0101ja HAIRPIN TRIPLE FLAT BAR 73 cm, kr\u0101sots t\u0113rauds - MetalTale.com\",\"isPartOf\":{\"@id\":\"https:\/\/metaltale.com\/lv\/#website\"},\"primaryImageOfPage\":{\"@id\":\"https:\/\/metaltale.com\/lv\/produkts\/metala-galda-kaja-hairpin-triple-flat-bar-73-cm-krasots-terauds\/#primaryimage\"},\"image\":{\"@id\":\"https:\/\/metaltale.com\/lv\/produkts\/metala-galda-kaja-hairpin-triple-flat-bar-73-cm-krasots-terauds\/#primaryimage\"},\"thumbnailUrl\":\"https:\/\/metaltale.com\/wp-content\/uploads\/2023\/12\/metalines-stalo-kojos-6.jpg\",\"datePublished\":\"2024-02-13T11:23:04+00:00\",\"breadcrumb\":{\"@id\":\"https:\/\/metaltale.com\/lv\/produkts\/metala-galda-kaja-hairpin-triple-flat-bar-73-cm-krasots-terauds\/#breadcrumb\"},\"inLanguage\":\"lv-LV\",\"potentialAction\":[{\"@type\":\"ReadAction\",\"target\":[\"https:\/\/metaltale.com\/lv\/produkts\/metala-galda-kaja-hairpin-triple-flat-bar-73-cm-krasots-terauds\/\"]}]},{\"@type\":\"ImageObject\",\"inLanguage\":\"lv-LV\",\"@id\":\"https:\/\/metaltale.com\/lv\/produkts\/metala-galda-kaja-hairpin-triple-flat-bar-73-cm-krasots-terauds\/#primaryimage\",\"url\":\"https:\/\/metaltale.com\/wp-content\/uploads\/2023\/12\/metalines-stalo-kojos-6.jpg\",\"contentUrl\":\"https:\/\/metaltale.com\/wp-content\/uploads\/2023\/12\/metalines-stalo-kojos-6.jpg\",\"width\":800,\"height\":800,\"caption\":\"Met\u0101la galda k\u0101jas\"},{\"@type\":\"BreadcrumbList\",\"@id\":\"https:\/\/metaltale.com\/lv\/produkts\/metala-galda-kaja-hairpin-triple-flat-bar-73-cm-krasots-terauds\/#breadcrumb\",\"itemListElement\":[{\"@type\":\"ListItem\",\"position\":1,\"name\":\"Home\",\"item\":\"https:\/\/metaltale.com\/lv\/majas\/\"},{\"@type\":\"ListItem\",\"position\":2,\"name\":\"Veikals\",\"item\":\"https:\/\/metaltale.com\/lv\/shop\/\"},{\"@type\":\"ListItem\",\"position\":3,\"name\":\"Met\u0101la galda k\u0101ja HAIRPIN TRIPLE FLAT BAR 73 cm, kr\u0101sots t\u0113rauds\"}]},{\"@type\":\"WebSite\",\"@id\":\"https:\/\/metaltale.com\/lv\/#website\",\"url\":\"https:\/\/metaltale.com\/lv\/\",\"name\":\"Metaltale.com\",\"description\":\"\",\"potentialAction\":[{\"@type\":\"SearchAction\",\"target\":{\"@type\":\"EntryPoint\",\"urlTemplate\":\"https:\/\/metaltale.com\/lv\/?s={search_term_string}\"},\"query-input\":{\"@type\":\"PropertyValueSpecification\",\"valueRequired\":true,\"valueName\":\"search_term_string\"}}],\"inLanguage\":\"lv-LV\"}]}<\/script>\n<!-- \/ Yoast SEO plugin. -->","yoast_head_json":{"title":"Met\u0101la galda k\u0101ja HAIRPIN TRIPLE FLAT BAR 73 cm, kr\u0101sots t\u0113rauds - MetalTale.com","robots":{"index":"index","follow":"follow","max-snippet":"max-snippet:-1","max-image-preview":"max-image-preview:large","max-video-preview":"max-video-preview:-1"},"canonical":"https:\/\/metaltale.com\/lv\/produkts\/metala-galda-kaja-hairpin-triple-flat-bar-73-cm-krasots-terauds\/","og_locale":"lv_LV","og_type":"article","og_title":"Met\u0101la galda k\u0101ja HAIRPIN TRIPLE FLAT BAR 73 cm, kr\u0101sots t\u0113rauds - MetalTale.com","og_description":"ZA modelis. P3 cl. NDS Materi\u0101ls T\u0113rauds Plakan\u0101s sloksnes izm\u0113ri (cm) 0,4 x 2 Mont\u0101\u017eas skr\u016bves N\u0113 T\u0113rauda kr\u0101sa Daudzums","og_url":"https:\/\/metaltale.com\/lv\/produkts\/metala-galda-kaja-hairpin-triple-flat-bar-73-cm-krasots-terauds\/","og_site_name":"MetalTale.com","twitter_card":"summary_large_image","twitter_misc":{"Est. reading time":"1 minute"},"schema":{"@context":"https:\/\/schema.org","@graph":[{"@type":"WebPage","@id":"https:\/\/metaltale.com\/lv\/produkts\/metala-galda-kaja-hairpin-triple-flat-bar-73-cm-krasots-terauds\/","url":"https:\/\/metaltale.com\/lv\/produkts\/metala-galda-kaja-hairpin-triple-flat-bar-73-cm-krasots-terauds\/","name":"Met\u0101la galda k\u0101ja HAIRPIN TRIPLE FLAT BAR 73 cm, kr\u0101sots t\u0113rauds - MetalTale.com","isPartOf":{"@id":"https:\/\/metaltale.com\/lv\/#website"},"primaryImageOfPage":{"@id":"https:\/\/metaltale.com\/lv\/produkts\/metala-galda-kaja-hairpin-triple-flat-bar-73-cm-krasots-terauds\/#primaryimage"},"image":{"@id":"https:\/\/metaltale.com\/lv\/produkts\/metala-galda-kaja-hairpin-triple-flat-bar-73-cm-krasots-terauds\/#primaryimage"},"thumbnailUrl":"https:\/\/metaltale.com\/wp-content\/uploads\/2023\/12\/metalines-stalo-kojos-6.jpg","datePublished":"2024-02-13T11:23:04+00:00","breadcrumb":{"@id":"https:\/\/metaltale.com\/lv\/produkts\/metala-galda-kaja-hairpin-triple-flat-bar-73-cm-krasots-terauds\/#breadcrumb"},"inLanguage":"lv-LV","potentialAction":[{"@type":"ReadAction","target":["https:\/\/metaltale.com\/lv\/produkts\/metala-galda-kaja-hairpin-triple-flat-bar-73-cm-krasots-terauds\/"]}]},{"@type":"ImageObject","inLanguage":"lv-LV","@id":"https:\/\/metaltale.com\/lv\/produkts\/metala-galda-kaja-hairpin-triple-flat-bar-73-cm-krasots-terauds\/#primaryimage","url":"https:\/\/metaltale.com\/wp-content\/uploads\/2023\/12\/metalines-stalo-kojos-6.jpg","contentUrl":"https:\/\/metaltale.com\/wp-content\/uploads\/2023\/12\/metalines-stalo-kojos-6.jpg","width":800,"height":800,"caption":"Met\u0101la galda k\u0101jas"},{"@type":"BreadcrumbList","@id":"https:\/\/metaltale.com\/lv\/produkts\/metala-galda-kaja-hairpin-triple-flat-bar-73-cm-krasots-terauds\/#breadcrumb","itemListElement":[{"@type":"ListItem","position":1,"name":"Home","item":"https:\/\/metaltale.com\/lv\/majas\/"},{"@type":"ListItem","position":2,"name":"Veikals","item":"https:\/\/metaltale.com\/lv\/shop\/"},{"@type":"ListItem","position":3,"name":"Met\u0101la galda k\u0101ja HAIRPIN TRIPLE FLAT BAR 73 cm, kr\u0101sots t\u0113rauds"}]},{"@type":"WebSite","@id":"https:\/\/metaltale.com\/lv\/#website","url":"https:\/\/metaltale.com\/lv\/","name":"Metaltale.com","description":"","potentialAction":[{"@type":"SearchAction","target":{"@type":"EntryPoint","urlTemplate":"https:\/\/metaltale.com\/lv\/?s={search_term_string}"},"query-input":{"@type":"PropertyValueSpecification","valueRequired":true,"valueName":"search_term_string"}}],"inLanguage":"lv-LV"}]}},"_links":{"self":[{"href":"https:\/\/metaltale.com\/lv\/wp-json\/wp\/v2\/product\/135487","targetHints":{"allow":["GET"]}}],"collection":[{"href":"https:\/\/metaltale.com\/lv\/wp-json\/wp\/v2\/product"}],"about":[{"href":"https:\/\/metaltale.com\/lv\/wp-json\/wp\/v2\/types\/product"}],"replies":[{"embeddable":true,"href":"https:\/\/metaltale.com\/lv\/wp-json\/wp\/v2\/comments?post=135487"}],"version-history":[{"count":0,"href":"https:\/\/metaltale.com\/lv\/wp-json\/wp\/v2\/product\/135487\/revisions"}],"wp:featuredmedia":[{"embeddable":true,"href":"https:\/\/metaltale.com\/lv\/wp-json\/wp\/v2\/media\/118797"}],"wp:attachment":[{"href":"https:\/\/metaltale.com\/lv\/wp-json\/wp\/v2\/media?parent=135487"}],"wp:term":[{"taxonomy":"product_brand","embeddable":true,"href":"https:\/\/metaltale.com\/lv\/wp-json\/wp\/v2\/product_brand?post=135487"},{"taxonomy":"product_cat","embeddable":true,"href":"https:\/\/metaltale.com\/lv\/wp-json\/wp\/v2\/product_cat?post=135487"},{"taxonomy":"product_tag","embeddable":true,"href":"https:\/\/metaltale.com\/lv\/wp-json\/wp\/v2\/product_tag?post=135487"}],"curies":[{"name":"wp","href":"https:\/\/api.w.org\/{rel}","templated":true}]}}