{"id":135484,"date":"2024-02-13T13:39:42","date_gmt":"2024-02-13T11:39:42","guid":{"rendered":"https:\/\/metaltale.com\/produktas\/coca-cola-manualais-pudelu-atverejs\/"},"modified":"2024-02-13T13:39:42","modified_gmt":"2024-02-13T11:39:42","slug":"coca-cola-manualais-pudelu-atverejs","status":"publish","type":"product","link":"https:\/\/metaltale.com\/lv\/produkts\/coca-cola-manualais-pudelu-atverejs\/","title":{"rendered":"COCA COLA manu\u0101lais pude\u013cu atv\u0113r\u0113js"},"content":{"rendered":"<div class=\"prod_data\">\n<p><strong>Modelis<\/strong> 70.410.AI. COX<br \/>\n<strong>EAN.<\/strong>  5905369919299<br \/>\nMateri\u0101ls Ketus<br \/>\n<strong>Kop\u0113jais augstums (cm<\/strong> ) 3,5<br \/>\n<strong>Kop\u0113jais platums (cm<\/strong> ) 9<br \/>\nT\u0113rauda <strong>kr\u0101sa<\/strong> <\/p>\n<p>Grav\u0113ts <strong>pude\u013cu atv\u0113r\u0113js<\/strong>, kas izgatavots no augst\u0101k\u0101s kvalit\u0101tes veidnes.<\/p>\n<p>Par min. 500 gab., m\u0113s varam izgatavot jebkuru uzrakstu\/logotipu.<\/p>\n<p>Tam ir caurums, ko var izmantot k\u0101 savienojumu ar atsl\u0113gu piekari\u0146u vai k\u0101 atveri piestiprin\u0101t pie sienas.<\/p>\n<\/div>\n","protected":false},"excerpt":{"rendered":"<p>Modelis 70.410.AI. COX EAN. 5905369919299 Materi\u0101ls Ketus Kop\u0113jais augstums (cm ) 3,5 Kop\u0113jais platums (cm ) 9 T\u0113rauda kr\u0101sa Grav\u0113ts<\/p>\n","protected":false},"featured_media":100264,"comment_status":"open","ping_status":"closed","template":"","meta":{"_acf_changed":false,"pmpro_default_level":""},"product_brand":[],"product_cat":[24126,24055,24069],"product_tag":[],"class_list":{"0":"post-135484","1":"product","2":"type-product","3":"status-publish","4":"has-post-thumbnail","6":"product_cat-pudelu-atvereji","7":"product_cat-rotajumi","8":"product_cat-virtuves-rotajumi","9":"pmpro-has-access","11":"first","12":"instock","13":"shipping-taxable","14":"purchasable","15":"product-type-simple"},"acf":[],"yoast_head":"<!-- This site is optimized with the Yoast SEO plugin v24.9 - https:\/\/yoast.com\/wordpress\/plugins\/seo\/ -->\n<title>COCA COLA manu\u0101lais pude\u013cu atv\u0113r\u0113js - MetalTale.com<\/title>\n<meta name=\"robots\" content=\"index, follow, max-snippet:-1, max-image-preview:large, max-video-preview:-1\" \/>\n<link rel=\"canonical\" href=\"https:\/\/metaltale.com\/lv\/produkts\/coca-cola-manualais-pudelu-atverejs\/\" \/>\n<meta property=\"og:locale\" content=\"lv_LV\" \/>\n<meta property=\"og:type\" content=\"article\" \/>\n<meta property=\"og:title\" content=\"COCA COLA manu\u0101lais pude\u013cu atv\u0113r\u0113js - MetalTale.com\" \/>\n<meta property=\"og:description\" content=\"Modelis 70.410.AI. COX EAN. 5905369919299 Materi\u0101ls Ketus Kop\u0113jais augstums (cm ) 3,5 Kop\u0113jais platums (cm ) 9 T\u0113rauda kr\u0101sa Grav\u0113ts\" \/>\n<meta property=\"og:url\" content=\"https:\/\/metaltale.com\/lv\/produkts\/coca-cola-manualais-pudelu-atverejs\/\" \/>\n<meta property=\"og:site_name\" content=\"MetalTale.com\" \/>\n<meta property=\"og:image\" content=\"https:\/\/metaltale.com\/wp-content\/uploads\/2023\/11\/Otwieracz-COCA-COLA-1.jpg\" \/>\n\t<meta property=\"og:image:width\" content=\"800\" \/>\n\t<meta property=\"og:image:height\" content=\"800\" \/>\n\t<meta property=\"og:image:type\" content=\"image\/jpeg\" \/>\n<meta name=\"twitter:card\" content=\"summary_large_image\" \/>\n<script type=\"application\/ld+json\" class=\"yoast-schema-graph\">{\"@context\":\"https:\/\/schema.org\",\"@graph\":[{\"@type\":\"WebPage\",\"@id\":\"https:\/\/metaltale.com\/lv\/produkts\/coca-cola-manualais-pudelu-atverejs\/\",\"url\":\"https:\/\/metaltale.com\/lv\/produkts\/coca-cola-manualais-pudelu-atverejs\/\",\"name\":\"COCA COLA manu\u0101lais pude\u013cu atv\u0113r\u0113js - MetalTale.com\",\"isPartOf\":{\"@id\":\"https:\/\/metaltale.com\/lv\/#website\"},\"primaryImageOfPage\":{\"@id\":\"https:\/\/metaltale.com\/lv\/produkts\/coca-cola-manualais-pudelu-atverejs\/#primaryimage\"},\"image\":{\"@id\":\"https:\/\/metaltale.com\/lv\/produkts\/coca-cola-manualais-pudelu-atverejs\/#primaryimage\"},\"thumbnailUrl\":\"https:\/\/metaltale.com\/wp-content\/uploads\/2023\/11\/Otwieracz-COCA-COLA-1.jpg\",\"datePublished\":\"2024-02-13T11:39:42+00:00\",\"breadcrumb\":{\"@id\":\"https:\/\/metaltale.com\/lv\/produkts\/coca-cola-manualais-pudelu-atverejs\/#breadcrumb\"},\"inLanguage\":\"lv-LV\",\"potentialAction\":[{\"@type\":\"ReadAction\",\"target\":[\"https:\/\/metaltale.com\/lv\/produkts\/coca-cola-manualais-pudelu-atverejs\/\"]}]},{\"@type\":\"ImageObject\",\"inLanguage\":\"lv-LV\",\"@id\":\"https:\/\/metaltale.com\/lv\/produkts\/coca-cola-manualais-pudelu-atverejs\/#primaryimage\",\"url\":\"https:\/\/metaltale.com\/wp-content\/uploads\/2023\/11\/Otwieracz-COCA-COLA-1.jpg\",\"contentUrl\":\"https:\/\/metaltale.com\/wp-content\/uploads\/2023\/11\/Otwieracz-COCA-COLA-1.jpg\",\"width\":800,\"height\":800,\"caption\":\"COCA COLA manu\u0101lais pude\u013cu atv\u0113r\u0113js\"},{\"@type\":\"BreadcrumbList\",\"@id\":\"https:\/\/metaltale.com\/lv\/produkts\/coca-cola-manualais-pudelu-atverejs\/#breadcrumb\",\"itemListElement\":[{\"@type\":\"ListItem\",\"position\":1,\"name\":\"Home\",\"item\":\"https:\/\/metaltale.com\/lv\/majas\/\"},{\"@type\":\"ListItem\",\"position\":2,\"name\":\"Veikals\",\"item\":\"https:\/\/metaltale.com\/lv\/shop\/\"},{\"@type\":\"ListItem\",\"position\":3,\"name\":\"COCA COLA manu\u0101lais pude\u013cu atv\u0113r\u0113js\"}]},{\"@type\":\"WebSite\",\"@id\":\"https:\/\/metaltale.com\/lv\/#website\",\"url\":\"https:\/\/metaltale.com\/lv\/\",\"name\":\"Metaltale.com\",\"description\":\"\",\"potentialAction\":[{\"@type\":\"SearchAction\",\"target\":{\"@type\":\"EntryPoint\",\"urlTemplate\":\"https:\/\/metaltale.com\/lv\/?s={search_term_string}\"},\"query-input\":{\"@type\":\"PropertyValueSpecification\",\"valueRequired\":true,\"valueName\":\"search_term_string\"}}],\"inLanguage\":\"lv-LV\"}]}<\/script>\n<!-- \/ Yoast SEO plugin. -->","yoast_head_json":{"title":"COCA COLA manu\u0101lais pude\u013cu atv\u0113r\u0113js - MetalTale.com","robots":{"index":"index","follow":"follow","max-snippet":"max-snippet:-1","max-image-preview":"max-image-preview:large","max-video-preview":"max-video-preview:-1"},"canonical":"https:\/\/metaltale.com\/lv\/produkts\/coca-cola-manualais-pudelu-atverejs\/","og_locale":"lv_LV","og_type":"article","og_title":"COCA COLA manu\u0101lais pude\u013cu atv\u0113r\u0113js - MetalTale.com","og_description":"Modelis 70.410.AI. COX EAN. 5905369919299 Materi\u0101ls Ketus Kop\u0113jais augstums (cm ) 3,5 Kop\u0113jais platums (cm ) 9 T\u0113rauda kr\u0101sa Grav\u0113ts","og_url":"https:\/\/metaltale.com\/lv\/produkts\/coca-cola-manualais-pudelu-atverejs\/","og_site_name":"MetalTale.com","og_image":[{"width":800,"height":800,"url":"https:\/\/metaltale.com\/wp-content\/uploads\/2023\/11\/Otwieracz-COCA-COLA-1.jpg","type":"image\/jpeg"}],"twitter_card":"summary_large_image","schema":{"@context":"https:\/\/schema.org","@graph":[{"@type":"WebPage","@id":"https:\/\/metaltale.com\/lv\/produkts\/coca-cola-manualais-pudelu-atverejs\/","url":"https:\/\/metaltale.com\/lv\/produkts\/coca-cola-manualais-pudelu-atverejs\/","name":"COCA COLA manu\u0101lais pude\u013cu atv\u0113r\u0113js - MetalTale.com","isPartOf":{"@id":"https:\/\/metaltale.com\/lv\/#website"},"primaryImageOfPage":{"@id":"https:\/\/metaltale.com\/lv\/produkts\/coca-cola-manualais-pudelu-atverejs\/#primaryimage"},"image":{"@id":"https:\/\/metaltale.com\/lv\/produkts\/coca-cola-manualais-pudelu-atverejs\/#primaryimage"},"thumbnailUrl":"https:\/\/metaltale.com\/wp-content\/uploads\/2023\/11\/Otwieracz-COCA-COLA-1.jpg","datePublished":"2024-02-13T11:39:42+00:00","breadcrumb":{"@id":"https:\/\/metaltale.com\/lv\/produkts\/coca-cola-manualais-pudelu-atverejs\/#breadcrumb"},"inLanguage":"lv-LV","potentialAction":[{"@type":"ReadAction","target":["https:\/\/metaltale.com\/lv\/produkts\/coca-cola-manualais-pudelu-atverejs\/"]}]},{"@type":"ImageObject","inLanguage":"lv-LV","@id":"https:\/\/metaltale.com\/lv\/produkts\/coca-cola-manualais-pudelu-atverejs\/#primaryimage","url":"https:\/\/metaltale.com\/wp-content\/uploads\/2023\/11\/Otwieracz-COCA-COLA-1.jpg","contentUrl":"https:\/\/metaltale.com\/wp-content\/uploads\/2023\/11\/Otwieracz-COCA-COLA-1.jpg","width":800,"height":800,"caption":"COCA COLA manu\u0101lais pude\u013cu atv\u0113r\u0113js"},{"@type":"BreadcrumbList","@id":"https:\/\/metaltale.com\/lv\/produkts\/coca-cola-manualais-pudelu-atverejs\/#breadcrumb","itemListElement":[{"@type":"ListItem","position":1,"name":"Home","item":"https:\/\/metaltale.com\/lv\/majas\/"},{"@type":"ListItem","position":2,"name":"Veikals","item":"https:\/\/metaltale.com\/lv\/shop\/"},{"@type":"ListItem","position":3,"name":"COCA COLA manu\u0101lais pude\u013cu atv\u0113r\u0113js"}]},{"@type":"WebSite","@id":"https:\/\/metaltale.com\/lv\/#website","url":"https:\/\/metaltale.com\/lv\/","name":"Metaltale.com","description":"","potentialAction":[{"@type":"SearchAction","target":{"@type":"EntryPoint","urlTemplate":"https:\/\/metaltale.com\/lv\/?s={search_term_string}"},"query-input":{"@type":"PropertyValueSpecification","valueRequired":true,"valueName":"search_term_string"}}],"inLanguage":"lv-LV"}]}},"_links":{"self":[{"href":"https:\/\/metaltale.com\/lv\/wp-json\/wp\/v2\/product\/135484","targetHints":{"allow":["GET"]}}],"collection":[{"href":"https:\/\/metaltale.com\/lv\/wp-json\/wp\/v2\/product"}],"about":[{"href":"https:\/\/metaltale.com\/lv\/wp-json\/wp\/v2\/types\/product"}],"replies":[{"embeddable":true,"href":"https:\/\/metaltale.com\/lv\/wp-json\/wp\/v2\/comments?post=135484"}],"version-history":[{"count":0,"href":"https:\/\/metaltale.com\/lv\/wp-json\/wp\/v2\/product\/135484\/revisions"}],"wp:featuredmedia":[{"embeddable":true,"href":"https:\/\/metaltale.com\/lv\/wp-json\/wp\/v2\/media\/100264"}],"wp:attachment":[{"href":"https:\/\/metaltale.com\/lv\/wp-json\/wp\/v2\/media?parent=135484"}],"wp:term":[{"taxonomy":"product_brand","embeddable":true,"href":"https:\/\/metaltale.com\/lv\/wp-json\/wp\/v2\/product_brand?post=135484"},{"taxonomy":"product_cat","embeddable":true,"href":"https:\/\/metaltale.com\/lv\/wp-json\/wp\/v2\/product_cat?post=135484"},{"taxonomy":"product_tag","embeddable":true,"href":"https:\/\/metaltale.com\/lv\/wp-json\/wp\/v2\/product_tag?post=135484"}],"curies":[{"name":"wp","href":"https:\/\/api.w.org\/{rel}","templated":true}]}}