{"id":135476,"date":"2024-02-13T15:05:05","date_gmt":"2024-02-13T13:05:05","guid":{"rendered":"https:\/\/metaltale.com\/produktas\/atslegas-vacins-rustic-bez-sledzenes\/"},"modified":"2024-02-13T15:05:05","modified_gmt":"2024-02-13T13:05:05","slug":"atslegas-vacins-rustic-bez-sledzenes","status":"publish","type":"product","link":"https:\/\/metaltale.com\/lv\/produkts\/atslegas-vacins-rustic-bez-sledzenes\/","title":{"rendered":"Atsl\u0113gas v\u0101ci\u0146\u0161 RUSTIC bez sl\u0113dzenes"},"content":{"rendered":"<div class=\"prod_data\">\n<p><strong>Modelis<\/strong> MD.128.95.PRGR<br \/>\n<strong>Materi\u0101ls<\/strong> T\u0113rauds<br \/>\n<strong>Kop\u0113jais augstums (cm<\/strong> ) 3<br \/>\n<strong>Kop\u0113jais platums (cm<\/strong> ) 9,5<br \/>\n<strong>Kop\u0113j\u0101 projekcija (cm<\/strong> ) 0,1<br \/>\n<strong>Att\u0101lums starp caurumiem (cm<\/strong> ) 7,6\/2<br \/>\nMont\u0101\u017eas skr\u016bves N\u0113<br \/>\n<strong>Kr\u0101sa<\/strong> Antique gold<\/p>\n<p>Izstr\u0101d\u0101jums ir izgatavots no augst\u0101k\u0101s kvalit\u0101tes t\u0113rauda, kas noz\u012bm\u0113, ka tas kalpos mums ilgu laiku.<\/p>\n<p>Apz\u012bm\u0113jums tika izgatavots no ant\u012bka zelta, kas tam pie\u0161\u0137ir eleganci un raksturu.<\/p>\n<p>Izstr\u0101d\u0101jumam ir caurumi, kas atvieglo mont\u0101\u017eu<\/p>\n<hr>\n<p>Rustik\u0101lo m\u0113be\u013cu aksesu\u0101ri ir lielisks veids, k\u0101 pie\u0161\u0137irt m\u016bsu m\u0113bel\u0113m retro raksturu, vienlaikus saglab\u0101jot izstr\u0101d\u0101juma funkcion\u0101l\u0101s \u012bpa\u0161\u012bbas. Ir v\u0113rts atcer\u0113ties, ka \u0161\u0137ietami maziem un nenoz\u012bm\u012bgiem elementiem ir liela ietekme uz interjera galarezult\u0101tu.<\/p>\n<p>\u0160eit redzam\u0101 z\u012bme Rustic izskat\u0101s viegli un eleganti, pateicoties t\u0101s taisn\u0101m l\u012bnij\u0101m un smalkiem dekorat\u012bviem akcentiem. Izgatavots no ant\u012bka zelta, kas tam pie\u0161\u0137ir lauku raksturu. Caurumi uzgal\u012b \u013cauj \u0101tri samont\u0113t izstr\u0101d\u0101jumu. Visp\u0101r\u0113j\u0101 apstr\u0101de padara izstr\u0101d\u0101jumu ide\u0101li piem\u0113rotu retro vai lauku klimatam.<\/p>\n<\/div>\n","protected":false},"excerpt":{"rendered":"<p>Modelis MD.128.95.PRGR Materi\u0101ls T\u0113rauds Kop\u0113jais augstums (cm ) 3 Kop\u0113jais platums (cm ) 9,5 Kop\u0113j\u0101 projekcija (cm ) 0,1 Att\u0101lums<\/p>\n","protected":false},"featured_media":131153,"comment_status":"open","ping_status":"closed","template":"","meta":{"_acf_changed":false,"pmpro_default_level":""},"product_brand":[],"product_cat":[24095,23837],"product_tag":[],"class_list":{"0":"post-135476","1":"product","2":"type-product","3":"status-publish","4":"has-post-thumbnail","6":"product_cat-atslegu-vacini","7":"product_cat-mebeles-piederumi","8":"pmpro-has-access","10":"first","11":"instock","12":"shipping-taxable","13":"purchasable","14":"product-type-simple"},"acf":[],"yoast_head":"<!-- This site is optimized with the Yoast SEO plugin v24.9 - https:\/\/yoast.com\/wordpress\/plugins\/seo\/ -->\n<title>Atsl\u0113gas v\u0101ci\u0146\u0161 RUSTIC bez sl\u0113dzenes - MetalTale.com<\/title>\n<meta name=\"robots\" content=\"index, follow, max-snippet:-1, max-image-preview:large, max-video-preview:-1\" \/>\n<link rel=\"canonical\" href=\"https:\/\/metaltale.com\/lv\/produkts\/atslegas-vacins-rustic-bez-sledzenes\/\" \/>\n<meta property=\"og:locale\" content=\"lv_LV\" \/>\n<meta property=\"og:type\" content=\"article\" \/>\n<meta property=\"og:title\" content=\"Atsl\u0113gas v\u0101ci\u0146\u0161 RUSTIC bez sl\u0113dzenes - MetalTale.com\" \/>\n<meta property=\"og:description\" content=\"Modelis MD.128.95.PRGR Materi\u0101ls T\u0113rauds Kop\u0113jais augstums (cm ) 3 Kop\u0113jais platums (cm ) 9,5 Kop\u0113j\u0101 projekcija (cm ) 0,1 Att\u0101lums\" \/>\n<meta property=\"og:url\" content=\"https:\/\/metaltale.com\/lv\/produkts\/atslegas-vacins-rustic-bez-sledzenes\/\" \/>\n<meta property=\"og:site_name\" content=\"MetalTale.com\" \/>\n<meta property=\"og:image\" content=\"https:\/\/metaltale.com\/wp-content\/uploads\/2024\/02\/Raktu-dangtelis-RUSTIC-be-uzrakto.jpg\" \/>\n\t<meta property=\"og:image:width\" content=\"800\" \/>\n\t<meta property=\"og:image:height\" content=\"800\" \/>\n\t<meta property=\"og:image:type\" content=\"image\/jpeg\" \/>\n<meta name=\"twitter:card\" content=\"summary_large_image\" \/>\n<meta name=\"twitter:label1\" content=\"Est. reading time\" \/>\n\t<meta name=\"twitter:data1\" content=\"1 minute\" \/>\n<script type=\"application\/ld+json\" class=\"yoast-schema-graph\">{\"@context\":\"https:\/\/schema.org\",\"@graph\":[{\"@type\":\"WebPage\",\"@id\":\"https:\/\/metaltale.com\/lv\/produkts\/atslegas-vacins-rustic-bez-sledzenes\/\",\"url\":\"https:\/\/metaltale.com\/lv\/produkts\/atslegas-vacins-rustic-bez-sledzenes\/\",\"name\":\"Atsl\u0113gas v\u0101ci\u0146\u0161 RUSTIC bez sl\u0113dzenes - MetalTale.com\",\"isPartOf\":{\"@id\":\"https:\/\/metaltale.com\/lv\/#website\"},\"primaryImageOfPage\":{\"@id\":\"https:\/\/metaltale.com\/lv\/produkts\/atslegas-vacins-rustic-bez-sledzenes\/#primaryimage\"},\"image\":{\"@id\":\"https:\/\/metaltale.com\/lv\/produkts\/atslegas-vacins-rustic-bez-sledzenes\/#primaryimage\"},\"thumbnailUrl\":\"https:\/\/metaltale.com\/wp-content\/uploads\/2024\/02\/Raktu-dangtelis-RUSTIC-be-uzrakto.jpg\",\"datePublished\":\"2024-02-13T13:05:05+00:00\",\"breadcrumb\":{\"@id\":\"https:\/\/metaltale.com\/lv\/produkts\/atslegas-vacins-rustic-bez-sledzenes\/#breadcrumb\"},\"inLanguage\":\"lv-LV\",\"potentialAction\":[{\"@type\":\"ReadAction\",\"target\":[\"https:\/\/metaltale.com\/lv\/produkts\/atslegas-vacins-rustic-bez-sledzenes\/\"]}]},{\"@type\":\"ImageObject\",\"inLanguage\":\"lv-LV\",\"@id\":\"https:\/\/metaltale.com\/lv\/produkts\/atslegas-vacins-rustic-bez-sledzenes\/#primaryimage\",\"url\":\"https:\/\/metaltale.com\/wp-content\/uploads\/2024\/02\/Raktu-dangtelis-RUSTIC-be-uzrakto.jpg\",\"contentUrl\":\"https:\/\/metaltale.com\/wp-content\/uploads\/2024\/02\/Raktu-dangtelis-RUSTIC-be-uzrakto.jpg\",\"width\":800,\"height\":800,\"caption\":\"Atsl\u0113gas v\u0101ci\u0146\u0161 RUSTIC bez sl\u0113dzenes\"},{\"@type\":\"BreadcrumbList\",\"@id\":\"https:\/\/metaltale.com\/lv\/produkts\/atslegas-vacins-rustic-bez-sledzenes\/#breadcrumb\",\"itemListElement\":[{\"@type\":\"ListItem\",\"position\":1,\"name\":\"Home\",\"item\":\"https:\/\/metaltale.com\/lv\/majas\/\"},{\"@type\":\"ListItem\",\"position\":2,\"name\":\"Veikals\",\"item\":\"https:\/\/metaltale.com\/lv\/shop\/\"},{\"@type\":\"ListItem\",\"position\":3,\"name\":\"Atsl\u0113gas v\u0101ci\u0146\u0161 RUSTIC bez sl\u0113dzenes\"}]},{\"@type\":\"WebSite\",\"@id\":\"https:\/\/metaltale.com\/lv\/#website\",\"url\":\"https:\/\/metaltale.com\/lv\/\",\"name\":\"Metaltale.com\",\"description\":\"\",\"potentialAction\":[{\"@type\":\"SearchAction\",\"target\":{\"@type\":\"EntryPoint\",\"urlTemplate\":\"https:\/\/metaltale.com\/lv\/?s={search_term_string}\"},\"query-input\":{\"@type\":\"PropertyValueSpecification\",\"valueRequired\":true,\"valueName\":\"search_term_string\"}}],\"inLanguage\":\"lv-LV\"}]}<\/script>\n<!-- \/ Yoast SEO plugin. -->","yoast_head_json":{"title":"Atsl\u0113gas v\u0101ci\u0146\u0161 RUSTIC bez sl\u0113dzenes - MetalTale.com","robots":{"index":"index","follow":"follow","max-snippet":"max-snippet:-1","max-image-preview":"max-image-preview:large","max-video-preview":"max-video-preview:-1"},"canonical":"https:\/\/metaltale.com\/lv\/produkts\/atslegas-vacins-rustic-bez-sledzenes\/","og_locale":"lv_LV","og_type":"article","og_title":"Atsl\u0113gas v\u0101ci\u0146\u0161 RUSTIC bez sl\u0113dzenes - MetalTale.com","og_description":"Modelis MD.128.95.PRGR Materi\u0101ls T\u0113rauds Kop\u0113jais augstums (cm ) 3 Kop\u0113jais platums (cm ) 9,5 Kop\u0113j\u0101 projekcija (cm ) 0,1 Att\u0101lums","og_url":"https:\/\/metaltale.com\/lv\/produkts\/atslegas-vacins-rustic-bez-sledzenes\/","og_site_name":"MetalTale.com","og_image":[{"width":800,"height":800,"url":"https:\/\/metaltale.com\/wp-content\/uploads\/2024\/02\/Raktu-dangtelis-RUSTIC-be-uzrakto.jpg","type":"image\/jpeg"}],"twitter_card":"summary_large_image","twitter_misc":{"Est. reading time":"1 minute"},"schema":{"@context":"https:\/\/schema.org","@graph":[{"@type":"WebPage","@id":"https:\/\/metaltale.com\/lv\/produkts\/atslegas-vacins-rustic-bez-sledzenes\/","url":"https:\/\/metaltale.com\/lv\/produkts\/atslegas-vacins-rustic-bez-sledzenes\/","name":"Atsl\u0113gas v\u0101ci\u0146\u0161 RUSTIC bez sl\u0113dzenes - MetalTale.com","isPartOf":{"@id":"https:\/\/metaltale.com\/lv\/#website"},"primaryImageOfPage":{"@id":"https:\/\/metaltale.com\/lv\/produkts\/atslegas-vacins-rustic-bez-sledzenes\/#primaryimage"},"image":{"@id":"https:\/\/metaltale.com\/lv\/produkts\/atslegas-vacins-rustic-bez-sledzenes\/#primaryimage"},"thumbnailUrl":"https:\/\/metaltale.com\/wp-content\/uploads\/2024\/02\/Raktu-dangtelis-RUSTIC-be-uzrakto.jpg","datePublished":"2024-02-13T13:05:05+00:00","breadcrumb":{"@id":"https:\/\/metaltale.com\/lv\/produkts\/atslegas-vacins-rustic-bez-sledzenes\/#breadcrumb"},"inLanguage":"lv-LV","potentialAction":[{"@type":"ReadAction","target":["https:\/\/metaltale.com\/lv\/produkts\/atslegas-vacins-rustic-bez-sledzenes\/"]}]},{"@type":"ImageObject","inLanguage":"lv-LV","@id":"https:\/\/metaltale.com\/lv\/produkts\/atslegas-vacins-rustic-bez-sledzenes\/#primaryimage","url":"https:\/\/metaltale.com\/wp-content\/uploads\/2024\/02\/Raktu-dangtelis-RUSTIC-be-uzrakto.jpg","contentUrl":"https:\/\/metaltale.com\/wp-content\/uploads\/2024\/02\/Raktu-dangtelis-RUSTIC-be-uzrakto.jpg","width":800,"height":800,"caption":"Atsl\u0113gas v\u0101ci\u0146\u0161 RUSTIC bez sl\u0113dzenes"},{"@type":"BreadcrumbList","@id":"https:\/\/metaltale.com\/lv\/produkts\/atslegas-vacins-rustic-bez-sledzenes\/#breadcrumb","itemListElement":[{"@type":"ListItem","position":1,"name":"Home","item":"https:\/\/metaltale.com\/lv\/majas\/"},{"@type":"ListItem","position":2,"name":"Veikals","item":"https:\/\/metaltale.com\/lv\/shop\/"},{"@type":"ListItem","position":3,"name":"Atsl\u0113gas v\u0101ci\u0146\u0161 RUSTIC bez sl\u0113dzenes"}]},{"@type":"WebSite","@id":"https:\/\/metaltale.com\/lv\/#website","url":"https:\/\/metaltale.com\/lv\/","name":"Metaltale.com","description":"","potentialAction":[{"@type":"SearchAction","target":{"@type":"EntryPoint","urlTemplate":"https:\/\/metaltale.com\/lv\/?s={search_term_string}"},"query-input":{"@type":"PropertyValueSpecification","valueRequired":true,"valueName":"search_term_string"}}],"inLanguage":"lv-LV"}]}},"_links":{"self":[{"href":"https:\/\/metaltale.com\/lv\/wp-json\/wp\/v2\/product\/135476","targetHints":{"allow":["GET"]}}],"collection":[{"href":"https:\/\/metaltale.com\/lv\/wp-json\/wp\/v2\/product"}],"about":[{"href":"https:\/\/metaltale.com\/lv\/wp-json\/wp\/v2\/types\/product"}],"replies":[{"embeddable":true,"href":"https:\/\/metaltale.com\/lv\/wp-json\/wp\/v2\/comments?post=135476"}],"version-history":[{"count":0,"href":"https:\/\/metaltale.com\/lv\/wp-json\/wp\/v2\/product\/135476\/revisions"}],"wp:featuredmedia":[{"embeddable":true,"href":"https:\/\/metaltale.com\/lv\/wp-json\/wp\/v2\/media\/131153"}],"wp:attachment":[{"href":"https:\/\/metaltale.com\/lv\/wp-json\/wp\/v2\/media?parent=135476"}],"wp:term":[{"taxonomy":"product_brand","embeddable":true,"href":"https:\/\/metaltale.com\/lv\/wp-json\/wp\/v2\/product_brand?post=135476"},{"taxonomy":"product_cat","embeddable":true,"href":"https:\/\/metaltale.com\/lv\/wp-json\/wp\/v2\/product_cat?post=135476"},{"taxonomy":"product_tag","embeddable":true,"href":"https:\/\/metaltale.com\/lv\/wp-json\/wp\/v2\/product_tag?post=135476"}],"curies":[{"name":"wp","href":"https:\/\/api.w.org\/{rel}","templated":true}]}}