{"id":135433,"date":"2024-02-13T13:23:04","date_gmt":"2024-02-13T11:23:04","guid":{"rendered":"https:\/\/metaltale.com\/produktas\/metala-galda-kaja-hairpin-double-flat-bar-40-cm-krasots-terauds\/"},"modified":"2024-02-13T13:23:04","modified_gmt":"2024-02-13T11:23:04","slug":"metala-galda-kaja-hairpin-double-flat-bar-40-cm-krasots-terauds","status":"publish","type":"product","link":"https:\/\/metaltale.com\/lv\/produkts\/metala-galda-kaja-hairpin-double-flat-bar-40-cm-krasots-terauds\/","title":{"rendered":"Met\u0101la galda k\u0101ja HAIRPIN DOUBLE FLAT BAR 40 cm, kr\u0101sots t\u0113rauds"},"content":{"rendered":"<div class=\"prod_data\">\n<p><strong>Modelis<\/strong> ZA.P2.NDSKA<br \/>\n<strong>Materi\u0101ls<\/strong> T\u0113rauds<br \/>\n<strong>Kop\u0113jais augstums (cm<\/strong> ) 40<br \/>\n<strong>Plakan\u0101s sloksnes izm\u0113ri (cm)<\/strong> 0,4 x 2<br \/>\nMont\u0101\u017eas skr\u016bves N\u0113<br \/>\nT\u0113rauda <strong>kr\u0101sa<\/strong><br \/>\nDaudzums komplekt\u0101 1 gab.<\/p>\n<p>&#8211; divkr\u0101saina t\u0113rauda kafijas galdi\u0146a k\u0101ja<br \/>\n&#8211; viena m\u0113be\u013cu k\u0101ja ir t\u0101, ka j\u016bs varat izv\u0113l\u0113ties, kur to piestiprin\u0101t pie darba virsmas.<br \/>\n&#8211; t\u0113rauda versija ir pies\u016bcin\u0101ta ar bezkr\u0101sainu laku un ir apzin\u0101ti pak\u013cauta nodilumam un cit\u0101m noveco\u0161anas proced\u016br\u0101m.<br \/>\n&#8211; izstr\u0101d\u0101jumu kr\u0101sa var at\u0161\u0137irties no galerij\u0101 redzamajiem att\u0113liem individu\u0101lu monitora iestat\u012bjumu un materi\u0101lu \u012bpa\u0161\u012bbu d\u0113\u013c &#8211; t\u0113rauds ir neapstr\u0101d\u0101ts materi\u0101ls, kura kr\u0101sa, tonis un tekst\u016bra var at\u0161\u0137irties no parauga uz paraugu vai no partijas uz partiju.<br \/>\n&#8211; pied\u0101v\u0101t\u0101s skr\u016bves ir paredz\u0113tas darba virsm\u0101m, kuru biezums ir 37 mm vai vair\u0101k.<\/p>\n<hr>\n<p>Kafijas galdi\u0146\u0161 ir neat\u0146emama TV istabu, viesistabu un dz\u012bvojamo istabu sast\u0101vda\u013ca. Gaum\u012bgi izv\u0113l\u0113ts kafijas galdi\u0146\u0161 var izcelt vai pie\u0161\u0137irt interjeram interesantu raksturu.<br \/>\nHairpin k\u0101jai ir vienk\u0101r\u0161s dizains, kas ir ide\u0101li piem\u0113rots jebkura veida darba virsmai &#8211; gan no pl\u0101tnes, gan no dab\u012bg\u0101 koka. Tas \u012bpa\u0161i labi izskat\u0101s k\u0101 apa\u013ca galda pamatne. Met\u0101la Hairpin k\u0101jas jebkuram interjeram pie\u0161\u0137irs <span class=\"hiddenSpellError\">b\u0113ni\u0146u<\/span> raksturu un b\u016bs lieliska izv\u0113le visiem koka un t\u0113rauda apvienojuma cien\u012bt\u0101jiem. Hairpin k\u0101jas ar savu ori\u0123in\u0101lo dizainu p\u0101rveidos pla\u0161u viesistabu vai pietic\u012bgu viesu istabu. \u0160is modelis ir pieejams da\u017e\u0101d\u0101s kr\u0101s\u0101s, t\u0101p\u0113c varat izv\u0113l\u0113ties piem\u0113rot\u0101ko interjeram.<\/p>\n<\/div>\n","protected":false},"excerpt":{"rendered":"<p>Modelis ZA.P2.NDSKA Materi\u0101ls T\u0113rauds Kop\u0113jais augstums (cm ) 40 Plakan\u0101s sloksnes izm\u0113ri (cm) 0,4 x 2 Mont\u0101\u017eas skr\u016bves N\u0113 T\u0113rauda<\/p>\n","protected":false},"featured_media":119242,"comment_status":"open","ping_status":"closed","template":"","meta":{"_acf_changed":false,"pmpro_default_level":""},"product_brand":[],"product_cat":[24056,23911],"product_tag":[],"class_list":{"0":"post-135433","1":"product","2":"type-product","3":"status-publish","4":"has-post-thumbnail","6":"product_cat-mebelu-kajas","7":"product_cat-kavos-staliuko-kojos-lv","8":"pmpro-has-access","10":"first","11":"instock","12":"shipping-taxable","13":"purchasable","14":"product-type-simple"},"acf":[],"yoast_head":"<!-- This site is optimized with the Yoast SEO plugin v24.9 - https:\/\/yoast.com\/wordpress\/plugins\/seo\/ -->\n<title>Met\u0101la galda k\u0101ja HAIRPIN DOUBLE FLAT BAR 40 cm, kr\u0101sots t\u0113rauds - MetalTale.com<\/title>\n<meta name=\"robots\" content=\"index, follow, max-snippet:-1, max-image-preview:large, max-video-preview:-1\" \/>\n<link rel=\"canonical\" href=\"https:\/\/metaltale.com\/lv\/produkts\/metala-galda-kaja-hairpin-double-flat-bar-40-cm-krasots-terauds\/\" \/>\n<meta property=\"og:locale\" content=\"lv_LV\" \/>\n<meta property=\"og:type\" content=\"article\" \/>\n<meta property=\"og:title\" content=\"Met\u0101la galda k\u0101ja HAIRPIN DOUBLE FLAT BAR 40 cm, kr\u0101sots t\u0113rauds - MetalTale.com\" \/>\n<meta property=\"og:description\" content=\"Modelis ZA.P2.NDSKA Materi\u0101ls T\u0113rauds Kop\u0113jais augstums (cm ) 40 Plakan\u0101s sloksnes izm\u0113ri (cm) 0,4 x 2 Mont\u0101\u017eas skr\u016bves N\u0113 T\u0113rauda\" \/>\n<meta property=\"og:url\" content=\"https:\/\/metaltale.com\/lv\/produkts\/metala-galda-kaja-hairpin-double-flat-bar-40-cm-krasots-terauds\/\" \/>\n<meta property=\"og:site_name\" content=\"MetalTale.com\" \/>\n<meta name=\"twitter:card\" content=\"summary_large_image\" \/>\n<meta name=\"twitter:label1\" content=\"Est. reading time\" \/>\n\t<meta name=\"twitter:data1\" content=\"2 minutes\" \/>\n<script type=\"application\/ld+json\" class=\"yoast-schema-graph\">{\"@context\":\"https:\/\/schema.org\",\"@graph\":[{\"@type\":\"WebPage\",\"@id\":\"https:\/\/metaltale.com\/lv\/produkts\/metala-galda-kaja-hairpin-double-flat-bar-40-cm-krasots-terauds\/\",\"url\":\"https:\/\/metaltale.com\/lv\/produkts\/metala-galda-kaja-hairpin-double-flat-bar-40-cm-krasots-terauds\/\",\"name\":\"Met\u0101la galda k\u0101ja HAIRPIN DOUBLE FLAT BAR 40 cm, kr\u0101sots t\u0113rauds - MetalTale.com\",\"isPartOf\":{\"@id\":\"https:\/\/metaltale.com\/lv\/#website\"},\"primaryImageOfPage\":{\"@id\":\"https:\/\/metaltale.com\/lv\/produkts\/metala-galda-kaja-hairpin-double-flat-bar-40-cm-krasots-terauds\/#primaryimage\"},\"image\":{\"@id\":\"https:\/\/metaltale.com\/lv\/produkts\/metala-galda-kaja-hairpin-double-flat-bar-40-cm-krasots-terauds\/#primaryimage\"},\"thumbnailUrl\":\"https:\/\/metaltale.com\/wp-content\/uploads\/2023\/12\/kavos-staliuko-metalines-kojos-2-scaled.jpg\",\"datePublished\":\"2024-02-13T11:23:04+00:00\",\"breadcrumb\":{\"@id\":\"https:\/\/metaltale.com\/lv\/produkts\/metala-galda-kaja-hairpin-double-flat-bar-40-cm-krasots-terauds\/#breadcrumb\"},\"inLanguage\":\"lv-LV\",\"potentialAction\":[{\"@type\":\"ReadAction\",\"target\":[\"https:\/\/metaltale.com\/lv\/produkts\/metala-galda-kaja-hairpin-double-flat-bar-40-cm-krasots-terauds\/\"]}]},{\"@type\":\"ImageObject\",\"inLanguage\":\"lv-LV\",\"@id\":\"https:\/\/metaltale.com\/lv\/produkts\/metala-galda-kaja-hairpin-double-flat-bar-40-cm-krasots-terauds\/#primaryimage\",\"url\":\"https:\/\/metaltale.com\/wp-content\/uploads\/2023\/12\/kavos-staliuko-metalines-kojos-2-scaled.jpg\",\"contentUrl\":\"https:\/\/metaltale.com\/wp-content\/uploads\/2023\/12\/kavos-staliuko-metalines-kojos-2-scaled.jpg\",\"width\":2560,\"height\":2560,\"caption\":\"met\u0101la galda k\u0101jas\"},{\"@type\":\"BreadcrumbList\",\"@id\":\"https:\/\/metaltale.com\/lv\/produkts\/metala-galda-kaja-hairpin-double-flat-bar-40-cm-krasots-terauds\/#breadcrumb\",\"itemListElement\":[{\"@type\":\"ListItem\",\"position\":1,\"name\":\"Home\",\"item\":\"https:\/\/metaltale.com\/lv\/majas\/\"},{\"@type\":\"ListItem\",\"position\":2,\"name\":\"Veikals\",\"item\":\"https:\/\/metaltale.com\/lv\/shop\/\"},{\"@type\":\"ListItem\",\"position\":3,\"name\":\"Met\u0101la galda k\u0101ja HAIRPIN DOUBLE FLAT BAR 40 cm, kr\u0101sots t\u0113rauds\"}]},{\"@type\":\"WebSite\",\"@id\":\"https:\/\/metaltale.com\/lv\/#website\",\"url\":\"https:\/\/metaltale.com\/lv\/\",\"name\":\"Metaltale.com\",\"description\":\"\",\"potentialAction\":[{\"@type\":\"SearchAction\",\"target\":{\"@type\":\"EntryPoint\",\"urlTemplate\":\"https:\/\/metaltale.com\/lv\/?s={search_term_string}\"},\"query-input\":{\"@type\":\"PropertyValueSpecification\",\"valueRequired\":true,\"valueName\":\"search_term_string\"}}],\"inLanguage\":\"lv-LV\"}]}<\/script>\n<!-- \/ Yoast SEO plugin. -->","yoast_head_json":{"title":"Met\u0101la galda k\u0101ja HAIRPIN DOUBLE FLAT BAR 40 cm, kr\u0101sots t\u0113rauds - MetalTale.com","robots":{"index":"index","follow":"follow","max-snippet":"max-snippet:-1","max-image-preview":"max-image-preview:large","max-video-preview":"max-video-preview:-1"},"canonical":"https:\/\/metaltale.com\/lv\/produkts\/metala-galda-kaja-hairpin-double-flat-bar-40-cm-krasots-terauds\/","og_locale":"lv_LV","og_type":"article","og_title":"Met\u0101la galda k\u0101ja HAIRPIN DOUBLE FLAT BAR 40 cm, kr\u0101sots t\u0113rauds - MetalTale.com","og_description":"Modelis ZA.P2.NDSKA Materi\u0101ls T\u0113rauds Kop\u0113jais augstums (cm ) 40 Plakan\u0101s sloksnes izm\u0113ri (cm) 0,4 x 2 Mont\u0101\u017eas skr\u016bves N\u0113 T\u0113rauda","og_url":"https:\/\/metaltale.com\/lv\/produkts\/metala-galda-kaja-hairpin-double-flat-bar-40-cm-krasots-terauds\/","og_site_name":"MetalTale.com","twitter_card":"summary_large_image","twitter_misc":{"Est. reading time":"2 minutes"},"schema":{"@context":"https:\/\/schema.org","@graph":[{"@type":"WebPage","@id":"https:\/\/metaltale.com\/lv\/produkts\/metala-galda-kaja-hairpin-double-flat-bar-40-cm-krasots-terauds\/","url":"https:\/\/metaltale.com\/lv\/produkts\/metala-galda-kaja-hairpin-double-flat-bar-40-cm-krasots-terauds\/","name":"Met\u0101la galda k\u0101ja HAIRPIN DOUBLE FLAT BAR 40 cm, kr\u0101sots t\u0113rauds - MetalTale.com","isPartOf":{"@id":"https:\/\/metaltale.com\/lv\/#website"},"primaryImageOfPage":{"@id":"https:\/\/metaltale.com\/lv\/produkts\/metala-galda-kaja-hairpin-double-flat-bar-40-cm-krasots-terauds\/#primaryimage"},"image":{"@id":"https:\/\/metaltale.com\/lv\/produkts\/metala-galda-kaja-hairpin-double-flat-bar-40-cm-krasots-terauds\/#primaryimage"},"thumbnailUrl":"https:\/\/metaltale.com\/wp-content\/uploads\/2023\/12\/kavos-staliuko-metalines-kojos-2-scaled.jpg","datePublished":"2024-02-13T11:23:04+00:00","breadcrumb":{"@id":"https:\/\/metaltale.com\/lv\/produkts\/metala-galda-kaja-hairpin-double-flat-bar-40-cm-krasots-terauds\/#breadcrumb"},"inLanguage":"lv-LV","potentialAction":[{"@type":"ReadAction","target":["https:\/\/metaltale.com\/lv\/produkts\/metala-galda-kaja-hairpin-double-flat-bar-40-cm-krasots-terauds\/"]}]},{"@type":"ImageObject","inLanguage":"lv-LV","@id":"https:\/\/metaltale.com\/lv\/produkts\/metala-galda-kaja-hairpin-double-flat-bar-40-cm-krasots-terauds\/#primaryimage","url":"https:\/\/metaltale.com\/wp-content\/uploads\/2023\/12\/kavos-staliuko-metalines-kojos-2-scaled.jpg","contentUrl":"https:\/\/metaltale.com\/wp-content\/uploads\/2023\/12\/kavos-staliuko-metalines-kojos-2-scaled.jpg","width":2560,"height":2560,"caption":"met\u0101la galda k\u0101jas"},{"@type":"BreadcrumbList","@id":"https:\/\/metaltale.com\/lv\/produkts\/metala-galda-kaja-hairpin-double-flat-bar-40-cm-krasots-terauds\/#breadcrumb","itemListElement":[{"@type":"ListItem","position":1,"name":"Home","item":"https:\/\/metaltale.com\/lv\/majas\/"},{"@type":"ListItem","position":2,"name":"Veikals","item":"https:\/\/metaltale.com\/lv\/shop\/"},{"@type":"ListItem","position":3,"name":"Met\u0101la galda k\u0101ja HAIRPIN DOUBLE FLAT BAR 40 cm, kr\u0101sots t\u0113rauds"}]},{"@type":"WebSite","@id":"https:\/\/metaltale.com\/lv\/#website","url":"https:\/\/metaltale.com\/lv\/","name":"Metaltale.com","description":"","potentialAction":[{"@type":"SearchAction","target":{"@type":"EntryPoint","urlTemplate":"https:\/\/metaltale.com\/lv\/?s={search_term_string}"},"query-input":{"@type":"PropertyValueSpecification","valueRequired":true,"valueName":"search_term_string"}}],"inLanguage":"lv-LV"}]}},"_links":{"self":[{"href":"https:\/\/metaltale.com\/lv\/wp-json\/wp\/v2\/product\/135433","targetHints":{"allow":["GET"]}}],"collection":[{"href":"https:\/\/metaltale.com\/lv\/wp-json\/wp\/v2\/product"}],"about":[{"href":"https:\/\/metaltale.com\/lv\/wp-json\/wp\/v2\/types\/product"}],"replies":[{"embeddable":true,"href":"https:\/\/metaltale.com\/lv\/wp-json\/wp\/v2\/comments?post=135433"}],"version-history":[{"count":0,"href":"https:\/\/metaltale.com\/lv\/wp-json\/wp\/v2\/product\/135433\/revisions"}],"wp:featuredmedia":[{"embeddable":true,"href":"https:\/\/metaltale.com\/lv\/wp-json\/wp\/v2\/media\/119242"}],"wp:attachment":[{"href":"https:\/\/metaltale.com\/lv\/wp-json\/wp\/v2\/media?parent=135433"}],"wp:term":[{"taxonomy":"product_brand","embeddable":true,"href":"https:\/\/metaltale.com\/lv\/wp-json\/wp\/v2\/product_brand?post=135433"},{"taxonomy":"product_cat","embeddable":true,"href":"https:\/\/metaltale.com\/lv\/wp-json\/wp\/v2\/product_cat?post=135433"},{"taxonomy":"product_tag","embeddable":true,"href":"https:\/\/metaltale.com\/lv\/wp-json\/wp\/v2\/product_tag?post=135433"}],"curies":[{"name":"wp","href":"https:\/\/api.w.org\/{rel}","templated":true}]}}