{"id":135426,"date":"2024-02-13T15:03:04","date_gmt":"2024-02-13T13:03:04","guid":{"rendered":"https:\/\/metaltale.com\/produktas\/metala-galda-kaja-flat-basic-31cm-melna\/"},"modified":"2024-02-13T15:03:04","modified_gmt":"2024-02-13T13:03:04","slug":"metala-galda-kaja-flat-basic-31cm-melna","status":"publish","type":"product","link":"https:\/\/metaltale.com\/lv\/produkts\/metala-galda-kaja-flat-basic-31cm-melna\/","title":{"rendered":"Met\u0101la galda k\u0101ja FLAT BASIC 31cm, melna"},"content":{"rendered":"<div class=\"prod_data\">\n<p>ZA <strong>modelis<\/strong>. N-N-CZ-PRGR<br \/>\n<strong>Materi\u0101ls<\/strong> T\u0113rauds<br \/>\n<strong>Biezums (cm<\/strong> ) 8&#215;2 PROFILS<br \/>\n<strong>Kop\u0113jais augstums (cm<\/strong> ) 31<br \/>\nMont\u0101\u017eas skr\u016bves N\u0113<br \/>\nKr\u0101sa Melna<br \/>\n<strong>Apdare<\/strong> Pulvera p\u0101rkl\u0101jums<br \/>\nDaudzums komplekt\u0101 1 gab.<\/p>\n<p>&#8211; T\u0113rauda galda k\u0101jai ir ciets pamats galda virsmai.<br \/>\n&#8211; atsevi\u0161\u0137u m\u0113be\u013cu k\u0101ju priek\u0161roc\u012bba ir iesp\u0113ja br\u012bvi izv\u0113l\u0113ties mont\u0101\u017eas punktu pie darba virsmas.<br \/>\n&#8211; Pulverkr\u0101sot\u0101 meln\u0101 met\u0101la k\u0101ja nodro\u0161ina augstu iztur\u012bbu pret skr\u0101p\u0113jumiem.<br \/>\n&#8211; vienk\u0101r\u0161s, bet intri\u0123\u0113jo\u0161s dizains, kas atbilst popul\u0101r\u0101m interjera dizaina tendenc\u0113m.<\/p>\n<hr>\n<p>Met\u0101la k\u0101ja FLAT BASIC 31 cm ir lieliska izv\u0113le j\u016bsu kafijas galdi\u0146am. \u0160is modelis kop\u0101 ar galda virsmu, kas izgatavota no dab\u012bg\u0101 koka, rad\u012bs skaistu un uzman\u012bbu piesaisto\u0161u viesistabas galdu. K\u0101ja ir viegla un taisna, izgatavota no visaugst\u0101k\u0101s kvalit\u0101tes materi\u0101la, kas garant\u0113 ilgsto\u0161u lieto\u0161anu, un ir p\u0101rkl\u0101ta ar pulverkr\u0101sas p\u0101rkl\u0101jumu, kas nodro\u0161ina iztur\u012bbu pret skr\u0101p\u0113jumiem. No pied\u0101v\u0101taj\u0101m k\u0101j\u0101m izgatavotais kafijas galdi\u0146\u0161 ir ide\u0101li piem\u0113rots b\u0113ni\u0146u un industri\u0101lajam stilam. Papildus savai galvenajai funkcijai galds kalpos ar\u012b k\u0101 ori\u0123in\u0101ls interjera dekors. Aicin\u0101m iepaz\u012bties ar m\u016bsu veikal\u0101 pieejamo pla\u0161o topu un k\u0101ju kl\u0101stu.<\/p>\n<hr>\n<p>* Pied\u0101v\u0101jums attiecas tikai uz met\u0101la k\u0101ju un neietver darba virsmu.<\/p>\n<\/div>\n","protected":false},"excerpt":{"rendered":"<p>ZA modelis. N-N-CZ-PRGR Materi\u0101ls T\u0113rauds Biezums (cm ) 8&#215;2 PROFILS Kop\u0113jais augstums (cm ) 31 Mont\u0101\u017eas skr\u016bves N\u0113 Kr\u0101sa Melna<\/p>\n","protected":false},"featured_media":119428,"comment_status":"open","ping_status":"closed","template":"","meta":{"_acf_changed":false,"pmpro_default_level":""},"product_brand":[],"product_cat":[24056,23911],"product_tag":[],"class_list":{"0":"post-135426","1":"product","2":"type-product","3":"status-publish","4":"has-post-thumbnail","6":"product_cat-mebelu-kajas","7":"product_cat-kavos-staliuko-kojos-lv","8":"pmpro-has-access","10":"first","11":"instock","12":"shipping-taxable","13":"purchasable","14":"product-type-simple"},"acf":[],"yoast_head":"<!-- This site is optimized with the Yoast SEO plugin v24.9 - https:\/\/yoast.com\/wordpress\/plugins\/seo\/ -->\n<title>Met\u0101la galda k\u0101ja FLAT BASIC 31cm, melna - MetalTale.com<\/title>\n<meta name=\"robots\" content=\"index, follow, max-snippet:-1, max-image-preview:large, max-video-preview:-1\" \/>\n<link rel=\"canonical\" href=\"https:\/\/metaltale.com\/lv\/produkts\/metala-galda-kaja-flat-basic-31cm-melna\/\" \/>\n<meta property=\"og:locale\" content=\"lv_LV\" \/>\n<meta property=\"og:type\" content=\"article\" \/>\n<meta property=\"og:title\" content=\"Met\u0101la galda k\u0101ja FLAT BASIC 31cm, melna - MetalTale.com\" \/>\n<meta property=\"og:description\" content=\"ZA modelis. N-N-CZ-PRGR Materi\u0101ls T\u0113rauds Biezums (cm ) 8&#215;2 PROFILS Kop\u0113jais augstums (cm ) 31 Mont\u0101\u017eas skr\u016bves N\u0113 Kr\u0101sa Melna\" \/>\n<meta property=\"og:url\" content=\"https:\/\/metaltale.com\/lv\/produkts\/metala-galda-kaja-flat-basic-31cm-melna\/\" \/>\n<meta property=\"og:site_name\" content=\"MetalTale.com\" \/>\n<meta name=\"twitter:card\" content=\"summary_large_image\" \/>\n<meta name=\"twitter:label1\" content=\"Est. reading time\" \/>\n\t<meta name=\"twitter:data1\" content=\"1 minute\" \/>\n<script type=\"application\/ld+json\" class=\"yoast-schema-graph\">{\"@context\":\"https:\/\/schema.org\",\"@graph\":[{\"@type\":\"WebPage\",\"@id\":\"https:\/\/metaltale.com\/lv\/produkts\/metala-galda-kaja-flat-basic-31cm-melna\/\",\"url\":\"https:\/\/metaltale.com\/lv\/produkts\/metala-galda-kaja-flat-basic-31cm-melna\/\",\"name\":\"Met\u0101la galda k\u0101ja FLAT BASIC 31cm, melna - MetalTale.com\",\"isPartOf\":{\"@id\":\"https:\/\/metaltale.com\/lv\/#website\"},\"primaryImageOfPage\":{\"@id\":\"https:\/\/metaltale.com\/lv\/produkts\/metala-galda-kaja-flat-basic-31cm-melna\/#primaryimage\"},\"image\":{\"@id\":\"https:\/\/metaltale.com\/lv\/produkts\/metala-galda-kaja-flat-basic-31cm-melna\/#primaryimage\"},\"thumbnailUrl\":\"https:\/\/metaltale.com\/wp-content\/uploads\/2023\/12\/kavos-staliuko-metalines-stalo-kojos-3.jpg\",\"datePublished\":\"2024-02-13T13:03:04+00:00\",\"breadcrumb\":{\"@id\":\"https:\/\/metaltale.com\/lv\/produkts\/metala-galda-kaja-flat-basic-31cm-melna\/#breadcrumb\"},\"inLanguage\":\"lv-LV\",\"potentialAction\":[{\"@type\":\"ReadAction\",\"target\":[\"https:\/\/metaltale.com\/lv\/produkts\/metala-galda-kaja-flat-basic-31cm-melna\/\"]}]},{\"@type\":\"ImageObject\",\"inLanguage\":\"lv-LV\",\"@id\":\"https:\/\/metaltale.com\/lv\/produkts\/metala-galda-kaja-flat-basic-31cm-melna\/#primaryimage\",\"url\":\"https:\/\/metaltale.com\/wp-content\/uploads\/2023\/12\/kavos-staliuko-metalines-stalo-kojos-3.jpg\",\"contentUrl\":\"https:\/\/metaltale.com\/wp-content\/uploads\/2023\/12\/kavos-staliuko-metalines-stalo-kojos-3.jpg\",\"width\":800,\"height\":800,\"caption\":\"met\u0101la galda k\u0101jas\"},{\"@type\":\"BreadcrumbList\",\"@id\":\"https:\/\/metaltale.com\/lv\/produkts\/metala-galda-kaja-flat-basic-31cm-melna\/#breadcrumb\",\"itemListElement\":[{\"@type\":\"ListItem\",\"position\":1,\"name\":\"Home\",\"item\":\"https:\/\/metaltale.com\/lv\/majas\/\"},{\"@type\":\"ListItem\",\"position\":2,\"name\":\"Veikals\",\"item\":\"https:\/\/metaltale.com\/lv\/shop\/\"},{\"@type\":\"ListItem\",\"position\":3,\"name\":\"Met\u0101la galda k\u0101ja FLAT BASIC 31cm, melna\"}]},{\"@type\":\"WebSite\",\"@id\":\"https:\/\/metaltale.com\/lv\/#website\",\"url\":\"https:\/\/metaltale.com\/lv\/\",\"name\":\"Metaltale.com\",\"description\":\"\",\"potentialAction\":[{\"@type\":\"SearchAction\",\"target\":{\"@type\":\"EntryPoint\",\"urlTemplate\":\"https:\/\/metaltale.com\/lv\/?s={search_term_string}\"},\"query-input\":{\"@type\":\"PropertyValueSpecification\",\"valueRequired\":true,\"valueName\":\"search_term_string\"}}],\"inLanguage\":\"lv-LV\"}]}<\/script>\n<!-- \/ Yoast SEO plugin. -->","yoast_head_json":{"title":"Met\u0101la galda k\u0101ja FLAT BASIC 31cm, melna - MetalTale.com","robots":{"index":"index","follow":"follow","max-snippet":"max-snippet:-1","max-image-preview":"max-image-preview:large","max-video-preview":"max-video-preview:-1"},"canonical":"https:\/\/metaltale.com\/lv\/produkts\/metala-galda-kaja-flat-basic-31cm-melna\/","og_locale":"lv_LV","og_type":"article","og_title":"Met\u0101la galda k\u0101ja FLAT BASIC 31cm, melna - MetalTale.com","og_description":"ZA modelis. N-N-CZ-PRGR Materi\u0101ls T\u0113rauds Biezums (cm ) 8&#215;2 PROFILS Kop\u0113jais augstums (cm ) 31 Mont\u0101\u017eas skr\u016bves N\u0113 Kr\u0101sa Melna","og_url":"https:\/\/metaltale.com\/lv\/produkts\/metala-galda-kaja-flat-basic-31cm-melna\/","og_site_name":"MetalTale.com","twitter_card":"summary_large_image","twitter_misc":{"Est. reading time":"1 minute"},"schema":{"@context":"https:\/\/schema.org","@graph":[{"@type":"WebPage","@id":"https:\/\/metaltale.com\/lv\/produkts\/metala-galda-kaja-flat-basic-31cm-melna\/","url":"https:\/\/metaltale.com\/lv\/produkts\/metala-galda-kaja-flat-basic-31cm-melna\/","name":"Met\u0101la galda k\u0101ja FLAT BASIC 31cm, melna - MetalTale.com","isPartOf":{"@id":"https:\/\/metaltale.com\/lv\/#website"},"primaryImageOfPage":{"@id":"https:\/\/metaltale.com\/lv\/produkts\/metala-galda-kaja-flat-basic-31cm-melna\/#primaryimage"},"image":{"@id":"https:\/\/metaltale.com\/lv\/produkts\/metala-galda-kaja-flat-basic-31cm-melna\/#primaryimage"},"thumbnailUrl":"https:\/\/metaltale.com\/wp-content\/uploads\/2023\/12\/kavos-staliuko-metalines-stalo-kojos-3.jpg","datePublished":"2024-02-13T13:03:04+00:00","breadcrumb":{"@id":"https:\/\/metaltale.com\/lv\/produkts\/metala-galda-kaja-flat-basic-31cm-melna\/#breadcrumb"},"inLanguage":"lv-LV","potentialAction":[{"@type":"ReadAction","target":["https:\/\/metaltale.com\/lv\/produkts\/metala-galda-kaja-flat-basic-31cm-melna\/"]}]},{"@type":"ImageObject","inLanguage":"lv-LV","@id":"https:\/\/metaltale.com\/lv\/produkts\/metala-galda-kaja-flat-basic-31cm-melna\/#primaryimage","url":"https:\/\/metaltale.com\/wp-content\/uploads\/2023\/12\/kavos-staliuko-metalines-stalo-kojos-3.jpg","contentUrl":"https:\/\/metaltale.com\/wp-content\/uploads\/2023\/12\/kavos-staliuko-metalines-stalo-kojos-3.jpg","width":800,"height":800,"caption":"met\u0101la galda k\u0101jas"},{"@type":"BreadcrumbList","@id":"https:\/\/metaltale.com\/lv\/produkts\/metala-galda-kaja-flat-basic-31cm-melna\/#breadcrumb","itemListElement":[{"@type":"ListItem","position":1,"name":"Home","item":"https:\/\/metaltale.com\/lv\/majas\/"},{"@type":"ListItem","position":2,"name":"Veikals","item":"https:\/\/metaltale.com\/lv\/shop\/"},{"@type":"ListItem","position":3,"name":"Met\u0101la galda k\u0101ja FLAT BASIC 31cm, melna"}]},{"@type":"WebSite","@id":"https:\/\/metaltale.com\/lv\/#website","url":"https:\/\/metaltale.com\/lv\/","name":"Metaltale.com","description":"","potentialAction":[{"@type":"SearchAction","target":{"@type":"EntryPoint","urlTemplate":"https:\/\/metaltale.com\/lv\/?s={search_term_string}"},"query-input":{"@type":"PropertyValueSpecification","valueRequired":true,"valueName":"search_term_string"}}],"inLanguage":"lv-LV"}]}},"_links":{"self":[{"href":"https:\/\/metaltale.com\/lv\/wp-json\/wp\/v2\/product\/135426","targetHints":{"allow":["GET"]}}],"collection":[{"href":"https:\/\/metaltale.com\/lv\/wp-json\/wp\/v2\/product"}],"about":[{"href":"https:\/\/metaltale.com\/lv\/wp-json\/wp\/v2\/types\/product"}],"replies":[{"embeddable":true,"href":"https:\/\/metaltale.com\/lv\/wp-json\/wp\/v2\/comments?post=135426"}],"version-history":[{"count":0,"href":"https:\/\/metaltale.com\/lv\/wp-json\/wp\/v2\/product\/135426\/revisions"}],"wp:featuredmedia":[{"embeddable":true,"href":"https:\/\/metaltale.com\/lv\/wp-json\/wp\/v2\/media\/119428"}],"wp:attachment":[{"href":"https:\/\/metaltale.com\/lv\/wp-json\/wp\/v2\/media?parent=135426"}],"wp:term":[{"taxonomy":"product_brand","embeddable":true,"href":"https:\/\/metaltale.com\/lv\/wp-json\/wp\/v2\/product_brand?post=135426"},{"taxonomy":"product_cat","embeddable":true,"href":"https:\/\/metaltale.com\/lv\/wp-json\/wp\/v2\/product_cat?post=135426"},{"taxonomy":"product_tag","embeddable":true,"href":"https:\/\/metaltale.com\/lv\/wp-json\/wp\/v2\/product_tag?post=135426"}],"curies":[{"name":"wp","href":"https:\/\/api.w.org\/{rel}","templated":true}]}}