{"id":135415,"date":"2024-02-13T13:21:05","date_gmt":"2024-02-13T11:21:05","guid":{"rendered":"https:\/\/metaltale.com\/produktas\/metala-galda-kaja-elegance-melna\/"},"modified":"2025-12-15T18:46:33","modified_gmt":"2025-12-15T16:46:33","slug":"metala-galda-kaja-elegance-melna","status":"publish","type":"product","link":"https:\/\/metaltale.com\/lv\/produkts\/metala-galda-kaja-elegance-melna\/","title":{"rendered":"Met\u0101la galda k\u0101ja ELEGANCE, melna"},"content":{"rendered":"<div class=\"prod_data\">\n<p>ZA <strong>modelis<\/strong>. N01. NDS<br \/>\n<strong>Materi\u0101la biezums (cm<\/strong> ) STRYPE 1 cm<br \/>\n<strong>Kop\u0113jais augstums (cm<\/strong> ) 71 &#8211; 74<br \/>\n<strong>Kop\u0113jais platums (cm<\/strong> ) 75<br \/>\nMont\u0101\u017eas skr\u016bves N\u0113<br \/>\nKr\u0101sa Melna<br \/>\nAugstuma <strong>regul\u0113\u0161ana<\/strong> &#8211; ieskr\u016bv\u0113jama\/izskr\u016bv\u0113jama k\u0101ji\u0146a<br \/>\nDaudzums komplekt\u0101 1 gab.<\/p>\n<p>&#8211; t\u0113rauda galda k\u0101ja &#8211; stabila pamatne galda virsmai.<br \/>\n&#8211; divi kr\u0101su varianti \u013cauj izveidot galdu, kas sader ar j\u016bsu interjera dizainu.<br \/>\n&#8211; melna met\u0101la k\u0101ja ar pulverkr\u0101sas p\u0101rkl\u0101jumu, \u013coti iztur\u012bga pret skr\u0101p\u0113jumiem.<br \/>\n&#8211; t\u0113rauda versija, kas pies\u016bcin\u0101ta ar bezkr\u0101sainu laku, at\u0161\u0137iras ar redzamiem skr\u0101p\u0113jumiem un citiem noveco\u0161anas efektiem.<br \/>\n&#8211; izstr\u0101d\u0101jumu kr\u0101sa var at\u0161\u0137irties no galerij\u0101 redzamajiem att\u0113liem individu\u0101lu monitora iestat\u012bjumu un materi\u0101lu \u012bpa\u0161\u012bbu d\u0113\u013c &#8211; t\u0113rauds ir neapstr\u0101d\u0101ts materi\u0101ls, kura kr\u0101sa, tonis un tekst\u016bra var at\u0161\u0137irties no parauga uz paraugu vai no partijas uz partiju.<br \/>\n&#8211; pied\u0101v\u0101t\u0101s skr\u016bves ir paredz\u0113tas darba virsm\u0101m, kuru biezums ir vismaz 40 mm.<br \/>\n&#8211; skatiet m\u016bsu pilno mont\u0101\u017eas skr\u016bvju kl\u0101stu<br \/>\n&#8211; skat\u012bt. citas ELEGANCE k\u0101ju opcijas<\/p>\n<hr>\n<p>Ori\u0123in\u0101la b\u0113ni\u0146u k\u0101ja ar interesantu un neparastu dizainu. Elegance ir izsmalcin\u0101ts un attur\u012bgs dizains, ta\u010du tas nodro\u0161ina ar\u012b stabilu galda pamatni. \u0160is modelis kop\u0101 ar dab\u012bg\u0101 koka darba virsmu rad\u012bs skaistu un uzman\u012bbu piesaisto\u0161u m\u0113beli j\u016bsu virtuv\u0113 vai viesistab\u0101. Elegance k\u0101ja akcent\u0113s vai pie\u0161\u0137irs b\u0113ni\u0146u raksturu jebkuram interjeram. \u0160is modelis ir lieliska izv\u0113le visiem koka un t\u0113rauda apvienojuma cien\u012bt\u0101jiem.<\/p>\n<\/div>\n","protected":false},"excerpt":{"rendered":"<p>ZA modelis. N01. NDS Materi\u0101la biezums (cm ) STRYPE 1 cm Kop\u0113jais augstums (cm ) 71 &#8211; 74 Kop\u0113jais platums<\/p>\n","protected":false},"featured_media":76123,"comment_status":"open","ping_status":"closed","template":"","meta":{"_acf_changed":false,"pmpro_default_level":""},"product_brand":[],"product_cat":[24056,23916],"product_tag":[],"class_list":{"0":"post-135415","1":"product","2":"type-product","3":"status-publish","4":"has-post-thumbnail","6":"product_cat-mebelu-kajas","7":"product_cat-stalo-kojos-lv","8":"pmpro-has-access","10":"first","11":"instock","12":"shipping-taxable","13":"purchasable","14":"product-type-simple"},"acf":[],"yoast_head":"<!-- This site is optimized with the Yoast SEO plugin v24.9 - https:\/\/yoast.com\/wordpress\/plugins\/seo\/ -->\n<title>Met\u0101la galda k\u0101ja ELEGANCE, melna - MetalTale.com<\/title>\n<meta name=\"robots\" content=\"index, follow, max-snippet:-1, max-image-preview:large, max-video-preview:-1\" \/>\n<link rel=\"canonical\" href=\"https:\/\/metaltale.com\/lv\/produkts\/metala-galda-kaja-elegance-melna\/\" \/>\n<meta property=\"og:locale\" content=\"lv_LV\" \/>\n<meta property=\"og:type\" content=\"article\" \/>\n<meta property=\"og:title\" content=\"Met\u0101la galda k\u0101ja ELEGANCE, melna - MetalTale.com\" \/>\n<meta property=\"og:description\" content=\"ZA modelis. N01. NDS Materi\u0101la biezums (cm ) STRYPE 1 cm Kop\u0113jais augstums (cm ) 71 &#8211; 74 Kop\u0113jais platums\" \/>\n<meta property=\"og:url\" content=\"https:\/\/metaltale.com\/lv\/produkts\/metala-galda-kaja-elegance-melna\/\" \/>\n<meta property=\"og:site_name\" content=\"MetalTale.com\" \/>\n<meta property=\"article:modified_time\" content=\"2025-12-15T16:46:33+00:00\" \/>\n<meta property=\"og:image\" content=\"https:\/\/metaltale.com\/wp-content\/uploads\/2023\/10\/Kojx173-ELEGANCE-75x72-JUODA.jpg\" \/>\n\t<meta property=\"og:image:width\" content=\"1050\" \/>\n\t<meta property=\"og:image:height\" content=\"1050\" \/>\n\t<meta property=\"og:image:type\" content=\"image\/jpeg\" \/>\n<meta name=\"twitter:card\" content=\"summary_large_image\" \/>\n<meta name=\"twitter:label1\" content=\"Est. reading time\" \/>\n\t<meta name=\"twitter:data1\" content=\"1 minute\" \/>\n<script type=\"application\/ld+json\" class=\"yoast-schema-graph\">{\"@context\":\"https:\/\/schema.org\",\"@graph\":[{\"@type\":\"WebPage\",\"@id\":\"https:\/\/metaltale.com\/lv\/produkts\/metala-galda-kaja-elegance-melna\/\",\"url\":\"https:\/\/metaltale.com\/lv\/produkts\/metala-galda-kaja-elegance-melna\/\",\"name\":\"Met\u0101la galda k\u0101ja ELEGANCE, melna - MetalTale.com\",\"isPartOf\":{\"@id\":\"https:\/\/metaltale.com\/lv\/#website\"},\"primaryImageOfPage\":{\"@id\":\"https:\/\/metaltale.com\/lv\/produkts\/metala-galda-kaja-elegance-melna\/#primaryimage\"},\"image\":{\"@id\":\"https:\/\/metaltale.com\/lv\/produkts\/metala-galda-kaja-elegance-melna\/#primaryimage\"},\"thumbnailUrl\":\"https:\/\/metaltale.com\/wp-content\/uploads\/2023\/10\/Kojx173-ELEGANCE-75x72-JUODA.jpg\",\"datePublished\":\"2024-02-13T11:21:05+00:00\",\"dateModified\":\"2025-12-15T16:46:33+00:00\",\"breadcrumb\":{\"@id\":\"https:\/\/metaltale.com\/lv\/produkts\/metala-galda-kaja-elegance-melna\/#breadcrumb\"},\"inLanguage\":\"lv-LV\",\"potentialAction\":[{\"@type\":\"ReadAction\",\"target\":[\"https:\/\/metaltale.com\/lv\/produkts\/metala-galda-kaja-elegance-melna\/\"]}]},{\"@type\":\"ImageObject\",\"inLanguage\":\"lv-LV\",\"@id\":\"https:\/\/metaltale.com\/lv\/produkts\/metala-galda-kaja-elegance-melna\/#primaryimage\",\"url\":\"https:\/\/metaltale.com\/wp-content\/uploads\/2023\/10\/Kojx173-ELEGANCE-75x72-JUODA.jpg\",\"contentUrl\":\"https:\/\/metaltale.com\/wp-content\/uploads\/2023\/10\/Kojx173-ELEGANCE-75x72-JUODA.jpg\",\"width\":1050,\"height\":1050,\"caption\":\"Met\u0101la galda k\u0101jas\"},{\"@type\":\"BreadcrumbList\",\"@id\":\"https:\/\/metaltale.com\/lv\/produkts\/metala-galda-kaja-elegance-melna\/#breadcrumb\",\"itemListElement\":[{\"@type\":\"ListItem\",\"position\":1,\"name\":\"Home\",\"item\":\"https:\/\/metaltale.com\/lv\/majas\/\"},{\"@type\":\"ListItem\",\"position\":2,\"name\":\"Veikals\",\"item\":\"https:\/\/metaltale.com\/lv\/shop\/\"},{\"@type\":\"ListItem\",\"position\":3,\"name\":\"Met\u0101la galda k\u0101ja ELEGANCE, melna\"}]},{\"@type\":\"WebSite\",\"@id\":\"https:\/\/metaltale.com\/lv\/#website\",\"url\":\"https:\/\/metaltale.com\/lv\/\",\"name\":\"Metaltale.com\",\"description\":\"\",\"potentialAction\":[{\"@type\":\"SearchAction\",\"target\":{\"@type\":\"EntryPoint\",\"urlTemplate\":\"https:\/\/metaltale.com\/lv\/?s={search_term_string}\"},\"query-input\":{\"@type\":\"PropertyValueSpecification\",\"valueRequired\":true,\"valueName\":\"search_term_string\"}}],\"inLanguage\":\"lv-LV\"}]}<\/script>\n<!-- \/ Yoast SEO plugin. -->","yoast_head_json":{"title":"Met\u0101la galda k\u0101ja ELEGANCE, melna - MetalTale.com","robots":{"index":"index","follow":"follow","max-snippet":"max-snippet:-1","max-image-preview":"max-image-preview:large","max-video-preview":"max-video-preview:-1"},"canonical":"https:\/\/metaltale.com\/lv\/produkts\/metala-galda-kaja-elegance-melna\/","og_locale":"lv_LV","og_type":"article","og_title":"Met\u0101la galda k\u0101ja ELEGANCE, melna - MetalTale.com","og_description":"ZA modelis. N01. NDS Materi\u0101la biezums (cm ) STRYPE 1 cm Kop\u0113jais augstums (cm ) 71 &#8211; 74 Kop\u0113jais platums","og_url":"https:\/\/metaltale.com\/lv\/produkts\/metala-galda-kaja-elegance-melna\/","og_site_name":"MetalTale.com","article_modified_time":"2025-12-15T16:46:33+00:00","og_image":[{"width":1050,"height":1050,"url":"https:\/\/metaltale.com\/wp-content\/uploads\/2023\/10\/Kojx173-ELEGANCE-75x72-JUODA.jpg","type":"image\/jpeg"}],"twitter_card":"summary_large_image","twitter_misc":{"Est. reading time":"1 minute"},"schema":{"@context":"https:\/\/schema.org","@graph":[{"@type":"WebPage","@id":"https:\/\/metaltale.com\/lv\/produkts\/metala-galda-kaja-elegance-melna\/","url":"https:\/\/metaltale.com\/lv\/produkts\/metala-galda-kaja-elegance-melna\/","name":"Met\u0101la galda k\u0101ja ELEGANCE, melna - MetalTale.com","isPartOf":{"@id":"https:\/\/metaltale.com\/lv\/#website"},"primaryImageOfPage":{"@id":"https:\/\/metaltale.com\/lv\/produkts\/metala-galda-kaja-elegance-melna\/#primaryimage"},"image":{"@id":"https:\/\/metaltale.com\/lv\/produkts\/metala-galda-kaja-elegance-melna\/#primaryimage"},"thumbnailUrl":"https:\/\/metaltale.com\/wp-content\/uploads\/2023\/10\/Kojx173-ELEGANCE-75x72-JUODA.jpg","datePublished":"2024-02-13T11:21:05+00:00","dateModified":"2025-12-15T16:46:33+00:00","breadcrumb":{"@id":"https:\/\/metaltale.com\/lv\/produkts\/metala-galda-kaja-elegance-melna\/#breadcrumb"},"inLanguage":"lv-LV","potentialAction":[{"@type":"ReadAction","target":["https:\/\/metaltale.com\/lv\/produkts\/metala-galda-kaja-elegance-melna\/"]}]},{"@type":"ImageObject","inLanguage":"lv-LV","@id":"https:\/\/metaltale.com\/lv\/produkts\/metala-galda-kaja-elegance-melna\/#primaryimage","url":"https:\/\/metaltale.com\/wp-content\/uploads\/2023\/10\/Kojx173-ELEGANCE-75x72-JUODA.jpg","contentUrl":"https:\/\/metaltale.com\/wp-content\/uploads\/2023\/10\/Kojx173-ELEGANCE-75x72-JUODA.jpg","width":1050,"height":1050,"caption":"Met\u0101la galda k\u0101jas"},{"@type":"BreadcrumbList","@id":"https:\/\/metaltale.com\/lv\/produkts\/metala-galda-kaja-elegance-melna\/#breadcrumb","itemListElement":[{"@type":"ListItem","position":1,"name":"Home","item":"https:\/\/metaltale.com\/lv\/majas\/"},{"@type":"ListItem","position":2,"name":"Veikals","item":"https:\/\/metaltale.com\/lv\/shop\/"},{"@type":"ListItem","position":3,"name":"Met\u0101la galda k\u0101ja ELEGANCE, melna"}]},{"@type":"WebSite","@id":"https:\/\/metaltale.com\/lv\/#website","url":"https:\/\/metaltale.com\/lv\/","name":"Metaltale.com","description":"","potentialAction":[{"@type":"SearchAction","target":{"@type":"EntryPoint","urlTemplate":"https:\/\/metaltale.com\/lv\/?s={search_term_string}"},"query-input":{"@type":"PropertyValueSpecification","valueRequired":true,"valueName":"search_term_string"}}],"inLanguage":"lv-LV"}]}},"_links":{"self":[{"href":"https:\/\/metaltale.com\/lv\/wp-json\/wp\/v2\/product\/135415","targetHints":{"allow":["GET"]}}],"collection":[{"href":"https:\/\/metaltale.com\/lv\/wp-json\/wp\/v2\/product"}],"about":[{"href":"https:\/\/metaltale.com\/lv\/wp-json\/wp\/v2\/types\/product"}],"replies":[{"embeddable":true,"href":"https:\/\/metaltale.com\/lv\/wp-json\/wp\/v2\/comments?post=135415"}],"version-history":[{"count":0,"href":"https:\/\/metaltale.com\/lv\/wp-json\/wp\/v2\/product\/135415\/revisions"}],"wp:featuredmedia":[{"embeddable":true,"href":"https:\/\/metaltale.com\/lv\/wp-json\/wp\/v2\/media\/76123"}],"wp:attachment":[{"href":"https:\/\/metaltale.com\/lv\/wp-json\/wp\/v2\/media?parent=135415"}],"wp:term":[{"taxonomy":"product_brand","embeddable":true,"href":"https:\/\/metaltale.com\/lv\/wp-json\/wp\/v2\/product_brand?post=135415"},{"taxonomy":"product_cat","embeddable":true,"href":"https:\/\/metaltale.com\/lv\/wp-json\/wp\/v2\/product_cat?post=135415"},{"taxonomy":"product_tag","embeddable":true,"href":"https:\/\/metaltale.com\/lv\/wp-json\/wp\/v2\/product_tag?post=135415"}],"curies":[{"name":"wp","href":"https:\/\/api.w.org\/{rel}","templated":true}]}}