{"id":135401,"date":"2024-02-13T15:01:57","date_gmt":"2024-02-13T13:01:57","guid":{"rendered":"https:\/\/metaltale.com\/produktas\/metala-galda-kaja-angle-71cm-melna\/"},"modified":"2024-02-13T15:01:57","modified_gmt":"2024-02-13T13:01:57","slug":"metala-galda-kaja-angle-71cm-melna","status":"publish","type":"product","link":"https:\/\/metaltale.com\/lv\/produkts\/metala-galda-kaja-angle-71cm-melna\/","title":{"rendered":"Met\u0101la galda k\u0101ja ANGLE 71cm, melna"},"content":{"rendered":"<div class=\"prod_data\">\n<p>ZA <strong>modelis<\/strong>. N09. W<br \/>\n<strong>Materi\u0101ls<\/strong> T\u0113rauds<br \/>\n<strong>Materi\u0101la biezums (cm<\/strong> ) CORNER 7x7x0,7<br \/>\n<strong>Kop\u0113jais augstums (cm<\/strong> ) 75<br \/>\n<strong>Kop\u0113jais platums (cm<\/strong> ) 20<br \/>\n<strong>Kr\u0101sa<\/strong> Melna<br \/>\nDaudzums komplekt\u0101 1 gab.<\/p>\n<p>&#8211; No augstas kvalit\u0101tes t\u0113rauda izgatavot\u0101 galda k\u0101ja nodro\u0161ina stabilu atbalstu galda virsmai.<br \/>\n&#8211; kop\u0113jais k\u0101ju augstums 75 cm, stiprin\u0101juma pamatnes augstums 71 cm.<br \/>\n&#8211; melna pulverkr\u0101sota k\u0101ja, kas ir \u013coti iztur\u012bga pret skr\u0101p\u0113jumiem<br \/>\n&#8211; vienk\u0101r\u0161ais, bet intri\u0123\u0113jo\u0161ais vienk\u0101jainais dizains atbilst popul\u0101raj\u0101m interjera tendenc\u0113m.<\/p>\n<hr>\n<p>Viena k\u0101ja no le\u0146\u0137veida koka &#8211; vienk\u0101r\u0161\u012bbas un industri\u0101l\u0101 klasicisma kvintesence. Met\u0101la ANGLE galda k\u0101ja pied\u0101v\u0101 ko vair\u0101k &#8211; ori\u0123in\u0101lu raksturu, neuzkr\u012bto\u0161u dizainu un p\u0101rlaic\u012bgu \u0161armu. M\u0113beles t\u0113rauda k\u0101ja nodro\u0161ina stabilu atbalstu kvadr\u0101tveida vai taisnst\u016bra galdam, neietekm\u0113jot galda virsmas izm\u0113ru. 4 cm atstarpe starp k\u0101jas gal\u0113jo augstumu un stiprin\u0101juma pamatni atst\u0101j pietiekami daudz vietas koka, betona vai akmens darba virsmai. Ierosin\u0101t\u0101 mode\u013ca priek\u0161roc\u012bba ir t\u0101 vienk\u0101r\u0161\u012bba, kas padara ANGLE par skaidru r\u016bpn\u012bcas stila piem\u0113ru. Ori\u0123in\u0101l\u0101s un neparast\u0101s met\u0101la galda k\u0101jas ir iemantoju\u0161as savu vietu m\u0101j\u0101s, radot parad\u012bzi ori\u0123in\u0101lu un ar rok\u0101m darin\u0101tu m\u0113be\u013cu cien\u012bt\u0101jiem.<\/p>\n<hr>\n<p>*Materi\u0101lu kr\u0101sa var at\u0161\u0137irties no galerij\u0101 redzamajiem att\u0113liem, kas var b\u016bt saist\u012bts ar individu\u0101liem monitora iestat\u012bjumiem un materi\u0101lu \u012bpa\u0161\u012bb\u0101m &#8211; t\u0113rauds ir neapstr\u0101d\u0101ts materi\u0101ls, kura kr\u0101sa, tonis un tekst\u016bra var at\u0161\u0137irties no eksempl\u0101ra uz eksempl\u0101ru vai partijas uz partiju. Pied\u0101v\u0101jums attiecas tikai uz met\u0101la k\u0101ju, un tas neattiecas uz galda virsmu.<\/p>\n<\/div>\n","protected":false},"excerpt":{"rendered":"<p>ZA modelis. N09. W Materi\u0101ls T\u0113rauds Materi\u0101la biezums (cm ) CORNER 7x7x0,7 Kop\u0113jais augstums (cm ) 75 Kop\u0113jais platums (cm<\/p>\n","protected":false},"featured_media":105932,"comment_status":"open","ping_status":"closed","template":"","meta":{"_acf_changed":false,"pmpro_default_level":""},"product_brand":[],"product_cat":[24056,23916],"product_tag":[],"class_list":{"0":"post-135401","1":"product","2":"type-product","3":"status-publish","4":"has-post-thumbnail","6":"product_cat-mebelu-kajas","7":"product_cat-stalo-kojos-lv","8":"pmpro-has-access","10":"first","11":"instock","12":"shipping-taxable","13":"purchasable","14":"product-type-simple"},"acf":[],"yoast_head":"<!-- This site is optimized with the Yoast SEO plugin v24.9 - https:\/\/yoast.com\/wordpress\/plugins\/seo\/ -->\n<title>Met\u0101la galda k\u0101ja ANGLE 71cm, melna - MetalTale.com<\/title>\n<meta name=\"robots\" content=\"index, follow, max-snippet:-1, max-image-preview:large, max-video-preview:-1\" \/>\n<link rel=\"canonical\" href=\"https:\/\/metaltale.com\/lv\/produkts\/metala-galda-kaja-angle-71cm-melna\/\" \/>\n<meta property=\"og:locale\" content=\"lv_LV\" \/>\n<meta property=\"og:type\" content=\"article\" \/>\n<meta property=\"og:title\" content=\"Met\u0101la galda k\u0101ja ANGLE 71cm, melna - MetalTale.com\" \/>\n<meta property=\"og:description\" content=\"ZA modelis. N09. W Materi\u0101ls T\u0113rauds Materi\u0101la biezums (cm ) CORNER 7x7x0,7 Kop\u0113jais augstums (cm ) 75 Kop\u0113jais platums (cm\" \/>\n<meta property=\"og:url\" content=\"https:\/\/metaltale.com\/lv\/produkts\/metala-galda-kaja-angle-71cm-melna\/\" \/>\n<meta property=\"og:site_name\" content=\"MetalTale.com\" \/>\n<meta name=\"twitter:card\" content=\"summary_large_image\" \/>\n<meta name=\"twitter:label1\" content=\"Est. reading time\" \/>\n\t<meta name=\"twitter:data1\" content=\"2 minutes\" \/>\n<script type=\"application\/ld+json\" class=\"yoast-schema-graph\">{\"@context\":\"https:\/\/schema.org\",\"@graph\":[{\"@type\":\"WebPage\",\"@id\":\"https:\/\/metaltale.com\/lv\/produkts\/metala-galda-kaja-angle-71cm-melna\/\",\"url\":\"https:\/\/metaltale.com\/lv\/produkts\/metala-galda-kaja-angle-71cm-melna\/\",\"name\":\"Met\u0101la galda k\u0101ja ANGLE 71cm, melna - MetalTale.com\",\"isPartOf\":{\"@id\":\"https:\/\/metaltale.com\/lv\/#website\"},\"primaryImageOfPage\":{\"@id\":\"https:\/\/metaltale.com\/lv\/produkts\/metala-galda-kaja-angle-71cm-melna\/#primaryimage\"},\"image\":{\"@id\":\"https:\/\/metaltale.com\/lv\/produkts\/metala-galda-kaja-angle-71cm-melna\/#primaryimage\"},\"thumbnailUrl\":\"https:\/\/metaltale.com\/wp-content\/uploads\/2023\/11\/Kojos-kampas-71cm-JUODA.jpg\",\"datePublished\":\"2024-02-13T13:01:57+00:00\",\"breadcrumb\":{\"@id\":\"https:\/\/metaltale.com\/lv\/produkts\/metala-galda-kaja-angle-71cm-melna\/#breadcrumb\"},\"inLanguage\":\"lv-LV\",\"potentialAction\":[{\"@type\":\"ReadAction\",\"target\":[\"https:\/\/metaltale.com\/lv\/produkts\/metala-galda-kaja-angle-71cm-melna\/\"]}]},{\"@type\":\"ImageObject\",\"inLanguage\":\"lv-LV\",\"@id\":\"https:\/\/metaltale.com\/lv\/produkts\/metala-galda-kaja-angle-71cm-melna\/#primaryimage\",\"url\":\"https:\/\/metaltale.com\/wp-content\/uploads\/2023\/11\/Kojos-kampas-71cm-JUODA.jpg\",\"contentUrl\":\"https:\/\/metaltale.com\/wp-content\/uploads\/2023\/11\/Kojos-kampas-71cm-JUODA.jpg\",\"width\":800,\"height\":800,\"caption\":\"Met\u0101la galda k\u0101jas\"},{\"@type\":\"BreadcrumbList\",\"@id\":\"https:\/\/metaltale.com\/lv\/produkts\/metala-galda-kaja-angle-71cm-melna\/#breadcrumb\",\"itemListElement\":[{\"@type\":\"ListItem\",\"position\":1,\"name\":\"Home\",\"item\":\"https:\/\/metaltale.com\/lv\/majas\/\"},{\"@type\":\"ListItem\",\"position\":2,\"name\":\"Veikals\",\"item\":\"https:\/\/metaltale.com\/lv\/shop\/\"},{\"@type\":\"ListItem\",\"position\":3,\"name\":\"Met\u0101la galda k\u0101ja ANGLE 71cm, melna\"}]},{\"@type\":\"WebSite\",\"@id\":\"https:\/\/metaltale.com\/lv\/#website\",\"url\":\"https:\/\/metaltale.com\/lv\/\",\"name\":\"Metaltale.com\",\"description\":\"\",\"potentialAction\":[{\"@type\":\"SearchAction\",\"target\":{\"@type\":\"EntryPoint\",\"urlTemplate\":\"https:\/\/metaltale.com\/lv\/?s={search_term_string}\"},\"query-input\":{\"@type\":\"PropertyValueSpecification\",\"valueRequired\":true,\"valueName\":\"search_term_string\"}}],\"inLanguage\":\"lv-LV\"}]}<\/script>\n<!-- \/ Yoast SEO plugin. -->","yoast_head_json":{"title":"Met\u0101la galda k\u0101ja ANGLE 71cm, melna - MetalTale.com","robots":{"index":"index","follow":"follow","max-snippet":"max-snippet:-1","max-image-preview":"max-image-preview:large","max-video-preview":"max-video-preview:-1"},"canonical":"https:\/\/metaltale.com\/lv\/produkts\/metala-galda-kaja-angle-71cm-melna\/","og_locale":"lv_LV","og_type":"article","og_title":"Met\u0101la galda k\u0101ja ANGLE 71cm, melna - MetalTale.com","og_description":"ZA modelis. N09. W Materi\u0101ls T\u0113rauds Materi\u0101la biezums (cm ) CORNER 7x7x0,7 Kop\u0113jais augstums (cm ) 75 Kop\u0113jais platums (cm","og_url":"https:\/\/metaltale.com\/lv\/produkts\/metala-galda-kaja-angle-71cm-melna\/","og_site_name":"MetalTale.com","twitter_card":"summary_large_image","twitter_misc":{"Est. reading time":"2 minutes"},"schema":{"@context":"https:\/\/schema.org","@graph":[{"@type":"WebPage","@id":"https:\/\/metaltale.com\/lv\/produkts\/metala-galda-kaja-angle-71cm-melna\/","url":"https:\/\/metaltale.com\/lv\/produkts\/metala-galda-kaja-angle-71cm-melna\/","name":"Met\u0101la galda k\u0101ja ANGLE 71cm, melna - MetalTale.com","isPartOf":{"@id":"https:\/\/metaltale.com\/lv\/#website"},"primaryImageOfPage":{"@id":"https:\/\/metaltale.com\/lv\/produkts\/metala-galda-kaja-angle-71cm-melna\/#primaryimage"},"image":{"@id":"https:\/\/metaltale.com\/lv\/produkts\/metala-galda-kaja-angle-71cm-melna\/#primaryimage"},"thumbnailUrl":"https:\/\/metaltale.com\/wp-content\/uploads\/2023\/11\/Kojos-kampas-71cm-JUODA.jpg","datePublished":"2024-02-13T13:01:57+00:00","breadcrumb":{"@id":"https:\/\/metaltale.com\/lv\/produkts\/metala-galda-kaja-angle-71cm-melna\/#breadcrumb"},"inLanguage":"lv-LV","potentialAction":[{"@type":"ReadAction","target":["https:\/\/metaltale.com\/lv\/produkts\/metala-galda-kaja-angle-71cm-melna\/"]}]},{"@type":"ImageObject","inLanguage":"lv-LV","@id":"https:\/\/metaltale.com\/lv\/produkts\/metala-galda-kaja-angle-71cm-melna\/#primaryimage","url":"https:\/\/metaltale.com\/wp-content\/uploads\/2023\/11\/Kojos-kampas-71cm-JUODA.jpg","contentUrl":"https:\/\/metaltale.com\/wp-content\/uploads\/2023\/11\/Kojos-kampas-71cm-JUODA.jpg","width":800,"height":800,"caption":"Met\u0101la galda k\u0101jas"},{"@type":"BreadcrumbList","@id":"https:\/\/metaltale.com\/lv\/produkts\/metala-galda-kaja-angle-71cm-melna\/#breadcrumb","itemListElement":[{"@type":"ListItem","position":1,"name":"Home","item":"https:\/\/metaltale.com\/lv\/majas\/"},{"@type":"ListItem","position":2,"name":"Veikals","item":"https:\/\/metaltale.com\/lv\/shop\/"},{"@type":"ListItem","position":3,"name":"Met\u0101la galda k\u0101ja ANGLE 71cm, melna"}]},{"@type":"WebSite","@id":"https:\/\/metaltale.com\/lv\/#website","url":"https:\/\/metaltale.com\/lv\/","name":"Metaltale.com","description":"","potentialAction":[{"@type":"SearchAction","target":{"@type":"EntryPoint","urlTemplate":"https:\/\/metaltale.com\/lv\/?s={search_term_string}"},"query-input":{"@type":"PropertyValueSpecification","valueRequired":true,"valueName":"search_term_string"}}],"inLanguage":"lv-LV"}]}},"_links":{"self":[{"href":"https:\/\/metaltale.com\/lv\/wp-json\/wp\/v2\/product\/135401","targetHints":{"allow":["GET"]}}],"collection":[{"href":"https:\/\/metaltale.com\/lv\/wp-json\/wp\/v2\/product"}],"about":[{"href":"https:\/\/metaltale.com\/lv\/wp-json\/wp\/v2\/types\/product"}],"replies":[{"embeddable":true,"href":"https:\/\/metaltale.com\/lv\/wp-json\/wp\/v2\/comments?post=135401"}],"version-history":[{"count":0,"href":"https:\/\/metaltale.com\/lv\/wp-json\/wp\/v2\/product\/135401\/revisions"}],"wp:featuredmedia":[{"embeddable":true,"href":"https:\/\/metaltale.com\/lv\/wp-json\/wp\/v2\/media\/105932"}],"wp:attachment":[{"href":"https:\/\/metaltale.com\/lv\/wp-json\/wp\/v2\/media?parent=135401"}],"wp:term":[{"taxonomy":"product_brand","embeddable":true,"href":"https:\/\/metaltale.com\/lv\/wp-json\/wp\/v2\/product_brand?post=135401"},{"taxonomy":"product_cat","embeddable":true,"href":"https:\/\/metaltale.com\/lv\/wp-json\/wp\/v2\/product_cat?post=135401"},{"taxonomy":"product_tag","embeddable":true,"href":"https:\/\/metaltale.com\/lv\/wp-json\/wp\/v2\/product_tag?post=135401"}],"curies":[{"name":"wp","href":"https:\/\/api.w.org\/{rel}","templated":true}]}}