{"id":135393,"date":"2024-01-12T21:06:42","date_gmt":"2024-01-12T19:06:42","guid":{"rendered":"https:\/\/metaltale.com\/produktas\/metala-sledzene-loke-large\/"},"modified":"2024-01-12T21:06:42","modified_gmt":"2024-01-12T19:06:42","slug":"metala-sledzene-loke-large","status":"publish","type":"product","link":"https:\/\/metaltale.com\/lv\/produkts\/metala-sledzene-loke-large\/","title":{"rendered":"Met\u0101la sl\u0113dzene LOKE LARGE"},"content":{"rendered":"<div class=\"prod_data\">\n<p><strong>Modelis<\/strong> AF.794.673.60<br \/>\n<strong>EAN.<\/strong>  5905369923104<br \/>\nMateri\u0101ls Met\u0101ls<br \/>\n<strong>Biezums (cm<\/strong> ) 2<br \/>\n<strong>Kop\u0113jais augstums (cm<\/strong> ) 13<br \/>\n<strong>Kop\u0113jais platums (cm<\/strong> ) 8<br \/>\nKr\u0101sa Melna<\/p>\n<p>&#8211; melna dzelzs sl\u0113dzene<br \/>\n&#8211; ietver stiliz\u0113tu atsl\u0113gu<br \/>\n&#8211; \u0101mura nospiedumi priek\u0161pus\u0113 ir dekorat\u012bvi.<br \/>\n&#8211; apzin\u0101ti skr\u0101p\u0113jumi uzsver izstr\u0101d\u0101juma retro raksturu.<\/p>\n<hr>\n<p>Liela sl\u0113dzene ar unik\u0101la stila atsl\u0113gu ir elements, kas aizst\u0101s jebkuru dekorat\u012bvu l\u0101di. Meln\u0101m mat\u0113t\u0101m sl\u0113dzen\u0113m piem\u012bt ant\u012bks raksturs, ta\u010du j\u0101atceras ar\u012b to praktiskais pielietojums. Spogu\u013ca p\u0101rsteidzo\u0161\u0101 apdare ir \u0101mura nospiedumi priek\u0161pus\u0113 un pl\u0101ksn\u012bte, kas aizsedz atsl\u0113gas caurumu.<\/p>\n<\/div>\n","protected":false},"excerpt":{"rendered":"<p>Modelis AF.794.673.60 EAN. 5905369923104 Materi\u0101ls Met\u0101ls Biezums (cm ) 2 Kop\u0113jais augstums (cm ) 13 Kop\u0113jais platums (cm ) 8<\/p>\n","protected":false},"featured_media":71656,"comment_status":"open","ping_status":"closed","template":"","meta":{"_acf_changed":false,"pmpro_default_level":""},"product_brand":[],"product_cat":[23892,23837,23890],"product_tag":[],"class_list":{"0":"post-135393","1":"product","2":"type-product","3":"status-publish","4":"has-post-thumbnail","6":"product_cat-baldu-spynos-lv","7":"product_cat-mebeles-piederumi","8":"product_cat-spynos-lv","9":"pmpro-has-access","11":"first","12":"outofstock","13":"shipping-taxable","14":"purchasable","15":"product-type-simple"},"acf":[],"yoast_head":"<!-- This site is optimized with the Yoast SEO plugin v24.9 - https:\/\/yoast.com\/wordpress\/plugins\/seo\/ -->\n<title>Met\u0101la sl\u0113dzene LOKE LARGE - MetalTale.com<\/title>\n<meta name=\"robots\" content=\"index, follow, max-snippet:-1, max-image-preview:large, max-video-preview:-1\" \/>\n<link rel=\"canonical\" href=\"https:\/\/metaltale.com\/lv\/produkts\/metala-sledzene-loke-large\/\" \/>\n<meta property=\"og:locale\" content=\"lv_LV\" \/>\n<meta property=\"og:type\" content=\"article\" \/>\n<meta property=\"og:title\" content=\"Met\u0101la sl\u0113dzene LOKE LARGE - MetalTale.com\" \/>\n<meta property=\"og:description\" content=\"Modelis AF.794.673.60 EAN. 5905369923104 Materi\u0101ls Met\u0101ls Biezums (cm ) 2 Kop\u0113jais augstums (cm ) 13 Kop\u0113jais platums (cm ) 8\" \/>\n<meta property=\"og:url\" content=\"https:\/\/metaltale.com\/lv\/produkts\/metala-sledzene-loke-large\/\" \/>\n<meta property=\"og:site_name\" content=\"MetalTale.com\" \/>\n<meta property=\"og:image\" content=\"https:\/\/metaltale.com\/wp-content\/uploads\/2023\/09\/Metalinx117-spyna-LOKE-LARGE.jpg\" \/>\n\t<meta property=\"og:image:width\" content=\"800\" \/>\n\t<meta property=\"og:image:height\" content=\"800\" \/>\n\t<meta property=\"og:image:type\" content=\"image\/jpeg\" \/>\n<meta name=\"twitter:card\" content=\"summary_large_image\" \/>\n<meta name=\"twitter:label1\" content=\"Est. reading time\" \/>\n\t<meta name=\"twitter:data1\" content=\"1 minute\" \/>\n<script type=\"application\/ld+json\" class=\"yoast-schema-graph\">{\"@context\":\"https:\/\/schema.org\",\"@graph\":[{\"@type\":\"WebPage\",\"@id\":\"https:\/\/metaltale.com\/lv\/produkts\/metala-sledzene-loke-large\/\",\"url\":\"https:\/\/metaltale.com\/lv\/produkts\/metala-sledzene-loke-large\/\",\"name\":\"Met\u0101la sl\u0113dzene LOKE LARGE - MetalTale.com\",\"isPartOf\":{\"@id\":\"https:\/\/metaltale.com\/lv\/#website\"},\"primaryImageOfPage\":{\"@id\":\"https:\/\/metaltale.com\/lv\/produkts\/metala-sledzene-loke-large\/#primaryimage\"},\"image\":{\"@id\":\"https:\/\/metaltale.com\/lv\/produkts\/metala-sledzene-loke-large\/#primaryimage\"},\"thumbnailUrl\":\"https:\/\/metaltale.com\/wp-content\/uploads\/2023\/09\/Metalinx117-spyna-LOKE-LARGE.jpg\",\"datePublished\":\"2024-01-12T19:06:42+00:00\",\"breadcrumb\":{\"@id\":\"https:\/\/metaltale.com\/lv\/produkts\/metala-sledzene-loke-large\/#breadcrumb\"},\"inLanguage\":\"lv-LV\",\"potentialAction\":[{\"@type\":\"ReadAction\",\"target\":[\"https:\/\/metaltale.com\/lv\/produkts\/metala-sledzene-loke-large\/\"]}]},{\"@type\":\"ImageObject\",\"inLanguage\":\"lv-LV\",\"@id\":\"https:\/\/metaltale.com\/lv\/produkts\/metala-sledzene-loke-large\/#primaryimage\",\"url\":\"https:\/\/metaltale.com\/wp-content\/uploads\/2023\/09\/Metalinx117-spyna-LOKE-LARGE.jpg\",\"contentUrl\":\"https:\/\/metaltale.com\/wp-content\/uploads\/2023\/09\/Metalinx117-spyna-LOKE-LARGE.jpg\",\"width\":800,\"height\":800,\"caption\":\"Met\u0101la sl\u0113dzene LOKE LARGE\"},{\"@type\":\"BreadcrumbList\",\"@id\":\"https:\/\/metaltale.com\/lv\/produkts\/metala-sledzene-loke-large\/#breadcrumb\",\"itemListElement\":[{\"@type\":\"ListItem\",\"position\":1,\"name\":\"Home\",\"item\":\"https:\/\/metaltale.com\/lv\/majas\/\"},{\"@type\":\"ListItem\",\"position\":2,\"name\":\"Veikals\",\"item\":\"https:\/\/metaltale.com\/lv\/shop\/\"},{\"@type\":\"ListItem\",\"position\":3,\"name\":\"Met\u0101la sl\u0113dzene LOKE LARGE\"}]},{\"@type\":\"WebSite\",\"@id\":\"https:\/\/metaltale.com\/lv\/#website\",\"url\":\"https:\/\/metaltale.com\/lv\/\",\"name\":\"Metaltale.com\",\"description\":\"\",\"potentialAction\":[{\"@type\":\"SearchAction\",\"target\":{\"@type\":\"EntryPoint\",\"urlTemplate\":\"https:\/\/metaltale.com\/lv\/?s={search_term_string}\"},\"query-input\":{\"@type\":\"PropertyValueSpecification\",\"valueRequired\":true,\"valueName\":\"search_term_string\"}}],\"inLanguage\":\"lv-LV\"}]}<\/script>\n<!-- \/ Yoast SEO plugin. -->","yoast_head_json":{"title":"Met\u0101la sl\u0113dzene LOKE LARGE - MetalTale.com","robots":{"index":"index","follow":"follow","max-snippet":"max-snippet:-1","max-image-preview":"max-image-preview:large","max-video-preview":"max-video-preview:-1"},"canonical":"https:\/\/metaltale.com\/lv\/produkts\/metala-sledzene-loke-large\/","og_locale":"lv_LV","og_type":"article","og_title":"Met\u0101la sl\u0113dzene LOKE LARGE - MetalTale.com","og_description":"Modelis AF.794.673.60 EAN. 5905369923104 Materi\u0101ls Met\u0101ls Biezums (cm ) 2 Kop\u0113jais augstums (cm ) 13 Kop\u0113jais platums (cm ) 8","og_url":"https:\/\/metaltale.com\/lv\/produkts\/metala-sledzene-loke-large\/","og_site_name":"MetalTale.com","og_image":[{"width":800,"height":800,"url":"https:\/\/metaltale.com\/wp-content\/uploads\/2023\/09\/Metalinx117-spyna-LOKE-LARGE.jpg","type":"image\/jpeg"}],"twitter_card":"summary_large_image","twitter_misc":{"Est. reading time":"1 minute"},"schema":{"@context":"https:\/\/schema.org","@graph":[{"@type":"WebPage","@id":"https:\/\/metaltale.com\/lv\/produkts\/metala-sledzene-loke-large\/","url":"https:\/\/metaltale.com\/lv\/produkts\/metala-sledzene-loke-large\/","name":"Met\u0101la sl\u0113dzene LOKE LARGE - MetalTale.com","isPartOf":{"@id":"https:\/\/metaltale.com\/lv\/#website"},"primaryImageOfPage":{"@id":"https:\/\/metaltale.com\/lv\/produkts\/metala-sledzene-loke-large\/#primaryimage"},"image":{"@id":"https:\/\/metaltale.com\/lv\/produkts\/metala-sledzene-loke-large\/#primaryimage"},"thumbnailUrl":"https:\/\/metaltale.com\/wp-content\/uploads\/2023\/09\/Metalinx117-spyna-LOKE-LARGE.jpg","datePublished":"2024-01-12T19:06:42+00:00","breadcrumb":{"@id":"https:\/\/metaltale.com\/lv\/produkts\/metala-sledzene-loke-large\/#breadcrumb"},"inLanguage":"lv-LV","potentialAction":[{"@type":"ReadAction","target":["https:\/\/metaltale.com\/lv\/produkts\/metala-sledzene-loke-large\/"]}]},{"@type":"ImageObject","inLanguage":"lv-LV","@id":"https:\/\/metaltale.com\/lv\/produkts\/metala-sledzene-loke-large\/#primaryimage","url":"https:\/\/metaltale.com\/wp-content\/uploads\/2023\/09\/Metalinx117-spyna-LOKE-LARGE.jpg","contentUrl":"https:\/\/metaltale.com\/wp-content\/uploads\/2023\/09\/Metalinx117-spyna-LOKE-LARGE.jpg","width":800,"height":800,"caption":"Met\u0101la sl\u0113dzene LOKE LARGE"},{"@type":"BreadcrumbList","@id":"https:\/\/metaltale.com\/lv\/produkts\/metala-sledzene-loke-large\/#breadcrumb","itemListElement":[{"@type":"ListItem","position":1,"name":"Home","item":"https:\/\/metaltale.com\/lv\/majas\/"},{"@type":"ListItem","position":2,"name":"Veikals","item":"https:\/\/metaltale.com\/lv\/shop\/"},{"@type":"ListItem","position":3,"name":"Met\u0101la sl\u0113dzene LOKE LARGE"}]},{"@type":"WebSite","@id":"https:\/\/metaltale.com\/lv\/#website","url":"https:\/\/metaltale.com\/lv\/","name":"Metaltale.com","description":"","potentialAction":[{"@type":"SearchAction","target":{"@type":"EntryPoint","urlTemplate":"https:\/\/metaltale.com\/lv\/?s={search_term_string}"},"query-input":{"@type":"PropertyValueSpecification","valueRequired":true,"valueName":"search_term_string"}}],"inLanguage":"lv-LV"}]}},"_links":{"self":[{"href":"https:\/\/metaltale.com\/lv\/wp-json\/wp\/v2\/product\/135393","targetHints":{"allow":["GET"]}}],"collection":[{"href":"https:\/\/metaltale.com\/lv\/wp-json\/wp\/v2\/product"}],"about":[{"href":"https:\/\/metaltale.com\/lv\/wp-json\/wp\/v2\/types\/product"}],"replies":[{"embeddable":true,"href":"https:\/\/metaltale.com\/lv\/wp-json\/wp\/v2\/comments?post=135393"}],"version-history":[{"count":0,"href":"https:\/\/metaltale.com\/lv\/wp-json\/wp\/v2\/product\/135393\/revisions"}],"wp:featuredmedia":[{"embeddable":true,"href":"https:\/\/metaltale.com\/lv\/wp-json\/wp\/v2\/media\/71656"}],"wp:attachment":[{"href":"https:\/\/metaltale.com\/lv\/wp-json\/wp\/v2\/media?parent=135393"}],"wp:term":[{"taxonomy":"product_brand","embeddable":true,"href":"https:\/\/metaltale.com\/lv\/wp-json\/wp\/v2\/product_brand?post=135393"},{"taxonomy":"product_cat","embeddable":true,"href":"https:\/\/metaltale.com\/lv\/wp-json\/wp\/v2\/product_cat?post=135393"},{"taxonomy":"product_tag","embeddable":true,"href":"https:\/\/metaltale.com\/lv\/wp-json\/wp\/v2\/product_tag?post=135393"}],"curies":[{"name":"wp","href":"https:\/\/api.w.org\/{rel}","templated":true}]}}