{"id":135378,"date":"2024-02-13T13:39:42","date_gmt":"2024-02-13T11:39:42","guid":{"rendered":"https:\/\/metaltale.com\/produktas\/prestige-koka-plaukts-ozols-dabiga-ella\/"},"modified":"2024-02-13T13:39:42","modified_gmt":"2024-02-13T11:39:42","slug":"prestige-koka-plaukts-ozols-dabiga-ella","status":"publish","type":"product","link":"https:\/\/metaltale.com\/lv\/produkts\/prestige-koka-plaukts-ozols-dabiga-ella\/","title":{"rendered":"PRESTIGE koka plaukts ozols dab\u012bg\u0101 e\u013c\u013ca"},"content":{"rendered":"<div class=\"prod_data\"><strong>Modelis<\/strong> PSE-OL  <br \/><strong>Biezums (cm<\/strong> ) 3  <br \/><strong>Kop\u0113jais platums (cm<\/strong> ) 33,5  <br \/><strong>Kr\u0101sa<\/strong> Koks &#8211; dab\u012bg\u0101 e\u013c\u013ca  <br \/><strong>Apdare<\/strong> ar e\u013c\u013cas audumu  <\/p>\n<p>&#8211; ozolkoka plaukts, format\u0113ts (visas malas gludas)<br \/>&#8211; dabiska kr\u0101sas mai\u0146a<br \/>&#8211; nelielas plaisas un plaisas, kas radu\u0161\u0101s koka arhitekt\u016bras d\u0113\u013c.<br \/>&#8211; Iesp\u0113ja pas\u016bt\u012bt nestandarta izm\u0113rus<br \/>&#8211; priek\u0161likums attiecas tikai uz plauktiem un neietver iekavas.<br \/>&#8211; Modelis lieliski papildina PRESTIGE galda k\u0101jas<\/p>\n<hr>\n<p>No mas\u012bvkoka izgatavots plaukts ir izstr\u0101d\u0101jums, kas kop\u0101 ar \u010duguna vai t\u0113rauda kron\u0161teinu rad\u012bs stil\u012bgu un praktisku sienas dekoru. Ikviena studija un b\u0113rnu istaba var\u0113s izmantot ozolkoka gr\u0101matplauktus pie sienas. PRESTIGE modelim ir v\u0113l viens pielietojums. Izmantojot PRESTIGE koka plauktu, jebkuru ozolkoka galda virsmas modeli no \u0161\u012bs s\u0113rijas un PRESTIGE t\u0113rauda k\u0101jas, j\u016bs varat izveidot neuzkr\u012bto\u0161u \u0113damgaldi\u0146u vai virtuvi. Koka plauktam dab\u012bg\u0101s e\u013c\u013cas versij\u0101 ir gai\u0161s salmu tonis un skaisti izcelta tekst\u016bra. Koka sienas plaukts ir lieliski piem\u0113rots gu\u013camistab\u0101m, viesistab\u0101m, garderob\u0113m vai gaite\u0146iem.<\/p>\n<hr>\n<\/div>\n","protected":false},"excerpt":{"rendered":"<p>Modelis PSE-OL Biezums (cm ) 3 Kop\u0113jais platums (cm ) 33,5 Kr\u0101sa Koks &#8211; dab\u012bg\u0101 e\u013c\u013ca Apdare ar e\u013c\u013cas audumu<\/p>\n","protected":false},"featured_media":113118,"comment_status":"open","ping_status":"closed","template":"","meta":{"_acf_changed":false,"pmpro_default_level":""},"product_brand":[],"product_cat":[24113],"product_tag":[],"class_list":{"0":"post-135378","1":"product","2":"type-product","3":"status-publish","4":"has-post-thumbnail","6":"product_cat-plauktiem","7":"pmpro-has-access","9":"first","10":"instock","11":"shipping-taxable","12":"purchasable","13":"product-type-simple"},"acf":[],"yoast_head":"<!-- This site is optimized with the Yoast SEO plugin v24.9 - https:\/\/yoast.com\/wordpress\/plugins\/seo\/ -->\n<title>PRESTIGE koka plaukts ozols dab\u012bg\u0101 e\u013c\u013ca - MetalTale.com<\/title>\n<meta name=\"robots\" content=\"index, follow, max-snippet:-1, max-image-preview:large, max-video-preview:-1\" \/>\n<link rel=\"canonical\" href=\"https:\/\/metaltale.com\/lv\/produkts\/prestige-koka-plaukts-ozols-dabiga-ella\/\" \/>\n<meta property=\"og:locale\" content=\"lv_LV\" \/>\n<meta property=\"og:type\" content=\"article\" \/>\n<meta property=\"og:title\" content=\"PRESTIGE koka plaukts ozols dab\u012bg\u0101 e\u013c\u013ca - MetalTale.com\" \/>\n<meta property=\"og:description\" content=\"Modelis PSE-OL Biezums (cm ) 3 Kop\u0113jais platums (cm ) 33,5 Kr\u0101sa Koks &#8211; dab\u012bg\u0101 e\u013c\u013ca Apdare ar e\u013c\u013cas audumu\" \/>\n<meta property=\"og:url\" content=\"https:\/\/metaltale.com\/lv\/produkts\/prestige-koka-plaukts-ozols-dabiga-ella\/\" \/>\n<meta property=\"og:site_name\" content=\"MetalTale.com\" \/>\n<meta name=\"twitter:card\" content=\"summary_large_image\" \/>\n<meta name=\"twitter:label1\" content=\"Est. reading time\" \/>\n\t<meta name=\"twitter:data1\" content=\"1 minute\" \/>\n<script type=\"application\/ld+json\" class=\"yoast-schema-graph\">{\"@context\":\"https:\/\/schema.org\",\"@graph\":[{\"@type\":\"WebPage\",\"@id\":\"https:\/\/metaltale.com\/lv\/produkts\/prestige-koka-plaukts-ozols-dabiga-ella\/\",\"url\":\"https:\/\/metaltale.com\/lv\/produkts\/prestige-koka-plaukts-ozols-dabiga-ella\/\",\"name\":\"PRESTIGE koka plaukts ozols dab\u012bg\u0101 e\u013c\u013ca - MetalTale.com\",\"isPartOf\":{\"@id\":\"https:\/\/metaltale.com\/lv\/#website\"},\"primaryImageOfPage\":{\"@id\":\"https:\/\/metaltale.com\/lv\/produkts\/prestige-koka-plaukts-ozols-dabiga-ella\/#primaryimage\"},\"image\":{\"@id\":\"https:\/\/metaltale.com\/lv\/produkts\/prestige-koka-plaukts-ozols-dabiga-ella\/#primaryimage\"},\"thumbnailUrl\":\"https:\/\/metaltale.com\/wp-content\/uploads\/2023\/11\/Lentyna-PRESTIGE-3x33x160-Raw.jpg\",\"datePublished\":\"2024-02-13T11:39:42+00:00\",\"breadcrumb\":{\"@id\":\"https:\/\/metaltale.com\/lv\/produkts\/prestige-koka-plaukts-ozols-dabiga-ella\/#breadcrumb\"},\"inLanguage\":\"lv-LV\",\"potentialAction\":[{\"@type\":\"ReadAction\",\"target\":[\"https:\/\/metaltale.com\/lv\/produkts\/prestige-koka-plaukts-ozols-dabiga-ella\/\"]}]},{\"@type\":\"ImageObject\",\"inLanguage\":\"lv-LV\",\"@id\":\"https:\/\/metaltale.com\/lv\/produkts\/prestige-koka-plaukts-ozols-dabiga-ella\/#primaryimage\",\"url\":\"https:\/\/metaltale.com\/wp-content\/uploads\/2023\/11\/Lentyna-PRESTIGE-3x33x160-Raw.jpg\",\"contentUrl\":\"https:\/\/metaltale.com\/wp-content\/uploads\/2023\/11\/Lentyna-PRESTIGE-3x33x160-Raw.jpg\",\"width\":800,\"height\":800},{\"@type\":\"BreadcrumbList\",\"@id\":\"https:\/\/metaltale.com\/lv\/produkts\/prestige-koka-plaukts-ozols-dabiga-ella\/#breadcrumb\",\"itemListElement\":[{\"@type\":\"ListItem\",\"position\":1,\"name\":\"Home\",\"item\":\"https:\/\/metaltale.com\/lv\/majas\/\"},{\"@type\":\"ListItem\",\"position\":2,\"name\":\"Veikals\",\"item\":\"https:\/\/metaltale.com\/lv\/shop\/\"},{\"@type\":\"ListItem\",\"position\":3,\"name\":\"PRESTIGE koka plaukts ozols dab\u012bg\u0101 e\u013c\u013ca\"}]},{\"@type\":\"WebSite\",\"@id\":\"https:\/\/metaltale.com\/lv\/#website\",\"url\":\"https:\/\/metaltale.com\/lv\/\",\"name\":\"Metaltale.com\",\"description\":\"\",\"potentialAction\":[{\"@type\":\"SearchAction\",\"target\":{\"@type\":\"EntryPoint\",\"urlTemplate\":\"https:\/\/metaltale.com\/lv\/?s={search_term_string}\"},\"query-input\":{\"@type\":\"PropertyValueSpecification\",\"valueRequired\":true,\"valueName\":\"search_term_string\"}}],\"inLanguage\":\"lv-LV\"}]}<\/script>\n<!-- \/ Yoast SEO plugin. -->","yoast_head_json":{"title":"PRESTIGE koka plaukts ozols dab\u012bg\u0101 e\u013c\u013ca - MetalTale.com","robots":{"index":"index","follow":"follow","max-snippet":"max-snippet:-1","max-image-preview":"max-image-preview:large","max-video-preview":"max-video-preview:-1"},"canonical":"https:\/\/metaltale.com\/lv\/produkts\/prestige-koka-plaukts-ozols-dabiga-ella\/","og_locale":"lv_LV","og_type":"article","og_title":"PRESTIGE koka plaukts ozols dab\u012bg\u0101 e\u013c\u013ca - MetalTale.com","og_description":"Modelis PSE-OL Biezums (cm ) 3 Kop\u0113jais platums (cm ) 33,5 Kr\u0101sa Koks &#8211; dab\u012bg\u0101 e\u013c\u013ca Apdare ar e\u013c\u013cas audumu","og_url":"https:\/\/metaltale.com\/lv\/produkts\/prestige-koka-plaukts-ozols-dabiga-ella\/","og_site_name":"MetalTale.com","twitter_card":"summary_large_image","twitter_misc":{"Est. reading time":"1 minute"},"schema":{"@context":"https:\/\/schema.org","@graph":[{"@type":"WebPage","@id":"https:\/\/metaltale.com\/lv\/produkts\/prestige-koka-plaukts-ozols-dabiga-ella\/","url":"https:\/\/metaltale.com\/lv\/produkts\/prestige-koka-plaukts-ozols-dabiga-ella\/","name":"PRESTIGE koka plaukts ozols dab\u012bg\u0101 e\u013c\u013ca - MetalTale.com","isPartOf":{"@id":"https:\/\/metaltale.com\/lv\/#website"},"primaryImageOfPage":{"@id":"https:\/\/metaltale.com\/lv\/produkts\/prestige-koka-plaukts-ozols-dabiga-ella\/#primaryimage"},"image":{"@id":"https:\/\/metaltale.com\/lv\/produkts\/prestige-koka-plaukts-ozols-dabiga-ella\/#primaryimage"},"thumbnailUrl":"https:\/\/metaltale.com\/wp-content\/uploads\/2023\/11\/Lentyna-PRESTIGE-3x33x160-Raw.jpg","datePublished":"2024-02-13T11:39:42+00:00","breadcrumb":{"@id":"https:\/\/metaltale.com\/lv\/produkts\/prestige-koka-plaukts-ozols-dabiga-ella\/#breadcrumb"},"inLanguage":"lv-LV","potentialAction":[{"@type":"ReadAction","target":["https:\/\/metaltale.com\/lv\/produkts\/prestige-koka-plaukts-ozols-dabiga-ella\/"]}]},{"@type":"ImageObject","inLanguage":"lv-LV","@id":"https:\/\/metaltale.com\/lv\/produkts\/prestige-koka-plaukts-ozols-dabiga-ella\/#primaryimage","url":"https:\/\/metaltale.com\/wp-content\/uploads\/2023\/11\/Lentyna-PRESTIGE-3x33x160-Raw.jpg","contentUrl":"https:\/\/metaltale.com\/wp-content\/uploads\/2023\/11\/Lentyna-PRESTIGE-3x33x160-Raw.jpg","width":800,"height":800},{"@type":"BreadcrumbList","@id":"https:\/\/metaltale.com\/lv\/produkts\/prestige-koka-plaukts-ozols-dabiga-ella\/#breadcrumb","itemListElement":[{"@type":"ListItem","position":1,"name":"Home","item":"https:\/\/metaltale.com\/lv\/majas\/"},{"@type":"ListItem","position":2,"name":"Veikals","item":"https:\/\/metaltale.com\/lv\/shop\/"},{"@type":"ListItem","position":3,"name":"PRESTIGE koka plaukts ozols dab\u012bg\u0101 e\u013c\u013ca"}]},{"@type":"WebSite","@id":"https:\/\/metaltale.com\/lv\/#website","url":"https:\/\/metaltale.com\/lv\/","name":"Metaltale.com","description":"","potentialAction":[{"@type":"SearchAction","target":{"@type":"EntryPoint","urlTemplate":"https:\/\/metaltale.com\/lv\/?s={search_term_string}"},"query-input":{"@type":"PropertyValueSpecification","valueRequired":true,"valueName":"search_term_string"}}],"inLanguage":"lv-LV"}]}},"_links":{"self":[{"href":"https:\/\/metaltale.com\/lv\/wp-json\/wp\/v2\/product\/135378","targetHints":{"allow":["GET"]}}],"collection":[{"href":"https:\/\/metaltale.com\/lv\/wp-json\/wp\/v2\/product"}],"about":[{"href":"https:\/\/metaltale.com\/lv\/wp-json\/wp\/v2\/types\/product"}],"replies":[{"embeddable":true,"href":"https:\/\/metaltale.com\/lv\/wp-json\/wp\/v2\/comments?post=135378"}],"version-history":[{"count":0,"href":"https:\/\/metaltale.com\/lv\/wp-json\/wp\/v2\/product\/135378\/revisions"}],"wp:featuredmedia":[{"embeddable":true,"href":"https:\/\/metaltale.com\/lv\/wp-json\/wp\/v2\/media\/113118"}],"wp:attachment":[{"href":"https:\/\/metaltale.com\/lv\/wp-json\/wp\/v2\/media?parent=135378"}],"wp:term":[{"taxonomy":"product_brand","embeddable":true,"href":"https:\/\/metaltale.com\/lv\/wp-json\/wp\/v2\/product_brand?post=135378"},{"taxonomy":"product_cat","embeddable":true,"href":"https:\/\/metaltale.com\/lv\/wp-json\/wp\/v2\/product_cat?post=135378"},{"taxonomy":"product_tag","embeddable":true,"href":"https:\/\/metaltale.com\/lv\/wp-json\/wp\/v2\/product_tag?post=135378"}],"curies":[{"name":"wp","href":"https:\/\/api.w.org\/{rel}","templated":true}]}}