{"id":135375,"date":"2024-02-13T14:41:05","date_gmt":"2024-02-13T12:41:05","guid":{"rendered":"https:\/\/metaltale.com\/produktas\/izlietnes-maisitajs-melns-bodmin\/"},"modified":"2024-02-13T14:41:05","modified_gmt":"2024-02-13T12:41:05","slug":"izlietnes-maisitajs-melns-bodmin","status":"publish","type":"product","link":"https:\/\/metaltale.com\/lv\/produkts\/izlietnes-maisitajs-melns-bodmin\/","title":{"rendered":"Izlietnes mais\u012bt\u0101js melns BODMIN"},"content":{"rendered":"<div class=\"prod_data\"><strong>Modelis<\/strong> WX.1010.BLA  <br \/>Vienk\u0101r\u0161i retro kolekcija <br \/><strong>EAN.<\/strong>  5905369900594  <br \/>Mais\u012bt\u0101ja tips Br\u012bvi st\u0101vo\u0161s <br \/>Materi\u0101ls Misi\u0146\u0161 <br \/>Uzst\u0101d\u012b\u0161anas atveres diametrs 3,2 <br \/>Kop\u0113jais augstums (cm ) 34 <br \/>Perlators (aerators ) J\u0101 <br \/>Rot\u0113jo\u0161s izsmidzin\u0101t\u0101js J\u0101 <br \/><strong>Kr\u0101sa<\/strong> Melna  <br \/>Apdare M\u012bksta, sat\u012bna efekts <br \/>Papildus inform\u0101cija \u0160\u013c\u016btene M8x3\/8&#8243; kr\u0101na garumam 50cm <br \/><strong>Augstums l\u012bdz izsmidzin\u0101t\u0101jam (cm<\/strong> ) 23,5  <br \/><strong>Kop\u0113j\u0101 projekcija (cm<\/strong> ) 20  <\/p>\n<p>&#8211; misi\u0146a akumulators<br \/>&#8211; rot\u0113jo\u0161s izsmidzin\u0101t\u0101js<br \/>&#8211; keramikas galva &#8211; elements, kas nodro\u0161ina pareizu \u016bdens sadali. <br \/>&#8211; aerators &#8211; aerators, kas nodro\u0161ina maz\u0101ku \u016bdens pat\u0113ri\u0146u.<br \/>&#8211; visi mont\u0101\u017eai nepiecie\u0161amie elementi komplekt\u0101 (\u0161\u013c\u016btenes, skr\u016bve pie galda virsmas, bl\u012bves pie skr\u016bves).<br \/>&#8211; skatiet citus mode\u013cus kolekcij\u0101 Simply Retro<\/p>\n<hr>\n<p>Retro izlietnes mais\u012bt\u0101js ir neat\u0146emama stiliz\u0113tas vannas istabas sast\u0101vda\u013ca. Augsti uzst\u0101d\u0101m\u0101 mais\u012bt\u0101ja funkcionalit\u0101te padara to ide\u0101li piem\u0113rotu ar\u012b virtuves zonai. Vienk\u0101r\u0161ais dizains, ko papildina izliekt\u0101 izlietne, ir modelis, kas akcent\u0113s b\u0113ni\u0146u, lauku vai vintage stila interjeru.<\/p>\n<\/div>\n","protected":false},"excerpt":{"rendered":"<p>Modelis WX.1010.BLA Vienk\u0101r\u0161i retro kolekcija EAN. 5905369900594 Mais\u012bt\u0101ja tips Br\u012bvi st\u0101vo\u0161s Materi\u0101ls Misi\u0146\u0161 Uzst\u0101d\u012b\u0161anas atveres diametrs 3,2 Kop\u0113jais augstums (cm<\/p>\n","protected":false},"featured_media":89405,"comment_status":"open","ping_status":"closed","template":"","meta":{"_acf_changed":false,"pmpro_default_level":""},"product_brand":[],"product_cat":[24094],"product_tag":[],"class_list":{"0":"post-135375","1":"product","2":"type-product","3":"status-publish","4":"has-post-thumbnail","6":"product_cat-izlietnes-maisitaji","7":"pmpro-has-access","9":"first","10":"instock","11":"shipping-taxable","12":"purchasable","13":"product-type-simple"},"acf":[],"yoast_head":"<!-- This site is optimized with the Yoast SEO plugin v24.9 - https:\/\/yoast.com\/wordpress\/plugins\/seo\/ -->\n<title>Izlietnes mais\u012bt\u0101js melns BODMIN - MetalTale.com<\/title>\n<meta name=\"robots\" content=\"index, follow, max-snippet:-1, max-image-preview:large, max-video-preview:-1\" \/>\n<link rel=\"canonical\" href=\"https:\/\/metaltale.com\/lv\/produkts\/izlietnes-maisitajs-melns-bodmin\/\" \/>\n<meta property=\"og:locale\" content=\"lv_LV\" \/>\n<meta property=\"og:type\" content=\"article\" \/>\n<meta property=\"og:title\" content=\"Izlietnes mais\u012bt\u0101js melns BODMIN - MetalTale.com\" \/>\n<meta property=\"og:description\" content=\"Modelis WX.1010.BLA Vienk\u0101r\u0161i retro kolekcija EAN. 5905369900594 Mais\u012bt\u0101ja tips Br\u012bvi st\u0101vo\u0161s Materi\u0101ls Misi\u0146\u0161 Uzst\u0101d\u012b\u0161anas atveres diametrs 3,2 Kop\u0113jais augstums (cm\" \/>\n<meta property=\"og:url\" content=\"https:\/\/metaltale.com\/lv\/produkts\/izlietnes-maisitajs-melns-bodmin\/\" \/>\n<meta property=\"og:site_name\" content=\"MetalTale.com\" \/>\n<meta name=\"twitter:card\" content=\"summary_large_image\" \/>\n<meta name=\"twitter:label1\" content=\"Est. reading time\" \/>\n\t<meta name=\"twitter:data1\" content=\"1 minute\" \/>\n<script type=\"application\/ld+json\" class=\"yoast-schema-graph\">{\"@context\":\"https:\/\/schema.org\",\"@graph\":[{\"@type\":\"WebPage\",\"@id\":\"https:\/\/metaltale.com\/lv\/produkts\/izlietnes-maisitajs-melns-bodmin\/\",\"url\":\"https:\/\/metaltale.com\/lv\/produkts\/izlietnes-maisitajs-melns-bodmin\/\",\"name\":\"Izlietnes mais\u012bt\u0101js melns BODMIN - MetalTale.com\",\"isPartOf\":{\"@id\":\"https:\/\/metaltale.com\/lv\/#website\"},\"primaryImageOfPage\":{\"@id\":\"https:\/\/metaltale.com\/lv\/produkts\/izlietnes-maisitajs-melns-bodmin\/#primaryimage\"},\"image\":{\"@id\":\"https:\/\/metaltale.com\/lv\/produkts\/izlietnes-maisitajs-melns-bodmin\/#primaryimage\"},\"thumbnailUrl\":\"https:\/\/metaltale.com\/wp-content\/uploads\/2023\/10\/Praustuvo-maix161ytuvas-juodas-BODMIN.jpg\",\"datePublished\":\"2024-02-13T12:41:05+00:00\",\"breadcrumb\":{\"@id\":\"https:\/\/metaltale.com\/lv\/produkts\/izlietnes-maisitajs-melns-bodmin\/#breadcrumb\"},\"inLanguage\":\"lv-LV\",\"potentialAction\":[{\"@type\":\"ReadAction\",\"target\":[\"https:\/\/metaltale.com\/lv\/produkts\/izlietnes-maisitajs-melns-bodmin\/\"]}]},{\"@type\":\"ImageObject\",\"inLanguage\":\"lv-LV\",\"@id\":\"https:\/\/metaltale.com\/lv\/produkts\/izlietnes-maisitajs-melns-bodmin\/#primaryimage\",\"url\":\"https:\/\/metaltale.com\/wp-content\/uploads\/2023\/10\/Praustuvo-maix161ytuvas-juodas-BODMIN.jpg\",\"contentUrl\":\"https:\/\/metaltale.com\/wp-content\/uploads\/2023\/10\/Praustuvo-maix161ytuvas-juodas-BODMIN.jpg\",\"width\":800,\"height\":800},{\"@type\":\"BreadcrumbList\",\"@id\":\"https:\/\/metaltale.com\/lv\/produkts\/izlietnes-maisitajs-melns-bodmin\/#breadcrumb\",\"itemListElement\":[{\"@type\":\"ListItem\",\"position\":1,\"name\":\"Home\",\"item\":\"https:\/\/metaltale.com\/lv\/majas\/\"},{\"@type\":\"ListItem\",\"position\":2,\"name\":\"Veikals\",\"item\":\"https:\/\/metaltale.com\/lv\/shop\/\"},{\"@type\":\"ListItem\",\"position\":3,\"name\":\"Izlietnes mais\u012bt\u0101js melns BODMIN\"}]},{\"@type\":\"WebSite\",\"@id\":\"https:\/\/metaltale.com\/lv\/#website\",\"url\":\"https:\/\/metaltale.com\/lv\/\",\"name\":\"Metaltale.com\",\"description\":\"\",\"potentialAction\":[{\"@type\":\"SearchAction\",\"target\":{\"@type\":\"EntryPoint\",\"urlTemplate\":\"https:\/\/metaltale.com\/lv\/?s={search_term_string}\"},\"query-input\":{\"@type\":\"PropertyValueSpecification\",\"valueRequired\":true,\"valueName\":\"search_term_string\"}}],\"inLanguage\":\"lv-LV\"}]}<\/script>\n<!-- \/ Yoast SEO plugin. -->","yoast_head_json":{"title":"Izlietnes mais\u012bt\u0101js melns BODMIN - MetalTale.com","robots":{"index":"index","follow":"follow","max-snippet":"max-snippet:-1","max-image-preview":"max-image-preview:large","max-video-preview":"max-video-preview:-1"},"canonical":"https:\/\/metaltale.com\/lv\/produkts\/izlietnes-maisitajs-melns-bodmin\/","og_locale":"lv_LV","og_type":"article","og_title":"Izlietnes mais\u012bt\u0101js melns BODMIN - MetalTale.com","og_description":"Modelis WX.1010.BLA Vienk\u0101r\u0161i retro kolekcija EAN. 5905369900594 Mais\u012bt\u0101ja tips Br\u012bvi st\u0101vo\u0161s Materi\u0101ls Misi\u0146\u0161 Uzst\u0101d\u012b\u0161anas atveres diametrs 3,2 Kop\u0113jais augstums (cm","og_url":"https:\/\/metaltale.com\/lv\/produkts\/izlietnes-maisitajs-melns-bodmin\/","og_site_name":"MetalTale.com","twitter_card":"summary_large_image","twitter_misc":{"Est. reading time":"1 minute"},"schema":{"@context":"https:\/\/schema.org","@graph":[{"@type":"WebPage","@id":"https:\/\/metaltale.com\/lv\/produkts\/izlietnes-maisitajs-melns-bodmin\/","url":"https:\/\/metaltale.com\/lv\/produkts\/izlietnes-maisitajs-melns-bodmin\/","name":"Izlietnes mais\u012bt\u0101js melns BODMIN - MetalTale.com","isPartOf":{"@id":"https:\/\/metaltale.com\/lv\/#website"},"primaryImageOfPage":{"@id":"https:\/\/metaltale.com\/lv\/produkts\/izlietnes-maisitajs-melns-bodmin\/#primaryimage"},"image":{"@id":"https:\/\/metaltale.com\/lv\/produkts\/izlietnes-maisitajs-melns-bodmin\/#primaryimage"},"thumbnailUrl":"https:\/\/metaltale.com\/wp-content\/uploads\/2023\/10\/Praustuvo-maix161ytuvas-juodas-BODMIN.jpg","datePublished":"2024-02-13T12:41:05+00:00","breadcrumb":{"@id":"https:\/\/metaltale.com\/lv\/produkts\/izlietnes-maisitajs-melns-bodmin\/#breadcrumb"},"inLanguage":"lv-LV","potentialAction":[{"@type":"ReadAction","target":["https:\/\/metaltale.com\/lv\/produkts\/izlietnes-maisitajs-melns-bodmin\/"]}]},{"@type":"ImageObject","inLanguage":"lv-LV","@id":"https:\/\/metaltale.com\/lv\/produkts\/izlietnes-maisitajs-melns-bodmin\/#primaryimage","url":"https:\/\/metaltale.com\/wp-content\/uploads\/2023\/10\/Praustuvo-maix161ytuvas-juodas-BODMIN.jpg","contentUrl":"https:\/\/metaltale.com\/wp-content\/uploads\/2023\/10\/Praustuvo-maix161ytuvas-juodas-BODMIN.jpg","width":800,"height":800},{"@type":"BreadcrumbList","@id":"https:\/\/metaltale.com\/lv\/produkts\/izlietnes-maisitajs-melns-bodmin\/#breadcrumb","itemListElement":[{"@type":"ListItem","position":1,"name":"Home","item":"https:\/\/metaltale.com\/lv\/majas\/"},{"@type":"ListItem","position":2,"name":"Veikals","item":"https:\/\/metaltale.com\/lv\/shop\/"},{"@type":"ListItem","position":3,"name":"Izlietnes mais\u012bt\u0101js melns BODMIN"}]},{"@type":"WebSite","@id":"https:\/\/metaltale.com\/lv\/#website","url":"https:\/\/metaltale.com\/lv\/","name":"Metaltale.com","description":"","potentialAction":[{"@type":"SearchAction","target":{"@type":"EntryPoint","urlTemplate":"https:\/\/metaltale.com\/lv\/?s={search_term_string}"},"query-input":{"@type":"PropertyValueSpecification","valueRequired":true,"valueName":"search_term_string"}}],"inLanguage":"lv-LV"}]}},"_links":{"self":[{"href":"https:\/\/metaltale.com\/lv\/wp-json\/wp\/v2\/product\/135375","targetHints":{"allow":["GET"]}}],"collection":[{"href":"https:\/\/metaltale.com\/lv\/wp-json\/wp\/v2\/product"}],"about":[{"href":"https:\/\/metaltale.com\/lv\/wp-json\/wp\/v2\/types\/product"}],"replies":[{"embeddable":true,"href":"https:\/\/metaltale.com\/lv\/wp-json\/wp\/v2\/comments?post=135375"}],"version-history":[{"count":0,"href":"https:\/\/metaltale.com\/lv\/wp-json\/wp\/v2\/product\/135375\/revisions"}],"wp:featuredmedia":[{"embeddable":true,"href":"https:\/\/metaltale.com\/lv\/wp-json\/wp\/v2\/media\/89405"}],"wp:attachment":[{"href":"https:\/\/metaltale.com\/lv\/wp-json\/wp\/v2\/media?parent=135375"}],"wp:term":[{"taxonomy":"product_brand","embeddable":true,"href":"https:\/\/metaltale.com\/lv\/wp-json\/wp\/v2\/product_brand?post=135375"},{"taxonomy":"product_cat","embeddable":true,"href":"https:\/\/metaltale.com\/lv\/wp-json\/wp\/v2\/product_cat?post=135375"},{"taxonomy":"product_tag","embeddable":true,"href":"https:\/\/metaltale.com\/lv\/wp-json\/wp\/v2\/product_tag?post=135375"}],"curies":[{"name":"wp","href":"https:\/\/api.w.org\/{rel}","templated":true}]}}