{"id":135364,"date":"2024-02-13T13:51:04","date_gmt":"2024-02-13T11:51:04","guid":{"rendered":"https:\/\/metaltale.com\/produktas\/izlietnes-aizbazni-ar-parpludi-antika-bronza-decorative\/"},"modified":"2024-02-13T13:51:04","modified_gmt":"2024-02-13T11:51:04","slug":"izlietnes-aizbazni-ar-parpludi-antika-bronza-decorative","status":"publish","type":"product","link":"https:\/\/metaltale.com\/lv\/produkts\/izlietnes-aizbazni-ar-parpludi-antika-bronza-decorative\/","title":{"rendered":"Izlietnes aizb\u0101zni ar p\u0101rpl\u016bdi ant\u012bk\u0101 bronza DECORATIVE"},"content":{"rendered":"<div class=\"prod_data\">WX <strong>modelis<\/strong>. XSQ15. POLICIJAS DARBINIEKS. KLI  <br \/>Gleam <strong>kolekcija<\/strong>  <br \/><strong>EAN.<\/strong>  5905369904202  <br \/>Materi\u0101ls Misi\u0146\u0161 <br \/><strong> [cm]Kop\u0113jais garums<\/strong> 36 <strong> <\/strong> <br \/>Kop\u0113jais augstums (cm ) 19 <br \/><strong>Kop\u0113jais platums (cm<\/strong> ) 6,5  <br \/><strong>Pamatnes diametrs (cm)<\/strong> 3  <br \/><strong>P\u0101rpl\u016b\u0161ana<\/strong> J\u0101  <br \/>Kr\u0101sa Antique bronze <br \/>Apdares sp\u012bdums <br \/><strong>PAPILDU INFORM\u0100CIJA<\/strong> Aizb\u0101zni ar caurumu  <\/p>\n<p dir=\"ltr\"><span>&#8211; misi\u0146a tipa klik\u0161\u0137a tipa izlietnes aizb\u0101zni<br \/>&#8211; kop\u0113jais diametrs 6,8 cm<br \/>&#8211; modelis ar caurumu<\/span><\/p>\n<hr>\n<p dir=\"ltr\"><span>&#8220;Click-clak izlietnes kontaktdak\u0161a ir tik \u0113rts un praktisks risin\u0101jums, ka t\u0101 ir k\u013cuvusi par m\u016bsu vannas istabas past\u0101v\u012bgu sast\u0101vda\u013cu. Ar vienu v\u0101ka nospie\u0161anu tiek aizv\u0113rta \u016bdens izpl\u016bdes atvere, ar citu nospie\u0161anu v\u0101ks tiek pacelts, un \u016bdens aizpl\u016bst. Senatn\u012bgs br\u016bns misi\u0146a kor\u0137is lieliski papildina kr\u0101\u0161\u0146umu un retro izk\u0101rtojumu, iederoties m\u016bsu kr\u0101nu kl\u0101st\u0101. Pareizi izv\u0113l\u0113ta maza deta\u013ca, piem\u0113ram, aizb\u0101zni, lieliski papildin\u0101s un uzlabos vannas istabas un tualetes atmosf\u0113ru.  <br \/><\/span><\/p>\n<hr>\n<p dir=\"ltr\">\n<\/div>\n","protected":false},"excerpt":{"rendered":"<p>WX modelis. XSQ15. POLICIJAS DARBINIEKS. KLI Gleam kolekcija EAN. 5905369904202 Materi\u0101ls Misi\u0146\u0161 [cm]Kop\u0113jais garums 36 Kop\u0113jais augstums (cm ) 19<\/p>\n","protected":false},"featured_media":81379,"comment_status":"open","ping_status":"closed","template":"","meta":{"_acf_changed":false,"pmpro_default_level":""},"product_brand":[],"product_cat":[24106],"product_tag":[],"class_list":{"0":"post-135364","1":"product","2":"type-product","3":"status-publish","4":"has-post-thumbnail","6":"product_cat-izlietnes-kontaktdaksas","7":"pmpro-has-access","9":"first","10":"instock","11":"shipping-taxable","12":"purchasable","13":"product-type-simple"},"acf":[],"yoast_head":"<!-- This site is optimized with the Yoast SEO plugin v24.9 - https:\/\/yoast.com\/wordpress\/plugins\/seo\/ -->\n<title>Izlietnes aizb\u0101zni ar p\u0101rpl\u016bdi ant\u012bk\u0101 bronza DECORATIVE - MetalTale.com<\/title>\n<meta name=\"robots\" content=\"index, follow, max-snippet:-1, max-image-preview:large, max-video-preview:-1\" \/>\n<link rel=\"canonical\" href=\"https:\/\/metaltale.com\/lv\/produkts\/izlietnes-aizbazni-ar-parpludi-antika-bronza-decorative\/\" \/>\n<meta property=\"og:locale\" content=\"lv_LV\" \/>\n<meta property=\"og:type\" content=\"article\" \/>\n<meta property=\"og:title\" content=\"Izlietnes aizb\u0101zni ar p\u0101rpl\u016bdi ant\u012bk\u0101 bronza DECORATIVE - MetalTale.com\" \/>\n<meta property=\"og:description\" content=\"WX modelis. XSQ15. POLICIJAS DARBINIEKS. KLI Gleam kolekcija EAN. 5905369904202 Materi\u0101ls Misi\u0146\u0161 [cm]Kop\u0113jais garums 36 Kop\u0113jais augstums (cm ) 19\" \/>\n<meta property=\"og:url\" content=\"https:\/\/metaltale.com\/lv\/produkts\/izlietnes-aizbazni-ar-parpludi-antika-bronza-decorative\/\" \/>\n<meta property=\"og:site_name\" content=\"MetalTale.com\" \/>\n<meta name=\"twitter:card\" content=\"summary_large_image\" \/>\n<meta name=\"twitter:label1\" content=\"Est. reading time\" \/>\n\t<meta name=\"twitter:data1\" content=\"1 minute\" \/>\n<script type=\"application\/ld+json\" class=\"yoast-schema-graph\">{\"@context\":\"https:\/\/schema.org\",\"@graph\":[{\"@type\":\"WebPage\",\"@id\":\"https:\/\/metaltale.com\/lv\/produkts\/izlietnes-aizbazni-ar-parpludi-antika-bronza-decorative\/\",\"url\":\"https:\/\/metaltale.com\/lv\/produkts\/izlietnes-aizbazni-ar-parpludi-antika-bronza-decorative\/\",\"name\":\"Izlietnes aizb\u0101zni ar p\u0101rpl\u016bdi ant\u012bk\u0101 bronza DECORATIVE - MetalTale.com\",\"isPartOf\":{\"@id\":\"https:\/\/metaltale.com\/lv\/#website\"},\"primaryImageOfPage\":{\"@id\":\"https:\/\/metaltale.com\/lv\/produkts\/izlietnes-aizbazni-ar-parpludi-antika-bronza-decorative\/#primaryimage\"},\"image\":{\"@id\":\"https:\/\/metaltale.com\/lv\/produkts\/izlietnes-aizbazni-ar-parpludi-antika-bronza-decorative\/#primaryimage\"},\"thumbnailUrl\":\"https:\/\/metaltale.com\/wp-content\/uploads\/2023\/10\/Praustuvo-kamx161tis-su-perpildymu-antikvarinx117-bronza-DEKORATYVINIS.jpg\",\"datePublished\":\"2024-02-13T11:51:04+00:00\",\"breadcrumb\":{\"@id\":\"https:\/\/metaltale.com\/lv\/produkts\/izlietnes-aizbazni-ar-parpludi-antika-bronza-decorative\/#breadcrumb\"},\"inLanguage\":\"lv-LV\",\"potentialAction\":[{\"@type\":\"ReadAction\",\"target\":[\"https:\/\/metaltale.com\/lv\/produkts\/izlietnes-aizbazni-ar-parpludi-antika-bronza-decorative\/\"]}]},{\"@type\":\"ImageObject\",\"inLanguage\":\"lv-LV\",\"@id\":\"https:\/\/metaltale.com\/lv\/produkts\/izlietnes-aizbazni-ar-parpludi-antika-bronza-decorative\/#primaryimage\",\"url\":\"https:\/\/metaltale.com\/wp-content\/uploads\/2023\/10\/Praustuvo-kamx161tis-su-perpildymu-antikvarinx117-bronza-DEKORATYVINIS.jpg\",\"contentUrl\":\"https:\/\/metaltale.com\/wp-content\/uploads\/2023\/10\/Praustuvo-kamx161tis-su-perpildymu-antikvarinx117-bronza-DEKORATYVINIS.jpg\",\"width\":800,\"height\":800},{\"@type\":\"BreadcrumbList\",\"@id\":\"https:\/\/metaltale.com\/lv\/produkts\/izlietnes-aizbazni-ar-parpludi-antika-bronza-decorative\/#breadcrumb\",\"itemListElement\":[{\"@type\":\"ListItem\",\"position\":1,\"name\":\"Home\",\"item\":\"https:\/\/metaltale.com\/lv\/majas\/\"},{\"@type\":\"ListItem\",\"position\":2,\"name\":\"Veikals\",\"item\":\"https:\/\/metaltale.com\/lv\/shop\/\"},{\"@type\":\"ListItem\",\"position\":3,\"name\":\"Izlietnes aizb\u0101zni ar p\u0101rpl\u016bdi ant\u012bk\u0101 bronza DECORATIVE\"}]},{\"@type\":\"WebSite\",\"@id\":\"https:\/\/metaltale.com\/lv\/#website\",\"url\":\"https:\/\/metaltale.com\/lv\/\",\"name\":\"Metaltale.com\",\"description\":\"\",\"potentialAction\":[{\"@type\":\"SearchAction\",\"target\":{\"@type\":\"EntryPoint\",\"urlTemplate\":\"https:\/\/metaltale.com\/lv\/?s={search_term_string}\"},\"query-input\":{\"@type\":\"PropertyValueSpecification\",\"valueRequired\":true,\"valueName\":\"search_term_string\"}}],\"inLanguage\":\"lv-LV\"}]}<\/script>\n<!-- \/ Yoast SEO plugin. -->","yoast_head_json":{"title":"Izlietnes aizb\u0101zni ar p\u0101rpl\u016bdi ant\u012bk\u0101 bronza DECORATIVE - MetalTale.com","robots":{"index":"index","follow":"follow","max-snippet":"max-snippet:-1","max-image-preview":"max-image-preview:large","max-video-preview":"max-video-preview:-1"},"canonical":"https:\/\/metaltale.com\/lv\/produkts\/izlietnes-aizbazni-ar-parpludi-antika-bronza-decorative\/","og_locale":"lv_LV","og_type":"article","og_title":"Izlietnes aizb\u0101zni ar p\u0101rpl\u016bdi ant\u012bk\u0101 bronza DECORATIVE - MetalTale.com","og_description":"WX modelis. XSQ15. POLICIJAS DARBINIEKS. KLI Gleam kolekcija EAN. 5905369904202 Materi\u0101ls Misi\u0146\u0161 [cm]Kop\u0113jais garums 36 Kop\u0113jais augstums (cm ) 19","og_url":"https:\/\/metaltale.com\/lv\/produkts\/izlietnes-aizbazni-ar-parpludi-antika-bronza-decorative\/","og_site_name":"MetalTale.com","twitter_card":"summary_large_image","twitter_misc":{"Est. reading time":"1 minute"},"schema":{"@context":"https:\/\/schema.org","@graph":[{"@type":"WebPage","@id":"https:\/\/metaltale.com\/lv\/produkts\/izlietnes-aizbazni-ar-parpludi-antika-bronza-decorative\/","url":"https:\/\/metaltale.com\/lv\/produkts\/izlietnes-aizbazni-ar-parpludi-antika-bronza-decorative\/","name":"Izlietnes aizb\u0101zni ar p\u0101rpl\u016bdi ant\u012bk\u0101 bronza DECORATIVE - MetalTale.com","isPartOf":{"@id":"https:\/\/metaltale.com\/lv\/#website"},"primaryImageOfPage":{"@id":"https:\/\/metaltale.com\/lv\/produkts\/izlietnes-aizbazni-ar-parpludi-antika-bronza-decorative\/#primaryimage"},"image":{"@id":"https:\/\/metaltale.com\/lv\/produkts\/izlietnes-aizbazni-ar-parpludi-antika-bronza-decorative\/#primaryimage"},"thumbnailUrl":"https:\/\/metaltale.com\/wp-content\/uploads\/2023\/10\/Praustuvo-kamx161tis-su-perpildymu-antikvarinx117-bronza-DEKORATYVINIS.jpg","datePublished":"2024-02-13T11:51:04+00:00","breadcrumb":{"@id":"https:\/\/metaltale.com\/lv\/produkts\/izlietnes-aizbazni-ar-parpludi-antika-bronza-decorative\/#breadcrumb"},"inLanguage":"lv-LV","potentialAction":[{"@type":"ReadAction","target":["https:\/\/metaltale.com\/lv\/produkts\/izlietnes-aizbazni-ar-parpludi-antika-bronza-decorative\/"]}]},{"@type":"ImageObject","inLanguage":"lv-LV","@id":"https:\/\/metaltale.com\/lv\/produkts\/izlietnes-aizbazni-ar-parpludi-antika-bronza-decorative\/#primaryimage","url":"https:\/\/metaltale.com\/wp-content\/uploads\/2023\/10\/Praustuvo-kamx161tis-su-perpildymu-antikvarinx117-bronza-DEKORATYVINIS.jpg","contentUrl":"https:\/\/metaltale.com\/wp-content\/uploads\/2023\/10\/Praustuvo-kamx161tis-su-perpildymu-antikvarinx117-bronza-DEKORATYVINIS.jpg","width":800,"height":800},{"@type":"BreadcrumbList","@id":"https:\/\/metaltale.com\/lv\/produkts\/izlietnes-aizbazni-ar-parpludi-antika-bronza-decorative\/#breadcrumb","itemListElement":[{"@type":"ListItem","position":1,"name":"Home","item":"https:\/\/metaltale.com\/lv\/majas\/"},{"@type":"ListItem","position":2,"name":"Veikals","item":"https:\/\/metaltale.com\/lv\/shop\/"},{"@type":"ListItem","position":3,"name":"Izlietnes aizb\u0101zni ar p\u0101rpl\u016bdi ant\u012bk\u0101 bronza DECORATIVE"}]},{"@type":"WebSite","@id":"https:\/\/metaltale.com\/lv\/#website","url":"https:\/\/metaltale.com\/lv\/","name":"Metaltale.com","description":"","potentialAction":[{"@type":"SearchAction","target":{"@type":"EntryPoint","urlTemplate":"https:\/\/metaltale.com\/lv\/?s={search_term_string}"},"query-input":{"@type":"PropertyValueSpecification","valueRequired":true,"valueName":"search_term_string"}}],"inLanguage":"lv-LV"}]}},"_links":{"self":[{"href":"https:\/\/metaltale.com\/lv\/wp-json\/wp\/v2\/product\/135364","targetHints":{"allow":["GET"]}}],"collection":[{"href":"https:\/\/metaltale.com\/lv\/wp-json\/wp\/v2\/product"}],"about":[{"href":"https:\/\/metaltale.com\/lv\/wp-json\/wp\/v2\/types\/product"}],"replies":[{"embeddable":true,"href":"https:\/\/metaltale.com\/lv\/wp-json\/wp\/v2\/comments?post=135364"}],"version-history":[{"count":0,"href":"https:\/\/metaltale.com\/lv\/wp-json\/wp\/v2\/product\/135364\/revisions"}],"wp:featuredmedia":[{"embeddable":true,"href":"https:\/\/metaltale.com\/lv\/wp-json\/wp\/v2\/media\/81379"}],"wp:attachment":[{"href":"https:\/\/metaltale.com\/lv\/wp-json\/wp\/v2\/media?parent=135364"}],"wp:term":[{"taxonomy":"product_brand","embeddable":true,"href":"https:\/\/metaltale.com\/lv\/wp-json\/wp\/v2\/product_brand?post=135364"},{"taxonomy":"product_cat","embeddable":true,"href":"https:\/\/metaltale.com\/lv\/wp-json\/wp\/v2\/product_cat?post=135364"},{"taxonomy":"product_tag","embeddable":true,"href":"https:\/\/metaltale.com\/lv\/wp-json\/wp\/v2\/product_tag?post=135364"}],"curies":[{"name":"wp","href":"https:\/\/api.w.org\/{rel}","templated":true}]}}