{"id":135357,"date":"2024-02-13T14:41:41","date_gmt":"2024-02-13T12:41:41","guid":{"rendered":"https:\/\/metaltale.com\/produktas\/izlietnes-aizbazni-antikais-misins-gold-glen-2\/"},"modified":"2024-02-13T14:41:41","modified_gmt":"2024-02-13T12:41:41","slug":"izlietnes-aizbazni-antikais-misins-gold-glen-2","status":"publish","type":"product","link":"https:\/\/metaltale.com\/lv\/produkts\/izlietnes-aizbazni-antikais-misins-gold-glen-2\/","title":{"rendered":"Izlietnes aizb\u0101zni ant\u012bkais misi\u0146\u0161 GOLD GLEN 2"},"content":{"rendered":"<div class=\"prod_data\">WX <strong>modelis<\/strong>. HT925703. PRGR <br \/>Gold Glen kolekcija <br \/>Materi\u0101ls Misi\u0146\u0161 <br \/><strong>Kop\u0113jais diametrs (cm<\/strong> ) 6  <br \/><strong>P\u0101rpl\u016b\u0161ana<\/strong> J\u0101\/N\u0113  <br \/>Kr\u0101sa Ant\u012bkais misi\u0146\u0161 <br \/>Apdare M\u012bksta, sat\u012bna efekts <\/p>\n<p>&#8211; misi\u0146a tipa klik\u0161\u0137a tipa izlietnes aizb\u0101zni<br \/>&#8211; diametrs 3\/6 cm<br \/>&#8211; aizb\u0101zni\u0146\u0161 ir piem\u0113rots kolekcijai Gold Glen.<\/p>\n<hr>\n<p>&#8220;Click-clak izlietnes aizb\u0101zni ir izstr\u0101d\u0101jums, kas izgatavots no iztur\u012bgiem materi\u0101liem. Ant\u012bk\u0101 misi\u0146a izlietnes aizb\u0101\u017enis lieliski sader\u0113s ar l\u012bdz\u012bgas kr\u0101sas izlietnes mais\u012bt\u0101ju. Izstr\u0101d\u0101juma funkcionalit\u0101ti uzlabo t\u0101 vienk\u0101r\u0161\u0101 darb\u012bba &#8211; lai aizv\u0113rtu izlietni, atliek tikai nospiest aizb\u0101zni. Kor\u0137a aug\u0161\u0113jai da\u013cai ir viendab\u012bga, gluda virsma.<\/p>\n<\/div>\n","protected":false},"excerpt":{"rendered":"<p>WX modelis. HT925703. PRGR Gold Glen kolekcija Materi\u0101ls Misi\u0146\u0161 Kop\u0113jais diametrs (cm ) 6 P\u0101rpl\u016b\u0161ana J\u0101\/N\u0113 Kr\u0101sa Ant\u012bkais misi\u0146\u0161 Apdare<\/p>\n","protected":false},"featured_media":89872,"comment_status":"open","ping_status":"closed","template":"","meta":{"_acf_changed":false,"pmpro_default_level":""},"product_brand":[],"product_cat":[24106],"product_tag":[],"class_list":{"0":"post-135357","1":"product","2":"type-product","3":"status-publish","4":"has-post-thumbnail","6":"product_cat-izlietnes-kontaktdaksas","7":"pmpro-has-access","9":"first","10":"instock","11":"shipping-taxable","12":"purchasable","13":"product-type-simple"},"acf":[],"yoast_head":"<!-- This site is optimized with the Yoast SEO plugin v24.9 - https:\/\/yoast.com\/wordpress\/plugins\/seo\/ -->\n<title>Izlietnes aizb\u0101zni ant\u012bkais misi\u0146\u0161 GOLD GLEN 2 - MetalTale.com<\/title>\n<meta name=\"robots\" content=\"index, follow, max-snippet:-1, max-image-preview:large, max-video-preview:-1\" \/>\n<link rel=\"canonical\" href=\"https:\/\/metaltale.com\/lv\/produkts\/izlietnes-aizbazni-antikais-misins-gold-glen-2\/\" \/>\n<meta property=\"og:locale\" content=\"lv_LV\" \/>\n<meta property=\"og:type\" content=\"article\" \/>\n<meta property=\"og:title\" content=\"Izlietnes aizb\u0101zni ant\u012bkais misi\u0146\u0161 GOLD GLEN 2 - MetalTale.com\" \/>\n<meta property=\"og:description\" content=\"WX modelis. HT925703. PRGR Gold Glen kolekcija Materi\u0101ls Misi\u0146\u0161 Kop\u0113jais diametrs (cm ) 6 P\u0101rpl\u016b\u0161ana J\u0101\/N\u0113 Kr\u0101sa Ant\u012bkais misi\u0146\u0161 Apdare\" \/>\n<meta property=\"og:url\" content=\"https:\/\/metaltale.com\/lv\/produkts\/izlietnes-aizbazni-antikais-misins-gold-glen-2\/\" \/>\n<meta property=\"og:site_name\" content=\"MetalTale.com\" \/>\n<meta name=\"twitter:card\" content=\"summary_large_image\" \/>\n<meta name=\"twitter:label1\" content=\"Est. reading time\" \/>\n\t<meta name=\"twitter:data1\" content=\"1 minute\" \/>\n<script type=\"application\/ld+json\" class=\"yoast-schema-graph\">{\"@context\":\"https:\/\/schema.org\",\"@graph\":[{\"@type\":\"WebPage\",\"@id\":\"https:\/\/metaltale.com\/lv\/produkts\/izlietnes-aizbazni-antikais-misins-gold-glen-2\/\",\"url\":\"https:\/\/metaltale.com\/lv\/produkts\/izlietnes-aizbazni-antikais-misins-gold-glen-2\/\",\"name\":\"Izlietnes aizb\u0101zni ant\u012bkais misi\u0146\u0161 GOLD GLEN 2 - MetalTale.com\",\"isPartOf\":{\"@id\":\"https:\/\/metaltale.com\/lv\/#website\"},\"primaryImageOfPage\":{\"@id\":\"https:\/\/metaltale.com\/lv\/produkts\/izlietnes-aizbazni-antikais-misins-gold-glen-2\/#primaryimage\"},\"image\":{\"@id\":\"https:\/\/metaltale.com\/lv\/produkts\/izlietnes-aizbazni-antikais-misins-gold-glen-2\/#primaryimage\"},\"thumbnailUrl\":\"https:\/\/metaltale.com\/wp-content\/uploads\/2023\/10\/Praustuvo-kamx161tis-be-perpildymo-antikvarinis-x17Ealvaris-GOLD-GLEN-2-19cm.jpg\",\"datePublished\":\"2024-02-13T12:41:41+00:00\",\"breadcrumb\":{\"@id\":\"https:\/\/metaltale.com\/lv\/produkts\/izlietnes-aizbazni-antikais-misins-gold-glen-2\/#breadcrumb\"},\"inLanguage\":\"lv-LV\",\"potentialAction\":[{\"@type\":\"ReadAction\",\"target\":[\"https:\/\/metaltale.com\/lv\/produkts\/izlietnes-aizbazni-antikais-misins-gold-glen-2\/\"]}]},{\"@type\":\"ImageObject\",\"inLanguage\":\"lv-LV\",\"@id\":\"https:\/\/metaltale.com\/lv\/produkts\/izlietnes-aizbazni-antikais-misins-gold-glen-2\/#primaryimage\",\"url\":\"https:\/\/metaltale.com\/wp-content\/uploads\/2023\/10\/Praustuvo-kamx161tis-be-perpildymo-antikvarinis-x17Ealvaris-GOLD-GLEN-2-19cm.jpg\",\"contentUrl\":\"https:\/\/metaltale.com\/wp-content\/uploads\/2023\/10\/Praustuvo-kamx161tis-be-perpildymo-antikvarinis-x17Ealvaris-GOLD-GLEN-2-19cm.jpg\",\"width\":800,\"height\":800},{\"@type\":\"BreadcrumbList\",\"@id\":\"https:\/\/metaltale.com\/lv\/produkts\/izlietnes-aizbazni-antikais-misins-gold-glen-2\/#breadcrumb\",\"itemListElement\":[{\"@type\":\"ListItem\",\"position\":1,\"name\":\"Home\",\"item\":\"https:\/\/metaltale.com\/lv\/majas\/\"},{\"@type\":\"ListItem\",\"position\":2,\"name\":\"Veikals\",\"item\":\"https:\/\/metaltale.com\/lv\/shop\/\"},{\"@type\":\"ListItem\",\"position\":3,\"name\":\"Izlietnes aizb\u0101zni ant\u012bkais misi\u0146\u0161 GOLD GLEN 2\"}]},{\"@type\":\"WebSite\",\"@id\":\"https:\/\/metaltale.com\/lv\/#website\",\"url\":\"https:\/\/metaltale.com\/lv\/\",\"name\":\"Metaltale.com\",\"description\":\"\",\"potentialAction\":[{\"@type\":\"SearchAction\",\"target\":{\"@type\":\"EntryPoint\",\"urlTemplate\":\"https:\/\/metaltale.com\/lv\/?s={search_term_string}\"},\"query-input\":{\"@type\":\"PropertyValueSpecification\",\"valueRequired\":true,\"valueName\":\"search_term_string\"}}],\"inLanguage\":\"lv-LV\"}]}<\/script>\n<!-- \/ Yoast SEO plugin. -->","yoast_head_json":{"title":"Izlietnes aizb\u0101zni ant\u012bkais misi\u0146\u0161 GOLD GLEN 2 - MetalTale.com","robots":{"index":"index","follow":"follow","max-snippet":"max-snippet:-1","max-image-preview":"max-image-preview:large","max-video-preview":"max-video-preview:-1"},"canonical":"https:\/\/metaltale.com\/lv\/produkts\/izlietnes-aizbazni-antikais-misins-gold-glen-2\/","og_locale":"lv_LV","og_type":"article","og_title":"Izlietnes aizb\u0101zni ant\u012bkais misi\u0146\u0161 GOLD GLEN 2 - MetalTale.com","og_description":"WX modelis. HT925703. PRGR Gold Glen kolekcija Materi\u0101ls Misi\u0146\u0161 Kop\u0113jais diametrs (cm ) 6 P\u0101rpl\u016b\u0161ana J\u0101\/N\u0113 Kr\u0101sa Ant\u012bkais misi\u0146\u0161 Apdare","og_url":"https:\/\/metaltale.com\/lv\/produkts\/izlietnes-aizbazni-antikais-misins-gold-glen-2\/","og_site_name":"MetalTale.com","twitter_card":"summary_large_image","twitter_misc":{"Est. reading time":"1 minute"},"schema":{"@context":"https:\/\/schema.org","@graph":[{"@type":"WebPage","@id":"https:\/\/metaltale.com\/lv\/produkts\/izlietnes-aizbazni-antikais-misins-gold-glen-2\/","url":"https:\/\/metaltale.com\/lv\/produkts\/izlietnes-aizbazni-antikais-misins-gold-glen-2\/","name":"Izlietnes aizb\u0101zni ant\u012bkais misi\u0146\u0161 GOLD GLEN 2 - MetalTale.com","isPartOf":{"@id":"https:\/\/metaltale.com\/lv\/#website"},"primaryImageOfPage":{"@id":"https:\/\/metaltale.com\/lv\/produkts\/izlietnes-aizbazni-antikais-misins-gold-glen-2\/#primaryimage"},"image":{"@id":"https:\/\/metaltale.com\/lv\/produkts\/izlietnes-aizbazni-antikais-misins-gold-glen-2\/#primaryimage"},"thumbnailUrl":"https:\/\/metaltale.com\/wp-content\/uploads\/2023\/10\/Praustuvo-kamx161tis-be-perpildymo-antikvarinis-x17Ealvaris-GOLD-GLEN-2-19cm.jpg","datePublished":"2024-02-13T12:41:41+00:00","breadcrumb":{"@id":"https:\/\/metaltale.com\/lv\/produkts\/izlietnes-aizbazni-antikais-misins-gold-glen-2\/#breadcrumb"},"inLanguage":"lv-LV","potentialAction":[{"@type":"ReadAction","target":["https:\/\/metaltale.com\/lv\/produkts\/izlietnes-aizbazni-antikais-misins-gold-glen-2\/"]}]},{"@type":"ImageObject","inLanguage":"lv-LV","@id":"https:\/\/metaltale.com\/lv\/produkts\/izlietnes-aizbazni-antikais-misins-gold-glen-2\/#primaryimage","url":"https:\/\/metaltale.com\/wp-content\/uploads\/2023\/10\/Praustuvo-kamx161tis-be-perpildymo-antikvarinis-x17Ealvaris-GOLD-GLEN-2-19cm.jpg","contentUrl":"https:\/\/metaltale.com\/wp-content\/uploads\/2023\/10\/Praustuvo-kamx161tis-be-perpildymo-antikvarinis-x17Ealvaris-GOLD-GLEN-2-19cm.jpg","width":800,"height":800},{"@type":"BreadcrumbList","@id":"https:\/\/metaltale.com\/lv\/produkts\/izlietnes-aizbazni-antikais-misins-gold-glen-2\/#breadcrumb","itemListElement":[{"@type":"ListItem","position":1,"name":"Home","item":"https:\/\/metaltale.com\/lv\/majas\/"},{"@type":"ListItem","position":2,"name":"Veikals","item":"https:\/\/metaltale.com\/lv\/shop\/"},{"@type":"ListItem","position":3,"name":"Izlietnes aizb\u0101zni ant\u012bkais misi\u0146\u0161 GOLD GLEN 2"}]},{"@type":"WebSite","@id":"https:\/\/metaltale.com\/lv\/#website","url":"https:\/\/metaltale.com\/lv\/","name":"Metaltale.com","description":"","potentialAction":[{"@type":"SearchAction","target":{"@type":"EntryPoint","urlTemplate":"https:\/\/metaltale.com\/lv\/?s={search_term_string}"},"query-input":{"@type":"PropertyValueSpecification","valueRequired":true,"valueName":"search_term_string"}}],"inLanguage":"lv-LV"}]}},"_links":{"self":[{"href":"https:\/\/metaltale.com\/lv\/wp-json\/wp\/v2\/product\/135357","targetHints":{"allow":["GET"]}}],"collection":[{"href":"https:\/\/metaltale.com\/lv\/wp-json\/wp\/v2\/product"}],"about":[{"href":"https:\/\/metaltale.com\/lv\/wp-json\/wp\/v2\/types\/product"}],"replies":[{"embeddable":true,"href":"https:\/\/metaltale.com\/lv\/wp-json\/wp\/v2\/comments?post=135357"}],"version-history":[{"count":0,"href":"https:\/\/metaltale.com\/lv\/wp-json\/wp\/v2\/product\/135357\/revisions"}],"wp:featuredmedia":[{"embeddable":true,"href":"https:\/\/metaltale.com\/lv\/wp-json\/wp\/v2\/media\/89872"}],"wp:attachment":[{"href":"https:\/\/metaltale.com\/lv\/wp-json\/wp\/v2\/media?parent=135357"}],"wp:term":[{"taxonomy":"product_brand","embeddable":true,"href":"https:\/\/metaltale.com\/lv\/wp-json\/wp\/v2\/product_brand?post=135357"},{"taxonomy":"product_cat","embeddable":true,"href":"https:\/\/metaltale.com\/lv\/wp-json\/wp\/v2\/product_cat?post=135357"},{"taxonomy":"product_tag","embeddable":true,"href":"https:\/\/metaltale.com\/lv\/wp-json\/wp\/v2\/product_tag?post=135357"}],"curies":[{"name":"wp","href":"https:\/\/api.w.org\/{rel}","templated":true}]}}