{"id":135352,"date":"2024-02-13T14:43:05","date_gmt":"2024-02-13T12:43:05","guid":{"rendered":"https:\/\/metaltale.com\/produktas\/izlietnes-aizbazni-ar-roza-zeltu-copper-2\/"},"modified":"2024-02-13T14:43:05","modified_gmt":"2024-02-13T12:43:05","slug":"izlietnes-aizbazni-ar-roza-zeltu-copper-2","status":"publish","type":"product","link":"https:\/\/metaltale.com\/lv\/produkts\/izlietnes-aizbazni-ar-roza-zeltu-copper-2\/","title":{"rendered":"Izlietnes aizb\u0101\u017e\u0146i ar roz\u0101 zeltu COPPER 2"},"content":{"rendered":"<div class=\"prod_data\">WX <strong>modelis<\/strong>. RC1. PRGR <br \/>Vara kolekcija <br \/>Materi\u0101ls Misi\u0146\u0161 <br \/><strong>Kop\u0113jais diametrs (cm<\/strong> ) 6,5  <br \/><strong>P\u0101rpl\u016b\u0161ana<\/strong> J\u0101\/N\u0113  <br \/>Kr\u0101sa Roz\u0101 zelts <br \/>Apdares sp\u012bdums <\/p>\n<p>&#8211; misi\u0146a tipa klik\u0161\u0137a tipa izlietnes aizb\u0101zni<br \/>&#8211; diametrs 3\/6,5 cm<br \/>&#8211; kolekcijas &#8220;Copper&#8221;, &#8220;Gleam&#8221; kor\u0137is<\/p>\n<hr>\n<p>Roz\u0101 zelta kontaktdak\u0161a bez p\u0101rpl\u016bdes? Tehnisks apr\u012bkojums var b\u016bt ar\u012b stil\u012bgs! &#8220;Click-clak izlietnes kontaktdak\u0161a ir intuit\u012bvs tehnisks izstr\u0101d\u0101jums stil\u012bg\u0101 izpild\u012bjum\u0101. Papildus ro\u017eain\u0101 zelta apdarei ar biezeni tas ir ar\u012b viegli lietojams. Vienk\u0101r\u0161i nospiediet jumti\u0146u, lai aptur\u0113tu \u016bdens nopl\u016bdi. Tas pats j\u0101dara, lai atbr\u012bvotu blok\u0101di.<\/p>\n<\/div>\n","protected":false},"excerpt":{"rendered":"<p>WX modelis. RC1. PRGR Vara kolekcija Materi\u0101ls Misi\u0146\u0161 Kop\u0113jais diametrs (cm ) 6,5 P\u0101rpl\u016b\u0161ana J\u0101\/N\u0113 Kr\u0101sa Roz\u0101 zelts Apdares sp\u012bdums<\/p>\n","protected":false},"featured_media":90549,"comment_status":"open","ping_status":"closed","template":"","meta":{"_acf_changed":false,"pmpro_default_level":""},"product_brand":[],"product_cat":[24106],"product_tag":[],"class_list":{"0":"post-135352","1":"product","2":"type-product","3":"status-publish","4":"has-post-thumbnail","6":"product_cat-izlietnes-kontaktdaksas","7":"pmpro-has-access","9":"first","10":"instock","11":"shipping-taxable","12":"purchasable","13":"product-type-simple"},"acf":[],"yoast_head":"<!-- This site is optimized with the Yoast SEO plugin v24.9 - https:\/\/yoast.com\/wordpress\/plugins\/seo\/ -->\n<title>Izlietnes aizb\u0101\u017e\u0146i ar roz\u0101 zeltu COPPER 2 - MetalTale.com<\/title>\n<meta name=\"robots\" content=\"index, follow, max-snippet:-1, max-image-preview:large, max-video-preview:-1\" \/>\n<link rel=\"canonical\" href=\"https:\/\/metaltale.com\/lv\/produkts\/izlietnes-aizbazni-ar-roza-zeltu-copper-2\/\" \/>\n<meta property=\"og:locale\" content=\"lv_LV\" \/>\n<meta property=\"og:type\" content=\"article\" \/>\n<meta property=\"og:title\" content=\"Izlietnes aizb\u0101\u017e\u0146i ar roz\u0101 zeltu COPPER 2 - MetalTale.com\" \/>\n<meta property=\"og:description\" content=\"WX modelis. RC1. PRGR Vara kolekcija Materi\u0101ls Misi\u0146\u0161 Kop\u0113jais diametrs (cm ) 6,5 P\u0101rpl\u016b\u0161ana J\u0101\/N\u0113 Kr\u0101sa Roz\u0101 zelts Apdares sp\u012bdums\" \/>\n<meta property=\"og:url\" content=\"https:\/\/metaltale.com\/lv\/produkts\/izlietnes-aizbazni-ar-roza-zeltu-copper-2\/\" \/>\n<meta property=\"og:site_name\" content=\"MetalTale.com\" \/>\n<meta name=\"twitter:card\" content=\"summary_large_image\" \/>\n<meta name=\"twitter:label1\" content=\"Est. reading time\" \/>\n\t<meta name=\"twitter:data1\" content=\"1 minute\" \/>\n<script type=\"application\/ld+json\" class=\"yoast-schema-graph\">{\"@context\":\"https:\/\/schema.org\",\"@graph\":[{\"@type\":\"WebPage\",\"@id\":\"https:\/\/metaltale.com\/lv\/produkts\/izlietnes-aizbazni-ar-roza-zeltu-copper-2\/\",\"url\":\"https:\/\/metaltale.com\/lv\/produkts\/izlietnes-aizbazni-ar-roza-zeltu-copper-2\/\",\"name\":\"Izlietnes aizb\u0101\u017e\u0146i ar roz\u0101 zeltu COPPER 2 - MetalTale.com\",\"isPartOf\":{\"@id\":\"https:\/\/metaltale.com\/lv\/#website\"},\"primaryImageOfPage\":{\"@id\":\"https:\/\/metaltale.com\/lv\/produkts\/izlietnes-aizbazni-ar-roza-zeltu-copper-2\/#primaryimage\"},\"image\":{\"@id\":\"https:\/\/metaltale.com\/lv\/produkts\/izlietnes-aizbazni-ar-roza-zeltu-copper-2\/#primaryimage\"},\"thumbnailUrl\":\"https:\/\/metaltale.com\/wp-content\/uploads\/2023\/10\/Praustuvo-kamx161tis-be-perpildymo-rox17Einis-auksas-VARIS-2-21cm.jpg\",\"datePublished\":\"2024-02-13T12:43:05+00:00\",\"breadcrumb\":{\"@id\":\"https:\/\/metaltale.com\/lv\/produkts\/izlietnes-aizbazni-ar-roza-zeltu-copper-2\/#breadcrumb\"},\"inLanguage\":\"lv-LV\",\"potentialAction\":[{\"@type\":\"ReadAction\",\"target\":[\"https:\/\/metaltale.com\/lv\/produkts\/izlietnes-aizbazni-ar-roza-zeltu-copper-2\/\"]}]},{\"@type\":\"ImageObject\",\"inLanguage\":\"lv-LV\",\"@id\":\"https:\/\/metaltale.com\/lv\/produkts\/izlietnes-aizbazni-ar-roza-zeltu-copper-2\/#primaryimage\",\"url\":\"https:\/\/metaltale.com\/wp-content\/uploads\/2023\/10\/Praustuvo-kamx161tis-be-perpildymo-rox17Einis-auksas-VARIS-2-21cm.jpg\",\"contentUrl\":\"https:\/\/metaltale.com\/wp-content\/uploads\/2023\/10\/Praustuvo-kamx161tis-be-perpildymo-rox17Einis-auksas-VARIS-2-21cm.jpg\",\"width\":800,\"height\":800},{\"@type\":\"BreadcrumbList\",\"@id\":\"https:\/\/metaltale.com\/lv\/produkts\/izlietnes-aizbazni-ar-roza-zeltu-copper-2\/#breadcrumb\",\"itemListElement\":[{\"@type\":\"ListItem\",\"position\":1,\"name\":\"Home\",\"item\":\"https:\/\/metaltale.com\/lv\/majas\/\"},{\"@type\":\"ListItem\",\"position\":2,\"name\":\"Veikals\",\"item\":\"https:\/\/metaltale.com\/lv\/shop\/\"},{\"@type\":\"ListItem\",\"position\":3,\"name\":\"Izlietnes aizb\u0101\u017e\u0146i ar roz\u0101 zeltu COPPER 2\"}]},{\"@type\":\"WebSite\",\"@id\":\"https:\/\/metaltale.com\/lv\/#website\",\"url\":\"https:\/\/metaltale.com\/lv\/\",\"name\":\"Metaltale.com\",\"description\":\"\",\"potentialAction\":[{\"@type\":\"SearchAction\",\"target\":{\"@type\":\"EntryPoint\",\"urlTemplate\":\"https:\/\/metaltale.com\/lv\/?s={search_term_string}\"},\"query-input\":{\"@type\":\"PropertyValueSpecification\",\"valueRequired\":true,\"valueName\":\"search_term_string\"}}],\"inLanguage\":\"lv-LV\"}]}<\/script>\n<!-- \/ Yoast SEO plugin. -->","yoast_head_json":{"title":"Izlietnes aizb\u0101\u017e\u0146i ar roz\u0101 zeltu COPPER 2 - MetalTale.com","robots":{"index":"index","follow":"follow","max-snippet":"max-snippet:-1","max-image-preview":"max-image-preview:large","max-video-preview":"max-video-preview:-1"},"canonical":"https:\/\/metaltale.com\/lv\/produkts\/izlietnes-aizbazni-ar-roza-zeltu-copper-2\/","og_locale":"lv_LV","og_type":"article","og_title":"Izlietnes aizb\u0101\u017e\u0146i ar roz\u0101 zeltu COPPER 2 - MetalTale.com","og_description":"WX modelis. RC1. PRGR Vara kolekcija Materi\u0101ls Misi\u0146\u0161 Kop\u0113jais diametrs (cm ) 6,5 P\u0101rpl\u016b\u0161ana J\u0101\/N\u0113 Kr\u0101sa Roz\u0101 zelts Apdares sp\u012bdums","og_url":"https:\/\/metaltale.com\/lv\/produkts\/izlietnes-aizbazni-ar-roza-zeltu-copper-2\/","og_site_name":"MetalTale.com","twitter_card":"summary_large_image","twitter_misc":{"Est. reading time":"1 minute"},"schema":{"@context":"https:\/\/schema.org","@graph":[{"@type":"WebPage","@id":"https:\/\/metaltale.com\/lv\/produkts\/izlietnes-aizbazni-ar-roza-zeltu-copper-2\/","url":"https:\/\/metaltale.com\/lv\/produkts\/izlietnes-aizbazni-ar-roza-zeltu-copper-2\/","name":"Izlietnes aizb\u0101\u017e\u0146i ar roz\u0101 zeltu COPPER 2 - MetalTale.com","isPartOf":{"@id":"https:\/\/metaltale.com\/lv\/#website"},"primaryImageOfPage":{"@id":"https:\/\/metaltale.com\/lv\/produkts\/izlietnes-aizbazni-ar-roza-zeltu-copper-2\/#primaryimage"},"image":{"@id":"https:\/\/metaltale.com\/lv\/produkts\/izlietnes-aizbazni-ar-roza-zeltu-copper-2\/#primaryimage"},"thumbnailUrl":"https:\/\/metaltale.com\/wp-content\/uploads\/2023\/10\/Praustuvo-kamx161tis-be-perpildymo-rox17Einis-auksas-VARIS-2-21cm.jpg","datePublished":"2024-02-13T12:43:05+00:00","breadcrumb":{"@id":"https:\/\/metaltale.com\/lv\/produkts\/izlietnes-aizbazni-ar-roza-zeltu-copper-2\/#breadcrumb"},"inLanguage":"lv-LV","potentialAction":[{"@type":"ReadAction","target":["https:\/\/metaltale.com\/lv\/produkts\/izlietnes-aizbazni-ar-roza-zeltu-copper-2\/"]}]},{"@type":"ImageObject","inLanguage":"lv-LV","@id":"https:\/\/metaltale.com\/lv\/produkts\/izlietnes-aizbazni-ar-roza-zeltu-copper-2\/#primaryimage","url":"https:\/\/metaltale.com\/wp-content\/uploads\/2023\/10\/Praustuvo-kamx161tis-be-perpildymo-rox17Einis-auksas-VARIS-2-21cm.jpg","contentUrl":"https:\/\/metaltale.com\/wp-content\/uploads\/2023\/10\/Praustuvo-kamx161tis-be-perpildymo-rox17Einis-auksas-VARIS-2-21cm.jpg","width":800,"height":800},{"@type":"BreadcrumbList","@id":"https:\/\/metaltale.com\/lv\/produkts\/izlietnes-aizbazni-ar-roza-zeltu-copper-2\/#breadcrumb","itemListElement":[{"@type":"ListItem","position":1,"name":"Home","item":"https:\/\/metaltale.com\/lv\/majas\/"},{"@type":"ListItem","position":2,"name":"Veikals","item":"https:\/\/metaltale.com\/lv\/shop\/"},{"@type":"ListItem","position":3,"name":"Izlietnes aizb\u0101\u017e\u0146i ar roz\u0101 zeltu COPPER 2"}]},{"@type":"WebSite","@id":"https:\/\/metaltale.com\/lv\/#website","url":"https:\/\/metaltale.com\/lv\/","name":"Metaltale.com","description":"","potentialAction":[{"@type":"SearchAction","target":{"@type":"EntryPoint","urlTemplate":"https:\/\/metaltale.com\/lv\/?s={search_term_string}"},"query-input":{"@type":"PropertyValueSpecification","valueRequired":true,"valueName":"search_term_string"}}],"inLanguage":"lv-LV"}]}},"_links":{"self":[{"href":"https:\/\/metaltale.com\/lv\/wp-json\/wp\/v2\/product\/135352","targetHints":{"allow":["GET"]}}],"collection":[{"href":"https:\/\/metaltale.com\/lv\/wp-json\/wp\/v2\/product"}],"about":[{"href":"https:\/\/metaltale.com\/lv\/wp-json\/wp\/v2\/types\/product"}],"replies":[{"embeddable":true,"href":"https:\/\/metaltale.com\/lv\/wp-json\/wp\/v2\/comments?post=135352"}],"version-history":[{"count":0,"href":"https:\/\/metaltale.com\/lv\/wp-json\/wp\/v2\/product\/135352\/revisions"}],"wp:featuredmedia":[{"embeddable":true,"href":"https:\/\/metaltale.com\/lv\/wp-json\/wp\/v2\/media\/90549"}],"wp:attachment":[{"href":"https:\/\/metaltale.com\/lv\/wp-json\/wp\/v2\/media?parent=135352"}],"wp:term":[{"taxonomy":"product_brand","embeddable":true,"href":"https:\/\/metaltale.com\/lv\/wp-json\/wp\/v2\/product_brand?post=135352"},{"taxonomy":"product_cat","embeddable":true,"href":"https:\/\/metaltale.com\/lv\/wp-json\/wp\/v2\/product_cat?post=135352"},{"taxonomy":"product_tag","embeddable":true,"href":"https:\/\/metaltale.com\/lv\/wp-json\/wp\/v2\/product_tag?post=135352"}],"curies":[{"name":"wp","href":"https:\/\/api.w.org\/{rel}","templated":true}]}}