{"id":135350,"date":"2024-02-13T14:41:41","date_gmt":"2024-02-13T12:41:41","guid":{"rendered":"https:\/\/metaltale.com\/produktas\/izlietnes-aizbazni-antikais-misins-gold-glen-1\/"},"modified":"2024-02-13T14:41:41","modified_gmt":"2024-02-13T12:41:41","slug":"izlietnes-aizbazni-antikais-misins-gold-glen-1","status":"publish","type":"product","link":"https:\/\/metaltale.com\/lv\/produkts\/izlietnes-aizbazni-antikais-misins-gold-glen-1\/","title":{"rendered":"Izlietnes aizb\u0101zni ant\u012bkais misi\u0146\u0161 GOLD GLEN 1"},"content":{"rendered":"<div class=\"prod_data\">WX <strong>modelis<\/strong>. NG3. GG. PRGR <br \/>Gold Glen kolekcija <br \/>Materi\u0101ls Misi\u0146\u0161 <br \/><strong>Kop\u0113jais diametrs (cm<\/strong> ) 6  <br \/><strong>P\u0101rpl\u016b\u0161ana<\/strong> J\u0101\/N\u0113  <br \/>Kr\u0101sa Ant\u012bkais misi\u0146\u0161 <br \/>Apdare M\u012bksta, sat\u012bna efekts <\/p>\n<p>&#8211; misi\u0146a tipa klik\u0161\u0137a tipa izlietnes aizb\u0101zni<br \/>&#8211; diametrs 3\/6 cm<br \/>&#8211; aizb\u0101zni\u0146\u0161 ir piem\u0113rots kolekcijai Gold Glen.<\/p>\n<hr>\n<p>&#8220;Click-clak kontaktdak\u0161a ir m\u016bsdien\u012bgs retro risin\u0101jums. Vienk\u0101r\u0161o darb\u012bbu nov\u0113rt\u0113s ikviens lietot\u0101js, jo \u016bdens tiek aiztur\u0113ts izlietn\u0113, viegli nospie\u017eot kupolu. Tas pats j\u0101dara ar\u012b attiec\u012bb\u0101 uz \u016bdens nopl\u016bdi. Aizb\u0101zni ieskauj stacion\u0101rs gredzens.<\/p>\n<\/div>\n","protected":false},"excerpt":{"rendered":"<p>WX modelis. NG3. GG. PRGR Gold Glen kolekcija Materi\u0101ls Misi\u0146\u0161 Kop\u0113jais diametrs (cm ) 6 P\u0101rpl\u016b\u0161ana J\u0101\/N\u0113 Kr\u0101sa Ant\u012bkais misi\u0146\u0161<\/p>\n","protected":false},"featured_media":89907,"comment_status":"open","ping_status":"closed","template":"","meta":{"_acf_changed":false,"pmpro_default_level":""},"product_brand":[],"product_cat":[24106],"product_tag":[],"class_list":{"0":"post-135350","1":"product","2":"type-product","3":"status-publish","4":"has-post-thumbnail","6":"product_cat-izlietnes-kontaktdaksas","7":"pmpro-has-access","9":"first","10":"instock","11":"shipping-taxable","12":"purchasable","13":"product-type-simple"},"acf":[],"yoast_head":"<!-- This site is optimized with the Yoast SEO plugin v24.9 - https:\/\/yoast.com\/wordpress\/plugins\/seo\/ -->\n<title>Izlietnes aizb\u0101zni ant\u012bkais misi\u0146\u0161 GOLD GLEN 1 - MetalTale.com<\/title>\n<meta name=\"robots\" content=\"index, follow, max-snippet:-1, max-image-preview:large, max-video-preview:-1\" \/>\n<link rel=\"canonical\" href=\"https:\/\/metaltale.com\/lv\/produkts\/izlietnes-aizbazni-antikais-misins-gold-glen-1\/\" \/>\n<meta property=\"og:locale\" content=\"lv_LV\" \/>\n<meta property=\"og:type\" content=\"article\" \/>\n<meta property=\"og:title\" content=\"Izlietnes aizb\u0101zni ant\u012bkais misi\u0146\u0161 GOLD GLEN 1 - MetalTale.com\" \/>\n<meta property=\"og:description\" content=\"WX modelis. NG3. GG. PRGR Gold Glen kolekcija Materi\u0101ls Misi\u0146\u0161 Kop\u0113jais diametrs (cm ) 6 P\u0101rpl\u016b\u0161ana J\u0101\/N\u0113 Kr\u0101sa Ant\u012bkais misi\u0146\u0161\" \/>\n<meta property=\"og:url\" content=\"https:\/\/metaltale.com\/lv\/produkts\/izlietnes-aizbazni-antikais-misins-gold-glen-1\/\" \/>\n<meta property=\"og:site_name\" content=\"MetalTale.com\" \/>\n<meta name=\"twitter:card\" content=\"summary_large_image\" \/>\n<script type=\"application\/ld+json\" class=\"yoast-schema-graph\">{\"@context\":\"https:\/\/schema.org\",\"@graph\":[{\"@type\":\"WebPage\",\"@id\":\"https:\/\/metaltale.com\/lv\/produkts\/izlietnes-aizbazni-antikais-misins-gold-glen-1\/\",\"url\":\"https:\/\/metaltale.com\/lv\/produkts\/izlietnes-aizbazni-antikais-misins-gold-glen-1\/\",\"name\":\"Izlietnes aizb\u0101zni ant\u012bkais misi\u0146\u0161 GOLD GLEN 1 - MetalTale.com\",\"isPartOf\":{\"@id\":\"https:\/\/metaltale.com\/lv\/#website\"},\"primaryImageOfPage\":{\"@id\":\"https:\/\/metaltale.com\/lv\/produkts\/izlietnes-aizbazni-antikais-misins-gold-glen-1\/#primaryimage\"},\"image\":{\"@id\":\"https:\/\/metaltale.com\/lv\/produkts\/izlietnes-aizbazni-antikais-misins-gold-glen-1\/#primaryimage\"},\"thumbnailUrl\":\"https:\/\/metaltale.com\/wp-content\/uploads\/2023\/10\/Praustuvo-kamx161tis-be-perpildymo-antikvarinis-x17Ealvaris-GOLD-GLEN-1-19cm.jpg\",\"datePublished\":\"2024-02-13T12:41:41+00:00\",\"breadcrumb\":{\"@id\":\"https:\/\/metaltale.com\/lv\/produkts\/izlietnes-aizbazni-antikais-misins-gold-glen-1\/#breadcrumb\"},\"inLanguage\":\"lv-LV\",\"potentialAction\":[{\"@type\":\"ReadAction\",\"target\":[\"https:\/\/metaltale.com\/lv\/produkts\/izlietnes-aizbazni-antikais-misins-gold-glen-1\/\"]}]},{\"@type\":\"ImageObject\",\"inLanguage\":\"lv-LV\",\"@id\":\"https:\/\/metaltale.com\/lv\/produkts\/izlietnes-aizbazni-antikais-misins-gold-glen-1\/#primaryimage\",\"url\":\"https:\/\/metaltale.com\/wp-content\/uploads\/2023\/10\/Praustuvo-kamx161tis-be-perpildymo-antikvarinis-x17Ealvaris-GOLD-GLEN-1-19cm.jpg\",\"contentUrl\":\"https:\/\/metaltale.com\/wp-content\/uploads\/2023\/10\/Praustuvo-kamx161tis-be-perpildymo-antikvarinis-x17Ealvaris-GOLD-GLEN-1-19cm.jpg\",\"width\":800,\"height\":800},{\"@type\":\"BreadcrumbList\",\"@id\":\"https:\/\/metaltale.com\/lv\/produkts\/izlietnes-aizbazni-antikais-misins-gold-glen-1\/#breadcrumb\",\"itemListElement\":[{\"@type\":\"ListItem\",\"position\":1,\"name\":\"Home\",\"item\":\"https:\/\/metaltale.com\/lv\/majas\/\"},{\"@type\":\"ListItem\",\"position\":2,\"name\":\"Veikals\",\"item\":\"https:\/\/metaltale.com\/lv\/shop\/\"},{\"@type\":\"ListItem\",\"position\":3,\"name\":\"Izlietnes aizb\u0101zni ant\u012bkais misi\u0146\u0161 GOLD GLEN 1\"}]},{\"@type\":\"WebSite\",\"@id\":\"https:\/\/metaltale.com\/lv\/#website\",\"url\":\"https:\/\/metaltale.com\/lv\/\",\"name\":\"Metaltale.com\",\"description\":\"\",\"potentialAction\":[{\"@type\":\"SearchAction\",\"target\":{\"@type\":\"EntryPoint\",\"urlTemplate\":\"https:\/\/metaltale.com\/lv\/?s={search_term_string}\"},\"query-input\":{\"@type\":\"PropertyValueSpecification\",\"valueRequired\":true,\"valueName\":\"search_term_string\"}}],\"inLanguage\":\"lv-LV\"}]}<\/script>\n<!-- \/ Yoast SEO plugin. -->","yoast_head_json":{"title":"Izlietnes aizb\u0101zni ant\u012bkais misi\u0146\u0161 GOLD GLEN 1 - MetalTale.com","robots":{"index":"index","follow":"follow","max-snippet":"max-snippet:-1","max-image-preview":"max-image-preview:large","max-video-preview":"max-video-preview:-1"},"canonical":"https:\/\/metaltale.com\/lv\/produkts\/izlietnes-aizbazni-antikais-misins-gold-glen-1\/","og_locale":"lv_LV","og_type":"article","og_title":"Izlietnes aizb\u0101zni ant\u012bkais misi\u0146\u0161 GOLD GLEN 1 - MetalTale.com","og_description":"WX modelis. NG3. GG. PRGR Gold Glen kolekcija Materi\u0101ls Misi\u0146\u0161 Kop\u0113jais diametrs (cm ) 6 P\u0101rpl\u016b\u0161ana J\u0101\/N\u0113 Kr\u0101sa Ant\u012bkais misi\u0146\u0161","og_url":"https:\/\/metaltale.com\/lv\/produkts\/izlietnes-aizbazni-antikais-misins-gold-glen-1\/","og_site_name":"MetalTale.com","twitter_card":"summary_large_image","schema":{"@context":"https:\/\/schema.org","@graph":[{"@type":"WebPage","@id":"https:\/\/metaltale.com\/lv\/produkts\/izlietnes-aizbazni-antikais-misins-gold-glen-1\/","url":"https:\/\/metaltale.com\/lv\/produkts\/izlietnes-aizbazni-antikais-misins-gold-glen-1\/","name":"Izlietnes aizb\u0101zni ant\u012bkais misi\u0146\u0161 GOLD GLEN 1 - MetalTale.com","isPartOf":{"@id":"https:\/\/metaltale.com\/lv\/#website"},"primaryImageOfPage":{"@id":"https:\/\/metaltale.com\/lv\/produkts\/izlietnes-aizbazni-antikais-misins-gold-glen-1\/#primaryimage"},"image":{"@id":"https:\/\/metaltale.com\/lv\/produkts\/izlietnes-aizbazni-antikais-misins-gold-glen-1\/#primaryimage"},"thumbnailUrl":"https:\/\/metaltale.com\/wp-content\/uploads\/2023\/10\/Praustuvo-kamx161tis-be-perpildymo-antikvarinis-x17Ealvaris-GOLD-GLEN-1-19cm.jpg","datePublished":"2024-02-13T12:41:41+00:00","breadcrumb":{"@id":"https:\/\/metaltale.com\/lv\/produkts\/izlietnes-aizbazni-antikais-misins-gold-glen-1\/#breadcrumb"},"inLanguage":"lv-LV","potentialAction":[{"@type":"ReadAction","target":["https:\/\/metaltale.com\/lv\/produkts\/izlietnes-aizbazni-antikais-misins-gold-glen-1\/"]}]},{"@type":"ImageObject","inLanguage":"lv-LV","@id":"https:\/\/metaltale.com\/lv\/produkts\/izlietnes-aizbazni-antikais-misins-gold-glen-1\/#primaryimage","url":"https:\/\/metaltale.com\/wp-content\/uploads\/2023\/10\/Praustuvo-kamx161tis-be-perpildymo-antikvarinis-x17Ealvaris-GOLD-GLEN-1-19cm.jpg","contentUrl":"https:\/\/metaltale.com\/wp-content\/uploads\/2023\/10\/Praustuvo-kamx161tis-be-perpildymo-antikvarinis-x17Ealvaris-GOLD-GLEN-1-19cm.jpg","width":800,"height":800},{"@type":"BreadcrumbList","@id":"https:\/\/metaltale.com\/lv\/produkts\/izlietnes-aizbazni-antikais-misins-gold-glen-1\/#breadcrumb","itemListElement":[{"@type":"ListItem","position":1,"name":"Home","item":"https:\/\/metaltale.com\/lv\/majas\/"},{"@type":"ListItem","position":2,"name":"Veikals","item":"https:\/\/metaltale.com\/lv\/shop\/"},{"@type":"ListItem","position":3,"name":"Izlietnes aizb\u0101zni ant\u012bkais misi\u0146\u0161 GOLD GLEN 1"}]},{"@type":"WebSite","@id":"https:\/\/metaltale.com\/lv\/#website","url":"https:\/\/metaltale.com\/lv\/","name":"Metaltale.com","description":"","potentialAction":[{"@type":"SearchAction","target":{"@type":"EntryPoint","urlTemplate":"https:\/\/metaltale.com\/lv\/?s={search_term_string}"},"query-input":{"@type":"PropertyValueSpecification","valueRequired":true,"valueName":"search_term_string"}}],"inLanguage":"lv-LV"}]}},"_links":{"self":[{"href":"https:\/\/metaltale.com\/lv\/wp-json\/wp\/v2\/product\/135350","targetHints":{"allow":["GET"]}}],"collection":[{"href":"https:\/\/metaltale.com\/lv\/wp-json\/wp\/v2\/product"}],"about":[{"href":"https:\/\/metaltale.com\/lv\/wp-json\/wp\/v2\/types\/product"}],"replies":[{"embeddable":true,"href":"https:\/\/metaltale.com\/lv\/wp-json\/wp\/v2\/comments?post=135350"}],"version-history":[{"count":0,"href":"https:\/\/metaltale.com\/lv\/wp-json\/wp\/v2\/product\/135350\/revisions"}],"wp:featuredmedia":[{"embeddable":true,"href":"https:\/\/metaltale.com\/lv\/wp-json\/wp\/v2\/media\/89907"}],"wp:attachment":[{"href":"https:\/\/metaltale.com\/lv\/wp-json\/wp\/v2\/media?parent=135350"}],"wp:term":[{"taxonomy":"product_brand","embeddable":true,"href":"https:\/\/metaltale.com\/lv\/wp-json\/wp\/v2\/product_brand?post=135350"},{"taxonomy":"product_cat","embeddable":true,"href":"https:\/\/metaltale.com\/lv\/wp-json\/wp\/v2\/product_cat?post=135350"},{"taxonomy":"product_tag","embeddable":true,"href":"https:\/\/metaltale.com\/lv\/wp-json\/wp\/v2\/product_tag?post=135350"}],"curies":[{"name":"wp","href":"https:\/\/api.w.org\/{rel}","templated":true}]}}