{"id":135340,"date":"2024-02-13T14:41:41","date_gmt":"2024-02-13T12:41:41","guid":{"rendered":"https:\/\/metaltale.com\/produktas\/izlietnes-aizbazni-melni-simply-retro-2\/"},"modified":"2024-02-13T14:41:41","modified_gmt":"2024-02-13T12:41:41","slug":"izlietnes-aizbazni-melni-simply-retro-2","status":"publish","type":"product","link":"https:\/\/metaltale.com\/lv\/produkts\/izlietnes-aizbazni-melni-simply-retro-2\/","title":{"rendered":"Izlietnes aizb\u0101\u017e\u0146i melni SIMPLY RETRO 2"},"content":{"rendered":"<div class=\"prod_data\">WX <strong>modelis<\/strong>. B2.SR. PRGR <br \/>York <strong>Collection<\/strong>, Caurules, Vienk\u0101r\u0161i retro, Lola &amp; Lexie  <br \/>Materi\u0101ls Misi\u0146\u0161 <br \/><strong>Kop\u0113jais diametrs (cm<\/strong> ) 6,5  <br \/><strong>P\u0101rpl\u016b\u0161ana<\/strong> J\u0101\/N\u0113  <br \/><strong>Kr\u0101sa<\/strong> Melna  <br \/>Apdare M\u012bksta, sat\u012bna efekts <\/p>\n<p>&#8211; misi\u0146a tipa klik\u0161\u0137a tipa izlietnes aizb\u0101zni<br \/>&#8211; diametrs 3\/6,5 cm<br \/>&#8211; redzam\u0101s otas p\u0113das uz virsmas \u013cauj kor\u0137im ieder\u0113ties York, Simply Retro un Lola &amp;; Lexie kolekcij\u0101s.<\/p>\n<hr>\n<p>Izlietnes aizb\u0101zni ar p\u0101rpl\u016bdi ir izstr\u0101d\u0101jums, kas cita starp\u0101 b\u016bs piem\u0113rots izlietn\u0113m zem skap\u012b\u0161iem. Izlietnes aizb\u0101zni ir elements, kas papildina m\u016bsu retro kolekcijas. Aizb\u0101\u017e\u0146a virsma ir pul\u0113ta ar smalkiem skr\u0101p\u0113jumiem ant\u012bk\u0101 vara kr\u0101s\u0101. Intuit\u012bva lieto\u0161ana un \u0113rta t\u012br\u012b\u0161ana ir faktori, kas izce\u013c \u0161o produktu grupu.<\/p>\n<\/div>\n","protected":false},"excerpt":{"rendered":"<p>WX modelis. B2.SR. PRGR York Collection, Caurules, Vienk\u0101r\u0161i retro, Lola &amp; Lexie Materi\u0101ls Misi\u0146\u0161 Kop\u0113jais diametrs (cm ) 6,5 P\u0101rpl\u016b\u0161ana<\/p>\n","protected":false},"featured_media":81410,"comment_status":"open","ping_status":"closed","template":"","meta":{"_acf_changed":false,"pmpro_default_level":""},"product_brand":[],"product_cat":[24106],"product_tag":[],"class_list":{"0":"post-135340","1":"product","2":"type-product","3":"status-publish","4":"has-post-thumbnail","6":"product_cat-izlietnes-kontaktdaksas","7":"pmpro-has-access","9":"first","10":"instock","11":"shipping-taxable","12":"purchasable","13":"product-type-simple"},"acf":[],"yoast_head":"<!-- This site is optimized with the Yoast SEO plugin v24.9 - https:\/\/yoast.com\/wordpress\/plugins\/seo\/ -->\n<title>Izlietnes aizb\u0101\u017e\u0146i melni SIMPLY RETRO 2 - MetalTale.com<\/title>\n<meta name=\"robots\" content=\"index, follow, max-snippet:-1, max-image-preview:large, max-video-preview:-1\" \/>\n<link rel=\"canonical\" href=\"https:\/\/metaltale.com\/lv\/produkts\/izlietnes-aizbazni-melni-simply-retro-2\/\" \/>\n<meta property=\"og:locale\" content=\"lv_LV\" \/>\n<meta property=\"og:type\" content=\"article\" \/>\n<meta property=\"og:title\" content=\"Izlietnes aizb\u0101\u017e\u0146i melni SIMPLY RETRO 2 - MetalTale.com\" \/>\n<meta property=\"og:description\" content=\"WX modelis. B2.SR. PRGR York Collection, Caurules, Vienk\u0101r\u0161i retro, Lola &amp; Lexie Materi\u0101ls Misi\u0146\u0161 Kop\u0113jais diametrs (cm ) 6,5 P\u0101rpl\u016b\u0161ana\" \/>\n<meta property=\"og:url\" content=\"https:\/\/metaltale.com\/lv\/produkts\/izlietnes-aizbazni-melni-simply-retro-2\/\" \/>\n<meta property=\"og:site_name\" content=\"MetalTale.com\" \/>\n<meta name=\"twitter:card\" content=\"summary_large_image\" \/>\n<meta name=\"twitter:label1\" content=\"Est. reading time\" \/>\n\t<meta name=\"twitter:data1\" content=\"1 minute\" \/>\n<script type=\"application\/ld+json\" class=\"yoast-schema-graph\">{\"@context\":\"https:\/\/schema.org\",\"@graph\":[{\"@type\":\"WebPage\",\"@id\":\"https:\/\/metaltale.com\/lv\/produkts\/izlietnes-aizbazni-melni-simply-retro-2\/\",\"url\":\"https:\/\/metaltale.com\/lv\/produkts\/izlietnes-aizbazni-melni-simply-retro-2\/\",\"name\":\"Izlietnes aizb\u0101\u017e\u0146i melni SIMPLY RETRO 2 - MetalTale.com\",\"isPartOf\":{\"@id\":\"https:\/\/metaltale.com\/lv\/#website\"},\"primaryImageOfPage\":{\"@id\":\"https:\/\/metaltale.com\/lv\/produkts\/izlietnes-aizbazni-melni-simply-retro-2\/#primaryimage\"},\"image\":{\"@id\":\"https:\/\/metaltale.com\/lv\/produkts\/izlietnes-aizbazni-melni-simply-retro-2\/#primaryimage\"},\"thumbnailUrl\":\"https:\/\/metaltale.com\/wp-content\/uploads\/2023\/10\/Praustuvo-kamx161tis-su-perpildymu-juodas-SIMPLY-RETRO-2-19cm.jpg\",\"datePublished\":\"2024-02-13T12:41:41+00:00\",\"breadcrumb\":{\"@id\":\"https:\/\/metaltale.com\/lv\/produkts\/izlietnes-aizbazni-melni-simply-retro-2\/#breadcrumb\"},\"inLanguage\":\"lv-LV\",\"potentialAction\":[{\"@type\":\"ReadAction\",\"target\":[\"https:\/\/metaltale.com\/lv\/produkts\/izlietnes-aizbazni-melni-simply-retro-2\/\"]}]},{\"@type\":\"ImageObject\",\"inLanguage\":\"lv-LV\",\"@id\":\"https:\/\/metaltale.com\/lv\/produkts\/izlietnes-aizbazni-melni-simply-retro-2\/#primaryimage\",\"url\":\"https:\/\/metaltale.com\/wp-content\/uploads\/2023\/10\/Praustuvo-kamx161tis-su-perpildymu-juodas-SIMPLY-RETRO-2-19cm.jpg\",\"contentUrl\":\"https:\/\/metaltale.com\/wp-content\/uploads\/2023\/10\/Praustuvo-kamx161tis-su-perpildymu-juodas-SIMPLY-RETRO-2-19cm.jpg\",\"width\":800,\"height\":800},{\"@type\":\"BreadcrumbList\",\"@id\":\"https:\/\/metaltale.com\/lv\/produkts\/izlietnes-aizbazni-melni-simply-retro-2\/#breadcrumb\",\"itemListElement\":[{\"@type\":\"ListItem\",\"position\":1,\"name\":\"Home\",\"item\":\"https:\/\/metaltale.com\/lv\/majas\/\"},{\"@type\":\"ListItem\",\"position\":2,\"name\":\"Veikals\",\"item\":\"https:\/\/metaltale.com\/lv\/shop\/\"},{\"@type\":\"ListItem\",\"position\":3,\"name\":\"Izlietnes aizb\u0101\u017e\u0146i melni SIMPLY RETRO 2\"}]},{\"@type\":\"WebSite\",\"@id\":\"https:\/\/metaltale.com\/lv\/#website\",\"url\":\"https:\/\/metaltale.com\/lv\/\",\"name\":\"Metaltale.com\",\"description\":\"\",\"potentialAction\":[{\"@type\":\"SearchAction\",\"target\":{\"@type\":\"EntryPoint\",\"urlTemplate\":\"https:\/\/metaltale.com\/lv\/?s={search_term_string}\"},\"query-input\":{\"@type\":\"PropertyValueSpecification\",\"valueRequired\":true,\"valueName\":\"search_term_string\"}}],\"inLanguage\":\"lv-LV\"}]}<\/script>\n<!-- \/ Yoast SEO plugin. -->","yoast_head_json":{"title":"Izlietnes aizb\u0101\u017e\u0146i melni SIMPLY RETRO 2 - MetalTale.com","robots":{"index":"index","follow":"follow","max-snippet":"max-snippet:-1","max-image-preview":"max-image-preview:large","max-video-preview":"max-video-preview:-1"},"canonical":"https:\/\/metaltale.com\/lv\/produkts\/izlietnes-aizbazni-melni-simply-retro-2\/","og_locale":"lv_LV","og_type":"article","og_title":"Izlietnes aizb\u0101\u017e\u0146i melni SIMPLY RETRO 2 - MetalTale.com","og_description":"WX modelis. B2.SR. PRGR York Collection, Caurules, Vienk\u0101r\u0161i retro, Lola &amp; Lexie Materi\u0101ls Misi\u0146\u0161 Kop\u0113jais diametrs (cm ) 6,5 P\u0101rpl\u016b\u0161ana","og_url":"https:\/\/metaltale.com\/lv\/produkts\/izlietnes-aizbazni-melni-simply-retro-2\/","og_site_name":"MetalTale.com","twitter_card":"summary_large_image","twitter_misc":{"Est. reading time":"1 minute"},"schema":{"@context":"https:\/\/schema.org","@graph":[{"@type":"WebPage","@id":"https:\/\/metaltale.com\/lv\/produkts\/izlietnes-aizbazni-melni-simply-retro-2\/","url":"https:\/\/metaltale.com\/lv\/produkts\/izlietnes-aizbazni-melni-simply-retro-2\/","name":"Izlietnes aizb\u0101\u017e\u0146i melni SIMPLY RETRO 2 - MetalTale.com","isPartOf":{"@id":"https:\/\/metaltale.com\/lv\/#website"},"primaryImageOfPage":{"@id":"https:\/\/metaltale.com\/lv\/produkts\/izlietnes-aizbazni-melni-simply-retro-2\/#primaryimage"},"image":{"@id":"https:\/\/metaltale.com\/lv\/produkts\/izlietnes-aizbazni-melni-simply-retro-2\/#primaryimage"},"thumbnailUrl":"https:\/\/metaltale.com\/wp-content\/uploads\/2023\/10\/Praustuvo-kamx161tis-su-perpildymu-juodas-SIMPLY-RETRO-2-19cm.jpg","datePublished":"2024-02-13T12:41:41+00:00","breadcrumb":{"@id":"https:\/\/metaltale.com\/lv\/produkts\/izlietnes-aizbazni-melni-simply-retro-2\/#breadcrumb"},"inLanguage":"lv-LV","potentialAction":[{"@type":"ReadAction","target":["https:\/\/metaltale.com\/lv\/produkts\/izlietnes-aizbazni-melni-simply-retro-2\/"]}]},{"@type":"ImageObject","inLanguage":"lv-LV","@id":"https:\/\/metaltale.com\/lv\/produkts\/izlietnes-aizbazni-melni-simply-retro-2\/#primaryimage","url":"https:\/\/metaltale.com\/wp-content\/uploads\/2023\/10\/Praustuvo-kamx161tis-su-perpildymu-juodas-SIMPLY-RETRO-2-19cm.jpg","contentUrl":"https:\/\/metaltale.com\/wp-content\/uploads\/2023\/10\/Praustuvo-kamx161tis-su-perpildymu-juodas-SIMPLY-RETRO-2-19cm.jpg","width":800,"height":800},{"@type":"BreadcrumbList","@id":"https:\/\/metaltale.com\/lv\/produkts\/izlietnes-aizbazni-melni-simply-retro-2\/#breadcrumb","itemListElement":[{"@type":"ListItem","position":1,"name":"Home","item":"https:\/\/metaltale.com\/lv\/majas\/"},{"@type":"ListItem","position":2,"name":"Veikals","item":"https:\/\/metaltale.com\/lv\/shop\/"},{"@type":"ListItem","position":3,"name":"Izlietnes aizb\u0101\u017e\u0146i melni SIMPLY RETRO 2"}]},{"@type":"WebSite","@id":"https:\/\/metaltale.com\/lv\/#website","url":"https:\/\/metaltale.com\/lv\/","name":"Metaltale.com","description":"","potentialAction":[{"@type":"SearchAction","target":{"@type":"EntryPoint","urlTemplate":"https:\/\/metaltale.com\/lv\/?s={search_term_string}"},"query-input":{"@type":"PropertyValueSpecification","valueRequired":true,"valueName":"search_term_string"}}],"inLanguage":"lv-LV"}]}},"_links":{"self":[{"href":"https:\/\/metaltale.com\/lv\/wp-json\/wp\/v2\/product\/135340","targetHints":{"allow":["GET"]}}],"collection":[{"href":"https:\/\/metaltale.com\/lv\/wp-json\/wp\/v2\/product"}],"about":[{"href":"https:\/\/metaltale.com\/lv\/wp-json\/wp\/v2\/types\/product"}],"replies":[{"embeddable":true,"href":"https:\/\/metaltale.com\/lv\/wp-json\/wp\/v2\/comments?post=135340"}],"version-history":[{"count":0,"href":"https:\/\/metaltale.com\/lv\/wp-json\/wp\/v2\/product\/135340\/revisions"}],"wp:featuredmedia":[{"embeddable":true,"href":"https:\/\/metaltale.com\/lv\/wp-json\/wp\/v2\/media\/81410"}],"wp:attachment":[{"href":"https:\/\/metaltale.com\/lv\/wp-json\/wp\/v2\/media?parent=135340"}],"wp:term":[{"taxonomy":"product_brand","embeddable":true,"href":"https:\/\/metaltale.com\/lv\/wp-json\/wp\/v2\/product_brand?post=135340"},{"taxonomy":"product_cat","embeddable":true,"href":"https:\/\/metaltale.com\/lv\/wp-json\/wp\/v2\/product_cat?post=135340"},{"taxonomy":"product_tag","embeddable":true,"href":"https:\/\/metaltale.com\/lv\/wp-json\/wp\/v2\/product_tag?post=135340"}],"curies":[{"name":"wp","href":"https:\/\/api.w.org\/{rel}","templated":true}]}}