{"id":135334,"date":"2024-02-13T13:25:05","date_gmt":"2024-02-13T11:25:05","guid":{"rendered":"https:\/\/metaltale.com\/produktas\/factory-oak-4-industriala-stila-tv-skapitis\/"},"modified":"2024-02-13T13:25:05","modified_gmt":"2024-02-13T11:25:05","slug":"factory-oak-4-industriala-stila-tv-skapitis","status":"publish","type":"product","link":"https:\/\/metaltale.com\/lv\/produkts\/factory-oak-4-industriala-stila-tv-skapitis\/","title":{"rendered":"FACTORY OAK 4 industri\u0101l\u0101 stila TV skap\u012btis"},"content":{"rendered":"<div class=\"prod_data\">\n<p>ZA <strong>modelis<\/strong>. FAC. C1-DAB<br \/>\nFACTORY OAK <strong>kolekcija<\/strong><br \/>\n<strong>EAN.<\/strong>  5905369915789<br \/>\n<strong>Materi\u0101ls<\/strong> Ozola koks, t\u0113rauds<br \/>\n<strong>Kop\u0113jais augstums (cm<\/strong> ) 60<br \/>\n<strong>Kop\u0113jais platums (cm<\/strong> ) 225<br \/>\n<strong>Dzi\u013cums (cm<\/strong> ) 40<br \/>\n<strong>Pieg\u0101des veids<\/strong> Piln\u012bb\u0101 samont\u0113ts produkts<\/p>\n<p>&#8211; Industri\u0101ls TV skap\u012btis no ozolkoka un t\u0113rauda<br \/>\n&#8211; lod\u012b\u0161u gult\u0146u vadotnes atvieglo atvilkt\u0146u izvilk\u0161anu.<br \/>\n&#8211; B\u012bd\u0101m\u0101 priek\u0161\u0113j\u0101 plaukta p\u0101rsegs ir praktisks un dizaina risin\u0101jums.<br \/>\n&#8211; sl\u0113gta 80&#215;20 mm profila konstrukcija garant\u0113 stabilit\u0101ti un iztur\u012bbu;<br \/>\n&#8211; t\u0113rauds, pies\u016bcin\u0101ts ar caursp\u012bd\u012bgu sl\u0101ni, kas aizsarg\u0101 pret boj\u0101jumiem un skr\u0101p\u0113jumiem.<br \/>\n&#8211; atvilktnes izgatavotas tikai no ne\u0113vel\u0113ta koka &#8211; mont\u0101\u017eai izmantotas redzamas naglas<br \/>\n&#8211; starp atl\u012bm\u0113tiem d\u0113\u013ciem var rasties spraugas, kas neietekm\u0113 lieto\u0161anas \u0113rtumu.<br \/>\n&#8211; Ar dab\u012bgo e\u013c\u013cu pies\u016bcin\u0101ta ozolkoka koksne<br \/>\n&#8211; sagaid\u0101m\u0101 noveco\u0161anas ietekme izpau\u017eas k\u0101 redzami skr\u0101p\u0113jumi uz t\u0113rauda virsmas un paman\u0101ma koka tekst\u016bra.<br \/>\n&#8211; izstr\u0101d\u0101jumu kr\u0101sa var at\u0161\u0137irties no fotogalerij\u0101 redzam\u0101s kr\u0101sas individu\u0101lu monitora iestat\u012bjumu un materi\u0101lu \u012bpa\u0161\u012bbu d\u0113\u013c &#8211; t\u0113rauds un ozolkoks ir neapstr\u0101d\u0101ti materi\u0101li, kuru kr\u0101sa, tonis un tekst\u016bra var at\u0161\u0137irties atkar\u012bb\u0101 no eksempl\u0101ra vai ra\u017eo\u0161anas partijas.<\/p>\n<hr>\n<p>RTV Factory Oak 4 ir unik\u0101la un p\u0101rlaic\u012bga m\u0113bele cilv\u0113kiem, kas nov\u0113rt\u0113 ori\u0123inalit\u0101ti. T\u0113rauda konstrukcija, kas aizsarg\u0101ta ar caursp\u012bd\u012bgu laku, garant\u0113 TV skap\u012b\u0161a stabilit\u0101ti un iztur\u012bbu pret skr\u0101p\u0113jumiem. M\u0113be\u013cu simetriskais sadal\u012bjums atvilktn\u0113s un skapjos ar b\u012bd\u0101m\u0101m fas\u0101d\u0113m rada harmonijas saj\u016btu. Praktisk\u0101s koka atvilktnes un plaukti RTV apr\u012bkojumam tika papildin\u0101ti ar stil\u012bgiem rokturiem, kas izgatavoti no profil\u0113ta plakana stie\u0146a. M\u0113be\u013cu lielais izm\u0113rs neizsl\u0113dz iesp\u0113ju t\u0101s ievietot maz\u0101k\u0101s telp\u0101s &#8211; skapis var viegli aizst\u0101t kumodi gan k\u0101 uzglab\u0101\u0161anas vietu, gan k\u0101 galda virsmu suven\u012bru un rot\u0101jumu izst\u0101d\u012b\u0161anai. Darba virsmai, kas izgatavota no nesl\u012bp\u0113tiem d\u0113\u013ciem, var b\u016bt spraugas, kas neietekm\u0113 m\u0113be\u013cu lieto\u0161anas \u012bpa\u0161\u012bbas. Interesants risin\u0101jums ir ar\u012b b\u012bd\u0101m\u0101s sist\u0113mas izmanto\u0161ana &#8211; pats meh\u0101nisms ir \u013coti vienk\u0101r\u0161s un taj\u0101 pa\u0161\u0101 laik\u0101 vienk\u0101r\u0161s p\u0113c izskata, un tas lieliski iederas pie citiem t\u0113rauda elementiem. Izstr\u0101d\u0101juma lielisk\u0101 \u012bpa\u0161\u012bba ir t\u0101, ka ar vienu durvju p\u0101rvilk\u0161anu m\u0113s ieg\u016bstam piln\u012bgi jaunu m\u0113be\u013cu izskatu.<\/p>\n<\/div>\n","protected":false},"excerpt":{"rendered":"<p>ZA modelis. FAC. C1-DAB FACTORY OAK kolekcija EAN. 5905369915789 Materi\u0101ls Ozola koks, t\u0113rauds Kop\u0113jais augstums (cm ) 60 Kop\u0113jais platums<\/p>\n","protected":false},"featured_media":119606,"comment_status":"open","ping_status":"closed","template":"","meta":{"_acf_changed":false,"pmpro_default_level":""},"product_brand":[],"product_cat":[24057,24091],"product_tag":[],"class_list":{"0":"post-135334","1":"product","2":"type-product","3":"status-publish","4":"has-post-thumbnail","6":"product_cat-rupnieciskas-mebeles","7":"product_cat-televizoru-skapji","8":"pmpro-has-access","10":"first","11":"instock","12":"shipping-taxable","13":"purchasable","14":"product-type-simple"},"acf":[],"yoast_head":"<!-- This site is optimized with the Yoast SEO plugin v24.9 - https:\/\/yoast.com\/wordpress\/plugins\/seo\/ -->\n<title>FACTORY OAK 4 industri\u0101l\u0101 stila TV skap\u012btis - MetalTale.com<\/title>\n<meta name=\"robots\" content=\"index, follow, max-snippet:-1, max-image-preview:large, max-video-preview:-1\" \/>\n<link rel=\"canonical\" href=\"https:\/\/metaltale.com\/lv\/produkts\/factory-oak-4-industriala-stila-tv-skapitis\/\" \/>\n<meta property=\"og:locale\" content=\"lv_LV\" \/>\n<meta property=\"og:type\" content=\"article\" \/>\n<meta property=\"og:title\" content=\"FACTORY OAK 4 industri\u0101l\u0101 stila TV skap\u012btis - MetalTale.com\" \/>\n<meta property=\"og:description\" content=\"ZA modelis. FAC. C1-DAB FACTORY OAK kolekcija EAN. 5905369915789 Materi\u0101ls Ozola koks, t\u0113rauds Kop\u0113jais augstums (cm ) 60 Kop\u0113jais platums\" \/>\n<meta property=\"og:url\" content=\"https:\/\/metaltale.com\/lv\/produkts\/factory-oak-4-industriala-stila-tv-skapitis\/\" \/>\n<meta property=\"og:site_name\" content=\"MetalTale.com\" \/>\n<meta name=\"twitter:card\" content=\"summary_large_image\" \/>\n<meta name=\"twitter:label1\" content=\"Est. reading time\" \/>\n\t<meta name=\"twitter:data1\" content=\"2 minutes\" \/>\n<script type=\"application\/ld+json\" class=\"yoast-schema-graph\">{\"@context\":\"https:\/\/schema.org\",\"@graph\":[{\"@type\":\"WebPage\",\"@id\":\"https:\/\/metaltale.com\/lv\/produkts\/factory-oak-4-industriala-stila-tv-skapitis\/\",\"url\":\"https:\/\/metaltale.com\/lv\/produkts\/factory-oak-4-industriala-stila-tv-skapitis\/\",\"name\":\"FACTORY OAK 4 industri\u0101l\u0101 stila TV skap\u012btis - MetalTale.com\",\"isPartOf\":{\"@id\":\"https:\/\/metaltale.com\/lv\/#website\"},\"primaryImageOfPage\":{\"@id\":\"https:\/\/metaltale.com\/lv\/produkts\/factory-oak-4-industriala-stila-tv-skapitis\/#primaryimage\"},\"image\":{\"@id\":\"https:\/\/metaltale.com\/lv\/produkts\/factory-oak-4-industriala-stila-tv-skapitis\/#primaryimage\"},\"thumbnailUrl\":\"https:\/\/metaltale.com\/wp-content\/uploads\/2024\/01\/televizoriaus-spintele-1.jpg\",\"datePublished\":\"2024-02-13T11:25:05+00:00\",\"breadcrumb\":{\"@id\":\"https:\/\/metaltale.com\/lv\/produkts\/factory-oak-4-industriala-stila-tv-skapitis\/#breadcrumb\"},\"inLanguage\":\"lv-LV\",\"potentialAction\":[{\"@type\":\"ReadAction\",\"target\":[\"https:\/\/metaltale.com\/lv\/produkts\/factory-oak-4-industriala-stila-tv-skapitis\/\"]}]},{\"@type\":\"ImageObject\",\"inLanguage\":\"lv-LV\",\"@id\":\"https:\/\/metaltale.com\/lv\/produkts\/factory-oak-4-industriala-stila-tv-skapitis\/#primaryimage\",\"url\":\"https:\/\/metaltale.com\/wp-content\/uploads\/2024\/01\/televizoriaus-spintele-1.jpg\",\"contentUrl\":\"https:\/\/metaltale.com\/wp-content\/uploads\/2024\/01\/televizoriaus-spintele-1.jpg\",\"width\":800,\"height\":800,\"caption\":\"TV spintele\"},{\"@type\":\"BreadcrumbList\",\"@id\":\"https:\/\/metaltale.com\/lv\/produkts\/factory-oak-4-industriala-stila-tv-skapitis\/#breadcrumb\",\"itemListElement\":[{\"@type\":\"ListItem\",\"position\":1,\"name\":\"Home\",\"item\":\"https:\/\/metaltale.com\/lv\/majas\/\"},{\"@type\":\"ListItem\",\"position\":2,\"name\":\"Veikals\",\"item\":\"https:\/\/metaltale.com\/lv\/shop\/\"},{\"@type\":\"ListItem\",\"position\":3,\"name\":\"FACTORY OAK 4 industri\u0101l\u0101 stila TV skap\u012btis\"}]},{\"@type\":\"WebSite\",\"@id\":\"https:\/\/metaltale.com\/lv\/#website\",\"url\":\"https:\/\/metaltale.com\/lv\/\",\"name\":\"Metaltale.com\",\"description\":\"\",\"potentialAction\":[{\"@type\":\"SearchAction\",\"target\":{\"@type\":\"EntryPoint\",\"urlTemplate\":\"https:\/\/metaltale.com\/lv\/?s={search_term_string}\"},\"query-input\":{\"@type\":\"PropertyValueSpecification\",\"valueRequired\":true,\"valueName\":\"search_term_string\"}}],\"inLanguage\":\"lv-LV\"}]}<\/script>\n<!-- \/ Yoast SEO plugin. -->","yoast_head_json":{"title":"FACTORY OAK 4 industri\u0101l\u0101 stila TV skap\u012btis - MetalTale.com","robots":{"index":"index","follow":"follow","max-snippet":"max-snippet:-1","max-image-preview":"max-image-preview:large","max-video-preview":"max-video-preview:-1"},"canonical":"https:\/\/metaltale.com\/lv\/produkts\/factory-oak-4-industriala-stila-tv-skapitis\/","og_locale":"lv_LV","og_type":"article","og_title":"FACTORY OAK 4 industri\u0101l\u0101 stila TV skap\u012btis - MetalTale.com","og_description":"ZA modelis. FAC. C1-DAB FACTORY OAK kolekcija EAN. 5905369915789 Materi\u0101ls Ozola koks, t\u0113rauds Kop\u0113jais augstums (cm ) 60 Kop\u0113jais platums","og_url":"https:\/\/metaltale.com\/lv\/produkts\/factory-oak-4-industriala-stila-tv-skapitis\/","og_site_name":"MetalTale.com","twitter_card":"summary_large_image","twitter_misc":{"Est. reading time":"2 minutes"},"schema":{"@context":"https:\/\/schema.org","@graph":[{"@type":"WebPage","@id":"https:\/\/metaltale.com\/lv\/produkts\/factory-oak-4-industriala-stila-tv-skapitis\/","url":"https:\/\/metaltale.com\/lv\/produkts\/factory-oak-4-industriala-stila-tv-skapitis\/","name":"FACTORY OAK 4 industri\u0101l\u0101 stila TV skap\u012btis - MetalTale.com","isPartOf":{"@id":"https:\/\/metaltale.com\/lv\/#website"},"primaryImageOfPage":{"@id":"https:\/\/metaltale.com\/lv\/produkts\/factory-oak-4-industriala-stila-tv-skapitis\/#primaryimage"},"image":{"@id":"https:\/\/metaltale.com\/lv\/produkts\/factory-oak-4-industriala-stila-tv-skapitis\/#primaryimage"},"thumbnailUrl":"https:\/\/metaltale.com\/wp-content\/uploads\/2024\/01\/televizoriaus-spintele-1.jpg","datePublished":"2024-02-13T11:25:05+00:00","breadcrumb":{"@id":"https:\/\/metaltale.com\/lv\/produkts\/factory-oak-4-industriala-stila-tv-skapitis\/#breadcrumb"},"inLanguage":"lv-LV","potentialAction":[{"@type":"ReadAction","target":["https:\/\/metaltale.com\/lv\/produkts\/factory-oak-4-industriala-stila-tv-skapitis\/"]}]},{"@type":"ImageObject","inLanguage":"lv-LV","@id":"https:\/\/metaltale.com\/lv\/produkts\/factory-oak-4-industriala-stila-tv-skapitis\/#primaryimage","url":"https:\/\/metaltale.com\/wp-content\/uploads\/2024\/01\/televizoriaus-spintele-1.jpg","contentUrl":"https:\/\/metaltale.com\/wp-content\/uploads\/2024\/01\/televizoriaus-spintele-1.jpg","width":800,"height":800,"caption":"TV spintele"},{"@type":"BreadcrumbList","@id":"https:\/\/metaltale.com\/lv\/produkts\/factory-oak-4-industriala-stila-tv-skapitis\/#breadcrumb","itemListElement":[{"@type":"ListItem","position":1,"name":"Home","item":"https:\/\/metaltale.com\/lv\/majas\/"},{"@type":"ListItem","position":2,"name":"Veikals","item":"https:\/\/metaltale.com\/lv\/shop\/"},{"@type":"ListItem","position":3,"name":"FACTORY OAK 4 industri\u0101l\u0101 stila TV skap\u012btis"}]},{"@type":"WebSite","@id":"https:\/\/metaltale.com\/lv\/#website","url":"https:\/\/metaltale.com\/lv\/","name":"Metaltale.com","description":"","potentialAction":[{"@type":"SearchAction","target":{"@type":"EntryPoint","urlTemplate":"https:\/\/metaltale.com\/lv\/?s={search_term_string}"},"query-input":{"@type":"PropertyValueSpecification","valueRequired":true,"valueName":"search_term_string"}}],"inLanguage":"lv-LV"}]}},"_links":{"self":[{"href":"https:\/\/metaltale.com\/lv\/wp-json\/wp\/v2\/product\/135334","targetHints":{"allow":["GET"]}}],"collection":[{"href":"https:\/\/metaltale.com\/lv\/wp-json\/wp\/v2\/product"}],"about":[{"href":"https:\/\/metaltale.com\/lv\/wp-json\/wp\/v2\/types\/product"}],"replies":[{"embeddable":true,"href":"https:\/\/metaltale.com\/lv\/wp-json\/wp\/v2\/comments?post=135334"}],"version-history":[{"count":0,"href":"https:\/\/metaltale.com\/lv\/wp-json\/wp\/v2\/product\/135334\/revisions"}],"wp:featuredmedia":[{"embeddable":true,"href":"https:\/\/metaltale.com\/lv\/wp-json\/wp\/v2\/media\/119606"}],"wp:attachment":[{"href":"https:\/\/metaltale.com\/lv\/wp-json\/wp\/v2\/media?parent=135334"}],"wp:term":[{"taxonomy":"product_brand","embeddable":true,"href":"https:\/\/metaltale.com\/lv\/wp-json\/wp\/v2\/product_brand?post=135334"},{"taxonomy":"product_cat","embeddable":true,"href":"https:\/\/metaltale.com\/lv\/wp-json\/wp\/v2\/product_cat?post=135334"},{"taxonomy":"product_tag","embeddable":true,"href":"https:\/\/metaltale.com\/lv\/wp-json\/wp\/v2\/product_tag?post=135334"}],"curies":[{"name":"wp","href":"https:\/\/api.w.org\/{rel}","templated":true}]}}