{"id":135332,"date":"2024-02-13T13:25:05","date_gmt":"2024-02-13T11:25:05","guid":{"rendered":"https:\/\/metaltale.com\/produktas\/industriala-stila-tv-skapitis-factory-oak-1\/"},"modified":"2024-02-13T13:25:05","modified_gmt":"2024-02-13T11:25:05","slug":"industriala-stila-tv-skapitis-factory-oak-1","status":"publish","type":"product","link":"https:\/\/metaltale.com\/lv\/produkts\/industriala-stila-tv-skapitis-factory-oak-1\/","title":{"rendered":"Industri\u0101l\u0101 stila TV skap\u012btis FACTORY OAK 1"},"content":{"rendered":"<div class=\"prod_data\">\n<p>ZA <strong>modelis<\/strong>. FAC. A1-DAB<br \/>\nFACTORY OAK <strong>kolekcija<\/strong><br \/>\n<strong>EAN.<\/strong>  5905369915727<br \/>\n<strong>Materi\u0101ls<\/strong> Ozola koks, t\u0113rauds<br \/>\n<strong>Kop\u0113jais augstums (cm<\/strong> ) 61<br \/>\nKop\u0113jais platums (cm ) 120<br \/>\n<strong>Dzi\u013cums (cm<\/strong> ) 40<br \/>\n<strong>Pieg\u0101des veids<\/strong> Piln\u012bb\u0101 samont\u0113ts produkts<br \/>\n<strong>Papildu inform\u0101cija<\/strong> Atvilktne &#8211; platums 43 cm, dzi\u013cums 27 cm, augstums 12,5 cm<\/p>\n<p>&#8211; Industri\u0101ls TV skap\u012btis no ozolkoka un t\u0113rauda<br \/>\n&#8211; lod\u012b\u0161u gult\u0146u vadotnes atvieglo atvilkt\u0146u izvilk\u0161anu.<br \/>\n&#8211; B\u012bd\u0101m\u0101 priek\u0161\u0113j\u0101 plaukta p\u0101rsegs ir praktisks un dizaina risin\u0101jums.<br \/>\n&#8211; sl\u0113gta 80&#215;20 mm profila konstrukcija garant\u0113 stabilit\u0101ti un iztur\u012bbu;<br \/>\n&#8211; t\u0113rauds, pies\u016bcin\u0101ts ar caursp\u012bd\u012bgu sl\u0101ni, kas aizsarg\u0101 pret boj\u0101jumiem un skr\u0101p\u0113jumiem.<br \/>\n&#8211; atvilktnes izgatavotas tikai no ne\u0113vel\u0113ta koka &#8211; mont\u0101\u017eai izmantotas redzamas naglas<br \/>\n&#8211; starp atl\u012bm\u0113tiem d\u0113\u013ciem var rasties spraugas, kas neietekm\u0113 lieto\u0161anas \u0113rtumu.<br \/>\n&#8211; Ar dab\u012bgo e\u013c\u013cu pies\u016bcin\u0101ta ozolkoka koksne<br \/>\n&#8211; sagaid\u0101m\u0101 noveco\u0161anas ietekme izpau\u017eas k\u0101 redzami skr\u0101p\u0113jumi uz t\u0113rauda virsmas un paman\u0101ma koka tekst\u016bra.<br \/>\n&#8211; izstr\u0101d\u0101jumu kr\u0101sa var at\u0161\u0137irties no fotogalerij\u0101 redzam\u0101s kr\u0101sas individu\u0101lu monitora iestat\u012bjumu un materi\u0101lu \u012bpa\u0161\u012bbu d\u0113\u013c &#8211; t\u0113rauds un ozolkoks ir neapstr\u0101d\u0101ti materi\u0101li, kuru kr\u0101sa, tonis un tekst\u016bra var at\u0161\u0137irties atkar\u012bb\u0101 no eksempl\u0101ra vai ra\u017eo\u0161anas partijas.<\/p>\n<hr>\n<p>Kas teica, ka b\u0113ni\u0146i un industri\u0101lais stils ir dom\u0101ts tikai pla\u0161\u0101m telp\u0101m. Izmantojot nelielu ozolkoka TV skap\u012bti no kolekcijas FACTORY, neliel\u0101 dz\u012bvokl\u012b ien\u0101k neapstr\u0101d\u0101ts, r\u016bpn\u012bc\u0101 rad\u012bts raksturs. Funkcion\u0101lais b\u012bd\u0101mo durvju un atvilkt\u0146u lietojums noder\u0113s jebkur\u0101 dz\u012bvojam\u0101 istab\u0101, \u013caujot pasl\u0113pt apr\u012bkojumu un citus s\u012bkus priek\u0161metus. Lod\u012b\u0161u vadotnes \u0113rt\u0101kai lieto\u0161anai. \u012apa\u0161a impregn\u0113\u0161anas metode izce\u013c t\u0113rauda \u012bpa\u0161o skaistumu, palielinot t\u0101 vecumu. P\u0101rstr\u0101d\u0101t\u0101 koka izmanto\u0161ana uzsver mode\u013ca smagumu, kas ir dizaineru iecer\u0113tais m\u0113r\u0137is. Ar\u012b koka atvilktnes ir izgatavotas no atl\u012bm\u0113ta koka, t\u0101p\u0113c var redz\u0113t visas naglas, kas izmantotas to mont\u0101\u017eai. J\u0101atz\u012bm\u0113 ar\u012b \u013coti vienk\u0101r\u0161ais, bet \u013coti labi profil\u0113tais rokturis, kas izgatavots no plakana stie\u0146a.<\/p>\n<\/div>\n","protected":false},"excerpt":{"rendered":"<p>ZA modelis. FAC. A1-DAB FACTORY OAK kolekcija EAN. 5905369915727 Materi\u0101ls Ozola koks, t\u0113rauds Kop\u0113jais augstums (cm ) 61 Kop\u0113jais platums<\/p>\n","protected":false},"featured_media":119617,"comment_status":"open","ping_status":"closed","template":"","meta":{"_acf_changed":false,"pmpro_default_level":""},"product_brand":[],"product_cat":[24057,24091],"product_tag":[],"class_list":{"0":"post-135332","1":"product","2":"type-product","3":"status-publish","4":"has-post-thumbnail","6":"product_cat-rupnieciskas-mebeles","7":"product_cat-televizoru-skapji","8":"pmpro-has-access","10":"first","11":"instock","12":"shipping-taxable","13":"purchasable","14":"product-type-simple"},"acf":[],"yoast_head":"<!-- This site is optimized with the Yoast SEO plugin v24.9 - https:\/\/yoast.com\/wordpress\/plugins\/seo\/ -->\n<title>Industri\u0101l\u0101 stila TV skap\u012btis FACTORY OAK 1 - MetalTale.com<\/title>\n<meta name=\"robots\" content=\"index, follow, max-snippet:-1, max-image-preview:large, max-video-preview:-1\" \/>\n<link rel=\"canonical\" href=\"https:\/\/metaltale.com\/lv\/produkts\/industriala-stila-tv-skapitis-factory-oak-1\/\" \/>\n<meta property=\"og:locale\" content=\"lv_LV\" \/>\n<meta property=\"og:type\" content=\"article\" \/>\n<meta property=\"og:title\" content=\"Industri\u0101l\u0101 stila TV skap\u012btis FACTORY OAK 1 - MetalTale.com\" \/>\n<meta property=\"og:description\" content=\"ZA modelis. FAC. A1-DAB FACTORY OAK kolekcija EAN. 5905369915727 Materi\u0101ls Ozola koks, t\u0113rauds Kop\u0113jais augstums (cm ) 61 Kop\u0113jais platums\" \/>\n<meta property=\"og:url\" content=\"https:\/\/metaltale.com\/lv\/produkts\/industriala-stila-tv-skapitis-factory-oak-1\/\" \/>\n<meta property=\"og:site_name\" content=\"MetalTale.com\" \/>\n<meta name=\"twitter:card\" content=\"summary_large_image\" \/>\n<meta name=\"twitter:label1\" content=\"Est. reading time\" \/>\n\t<meta name=\"twitter:data1\" content=\"2 minutes\" \/>\n<script type=\"application\/ld+json\" class=\"yoast-schema-graph\">{\"@context\":\"https:\/\/schema.org\",\"@graph\":[{\"@type\":\"WebPage\",\"@id\":\"https:\/\/metaltale.com\/lv\/produkts\/industriala-stila-tv-skapitis-factory-oak-1\/\",\"url\":\"https:\/\/metaltale.com\/lv\/produkts\/industriala-stila-tv-skapitis-factory-oak-1\/\",\"name\":\"Industri\u0101l\u0101 stila TV skap\u012btis FACTORY OAK 1 - MetalTale.com\",\"isPartOf\":{\"@id\":\"https:\/\/metaltale.com\/lv\/#website\"},\"primaryImageOfPage\":{\"@id\":\"https:\/\/metaltale.com\/lv\/produkts\/industriala-stila-tv-skapitis-factory-oak-1\/#primaryimage\"},\"image\":{\"@id\":\"https:\/\/metaltale.com\/lv\/produkts\/industriala-stila-tv-skapitis-factory-oak-1\/#primaryimage\"},\"thumbnailUrl\":\"https:\/\/metaltale.com\/wp-content\/uploads\/2023\/12\/televizoriaus-spintele-5.jpg\",\"datePublished\":\"2024-02-13T11:25:05+00:00\",\"breadcrumb\":{\"@id\":\"https:\/\/metaltale.com\/lv\/produkts\/industriala-stila-tv-skapitis-factory-oak-1\/#breadcrumb\"},\"inLanguage\":\"lv-LV\",\"potentialAction\":[{\"@type\":\"ReadAction\",\"target\":[\"https:\/\/metaltale.com\/lv\/produkts\/industriala-stila-tv-skapitis-factory-oak-1\/\"]}]},{\"@type\":\"ImageObject\",\"inLanguage\":\"lv-LV\",\"@id\":\"https:\/\/metaltale.com\/lv\/produkts\/industriala-stila-tv-skapitis-factory-oak-1\/#primaryimage\",\"url\":\"https:\/\/metaltale.com\/wp-content\/uploads\/2023\/12\/televizoriaus-spintele-5.jpg\",\"contentUrl\":\"https:\/\/metaltale.com\/wp-content\/uploads\/2023\/12\/televizoriaus-spintele-5.jpg\",\"width\":800,\"height\":800,\"caption\":\"TV spintele\"},{\"@type\":\"BreadcrumbList\",\"@id\":\"https:\/\/metaltale.com\/lv\/produkts\/industriala-stila-tv-skapitis-factory-oak-1\/#breadcrumb\",\"itemListElement\":[{\"@type\":\"ListItem\",\"position\":1,\"name\":\"Home\",\"item\":\"https:\/\/metaltale.com\/lv\/majas\/\"},{\"@type\":\"ListItem\",\"position\":2,\"name\":\"Veikals\",\"item\":\"https:\/\/metaltale.com\/lv\/shop\/\"},{\"@type\":\"ListItem\",\"position\":3,\"name\":\"Industri\u0101l\u0101 stila TV skap\u012btis FACTORY OAK 1\"}]},{\"@type\":\"WebSite\",\"@id\":\"https:\/\/metaltale.com\/lv\/#website\",\"url\":\"https:\/\/metaltale.com\/lv\/\",\"name\":\"Metaltale.com\",\"description\":\"\",\"potentialAction\":[{\"@type\":\"SearchAction\",\"target\":{\"@type\":\"EntryPoint\",\"urlTemplate\":\"https:\/\/metaltale.com\/lv\/?s={search_term_string}\"},\"query-input\":{\"@type\":\"PropertyValueSpecification\",\"valueRequired\":true,\"valueName\":\"search_term_string\"}}],\"inLanguage\":\"lv-LV\"}]}<\/script>\n<!-- \/ Yoast SEO plugin. -->","yoast_head_json":{"title":"Industri\u0101l\u0101 stila TV skap\u012btis FACTORY OAK 1 - MetalTale.com","robots":{"index":"index","follow":"follow","max-snippet":"max-snippet:-1","max-image-preview":"max-image-preview:large","max-video-preview":"max-video-preview:-1"},"canonical":"https:\/\/metaltale.com\/lv\/produkts\/industriala-stila-tv-skapitis-factory-oak-1\/","og_locale":"lv_LV","og_type":"article","og_title":"Industri\u0101l\u0101 stila TV skap\u012btis FACTORY OAK 1 - MetalTale.com","og_description":"ZA modelis. FAC. A1-DAB FACTORY OAK kolekcija EAN. 5905369915727 Materi\u0101ls Ozola koks, t\u0113rauds Kop\u0113jais augstums (cm ) 61 Kop\u0113jais platums","og_url":"https:\/\/metaltale.com\/lv\/produkts\/industriala-stila-tv-skapitis-factory-oak-1\/","og_site_name":"MetalTale.com","twitter_card":"summary_large_image","twitter_misc":{"Est. reading time":"2 minutes"},"schema":{"@context":"https:\/\/schema.org","@graph":[{"@type":"WebPage","@id":"https:\/\/metaltale.com\/lv\/produkts\/industriala-stila-tv-skapitis-factory-oak-1\/","url":"https:\/\/metaltale.com\/lv\/produkts\/industriala-stila-tv-skapitis-factory-oak-1\/","name":"Industri\u0101l\u0101 stila TV skap\u012btis FACTORY OAK 1 - MetalTale.com","isPartOf":{"@id":"https:\/\/metaltale.com\/lv\/#website"},"primaryImageOfPage":{"@id":"https:\/\/metaltale.com\/lv\/produkts\/industriala-stila-tv-skapitis-factory-oak-1\/#primaryimage"},"image":{"@id":"https:\/\/metaltale.com\/lv\/produkts\/industriala-stila-tv-skapitis-factory-oak-1\/#primaryimage"},"thumbnailUrl":"https:\/\/metaltale.com\/wp-content\/uploads\/2023\/12\/televizoriaus-spintele-5.jpg","datePublished":"2024-02-13T11:25:05+00:00","breadcrumb":{"@id":"https:\/\/metaltale.com\/lv\/produkts\/industriala-stila-tv-skapitis-factory-oak-1\/#breadcrumb"},"inLanguage":"lv-LV","potentialAction":[{"@type":"ReadAction","target":["https:\/\/metaltale.com\/lv\/produkts\/industriala-stila-tv-skapitis-factory-oak-1\/"]}]},{"@type":"ImageObject","inLanguage":"lv-LV","@id":"https:\/\/metaltale.com\/lv\/produkts\/industriala-stila-tv-skapitis-factory-oak-1\/#primaryimage","url":"https:\/\/metaltale.com\/wp-content\/uploads\/2023\/12\/televizoriaus-spintele-5.jpg","contentUrl":"https:\/\/metaltale.com\/wp-content\/uploads\/2023\/12\/televizoriaus-spintele-5.jpg","width":800,"height":800,"caption":"TV spintele"},{"@type":"BreadcrumbList","@id":"https:\/\/metaltale.com\/lv\/produkts\/industriala-stila-tv-skapitis-factory-oak-1\/#breadcrumb","itemListElement":[{"@type":"ListItem","position":1,"name":"Home","item":"https:\/\/metaltale.com\/lv\/majas\/"},{"@type":"ListItem","position":2,"name":"Veikals","item":"https:\/\/metaltale.com\/lv\/shop\/"},{"@type":"ListItem","position":3,"name":"Industri\u0101l\u0101 stila TV skap\u012btis FACTORY OAK 1"}]},{"@type":"WebSite","@id":"https:\/\/metaltale.com\/lv\/#website","url":"https:\/\/metaltale.com\/lv\/","name":"Metaltale.com","description":"","potentialAction":[{"@type":"SearchAction","target":{"@type":"EntryPoint","urlTemplate":"https:\/\/metaltale.com\/lv\/?s={search_term_string}"},"query-input":{"@type":"PropertyValueSpecification","valueRequired":true,"valueName":"search_term_string"}}],"inLanguage":"lv-LV"}]}},"_links":{"self":[{"href":"https:\/\/metaltale.com\/lv\/wp-json\/wp\/v2\/product\/135332","targetHints":{"allow":["GET"]}}],"collection":[{"href":"https:\/\/metaltale.com\/lv\/wp-json\/wp\/v2\/product"}],"about":[{"href":"https:\/\/metaltale.com\/lv\/wp-json\/wp\/v2\/types\/product"}],"replies":[{"embeddable":true,"href":"https:\/\/metaltale.com\/lv\/wp-json\/wp\/v2\/comments?post=135332"}],"version-history":[{"count":0,"href":"https:\/\/metaltale.com\/lv\/wp-json\/wp\/v2\/product\/135332\/revisions"}],"wp:featuredmedia":[{"embeddable":true,"href":"https:\/\/metaltale.com\/lv\/wp-json\/wp\/v2\/media\/119617"}],"wp:attachment":[{"href":"https:\/\/metaltale.com\/lv\/wp-json\/wp\/v2\/media?parent=135332"}],"wp:term":[{"taxonomy":"product_brand","embeddable":true,"href":"https:\/\/metaltale.com\/lv\/wp-json\/wp\/v2\/product_brand?post=135332"},{"taxonomy":"product_cat","embeddable":true,"href":"https:\/\/metaltale.com\/lv\/wp-json\/wp\/v2\/product_cat?post=135332"},{"taxonomy":"product_tag","embeddable":true,"href":"https:\/\/metaltale.com\/lv\/wp-json\/wp\/v2\/product_tag?post=135332"}],"curies":[{"name":"wp","href":"https:\/\/api.w.org\/{rel}","templated":true}]}}