{"id":135326,"date":"2024-02-13T13:25:05","date_gmt":"2024-02-13T11:25:05","guid":{"rendered":"https:\/\/metaltale.com\/produktas\/factory-pine-3-industriala-stila-tv-galdins\/"},"modified":"2024-02-13T13:25:05","modified_gmt":"2024-02-13T11:25:05","slug":"factory-pine-3-industriala-stila-tv-galdins","status":"publish","type":"product","link":"https:\/\/metaltale.com\/lv\/produkts\/factory-pine-3-industriala-stila-tv-galdins\/","title":{"rendered":"FACTORY PINE 3 industri\u0101l\u0101 stila TV galdi\u0146\u0161"},"content":{"rendered":"<div class=\"prod_data\">\n<p>ZA.FAC.F2 <strong>modelis<\/strong><br \/>\nFACTORY PINE <strong>kolekcija<\/strong><br \/>\n<strong>EAN.<\/strong>  5905369915796<br \/>\n<strong>Materi\u0101ls<\/strong> Priede, t\u0113rauds<br \/>\n<strong>Kop\u0113jais augstums (cm<\/strong> ) 60<br \/>\n<strong>Kop\u0113jais platums (cm<\/strong> ) 180<br \/>\n<strong>Dzi\u013cums (cm<\/strong> ) 40<br \/>\n<strong>Pieg\u0101des veids<\/strong> Piln\u012bb\u0101 samont\u0113ts produkts<\/p>\n<p>&#8211; Industri\u0101lais TV skap\u012btis no priedes koka un t\u0113rauda<br \/>\n&#8211; lod\u012b\u0161u gult\u0146u vadotnes atvieglo atvilkt\u0146u izvilk\u0161anu.<br \/>\n&#8211; B\u012bd\u0101m\u0101 priek\u0161\u0113j\u0101 plaukta p\u0101rsegs ir praktisks un dizaina risin\u0101jums.<br \/>\n&#8211; sl\u0113gta 80&#215;20 mm profila konstrukcija garant\u0113 stabilit\u0101ti un iztur\u012bbu;<br \/>\n&#8211; t\u0113rauds, pies\u016bcin\u0101ts ar caursp\u012bd\u012bgu sl\u0101ni, kas aizsarg\u0101 pret boj\u0101jumiem un skr\u0101p\u0113jumiem.<br \/>\n&#8211; starp atl\u012bm\u0113tiem d\u0113\u013ciem var rasties spraugas, kas neietekm\u0113 lieto\u0161anas \u0113rtumu.<br \/>\n&#8211; p\u0101rstr\u0101d\u0101ta priedes koksne, impregn\u0113ta ar \u016bdens traipu, iegremd\u0113\u0161anas metode<br \/>\n&#8211; sagaid\u0101m\u0101 noveco\u0161anas ietekme izpau\u017eas k\u0101 redzami skr\u0101p\u0113jumi uz t\u0113rauda virsmas un paman\u0101ma koka tekst\u016bra.<br \/>\n&#8211; izstr\u0101d\u0101jumu kr\u0101sa var at\u0161\u0137irties no fotogalerij\u0101 redzam\u0101s kr\u0101sas individu\u0101lu monitora iestat\u012bjumu un materi\u0101lu \u012bpa\u0161\u012bbu d\u0113\u013c &#8211; t\u0113rauds un priedes koksne ir neapstr\u0101d\u0101ti materi\u0101li, kuru kr\u0101sa, tonis un tekst\u016bra var at\u0161\u0137irties atkar\u012bb\u0101 no eksempl\u0101ra vai partijas.<\/p>\n<hr>\n<p>R\u016bpnieciskais TV skap\u012btis Factory Pine 3 ir ori\u0123in\u0101ls dz\u012bvojam\u0101s istabas priek\u0161likums, kas nav tik pla\u0161s k\u0101 tipiski b\u0113ni\u0146u dz\u012bvok\u013ci. Kompaktais izm\u0113rs neizsl\u0113dz pla\u0161\u0101s met\u0101la atvilktnes. Vien\u012bgais kompromiss, sal\u012bdzinot ar plat\u0101s korpusa versijas versiju, ir samazin\u0101tais apr\u012bkojuma plauktu skaits, kas ir pasl\u0113pts aiz b\u012bd\u0101m\u0101s met\u0101la frontes. Praktisks risin\u0101jums ir ar\u012b kabe\u013cu atveres. Simetrijas saglab\u0101\u0161ana rada harmonijas saj\u016btu. Stiliz\u0113ts k\u0101 novecojis t\u0113rauds, tam ir redzami savienojumi, kniedes, \u0161uves un skr\u0101p\u0113jumi &#8211; viss tas ir pasarg\u0101ts no boj\u0101jumiem un skr\u0101p\u0113jumiem. P\u0101rstr\u0101d\u0101t\u0101s koksnes smagums tika pan\u0101kts ar impregn\u0113\u0161anu un apstr\u0101di, kas piel\u0101gota produktam. Industri\u0101lo klimatu paspilgtina nesl\u012bp\u0113ti d\u0113\u013ci, starp kuriem var b\u016bt spraugas &#8211; t\u0101s neietekm\u0113 m\u0113be\u013cu lieto\u0161anas \u012bpa\u0161\u012bbas. Prie\u017eu TV skap\u012btim ir rakstur\u012bgs unik\u0101ls stils un ori\u0123inalit\u0101te, k\u0101 ar\u012b stabilit\u0101te un iztur\u012bba. &#8220;Factory Pine&#8221; l\u012bnij\u0101 ir da\u017e\u0101du izm\u0113ru TV skap\u012b\u0161i, kas \u013cauj piel\u0101got m\u0113beles j\u016bsu interjera izm\u0113ram.<\/p>\n<\/div>\n","protected":false},"excerpt":{"rendered":"<p>ZA.FAC.F2 modelis FACTORY PINE kolekcija EAN. 5905369915796 Materi\u0101ls Priede, t\u0113rauds Kop\u0113jais augstums (cm ) 60 Kop\u0113jais platums (cm ) 180<\/p>\n","protected":false},"featured_media":119583,"comment_status":"open","ping_status":"closed","template":"","meta":{"_acf_changed":false,"pmpro_default_level":""},"product_brand":[],"product_cat":[24057,24091],"product_tag":[],"class_list":{"0":"post-135326","1":"product","2":"type-product","3":"status-publish","4":"has-post-thumbnail","6":"product_cat-rupnieciskas-mebeles","7":"product_cat-televizoru-skapji","8":"pmpro-has-access","10":"first","11":"instock","12":"shipping-taxable","13":"purchasable","14":"product-type-simple"},"acf":[],"yoast_head":"<!-- This site is optimized with the Yoast SEO plugin v24.9 - https:\/\/yoast.com\/wordpress\/plugins\/seo\/ -->\n<title>FACTORY PINE 3 industri\u0101l\u0101 stila TV galdi\u0146\u0161 - MetalTale.com<\/title>\n<meta name=\"robots\" content=\"index, follow, max-snippet:-1, max-image-preview:large, max-video-preview:-1\" \/>\n<link rel=\"canonical\" href=\"https:\/\/metaltale.com\/lv\/produkts\/factory-pine-3-industriala-stila-tv-galdins\/\" \/>\n<meta property=\"og:locale\" content=\"lv_LV\" \/>\n<meta property=\"og:type\" content=\"article\" \/>\n<meta property=\"og:title\" content=\"FACTORY PINE 3 industri\u0101l\u0101 stila TV galdi\u0146\u0161 - MetalTale.com\" \/>\n<meta property=\"og:description\" content=\"ZA.FAC.F2 modelis FACTORY PINE kolekcija EAN. 5905369915796 Materi\u0101ls Priede, t\u0113rauds Kop\u0113jais augstums (cm ) 60 Kop\u0113jais platums (cm ) 180\" \/>\n<meta property=\"og:url\" content=\"https:\/\/metaltale.com\/lv\/produkts\/factory-pine-3-industriala-stila-tv-galdins\/\" \/>\n<meta property=\"og:site_name\" content=\"MetalTale.com\" \/>\n<meta name=\"twitter:card\" content=\"summary_large_image\" \/>\n<meta name=\"twitter:label1\" content=\"Est. reading time\" \/>\n\t<meta name=\"twitter:data1\" content=\"2 minutes\" \/>\n<script type=\"application\/ld+json\" class=\"yoast-schema-graph\">{\"@context\":\"https:\/\/schema.org\",\"@graph\":[{\"@type\":\"WebPage\",\"@id\":\"https:\/\/metaltale.com\/lv\/produkts\/factory-pine-3-industriala-stila-tv-galdins\/\",\"url\":\"https:\/\/metaltale.com\/lv\/produkts\/factory-pine-3-industriala-stila-tv-galdins\/\",\"name\":\"FACTORY PINE 3 industri\u0101l\u0101 stila TV galdi\u0146\u0161 - MetalTale.com\",\"isPartOf\":{\"@id\":\"https:\/\/metaltale.com\/lv\/#website\"},\"primaryImageOfPage\":{\"@id\":\"https:\/\/metaltale.com\/lv\/produkts\/factory-pine-3-industriala-stila-tv-galdins\/#primaryimage\"},\"image\":{\"@id\":\"https:\/\/metaltale.com\/lv\/produkts\/factory-pine-3-industriala-stila-tv-galdins\/#primaryimage\"},\"thumbnailUrl\":\"https:\/\/metaltale.com\/wp-content\/uploads\/2023\/12\/televizoriaus-spintele-1.jpg\",\"datePublished\":\"2024-02-13T11:25:05+00:00\",\"breadcrumb\":{\"@id\":\"https:\/\/metaltale.com\/lv\/produkts\/factory-pine-3-industriala-stila-tv-galdins\/#breadcrumb\"},\"inLanguage\":\"lv-LV\",\"potentialAction\":[{\"@type\":\"ReadAction\",\"target\":[\"https:\/\/metaltale.com\/lv\/produkts\/factory-pine-3-industriala-stila-tv-galdins\/\"]}]},{\"@type\":\"ImageObject\",\"inLanguage\":\"lv-LV\",\"@id\":\"https:\/\/metaltale.com\/lv\/produkts\/factory-pine-3-industriala-stila-tv-galdins\/#primaryimage\",\"url\":\"https:\/\/metaltale.com\/wp-content\/uploads\/2023\/12\/televizoriaus-spintele-1.jpg\",\"contentUrl\":\"https:\/\/metaltale.com\/wp-content\/uploads\/2023\/12\/televizoriaus-spintele-1.jpg\",\"width\":800,\"height\":800,\"caption\":\"TV spintele\"},{\"@type\":\"BreadcrumbList\",\"@id\":\"https:\/\/metaltale.com\/lv\/produkts\/factory-pine-3-industriala-stila-tv-galdins\/#breadcrumb\",\"itemListElement\":[{\"@type\":\"ListItem\",\"position\":1,\"name\":\"Home\",\"item\":\"https:\/\/metaltale.com\/lv\/majas\/\"},{\"@type\":\"ListItem\",\"position\":2,\"name\":\"Veikals\",\"item\":\"https:\/\/metaltale.com\/lv\/shop\/\"},{\"@type\":\"ListItem\",\"position\":3,\"name\":\"FACTORY PINE 3 industri\u0101l\u0101 stila TV galdi\u0146\u0161\"}]},{\"@type\":\"WebSite\",\"@id\":\"https:\/\/metaltale.com\/lv\/#website\",\"url\":\"https:\/\/metaltale.com\/lv\/\",\"name\":\"Metaltale.com\",\"description\":\"\",\"potentialAction\":[{\"@type\":\"SearchAction\",\"target\":{\"@type\":\"EntryPoint\",\"urlTemplate\":\"https:\/\/metaltale.com\/lv\/?s={search_term_string}\"},\"query-input\":{\"@type\":\"PropertyValueSpecification\",\"valueRequired\":true,\"valueName\":\"search_term_string\"}}],\"inLanguage\":\"lv-LV\"}]}<\/script>\n<!-- \/ Yoast SEO plugin. -->","yoast_head_json":{"title":"FACTORY PINE 3 industri\u0101l\u0101 stila TV galdi\u0146\u0161 - MetalTale.com","robots":{"index":"index","follow":"follow","max-snippet":"max-snippet:-1","max-image-preview":"max-image-preview:large","max-video-preview":"max-video-preview:-1"},"canonical":"https:\/\/metaltale.com\/lv\/produkts\/factory-pine-3-industriala-stila-tv-galdins\/","og_locale":"lv_LV","og_type":"article","og_title":"FACTORY PINE 3 industri\u0101l\u0101 stila TV galdi\u0146\u0161 - MetalTale.com","og_description":"ZA.FAC.F2 modelis FACTORY PINE kolekcija EAN. 5905369915796 Materi\u0101ls Priede, t\u0113rauds Kop\u0113jais augstums (cm ) 60 Kop\u0113jais platums (cm ) 180","og_url":"https:\/\/metaltale.com\/lv\/produkts\/factory-pine-3-industriala-stila-tv-galdins\/","og_site_name":"MetalTale.com","twitter_card":"summary_large_image","twitter_misc":{"Est. reading time":"2 minutes"},"schema":{"@context":"https:\/\/schema.org","@graph":[{"@type":"WebPage","@id":"https:\/\/metaltale.com\/lv\/produkts\/factory-pine-3-industriala-stila-tv-galdins\/","url":"https:\/\/metaltale.com\/lv\/produkts\/factory-pine-3-industriala-stila-tv-galdins\/","name":"FACTORY PINE 3 industri\u0101l\u0101 stila TV galdi\u0146\u0161 - MetalTale.com","isPartOf":{"@id":"https:\/\/metaltale.com\/lv\/#website"},"primaryImageOfPage":{"@id":"https:\/\/metaltale.com\/lv\/produkts\/factory-pine-3-industriala-stila-tv-galdins\/#primaryimage"},"image":{"@id":"https:\/\/metaltale.com\/lv\/produkts\/factory-pine-3-industriala-stila-tv-galdins\/#primaryimage"},"thumbnailUrl":"https:\/\/metaltale.com\/wp-content\/uploads\/2023\/12\/televizoriaus-spintele-1.jpg","datePublished":"2024-02-13T11:25:05+00:00","breadcrumb":{"@id":"https:\/\/metaltale.com\/lv\/produkts\/factory-pine-3-industriala-stila-tv-galdins\/#breadcrumb"},"inLanguage":"lv-LV","potentialAction":[{"@type":"ReadAction","target":["https:\/\/metaltale.com\/lv\/produkts\/factory-pine-3-industriala-stila-tv-galdins\/"]}]},{"@type":"ImageObject","inLanguage":"lv-LV","@id":"https:\/\/metaltale.com\/lv\/produkts\/factory-pine-3-industriala-stila-tv-galdins\/#primaryimage","url":"https:\/\/metaltale.com\/wp-content\/uploads\/2023\/12\/televizoriaus-spintele-1.jpg","contentUrl":"https:\/\/metaltale.com\/wp-content\/uploads\/2023\/12\/televizoriaus-spintele-1.jpg","width":800,"height":800,"caption":"TV spintele"},{"@type":"BreadcrumbList","@id":"https:\/\/metaltale.com\/lv\/produkts\/factory-pine-3-industriala-stila-tv-galdins\/#breadcrumb","itemListElement":[{"@type":"ListItem","position":1,"name":"Home","item":"https:\/\/metaltale.com\/lv\/majas\/"},{"@type":"ListItem","position":2,"name":"Veikals","item":"https:\/\/metaltale.com\/lv\/shop\/"},{"@type":"ListItem","position":3,"name":"FACTORY PINE 3 industri\u0101l\u0101 stila TV galdi\u0146\u0161"}]},{"@type":"WebSite","@id":"https:\/\/metaltale.com\/lv\/#website","url":"https:\/\/metaltale.com\/lv\/","name":"Metaltale.com","description":"","potentialAction":[{"@type":"SearchAction","target":{"@type":"EntryPoint","urlTemplate":"https:\/\/metaltale.com\/lv\/?s={search_term_string}"},"query-input":{"@type":"PropertyValueSpecification","valueRequired":true,"valueName":"search_term_string"}}],"inLanguage":"lv-LV"}]}},"_links":{"self":[{"href":"https:\/\/metaltale.com\/lv\/wp-json\/wp\/v2\/product\/135326","targetHints":{"allow":["GET"]}}],"collection":[{"href":"https:\/\/metaltale.com\/lv\/wp-json\/wp\/v2\/product"}],"about":[{"href":"https:\/\/metaltale.com\/lv\/wp-json\/wp\/v2\/types\/product"}],"replies":[{"embeddable":true,"href":"https:\/\/metaltale.com\/lv\/wp-json\/wp\/v2\/comments?post=135326"}],"version-history":[{"count":0,"href":"https:\/\/metaltale.com\/lv\/wp-json\/wp\/v2\/product\/135326\/revisions"}],"wp:featuredmedia":[{"embeddable":true,"href":"https:\/\/metaltale.com\/lv\/wp-json\/wp\/v2\/media\/119583"}],"wp:attachment":[{"href":"https:\/\/metaltale.com\/lv\/wp-json\/wp\/v2\/media?parent=135326"}],"wp:term":[{"taxonomy":"product_brand","embeddable":true,"href":"https:\/\/metaltale.com\/lv\/wp-json\/wp\/v2\/product_brand?post=135326"},{"taxonomy":"product_cat","embeddable":true,"href":"https:\/\/metaltale.com\/lv\/wp-json\/wp\/v2\/product_cat?post=135326"},{"taxonomy":"product_tag","embeddable":true,"href":"https:\/\/metaltale.com\/lv\/wp-json\/wp\/v2\/product_tag?post=135326"}],"curies":[{"name":"wp","href":"https:\/\/api.w.org\/{rel}","templated":true}]}}