{"id":135323,"date":"2024-02-13T13:25:05","date_gmt":"2024-02-13T11:25:05","guid":{"rendered":"https:\/\/metaltale.com\/produktas\/factory-pine-5-industriala-stila-tv-skapitis\/"},"modified":"2024-02-13T13:25:05","modified_gmt":"2024-02-13T11:25:05","slug":"factory-pine-5-industriala-stila-tv-skapitis","status":"publish","type":"product","link":"https:\/\/metaltale.com\/lv\/produkts\/factory-pine-5-industriala-stila-tv-skapitis\/","title":{"rendered":"FACTORY PINE 5 industri\u0101l\u0101 stila TV skap\u012btis"},"content":{"rendered":"<div class=\"prod_data\">\n<p>ZA <strong>modelis<\/strong>. FAC. D2<br \/>\nFACTORY PINE <strong>kolekcija<\/strong><br \/>\n<strong>EAN.<\/strong>  5905369915710<br \/>\n<strong>Materi\u0101ls<\/strong> Priede, t\u0113rauds<br \/>\n<strong>Kop\u0113jais augstums (cm<\/strong> ) 60<br \/>\n<strong>Kop\u0113jais platums (cm<\/strong> ) 225<br \/>\n<strong>Dzi\u013cums (cm<\/strong> ) 50<br \/>\n<strong>Pieg\u0101des veids<\/strong> Piln\u012bb\u0101 samont\u0113ts produkts<\/p>\n<p>&#8211; Industri\u0101lais TV skap\u012btis no priedes koka un t\u0113rauda<br \/>\n&#8211; lod\u012b\u0161u gult\u0146u vadotnes atvieglo atvilkt\u0146u izvilk\u0161anu.<br \/>\n&#8211; B\u012bd\u0101m\u0101 priek\u0161\u0113j\u0101 plaukta p\u0101rsegs ir praktisks un dizaina risin\u0101jums.<br \/>\n&#8211; sl\u0113gta 80&#215;20 mm profila konstrukcija garant\u0113 stabilit\u0101ti un iztur\u012bbu;<br \/>\n&#8211; t\u0113rauds, pies\u016bcin\u0101ts ar caursp\u012bd\u012bgu sl\u0101ni, kas aizsarg\u0101 pret boj\u0101jumiem un skr\u0101p\u0113jumiem.<br \/>\n&#8211; starp atl\u012bm\u0113tiem d\u0113\u013ciem var rasties spraugas, kas neietekm\u0113 lieto\u0161anas \u0113rtumu.<br \/>\n&#8211; p\u0101rstr\u0101d\u0101ta priedes koksne, impregn\u0113ta ar \u016bdens traipu, iegremd\u0113\u0161anas metode<br \/>\n&#8211; sagaid\u0101m\u0101 noveco\u0161anas ietekme izpau\u017eas k\u0101 redzami skr\u0101p\u0113jumi uz t\u0113rauda virsmas un paman\u0101ma koka tekst\u016bra.<br \/>\n&#8211; izstr\u0101d\u0101jumu kr\u0101sa var at\u0161\u0137irties no fotogalerij\u0101 redzam\u0101s kr\u0101sas individu\u0101lu monitora iestat\u012bjumu un materi\u0101lu \u012bpa\u0161\u012bbu d\u0113\u013c &#8211; t\u0113rauds un priedes koksne ir neapstr\u0101d\u0101ti materi\u0101li, kuru kr\u0101sa, tonis un tekst\u016bra var at\u0161\u0137irties atkar\u012bb\u0101 no eksempl\u0101ra vai partijas.<\/p>\n<hr>\n<p>Pla\u0161ais, neapstr\u0101d\u0101tais, industri\u0101l\u0101 stila TV skap\u012btis ir m\u0113beles, kas paredz\u0113tas pla\u0161\u0101m viesistab\u0101m. Mas\u012bvais korpuss, kas stiprin\u0101ts uz t\u0113rauda konstrukcijas, nodro\u0161ina iztur\u012bbu un stabilit\u0101ti, savuk\u0101rt praktiski m\u0113be\u013cu risin\u0101jumi palielina lieto\u0161anas komfortu. Atvilkt\u0146u un plauktu simetriskais izk\u0101rtojums rada harmoniju un izce\u013c dizaina vienk\u0101r\u0161\u012bbu. Dzi\u013caj\u0101s met\u0101la atvilktn\u0113s viegli var novietot dokumentus un citus d\u0101rgumus. Uzst\u0101d\u012btas uz lodveida vadotn\u0113m, t\u0101s ir viegli pagarin\u0101mas. Uz m\u0113bel\u0113m ir b\u012bd\u0101m\u0101 sist\u0113ma, kas paredz\u0113ta Factory Pine skapim, met\u0101la durvis sedz plauktus RTV apr\u012bkojumam, un m\u0113be\u013cu aizmugur\u0113 ir caurumi kabe\u013ciem. Profil\u0113tais ritenis vienm\u0113r\u012bgi p\u0101rvietojas pa sliedi, veidojot kust\u012bbas ce\u013cu, un tas viss lieliski saskan ar citiem t\u0113rauda m\u0113be\u013cu elementiem. Veidojot priedes TV skap\u012b\u0161a konstrukciju, j\u0101\u0146em v\u0113r\u0101 sagaid\u0101m\u0101 noveco\u0161an\u0101s ietekme &#8211; skr\u0101p\u0113jumi uz t\u0113rauda, raupja koksne, spraugas starp d\u0113\u013ciem, nelielas plaisas izejmateri\u0101la arhitekt\u016bras d\u0113\u013c, redzamas kniedes un metin\u0101juma \u0161uves. Vienk\u0101r\u0161i rokturi papildina komplektu. Kr\u0101sota p\u0101rstr\u0101d\u0101ta priedes koksne un t\u0113rauds, ko aizsarg\u0101 caursp\u012bd\u012bga laka, ir harmonisks duets, kas lieliski iederas b\u0113ni\u0146u un industri\u0101l\u0101s iek\u0101rt\u0101s. &#8220;RTV Factory&#8221; priedes skapis ir ori\u0123in\u0101la dz\u012bvojam\u0101s istabas m\u0113bele cilv\u0113kiem, kuri nov\u0113rt\u0113 unik\u0101lu stilu.<\/p>\n<\/div>\n","protected":false},"excerpt":{"rendered":"<p>ZA modelis. FAC. D2 FACTORY PINE kolekcija EAN. 5905369915710 Materi\u0101ls Priede, t\u0113rauds Kop\u0113jais augstums (cm ) 60 Kop\u0113jais platums (cm<\/p>\n","protected":false},"featured_media":119600,"comment_status":"open","ping_status":"closed","template":"","meta":{"_acf_changed":false,"pmpro_default_level":""},"product_brand":[],"product_cat":[24057,24091],"product_tag":[],"class_list":{"0":"post-135323","1":"product","2":"type-product","3":"status-publish","4":"has-post-thumbnail","6":"product_cat-rupnieciskas-mebeles","7":"product_cat-televizoru-skapji","8":"pmpro-has-access","10":"first","11":"instock","12":"shipping-taxable","13":"purchasable","14":"product-type-simple"},"acf":[],"yoast_head":"<!-- This site is optimized with the Yoast SEO plugin v24.9 - https:\/\/yoast.com\/wordpress\/plugins\/seo\/ -->\n<title>FACTORY PINE 5 industri\u0101l\u0101 stila TV skap\u012btis - MetalTale.com<\/title>\n<meta name=\"robots\" content=\"index, follow, max-snippet:-1, max-image-preview:large, max-video-preview:-1\" \/>\n<link rel=\"canonical\" href=\"https:\/\/metaltale.com\/lv\/produkts\/factory-pine-5-industriala-stila-tv-skapitis\/\" \/>\n<meta property=\"og:locale\" content=\"lv_LV\" \/>\n<meta property=\"og:type\" content=\"article\" \/>\n<meta property=\"og:title\" content=\"FACTORY PINE 5 industri\u0101l\u0101 stila TV skap\u012btis - MetalTale.com\" \/>\n<meta property=\"og:description\" content=\"ZA modelis. FAC. D2 FACTORY PINE kolekcija EAN. 5905369915710 Materi\u0101ls Priede, t\u0113rauds Kop\u0113jais augstums (cm ) 60 Kop\u0113jais platums (cm\" \/>\n<meta property=\"og:url\" content=\"https:\/\/metaltale.com\/lv\/produkts\/factory-pine-5-industriala-stila-tv-skapitis\/\" \/>\n<meta property=\"og:site_name\" content=\"MetalTale.com\" \/>\n<meta name=\"twitter:card\" content=\"summary_large_image\" \/>\n<meta name=\"twitter:label1\" content=\"Est. reading time\" \/>\n\t<meta name=\"twitter:data1\" content=\"2 minutes\" \/>\n<script type=\"application\/ld+json\" class=\"yoast-schema-graph\">{\"@context\":\"https:\/\/schema.org\",\"@graph\":[{\"@type\":\"WebPage\",\"@id\":\"https:\/\/metaltale.com\/lv\/produkts\/factory-pine-5-industriala-stila-tv-skapitis\/\",\"url\":\"https:\/\/metaltale.com\/lv\/produkts\/factory-pine-5-industriala-stila-tv-skapitis\/\",\"name\":\"FACTORY PINE 5 industri\u0101l\u0101 stila TV skap\u012btis - MetalTale.com\",\"isPartOf\":{\"@id\":\"https:\/\/metaltale.com\/lv\/#website\"},\"primaryImageOfPage\":{\"@id\":\"https:\/\/metaltale.com\/lv\/produkts\/factory-pine-5-industriala-stila-tv-skapitis\/#primaryimage\"},\"image\":{\"@id\":\"https:\/\/metaltale.com\/lv\/produkts\/factory-pine-5-industriala-stila-tv-skapitis\/#primaryimage\"},\"thumbnailUrl\":\"https:\/\/metaltale.com\/wp-content\/uploads\/2023\/12\/televizoriaus-spintele-4.jpg\",\"datePublished\":\"2024-02-13T11:25:05+00:00\",\"breadcrumb\":{\"@id\":\"https:\/\/metaltale.com\/lv\/produkts\/factory-pine-5-industriala-stila-tv-skapitis\/#breadcrumb\"},\"inLanguage\":\"lv-LV\",\"potentialAction\":[{\"@type\":\"ReadAction\",\"target\":[\"https:\/\/metaltale.com\/lv\/produkts\/factory-pine-5-industriala-stila-tv-skapitis\/\"]}]},{\"@type\":\"ImageObject\",\"inLanguage\":\"lv-LV\",\"@id\":\"https:\/\/metaltale.com\/lv\/produkts\/factory-pine-5-industriala-stila-tv-skapitis\/#primaryimage\",\"url\":\"https:\/\/metaltale.com\/wp-content\/uploads\/2023\/12\/televizoriaus-spintele-4.jpg\",\"contentUrl\":\"https:\/\/metaltale.com\/wp-content\/uploads\/2023\/12\/televizoriaus-spintele-4.jpg\",\"width\":800,\"height\":800,\"caption\":\"TV spintele\"},{\"@type\":\"BreadcrumbList\",\"@id\":\"https:\/\/metaltale.com\/lv\/produkts\/factory-pine-5-industriala-stila-tv-skapitis\/#breadcrumb\",\"itemListElement\":[{\"@type\":\"ListItem\",\"position\":1,\"name\":\"Home\",\"item\":\"https:\/\/metaltale.com\/lv\/majas\/\"},{\"@type\":\"ListItem\",\"position\":2,\"name\":\"Veikals\",\"item\":\"https:\/\/metaltale.com\/lv\/shop\/\"},{\"@type\":\"ListItem\",\"position\":3,\"name\":\"FACTORY PINE 5 industri\u0101l\u0101 stila TV skap\u012btis\"}]},{\"@type\":\"WebSite\",\"@id\":\"https:\/\/metaltale.com\/lv\/#website\",\"url\":\"https:\/\/metaltale.com\/lv\/\",\"name\":\"Metaltale.com\",\"description\":\"\",\"potentialAction\":[{\"@type\":\"SearchAction\",\"target\":{\"@type\":\"EntryPoint\",\"urlTemplate\":\"https:\/\/metaltale.com\/lv\/?s={search_term_string}\"},\"query-input\":{\"@type\":\"PropertyValueSpecification\",\"valueRequired\":true,\"valueName\":\"search_term_string\"}}],\"inLanguage\":\"lv-LV\"}]}<\/script>\n<!-- \/ Yoast SEO plugin. -->","yoast_head_json":{"title":"FACTORY PINE 5 industri\u0101l\u0101 stila TV skap\u012btis - MetalTale.com","robots":{"index":"index","follow":"follow","max-snippet":"max-snippet:-1","max-image-preview":"max-image-preview:large","max-video-preview":"max-video-preview:-1"},"canonical":"https:\/\/metaltale.com\/lv\/produkts\/factory-pine-5-industriala-stila-tv-skapitis\/","og_locale":"lv_LV","og_type":"article","og_title":"FACTORY PINE 5 industri\u0101l\u0101 stila TV skap\u012btis - MetalTale.com","og_description":"ZA modelis. FAC. D2 FACTORY PINE kolekcija EAN. 5905369915710 Materi\u0101ls Priede, t\u0113rauds Kop\u0113jais augstums (cm ) 60 Kop\u0113jais platums (cm","og_url":"https:\/\/metaltale.com\/lv\/produkts\/factory-pine-5-industriala-stila-tv-skapitis\/","og_site_name":"MetalTale.com","twitter_card":"summary_large_image","twitter_misc":{"Est. reading time":"2 minutes"},"schema":{"@context":"https:\/\/schema.org","@graph":[{"@type":"WebPage","@id":"https:\/\/metaltale.com\/lv\/produkts\/factory-pine-5-industriala-stila-tv-skapitis\/","url":"https:\/\/metaltale.com\/lv\/produkts\/factory-pine-5-industriala-stila-tv-skapitis\/","name":"FACTORY PINE 5 industri\u0101l\u0101 stila TV skap\u012btis - MetalTale.com","isPartOf":{"@id":"https:\/\/metaltale.com\/lv\/#website"},"primaryImageOfPage":{"@id":"https:\/\/metaltale.com\/lv\/produkts\/factory-pine-5-industriala-stila-tv-skapitis\/#primaryimage"},"image":{"@id":"https:\/\/metaltale.com\/lv\/produkts\/factory-pine-5-industriala-stila-tv-skapitis\/#primaryimage"},"thumbnailUrl":"https:\/\/metaltale.com\/wp-content\/uploads\/2023\/12\/televizoriaus-spintele-4.jpg","datePublished":"2024-02-13T11:25:05+00:00","breadcrumb":{"@id":"https:\/\/metaltale.com\/lv\/produkts\/factory-pine-5-industriala-stila-tv-skapitis\/#breadcrumb"},"inLanguage":"lv-LV","potentialAction":[{"@type":"ReadAction","target":["https:\/\/metaltale.com\/lv\/produkts\/factory-pine-5-industriala-stila-tv-skapitis\/"]}]},{"@type":"ImageObject","inLanguage":"lv-LV","@id":"https:\/\/metaltale.com\/lv\/produkts\/factory-pine-5-industriala-stila-tv-skapitis\/#primaryimage","url":"https:\/\/metaltale.com\/wp-content\/uploads\/2023\/12\/televizoriaus-spintele-4.jpg","contentUrl":"https:\/\/metaltale.com\/wp-content\/uploads\/2023\/12\/televizoriaus-spintele-4.jpg","width":800,"height":800,"caption":"TV spintele"},{"@type":"BreadcrumbList","@id":"https:\/\/metaltale.com\/lv\/produkts\/factory-pine-5-industriala-stila-tv-skapitis\/#breadcrumb","itemListElement":[{"@type":"ListItem","position":1,"name":"Home","item":"https:\/\/metaltale.com\/lv\/majas\/"},{"@type":"ListItem","position":2,"name":"Veikals","item":"https:\/\/metaltale.com\/lv\/shop\/"},{"@type":"ListItem","position":3,"name":"FACTORY PINE 5 industri\u0101l\u0101 stila TV skap\u012btis"}]},{"@type":"WebSite","@id":"https:\/\/metaltale.com\/lv\/#website","url":"https:\/\/metaltale.com\/lv\/","name":"Metaltale.com","description":"","potentialAction":[{"@type":"SearchAction","target":{"@type":"EntryPoint","urlTemplate":"https:\/\/metaltale.com\/lv\/?s={search_term_string}"},"query-input":{"@type":"PropertyValueSpecification","valueRequired":true,"valueName":"search_term_string"}}],"inLanguage":"lv-LV"}]}},"_links":{"self":[{"href":"https:\/\/metaltale.com\/lv\/wp-json\/wp\/v2\/product\/135323","targetHints":{"allow":["GET"]}}],"collection":[{"href":"https:\/\/metaltale.com\/lv\/wp-json\/wp\/v2\/product"}],"about":[{"href":"https:\/\/metaltale.com\/lv\/wp-json\/wp\/v2\/types\/product"}],"replies":[{"embeddable":true,"href":"https:\/\/metaltale.com\/lv\/wp-json\/wp\/v2\/comments?post=135323"}],"version-history":[{"count":0,"href":"https:\/\/metaltale.com\/lv\/wp-json\/wp\/v2\/product\/135323\/revisions"}],"wp:featuredmedia":[{"embeddable":true,"href":"https:\/\/metaltale.com\/lv\/wp-json\/wp\/v2\/media\/119600"}],"wp:attachment":[{"href":"https:\/\/metaltale.com\/lv\/wp-json\/wp\/v2\/media?parent=135323"}],"wp:term":[{"taxonomy":"product_brand","embeddable":true,"href":"https:\/\/metaltale.com\/lv\/wp-json\/wp\/v2\/product_brand?post=135323"},{"taxonomy":"product_cat","embeddable":true,"href":"https:\/\/metaltale.com\/lv\/wp-json\/wp\/v2\/product_cat?post=135323"},{"taxonomy":"product_tag","embeddable":true,"href":"https:\/\/metaltale.com\/lv\/wp-json\/wp\/v2\/product_tag?post=135323"}],"curies":[{"name":"wp","href":"https:\/\/api.w.org\/{rel}","templated":true}]}}