{"id":135318,"date":"2024-02-13T15:17:46","date_gmt":"2024-02-13T13:17:46","guid":{"rendered":"https:\/\/metaltale.com\/produktas\/stingra-industriala-stila-garderobe\/"},"modified":"2024-02-13T15:17:46","modified_gmt":"2024-02-13T13:17:46","slug":"stingra-industriala-stila-garderobe","status":"publish","type":"product","link":"https:\/\/metaltale.com\/lv\/produkts\/stingra-industriala-stila-garderobe\/","title":{"rendered":"Stingra industri\u0101l\u0101 stila garderobe"},"content":{"rendered":"<div class=\"prod_data\">\n<p><strong>Modelis<\/strong> ZA.SG.W3<br \/>\nSp\u0113c\u012bga <strong>kolekcija<\/strong><br \/>\n<strong>Materi\u0101ls<\/strong> Ozola koks, t\u0113rauds<br \/>\n<strong>Platums (cm)<\/strong> 90<br \/>\n<strong>Augstums (cm<\/strong> ) 195<br \/>\n<strong>Dzi\u013cums (cm<\/strong> ) 40<br \/>\n<strong>Kr\u0101sa<\/strong> Melna, koks &#8211; dab\u012bg\u0101 e\u013c\u013ca<br \/>\n<strong>Apdare<\/strong> Pulvera p\u0101rkl\u0101jums, e\u013c\u013cots<br \/>\n<strong>Pieg\u0101des veids<\/strong> Piln\u012bb\u0101 samont\u0113ts produkts<\/p>\n<p>skapis izgatavots no ozolkoka un t\u0113rauda ar pulverkr\u0101sas p\u0101rkl\u0101jumu<\/p>\n<p>atvilktnes ar klusu aizv\u0113r\u0161anos<\/p>\n<p>ozolkoka koks dab\u012bg\u0101 kr\u0101s\u0101, aizsarg\u0101ts ar e\u013c\u013cu.<\/p>\n<p>Redzama tekst\u016bra un grumbi\u0146as unik\u0101lam izskatam<\/p>\n<p>atvilktnes ar koka fas\u0101d\u0113m un met\u0101la korpusu<\/p>\n<p>izstr\u0101d\u0101jumu kr\u0101sa var at\u0161\u0137irties no galerij\u0101 redzamajiem att\u0113liem, kas var b\u016bt saist\u012bts ar individu\u0101liem monitora iestat\u012bjumiem un materi\u0101lu \u012bpa\u0161\u012bb\u0101m.<\/p>\n<p>t\u0113rauds un ozolkoks ir izejmateri\u0101li, kuru kr\u0101sa, nokr\u0101sa un tekst\u016bra var at\u0161\u0137irties atkar\u012bb\u0101 no parauga vai partijas.<\/p>\n<hr>\n<p>Strong ir harmoniska koka un met\u0101la kombin\u0101cija, kas rada unik\u0101lu dabas valdzin\u0101juma un industri\u0101l\u0101s elegances apvienojumu. Vitr\u012bna sast\u0101v no div\u0101m ietilp\u012bg\u0101m atvilktn\u0113m, kuras tiek darbin\u0101tas ar viegli aizveramiem sl\u012bd\u0146iem. T\u0101d\u0113j\u0101di atvilkt\u0146u atv\u0113r\u0161ana un aizv\u0113r\u0161ana ir vienk\u0101r\u0161a, vienm\u0113r\u012bga un klusa. \u0160\u012bs atvilktnes ir ide\u0101li piem\u0113rotas da\u017e\u0101diem s\u012bkumiem, dokumentiem un cit\u0101m nepiecie\u0161amaj\u0101m liet\u0101m. Viens no \u0161\u012bs vitr\u012bnas unik\u0101lajiem elementiem ir skapji, kas ir aizv\u0113rti ar met\u0101la sieta fas\u0101d\u0113m. \u0160is neparastais risin\u0101jums pie\u0161\u0137ir vitr\u012bnai unik\u0101lu izskatu un saj\u016btu, vienlaikus \u013caujot ekspon\u0113t un atkl\u0101t t\u0101s saturu. Met\u0101la siets ar\u012b pie\u0161\u0137ir smalku industri\u0101lu est\u0113tiku, kas lieliski kontrast\u0113 ar dab\u012bgo koku.<\/p>\n<\/div>\n","protected":false},"excerpt":{"rendered":"<p>Modelis ZA.SG.W3 Sp\u0113c\u012bga kolekcija Materi\u0101ls Ozola koks, t\u0113rauds Platums (cm) 90 Augstums (cm ) 195 Dzi\u013cums (cm ) 40 Kr\u0101sa<\/p>\n","protected":false},"featured_media":75688,"comment_status":"open","ping_status":"closed","template":"","meta":{"_acf_changed":false,"pmpro_default_level":""},"product_brand":[],"product_cat":[24057,24118],"product_tag":[],"class_list":{"0":"post-135318","1":"product","2":"type-product","3":"status-publish","4":"has-post-thumbnail","6":"product_cat-rupnieciskas-mebeles","7":"product_cat-skapji","8":"pmpro-has-access","10":"first","11":"instock","12":"shipping-taxable","13":"purchasable","14":"product-type-simple"},"acf":[],"yoast_head":"<!-- This site is optimized with the Yoast SEO plugin v24.9 - https:\/\/yoast.com\/wordpress\/plugins\/seo\/ -->\n<title>Stingra industri\u0101l\u0101 stila garderobe - MetalTale.com<\/title>\n<meta name=\"robots\" content=\"index, follow, max-snippet:-1, max-image-preview:large, max-video-preview:-1\" \/>\n<link rel=\"canonical\" href=\"https:\/\/metaltale.com\/lv\/produkts\/stingra-industriala-stila-garderobe\/\" \/>\n<meta property=\"og:locale\" content=\"lv_LV\" \/>\n<meta property=\"og:type\" content=\"article\" \/>\n<meta property=\"og:title\" content=\"Stingra industri\u0101l\u0101 stila garderobe - MetalTale.com\" \/>\n<meta property=\"og:description\" content=\"Modelis ZA.SG.W3 Sp\u0113c\u012bga kolekcija Materi\u0101ls Ozola koks, t\u0113rauds Platums (cm) 90 Augstums (cm ) 195 Dzi\u013cums (cm ) 40 Kr\u0101sa\" \/>\n<meta property=\"og:url\" content=\"https:\/\/metaltale.com\/lv\/produkts\/stingra-industriala-stila-garderobe\/\" \/>\n<meta property=\"og:site_name\" content=\"MetalTale.com\" \/>\n<meta name=\"twitter:card\" content=\"summary_large_image\" \/>\n<meta name=\"twitter:label1\" content=\"Est. reading time\" \/>\n\t<meta name=\"twitter:data1\" content=\"1 minute\" \/>\n<script type=\"application\/ld+json\" class=\"yoast-schema-graph\">{\"@context\":\"https:\/\/schema.org\",\"@graph\":[{\"@type\":\"WebPage\",\"@id\":\"https:\/\/metaltale.com\/lv\/produkts\/stingra-industriala-stila-garderobe\/\",\"url\":\"https:\/\/metaltale.com\/lv\/produkts\/stingra-industriala-stila-garderobe\/\",\"name\":\"Stingra industri\u0101l\u0101 stila garderobe - MetalTale.com\",\"isPartOf\":{\"@id\":\"https:\/\/metaltale.com\/lv\/#website\"},\"primaryImageOfPage\":{\"@id\":\"https:\/\/metaltale.com\/lv\/produkts\/stingra-industriala-stila-garderobe\/#primaryimage\"},\"image\":{\"@id\":\"https:\/\/metaltale.com\/lv\/produkts\/stingra-industriala-stila-garderobe\/#primaryimage\"},\"thumbnailUrl\":\"https:\/\/metaltale.com\/wp-content\/uploads\/2023\/10\/Witryna-loftas-industrialna-STRONG.jpg\",\"datePublished\":\"2024-02-13T13:17:46+00:00\",\"breadcrumb\":{\"@id\":\"https:\/\/metaltale.com\/lv\/produkts\/stingra-industriala-stila-garderobe\/#breadcrumb\"},\"inLanguage\":\"lv-LV\",\"potentialAction\":[{\"@type\":\"ReadAction\",\"target\":[\"https:\/\/metaltale.com\/lv\/produkts\/stingra-industriala-stila-garderobe\/\"]}]},{\"@type\":\"ImageObject\",\"inLanguage\":\"lv-LV\",\"@id\":\"https:\/\/metaltale.com\/lv\/produkts\/stingra-industriala-stila-garderobe\/#primaryimage\",\"url\":\"https:\/\/metaltale.com\/wp-content\/uploads\/2023\/10\/Witryna-loftas-industrialna-STRONG.jpg\",\"contentUrl\":\"https:\/\/metaltale.com\/wp-content\/uploads\/2023\/10\/Witryna-loftas-industrialna-STRONG.jpg\",\"width\":800,\"height\":800,\"caption\":\"Skapis\"},{\"@type\":\"BreadcrumbList\",\"@id\":\"https:\/\/metaltale.com\/lv\/produkts\/stingra-industriala-stila-garderobe\/#breadcrumb\",\"itemListElement\":[{\"@type\":\"ListItem\",\"position\":1,\"name\":\"Home\",\"item\":\"https:\/\/metaltale.com\/lv\/majas\/\"},{\"@type\":\"ListItem\",\"position\":2,\"name\":\"Veikals\",\"item\":\"https:\/\/metaltale.com\/lv\/shop\/\"},{\"@type\":\"ListItem\",\"position\":3,\"name\":\"Stingra industri\u0101l\u0101 stila garderobe\"}]},{\"@type\":\"WebSite\",\"@id\":\"https:\/\/metaltale.com\/lv\/#website\",\"url\":\"https:\/\/metaltale.com\/lv\/\",\"name\":\"Metaltale.com\",\"description\":\"\",\"potentialAction\":[{\"@type\":\"SearchAction\",\"target\":{\"@type\":\"EntryPoint\",\"urlTemplate\":\"https:\/\/metaltale.com\/lv\/?s={search_term_string}\"},\"query-input\":{\"@type\":\"PropertyValueSpecification\",\"valueRequired\":true,\"valueName\":\"search_term_string\"}}],\"inLanguage\":\"lv-LV\"}]}<\/script>\n<!-- \/ Yoast SEO plugin. -->","yoast_head_json":{"title":"Stingra industri\u0101l\u0101 stila garderobe - MetalTale.com","robots":{"index":"index","follow":"follow","max-snippet":"max-snippet:-1","max-image-preview":"max-image-preview:large","max-video-preview":"max-video-preview:-1"},"canonical":"https:\/\/metaltale.com\/lv\/produkts\/stingra-industriala-stila-garderobe\/","og_locale":"lv_LV","og_type":"article","og_title":"Stingra industri\u0101l\u0101 stila garderobe - MetalTale.com","og_description":"Modelis ZA.SG.W3 Sp\u0113c\u012bga kolekcija Materi\u0101ls Ozola koks, t\u0113rauds Platums (cm) 90 Augstums (cm ) 195 Dzi\u013cums (cm ) 40 Kr\u0101sa","og_url":"https:\/\/metaltale.com\/lv\/produkts\/stingra-industriala-stila-garderobe\/","og_site_name":"MetalTale.com","twitter_card":"summary_large_image","twitter_misc":{"Est. reading time":"1 minute"},"schema":{"@context":"https:\/\/schema.org","@graph":[{"@type":"WebPage","@id":"https:\/\/metaltale.com\/lv\/produkts\/stingra-industriala-stila-garderobe\/","url":"https:\/\/metaltale.com\/lv\/produkts\/stingra-industriala-stila-garderobe\/","name":"Stingra industri\u0101l\u0101 stila garderobe - MetalTale.com","isPartOf":{"@id":"https:\/\/metaltale.com\/lv\/#website"},"primaryImageOfPage":{"@id":"https:\/\/metaltale.com\/lv\/produkts\/stingra-industriala-stila-garderobe\/#primaryimage"},"image":{"@id":"https:\/\/metaltale.com\/lv\/produkts\/stingra-industriala-stila-garderobe\/#primaryimage"},"thumbnailUrl":"https:\/\/metaltale.com\/wp-content\/uploads\/2023\/10\/Witryna-loftas-industrialna-STRONG.jpg","datePublished":"2024-02-13T13:17:46+00:00","breadcrumb":{"@id":"https:\/\/metaltale.com\/lv\/produkts\/stingra-industriala-stila-garderobe\/#breadcrumb"},"inLanguage":"lv-LV","potentialAction":[{"@type":"ReadAction","target":["https:\/\/metaltale.com\/lv\/produkts\/stingra-industriala-stila-garderobe\/"]}]},{"@type":"ImageObject","inLanguage":"lv-LV","@id":"https:\/\/metaltale.com\/lv\/produkts\/stingra-industriala-stila-garderobe\/#primaryimage","url":"https:\/\/metaltale.com\/wp-content\/uploads\/2023\/10\/Witryna-loftas-industrialna-STRONG.jpg","contentUrl":"https:\/\/metaltale.com\/wp-content\/uploads\/2023\/10\/Witryna-loftas-industrialna-STRONG.jpg","width":800,"height":800,"caption":"Skapis"},{"@type":"BreadcrumbList","@id":"https:\/\/metaltale.com\/lv\/produkts\/stingra-industriala-stila-garderobe\/#breadcrumb","itemListElement":[{"@type":"ListItem","position":1,"name":"Home","item":"https:\/\/metaltale.com\/lv\/majas\/"},{"@type":"ListItem","position":2,"name":"Veikals","item":"https:\/\/metaltale.com\/lv\/shop\/"},{"@type":"ListItem","position":3,"name":"Stingra industri\u0101l\u0101 stila garderobe"}]},{"@type":"WebSite","@id":"https:\/\/metaltale.com\/lv\/#website","url":"https:\/\/metaltale.com\/lv\/","name":"Metaltale.com","description":"","potentialAction":[{"@type":"SearchAction","target":{"@type":"EntryPoint","urlTemplate":"https:\/\/metaltale.com\/lv\/?s={search_term_string}"},"query-input":{"@type":"PropertyValueSpecification","valueRequired":true,"valueName":"search_term_string"}}],"inLanguage":"lv-LV"}]}},"_links":{"self":[{"href":"https:\/\/metaltale.com\/lv\/wp-json\/wp\/v2\/product\/135318","targetHints":{"allow":["GET"]}}],"collection":[{"href":"https:\/\/metaltale.com\/lv\/wp-json\/wp\/v2\/product"}],"about":[{"href":"https:\/\/metaltale.com\/lv\/wp-json\/wp\/v2\/types\/product"}],"replies":[{"embeddable":true,"href":"https:\/\/metaltale.com\/lv\/wp-json\/wp\/v2\/comments?post=135318"}],"version-history":[{"count":0,"href":"https:\/\/metaltale.com\/lv\/wp-json\/wp\/v2\/product\/135318\/revisions"}],"wp:featuredmedia":[{"embeddable":true,"href":"https:\/\/metaltale.com\/lv\/wp-json\/wp\/v2\/media\/75688"}],"wp:attachment":[{"href":"https:\/\/metaltale.com\/lv\/wp-json\/wp\/v2\/media?parent=135318"}],"wp:term":[{"taxonomy":"product_brand","embeddable":true,"href":"https:\/\/metaltale.com\/lv\/wp-json\/wp\/v2\/product_brand?post=135318"},{"taxonomy":"product_cat","embeddable":true,"href":"https:\/\/metaltale.com\/lv\/wp-json\/wp\/v2\/product_cat?post=135318"},{"taxonomy":"product_tag","embeddable":true,"href":"https:\/\/metaltale.com\/lv\/wp-json\/wp\/v2\/product_tag?post=135318"}],"curies":[{"name":"wp","href":"https:\/\/api.w.org\/{rel}","templated":true}]}}