{"id":135303,"date":"2024-02-13T14:23:04","date_gmt":"2024-02-13T12:23:04","guid":{"rendered":"https:\/\/metaltale.com\/produktas\/industriala-beninu-konsole-iron-2-lakots-terauds\/"},"modified":"2024-02-13T14:23:04","modified_gmt":"2024-02-13T12:23:04","slug":"industriala-beninu-konsole-iron-2-lakots-terauds","status":"publish","type":"product","link":"https:\/\/metaltale.com\/lv\/produkts\/industriala-beninu-konsole-iron-2-lakots-terauds\/","title":{"rendered":"Industri\u0101l\u0101 b\u0113ni\u0146u konsole IRON 2, lakots t\u0113rauds"},"content":{"rendered":"<div class=\"prod_data\">\n<p>ZA <strong>modelis<\/strong>. FIT.050.XX<br \/>\n<strong>Materi\u0101ls<\/strong> Priede, t\u0113rauds<br \/>\n<strong>Kop\u0113jais augstums (cm<\/strong> ) 85<br \/>\n<strong>Kop\u0113jais platums (cm<\/strong> ) 80<br \/>\n<strong>Dzi\u013cums (cm<\/strong> ) 60<br \/>\n<strong>Pieg\u0101des veids<\/strong> Izstr\u0101d\u0101jums mont\u0101\u017eas elementos<\/p>\n<p>Zemi plaukti ar diviem stabiliem plauktiem uz groz\u0101miem rite\u0146iem. Kad apak\u0161\u0113jais plaukts b\u016bs demont\u0113ts, mums b\u016bs garant\u0113ts \u0113rts industri\u0101l\u0101 stila rakst\u0101mgalds, rakst\u0101mgalds. \u0160is produkts ir ide\u0101li piem\u0113rots k\u0101 \u0113rta sala.<\/p>\n<p>IRON kolekcija ir modu\u013cu m\u0113beles, ko var izgatavot p\u0113c j\u016bsu specifik\u0101cij\u0101m un vajadz\u012bb\u0101m. \u0160\u012b industri\u0101lo m\u0113be\u013cu s\u0113rija ir izgatavota no p\u0101rstr\u0101d\u0101tas priedes koksnes ar nelieliem nel\u012bdzenumiem, kas v\u0113l vair\u0101k izce\u013c izstr\u0101d\u0101jumu neapstr\u0101d\u0101to raksturu.<\/p>\n<p>Plaukts impregn\u0113ts dab\u012bg\u0101 br\u016bn\u0101 kr\u0101s\u0101, r\u0101mis no neapstr\u0101d\u0101ta, tum\u0161a t\u0113rauda (graf\u012bta) ar redzam\u0101m \u0161uv\u0113m un skr\u0101p\u0113jumiem. R\u0101mis ir papildus aizsarg\u0101ts ar caursp\u012bd\u012bgu sl\u0101ni.<\/p>\n<p>Tipiska IRON plauktu iez\u012bme ir no plakana stie\u0146a veidota X forma m\u0113be\u013cu aizmugur\u0113, kurai ir apdares un stabiliz\u0101cijas funkcija. Plaukta r\u0101mis ir izgatavots no 30 mm profila. Papildu m\u0113be\u013cu priek\u0161roc\u012bba ir uzst\u0101d\u012btie rite\u0146i, kas patie\u0161\u0101m atvieglo m\u0113be\u013cu p\u0101rvieto\u0161anu pa interjeru &#8211; tas ir noder\u012bgi gan p\u0101rk\u0101rto\u0161anai, gan t\u012br\u012b\u0161anai. Priek\u0161\u0113jiem rite\u0146iem ir sl\u0113dzene, kas ne\u013cauj m\u0113belei p\u0101rvietoties, bet aizmugur\u0113jiem rite\u0146iem sl\u0113dzenes nav.<\/p>\n<p>Priek\u0161roc\u012bba ir ar\u012b plaukti plauktos, kurus nav nepiecie\u0161ams mont\u0113t, jo tie ir elements, ko var jebkur\u0101 laik\u0101 no\u0146emt un, piem\u0113ram, no zema plaukta izveidot konsoli, p\u0101rtinamo galdu vai rakst\u0101mgaldu &#8211; no\u0146emot plauktu no t\u0101 zem\u0101k\u0101 l\u012bme\u0146a.<\/p>\n<\/div>\n","protected":false},"excerpt":{"rendered":"<p>ZA modelis. FIT.050.XX Materi\u0101ls Priede, t\u0113rauds Kop\u0113jais augstums (cm ) 85 Kop\u0113jais platums (cm ) 80 Dzi\u013cums (cm ) 60<\/p>\n","protected":false},"featured_media":119721,"comment_status":"open","ping_status":"closed","template":"","meta":{"_acf_changed":false,"pmpro_default_level":""},"product_brand":[],"product_cat":[24119,24057],"product_tag":[],"class_list":{"0":"post-135303","1":"product","2":"type-product","3":"status-publish","4":"has-post-thumbnail","6":"product_cat-konsoles-lv","7":"product_cat-rupnieciskas-mebeles","8":"pmpro-has-access","10":"first","11":"instock","12":"shipping-taxable","13":"purchasable","14":"product-type-simple"},"acf":[],"yoast_head":"<!-- This site is optimized with the Yoast SEO plugin v24.9 - https:\/\/yoast.com\/wordpress\/plugins\/seo\/ -->\n<title>Industri\u0101l\u0101 b\u0113ni\u0146u konsole IRON 2, lakots t\u0113rauds - MetalTale.com<\/title>\n<meta name=\"robots\" content=\"index, follow, max-snippet:-1, max-image-preview:large, max-video-preview:-1\" \/>\n<link rel=\"canonical\" href=\"https:\/\/metaltale.com\/lv\/produkts\/industriala-beninu-konsole-iron-2-lakots-terauds\/\" \/>\n<meta property=\"og:locale\" content=\"lv_LV\" \/>\n<meta property=\"og:type\" content=\"article\" \/>\n<meta property=\"og:title\" content=\"Industri\u0101l\u0101 b\u0113ni\u0146u konsole IRON 2, lakots t\u0113rauds - MetalTale.com\" \/>\n<meta property=\"og:description\" content=\"ZA modelis. FIT.050.XX Materi\u0101ls Priede, t\u0113rauds Kop\u0113jais augstums (cm ) 85 Kop\u0113jais platums (cm ) 80 Dzi\u013cums (cm ) 60\" \/>\n<meta property=\"og:url\" content=\"https:\/\/metaltale.com\/lv\/produkts\/industriala-beninu-konsole-iron-2-lakots-terauds\/\" \/>\n<meta property=\"og:site_name\" content=\"MetalTale.com\" \/>\n<meta name=\"twitter:card\" content=\"summary_large_image\" \/>\n<meta name=\"twitter:label1\" content=\"Est. reading time\" \/>\n\t<meta name=\"twitter:data1\" content=\"2 minutes\" \/>\n<script type=\"application\/ld+json\" class=\"yoast-schema-graph\">{\"@context\":\"https:\/\/schema.org\",\"@graph\":[{\"@type\":\"WebPage\",\"@id\":\"https:\/\/metaltale.com\/lv\/produkts\/industriala-beninu-konsole-iron-2-lakots-terauds\/\",\"url\":\"https:\/\/metaltale.com\/lv\/produkts\/industriala-beninu-konsole-iron-2-lakots-terauds\/\",\"name\":\"Industri\u0101l\u0101 b\u0113ni\u0146u konsole IRON 2, lakots t\u0113rauds - MetalTale.com\",\"isPartOf\":{\"@id\":\"https:\/\/metaltale.com\/lv\/#website\"},\"primaryImageOfPage\":{\"@id\":\"https:\/\/metaltale.com\/lv\/produkts\/industriala-beninu-konsole-iron-2-lakots-terauds\/#primaryimage\"},\"image\":{\"@id\":\"https:\/\/metaltale.com\/lv\/produkts\/industriala-beninu-konsole-iron-2-lakots-terauds\/#primaryimage\"},\"thumbnailUrl\":\"https:\/\/metaltale.com\/wp-content\/uploads\/2023\/12\/konsole.jpg\",\"datePublished\":\"2024-02-13T12:23:04+00:00\",\"breadcrumb\":{\"@id\":\"https:\/\/metaltale.com\/lv\/produkts\/industriala-beninu-konsole-iron-2-lakots-terauds\/#breadcrumb\"},\"inLanguage\":\"lv-LV\",\"potentialAction\":[{\"@type\":\"ReadAction\",\"target\":[\"https:\/\/metaltale.com\/lv\/produkts\/industriala-beninu-konsole-iron-2-lakots-terauds\/\"]}]},{\"@type\":\"ImageObject\",\"inLanguage\":\"lv-LV\",\"@id\":\"https:\/\/metaltale.com\/lv\/produkts\/industriala-beninu-konsole-iron-2-lakots-terauds\/#primaryimage\",\"url\":\"https:\/\/metaltale.com\/wp-content\/uploads\/2023\/12\/konsole.jpg\",\"contentUrl\":\"https:\/\/metaltale.com\/wp-content\/uploads\/2023\/12\/konsole.jpg\",\"width\":1111,\"height\":1111,\"caption\":\"konsoles\"},{\"@type\":\"BreadcrumbList\",\"@id\":\"https:\/\/metaltale.com\/lv\/produkts\/industriala-beninu-konsole-iron-2-lakots-terauds\/#breadcrumb\",\"itemListElement\":[{\"@type\":\"ListItem\",\"position\":1,\"name\":\"Home\",\"item\":\"https:\/\/metaltale.com\/lv\/majas\/\"},{\"@type\":\"ListItem\",\"position\":2,\"name\":\"Veikals\",\"item\":\"https:\/\/metaltale.com\/lv\/shop\/\"},{\"@type\":\"ListItem\",\"position\":3,\"name\":\"Industri\u0101l\u0101 b\u0113ni\u0146u konsole IRON 2, lakots t\u0113rauds\"}]},{\"@type\":\"WebSite\",\"@id\":\"https:\/\/metaltale.com\/lv\/#website\",\"url\":\"https:\/\/metaltale.com\/lv\/\",\"name\":\"Metaltale.com\",\"description\":\"\",\"potentialAction\":[{\"@type\":\"SearchAction\",\"target\":{\"@type\":\"EntryPoint\",\"urlTemplate\":\"https:\/\/metaltale.com\/lv\/?s={search_term_string}\"},\"query-input\":{\"@type\":\"PropertyValueSpecification\",\"valueRequired\":true,\"valueName\":\"search_term_string\"}}],\"inLanguage\":\"lv-LV\"}]}<\/script>\n<!-- \/ Yoast SEO plugin. -->","yoast_head_json":{"title":"Industri\u0101l\u0101 b\u0113ni\u0146u konsole IRON 2, lakots t\u0113rauds - MetalTale.com","robots":{"index":"index","follow":"follow","max-snippet":"max-snippet:-1","max-image-preview":"max-image-preview:large","max-video-preview":"max-video-preview:-1"},"canonical":"https:\/\/metaltale.com\/lv\/produkts\/industriala-beninu-konsole-iron-2-lakots-terauds\/","og_locale":"lv_LV","og_type":"article","og_title":"Industri\u0101l\u0101 b\u0113ni\u0146u konsole IRON 2, lakots t\u0113rauds - MetalTale.com","og_description":"ZA modelis. FIT.050.XX Materi\u0101ls Priede, t\u0113rauds Kop\u0113jais augstums (cm ) 85 Kop\u0113jais platums (cm ) 80 Dzi\u013cums (cm ) 60","og_url":"https:\/\/metaltale.com\/lv\/produkts\/industriala-beninu-konsole-iron-2-lakots-terauds\/","og_site_name":"MetalTale.com","twitter_card":"summary_large_image","twitter_misc":{"Est. reading time":"2 minutes"},"schema":{"@context":"https:\/\/schema.org","@graph":[{"@type":"WebPage","@id":"https:\/\/metaltale.com\/lv\/produkts\/industriala-beninu-konsole-iron-2-lakots-terauds\/","url":"https:\/\/metaltale.com\/lv\/produkts\/industriala-beninu-konsole-iron-2-lakots-terauds\/","name":"Industri\u0101l\u0101 b\u0113ni\u0146u konsole IRON 2, lakots t\u0113rauds - MetalTale.com","isPartOf":{"@id":"https:\/\/metaltale.com\/lv\/#website"},"primaryImageOfPage":{"@id":"https:\/\/metaltale.com\/lv\/produkts\/industriala-beninu-konsole-iron-2-lakots-terauds\/#primaryimage"},"image":{"@id":"https:\/\/metaltale.com\/lv\/produkts\/industriala-beninu-konsole-iron-2-lakots-terauds\/#primaryimage"},"thumbnailUrl":"https:\/\/metaltale.com\/wp-content\/uploads\/2023\/12\/konsole.jpg","datePublished":"2024-02-13T12:23:04+00:00","breadcrumb":{"@id":"https:\/\/metaltale.com\/lv\/produkts\/industriala-beninu-konsole-iron-2-lakots-terauds\/#breadcrumb"},"inLanguage":"lv-LV","potentialAction":[{"@type":"ReadAction","target":["https:\/\/metaltale.com\/lv\/produkts\/industriala-beninu-konsole-iron-2-lakots-terauds\/"]}]},{"@type":"ImageObject","inLanguage":"lv-LV","@id":"https:\/\/metaltale.com\/lv\/produkts\/industriala-beninu-konsole-iron-2-lakots-terauds\/#primaryimage","url":"https:\/\/metaltale.com\/wp-content\/uploads\/2023\/12\/konsole.jpg","contentUrl":"https:\/\/metaltale.com\/wp-content\/uploads\/2023\/12\/konsole.jpg","width":1111,"height":1111,"caption":"konsoles"},{"@type":"BreadcrumbList","@id":"https:\/\/metaltale.com\/lv\/produkts\/industriala-beninu-konsole-iron-2-lakots-terauds\/#breadcrumb","itemListElement":[{"@type":"ListItem","position":1,"name":"Home","item":"https:\/\/metaltale.com\/lv\/majas\/"},{"@type":"ListItem","position":2,"name":"Veikals","item":"https:\/\/metaltale.com\/lv\/shop\/"},{"@type":"ListItem","position":3,"name":"Industri\u0101l\u0101 b\u0113ni\u0146u konsole IRON 2, lakots t\u0113rauds"}]},{"@type":"WebSite","@id":"https:\/\/metaltale.com\/lv\/#website","url":"https:\/\/metaltale.com\/lv\/","name":"Metaltale.com","description":"","potentialAction":[{"@type":"SearchAction","target":{"@type":"EntryPoint","urlTemplate":"https:\/\/metaltale.com\/lv\/?s={search_term_string}"},"query-input":{"@type":"PropertyValueSpecification","valueRequired":true,"valueName":"search_term_string"}}],"inLanguage":"lv-LV"}]}},"_links":{"self":[{"href":"https:\/\/metaltale.com\/lv\/wp-json\/wp\/v2\/product\/135303","targetHints":{"allow":["GET"]}}],"collection":[{"href":"https:\/\/metaltale.com\/lv\/wp-json\/wp\/v2\/product"}],"about":[{"href":"https:\/\/metaltale.com\/lv\/wp-json\/wp\/v2\/types\/product"}],"replies":[{"embeddable":true,"href":"https:\/\/metaltale.com\/lv\/wp-json\/wp\/v2\/comments?post=135303"}],"version-history":[{"count":0,"href":"https:\/\/metaltale.com\/lv\/wp-json\/wp\/v2\/product\/135303\/revisions"}],"wp:featuredmedia":[{"embeddable":true,"href":"https:\/\/metaltale.com\/lv\/wp-json\/wp\/v2\/media\/119721"}],"wp:attachment":[{"href":"https:\/\/metaltale.com\/lv\/wp-json\/wp\/v2\/media?parent=135303"}],"wp:term":[{"taxonomy":"product_brand","embeddable":true,"href":"https:\/\/metaltale.com\/lv\/wp-json\/wp\/v2\/product_brand?post=135303"},{"taxonomy":"product_cat","embeddable":true,"href":"https:\/\/metaltale.com\/lv\/wp-json\/wp\/v2\/product_cat?post=135303"},{"taxonomy":"product_tag","embeddable":true,"href":"https:\/\/metaltale.com\/lv\/wp-json\/wp\/v2\/product_tag?post=135303"}],"curies":[{"name":"wp","href":"https:\/\/api.w.org\/{rel}","templated":true}]}}