{"id":135301,"date":"2024-02-13T13:25:05","date_gmt":"2024-02-13T11:25:05","guid":{"rendered":"https:\/\/metaltale.com\/produktas\/industriala-beninu-kumode-factory-ook-1\/"},"modified":"2024-02-13T13:25:05","modified_gmt":"2024-02-13T11:25:05","slug":"industriala-beninu-kumode-factory-ook-1","status":"publish","type":"product","link":"https:\/\/metaltale.com\/lv\/produkts\/industriala-beninu-kumode-factory-ook-1\/","title":{"rendered":"Industri\u0101l\u0101 b\u0113ni\u0146u kumode FACTORY OOK 1"},"content":{"rendered":"<div class=\"prod_data\">\n<p>ZA <strong>modelis<\/strong>. FAC. E1-DAB<br \/>\nFACTORY OAK <strong>kolekcija<\/strong><br \/>\n<strong>EAN.<\/strong>  5905369914010<br \/>\n<strong>Materi\u0101ls<\/strong> Ozola koks, t\u0113rauds<br \/>\n<strong>Kop\u0113jais augstums (cm<\/strong> ) 81<br \/>\n<strong>Kop\u0113jais platums (cm<\/strong> ) 150<br \/>\n<strong>Dzi\u013cums (cm<\/strong> ) 50<br \/>\n<strong>Pieg\u0101des veids<\/strong> Piln\u012bb\u0101 samont\u0113ts produkts<\/p>\n<p>&#8211; industri\u0101la kumode no ozolkoka un t\u0113rauda<br \/>\n&#8211; lod\u012b\u0161u gult\u0146u vadotnes atvieglo atvilkt\u0146u izvilk\u0161anu.<br \/>\n&#8211; sl\u0113gta 80&#215;20 mm profila konstrukcija garant\u0113 stabilit\u0101ti un iztur\u012bbu;<br \/>\n&#8211; t\u0113rauds, pies\u016bcin\u0101ts ar caursp\u012bd\u012bgu sl\u0101ni, kas aizsarg\u0101 pret boj\u0101jumiem un skr\u0101p\u0113jumiem.<br \/>\n&#8211; atvilktnes izgatavotas tikai no ne\u0113vel\u0113ta koka &#8211; mont\u0101\u017eai izmantotas redzamas naglas<br \/>\n&#8211; starp atl\u012bm\u0113tiem d\u0113\u013ciem var rasties spraugas, kas neietekm\u0113 lieto\u0161anas \u0113rtumu.<br \/>\n&#8211; Ar dab\u012bgo e\u013c\u013cu pies\u016bcin\u0101ta ozolkoka koksne<br \/>\n&#8211; sagaid\u0101m\u0101 noveco\u0161anas ietekme izpau\u017eas k\u0101 redzami skr\u0101p\u0113jumi uz t\u0113rauda virsmas un paman\u0101ma koka tekst\u016bra.<br \/>\n&#8211; izstr\u0101d\u0101jumu kr\u0101sa var at\u0161\u0137irties no fotogalerij\u0101 redzam\u0101s kr\u0101sas individu\u0101lu monitora iestat\u012bjumu un materi\u0101lu \u012bpa\u0161\u012bbu d\u0113\u013c &#8211; t\u0113rauds un ozolkoks ir neapstr\u0101d\u0101ti materi\u0101li, kuru kr\u0101sa, tonis un tekst\u016bra var at\u0161\u0137irties atkar\u012bb\u0101 no eksempl\u0101ra vai ra\u017eo\u0161anas partijas.<\/p>\n<hr>\n<p>Kumode ir neaizst\u0101jama m\u0113bele katr\u0101 m\u0101jokl\u012b &#8211; gu\u013camistab\u0101, garderob\u0113 un viesistab\u0101. Factory industri\u0101lo m\u0113be\u013cu kolekcija ir unik\u0101la t\u0113rauda un ozolkoka kombin\u0101cija. P\u0101rstr\u0101d\u0101ta materi\u0101la (koka) izmanto\u0161ana ir ne tikai saska\u0146\u0101 ar vides aizsardz\u012bbas apsv\u0113rumiem, bet ar\u012b apzin\u0101ta dizaineru r\u012bc\u012bba, kas pie\u0161\u0137ir m\u0113bel\u0113m nedaudz izejmateri\u0101lu un daudz rakstura. 80&#215;20 mm sl\u0113gtais profils, kas aizsarg\u0101ts ar caursp\u012bd\u012bgu laku, skaisti sapl\u016bst ar ozolu, smalki izce\u013cot t\u0101 &#8220;tr\u016bkumus&#8221;. R\u016bpn\u012bcas stils ir redzams ar\u012b atvilktn\u0113s &#8211; t\u0101s ir izgatavotas no neglaz\u0113ta koka, un to mont\u0101\u017eai ir redzamas naglas. Atvilktnes uzst\u0101d\u012btas uz lod\u012b\u0161u vadotn\u0113m. Augstas kvalit\u0101tes m\u0113beles ir redzamas deta\u013c\u0101s &#8211; v\u0113rts piemin\u0113t vienk\u0101r\u0161os rokturus, kas profil\u0113ti no plakana stie\u0146a.<\/p>\n<\/div>\n","protected":false},"excerpt":{"rendered":"<p>ZA modelis. FAC. E1-DAB FACTORY OAK kolekcija EAN. 5905369914010 Materi\u0101ls Ozola koks, t\u0113rauds Kop\u0113jais augstums (cm ) 81 Kop\u0113jais platums<\/p>\n","protected":false},"featured_media":65800,"comment_status":"open","ping_status":"closed","template":"","meta":{"_acf_changed":false,"pmpro_default_level":""},"product_brand":[],"product_cat":[24120,24057],"product_tag":[],"class_list":{"0":"post-135301","1":"product","2":"type-product","3":"status-publish","4":"has-post-thumbnail","6":"product_cat-kumodes","7":"product_cat-rupnieciskas-mebeles","8":"pmpro-has-access","10":"first","11":"instock","12":"shipping-taxable","13":"purchasable","14":"product-type-simple"},"acf":[],"yoast_head":"<!-- This site is optimized with the Yoast SEO plugin v24.9 - https:\/\/yoast.com\/wordpress\/plugins\/seo\/ -->\n<title>Industri\u0101l\u0101 b\u0113ni\u0146u kumode FACTORY OOK 1 - MetalTale.com<\/title>\n<meta name=\"robots\" content=\"index, follow, max-snippet:-1, max-image-preview:large, max-video-preview:-1\" \/>\n<link rel=\"canonical\" href=\"https:\/\/metaltale.com\/lv\/produkts\/industriala-beninu-kumode-factory-ook-1\/\" \/>\n<meta property=\"og:locale\" content=\"lv_LV\" \/>\n<meta property=\"og:type\" content=\"article\" \/>\n<meta property=\"og:title\" content=\"Industri\u0101l\u0101 b\u0113ni\u0146u kumode FACTORY OOK 1 - MetalTale.com\" \/>\n<meta property=\"og:description\" content=\"ZA modelis. FAC. E1-DAB FACTORY OAK kolekcija EAN. 5905369914010 Materi\u0101ls Ozola koks, t\u0113rauds Kop\u0113jais augstums (cm ) 81 Kop\u0113jais platums\" \/>\n<meta property=\"og:url\" content=\"https:\/\/metaltale.com\/lv\/produkts\/industriala-beninu-kumode-factory-ook-1\/\" \/>\n<meta property=\"og:site_name\" content=\"MetalTale.com\" \/>\n<meta name=\"twitter:card\" content=\"summary_large_image\" \/>\n<meta name=\"twitter:label1\" content=\"Est. reading time\" \/>\n\t<meta name=\"twitter:data1\" content=\"2 minutes\" \/>\n<script type=\"application\/ld+json\" class=\"yoast-schema-graph\">{\"@context\":\"https:\/\/schema.org\",\"@graph\":[{\"@type\":\"WebPage\",\"@id\":\"https:\/\/metaltale.com\/lv\/produkts\/industriala-beninu-kumode-factory-ook-1\/\",\"url\":\"https:\/\/metaltale.com\/lv\/produkts\/industriala-beninu-kumode-factory-ook-1\/\",\"name\":\"Industri\u0101l\u0101 b\u0113ni\u0146u kumode FACTORY OOK 1 - MetalTale.com\",\"isPartOf\":{\"@id\":\"https:\/\/metaltale.com\/lv\/#website\"},\"primaryImageOfPage\":{\"@id\":\"https:\/\/metaltale.com\/lv\/produkts\/industriala-beninu-kumode-factory-ook-1\/#primaryimage\"},\"image\":{\"@id\":\"https:\/\/metaltale.com\/lv\/produkts\/industriala-beninu-kumode-factory-ook-1\/#primaryimage\"},\"thumbnailUrl\":\"https:\/\/metaltale.com\/wp-content\/uploads\/2023\/09\/Komoda-FACTORY-OAK-1.jpg\",\"datePublished\":\"2024-02-13T11:25:05+00:00\",\"breadcrumb\":{\"@id\":\"https:\/\/metaltale.com\/lv\/produkts\/industriala-beninu-kumode-factory-ook-1\/#breadcrumb\"},\"inLanguage\":\"lv-LV\",\"potentialAction\":[{\"@type\":\"ReadAction\",\"target\":[\"https:\/\/metaltale.com\/lv\/produkts\/industriala-beninu-kumode-factory-ook-1\/\"]}]},{\"@type\":\"ImageObject\",\"inLanguage\":\"lv-LV\",\"@id\":\"https:\/\/metaltale.com\/lv\/produkts\/industriala-beninu-kumode-factory-ook-1\/#primaryimage\",\"url\":\"https:\/\/metaltale.com\/wp-content\/uploads\/2023\/09\/Komoda-FACTORY-OAK-1.jpg\",\"contentUrl\":\"https:\/\/metaltale.com\/wp-content\/uploads\/2023\/09\/Komoda-FACTORY-OAK-1.jpg\",\"width\":800,\"height\":800},{\"@type\":\"BreadcrumbList\",\"@id\":\"https:\/\/metaltale.com\/lv\/produkts\/industriala-beninu-kumode-factory-ook-1\/#breadcrumb\",\"itemListElement\":[{\"@type\":\"ListItem\",\"position\":1,\"name\":\"Home\",\"item\":\"https:\/\/metaltale.com\/lv\/majas\/\"},{\"@type\":\"ListItem\",\"position\":2,\"name\":\"Veikals\",\"item\":\"https:\/\/metaltale.com\/lv\/shop\/\"},{\"@type\":\"ListItem\",\"position\":3,\"name\":\"Industri\u0101l\u0101 b\u0113ni\u0146u kumode FACTORY OOK 1\"}]},{\"@type\":\"WebSite\",\"@id\":\"https:\/\/metaltale.com\/lv\/#website\",\"url\":\"https:\/\/metaltale.com\/lv\/\",\"name\":\"Metaltale.com\",\"description\":\"\",\"potentialAction\":[{\"@type\":\"SearchAction\",\"target\":{\"@type\":\"EntryPoint\",\"urlTemplate\":\"https:\/\/metaltale.com\/lv\/?s={search_term_string}\"},\"query-input\":{\"@type\":\"PropertyValueSpecification\",\"valueRequired\":true,\"valueName\":\"search_term_string\"}}],\"inLanguage\":\"lv-LV\"}]}<\/script>\n<!-- \/ Yoast SEO plugin. -->","yoast_head_json":{"title":"Industri\u0101l\u0101 b\u0113ni\u0146u kumode FACTORY OOK 1 - MetalTale.com","robots":{"index":"index","follow":"follow","max-snippet":"max-snippet:-1","max-image-preview":"max-image-preview:large","max-video-preview":"max-video-preview:-1"},"canonical":"https:\/\/metaltale.com\/lv\/produkts\/industriala-beninu-kumode-factory-ook-1\/","og_locale":"lv_LV","og_type":"article","og_title":"Industri\u0101l\u0101 b\u0113ni\u0146u kumode FACTORY OOK 1 - MetalTale.com","og_description":"ZA modelis. FAC. E1-DAB FACTORY OAK kolekcija EAN. 5905369914010 Materi\u0101ls Ozola koks, t\u0113rauds Kop\u0113jais augstums (cm ) 81 Kop\u0113jais platums","og_url":"https:\/\/metaltale.com\/lv\/produkts\/industriala-beninu-kumode-factory-ook-1\/","og_site_name":"MetalTale.com","twitter_card":"summary_large_image","twitter_misc":{"Est. reading time":"2 minutes"},"schema":{"@context":"https:\/\/schema.org","@graph":[{"@type":"WebPage","@id":"https:\/\/metaltale.com\/lv\/produkts\/industriala-beninu-kumode-factory-ook-1\/","url":"https:\/\/metaltale.com\/lv\/produkts\/industriala-beninu-kumode-factory-ook-1\/","name":"Industri\u0101l\u0101 b\u0113ni\u0146u kumode FACTORY OOK 1 - MetalTale.com","isPartOf":{"@id":"https:\/\/metaltale.com\/lv\/#website"},"primaryImageOfPage":{"@id":"https:\/\/metaltale.com\/lv\/produkts\/industriala-beninu-kumode-factory-ook-1\/#primaryimage"},"image":{"@id":"https:\/\/metaltale.com\/lv\/produkts\/industriala-beninu-kumode-factory-ook-1\/#primaryimage"},"thumbnailUrl":"https:\/\/metaltale.com\/wp-content\/uploads\/2023\/09\/Komoda-FACTORY-OAK-1.jpg","datePublished":"2024-02-13T11:25:05+00:00","breadcrumb":{"@id":"https:\/\/metaltale.com\/lv\/produkts\/industriala-beninu-kumode-factory-ook-1\/#breadcrumb"},"inLanguage":"lv-LV","potentialAction":[{"@type":"ReadAction","target":["https:\/\/metaltale.com\/lv\/produkts\/industriala-beninu-kumode-factory-ook-1\/"]}]},{"@type":"ImageObject","inLanguage":"lv-LV","@id":"https:\/\/metaltale.com\/lv\/produkts\/industriala-beninu-kumode-factory-ook-1\/#primaryimage","url":"https:\/\/metaltale.com\/wp-content\/uploads\/2023\/09\/Komoda-FACTORY-OAK-1.jpg","contentUrl":"https:\/\/metaltale.com\/wp-content\/uploads\/2023\/09\/Komoda-FACTORY-OAK-1.jpg","width":800,"height":800},{"@type":"BreadcrumbList","@id":"https:\/\/metaltale.com\/lv\/produkts\/industriala-beninu-kumode-factory-ook-1\/#breadcrumb","itemListElement":[{"@type":"ListItem","position":1,"name":"Home","item":"https:\/\/metaltale.com\/lv\/majas\/"},{"@type":"ListItem","position":2,"name":"Veikals","item":"https:\/\/metaltale.com\/lv\/shop\/"},{"@type":"ListItem","position":3,"name":"Industri\u0101l\u0101 b\u0113ni\u0146u kumode FACTORY OOK 1"}]},{"@type":"WebSite","@id":"https:\/\/metaltale.com\/lv\/#website","url":"https:\/\/metaltale.com\/lv\/","name":"Metaltale.com","description":"","potentialAction":[{"@type":"SearchAction","target":{"@type":"EntryPoint","urlTemplate":"https:\/\/metaltale.com\/lv\/?s={search_term_string}"},"query-input":{"@type":"PropertyValueSpecification","valueRequired":true,"valueName":"search_term_string"}}],"inLanguage":"lv-LV"}]}},"_links":{"self":[{"href":"https:\/\/metaltale.com\/lv\/wp-json\/wp\/v2\/product\/135301","targetHints":{"allow":["GET"]}}],"collection":[{"href":"https:\/\/metaltale.com\/lv\/wp-json\/wp\/v2\/product"}],"about":[{"href":"https:\/\/metaltale.com\/lv\/wp-json\/wp\/v2\/types\/product"}],"replies":[{"embeddable":true,"href":"https:\/\/metaltale.com\/lv\/wp-json\/wp\/v2\/comments?post=135301"}],"version-history":[{"count":0,"href":"https:\/\/metaltale.com\/lv\/wp-json\/wp\/v2\/product\/135301\/revisions"}],"wp:featuredmedia":[{"embeddable":true,"href":"https:\/\/metaltale.com\/lv\/wp-json\/wp\/v2\/media\/65800"}],"wp:attachment":[{"href":"https:\/\/metaltale.com\/lv\/wp-json\/wp\/v2\/media?parent=135301"}],"wp:term":[{"taxonomy":"product_brand","embeddable":true,"href":"https:\/\/metaltale.com\/lv\/wp-json\/wp\/v2\/product_brand?post=135301"},{"taxonomy":"product_cat","embeddable":true,"href":"https:\/\/metaltale.com\/lv\/wp-json\/wp\/v2\/product_cat?post=135301"},{"taxonomy":"product_tag","embeddable":true,"href":"https:\/\/metaltale.com\/lv\/wp-json\/wp\/v2\/product_tag?post=135301"}],"curies":[{"name":"wp","href":"https:\/\/api.w.org\/{rel}","templated":true}]}}