{"id":135288,"date":"2024-02-13T14:07:41","date_gmt":"2024-02-13T12:07:41","guid":{"rendered":"https:\/\/metaltale.com\/produktas\/papira-dvielu-turetajs-korona\/"},"modified":"2024-02-13T14:07:41","modified_gmt":"2024-02-13T12:07:41","slug":"papira-dvielu-turetajs-korona","status":"publish","type":"product","link":"https:\/\/metaltale.com\/lv\/produkts\/papira-dvielu-turetajs-korona\/","title":{"rendered":"Pap\u012bra dvie\u013cu tur\u0113t\u0101js KORONA"},"content":{"rendered":"<div class=\"prod_data\">\n<p><strong>Modelis<\/strong> 01.632C. AI.250<br \/>\n<strong>EAN.<\/strong>  5905369921476<br \/>\n<strong>Materi\u0101ls<\/strong> Koks, \u010duguns<br \/>\nKop\u0113jais augstums (cm ) 19,5<br \/>\n<strong>Kop\u0113jais platums (cm<\/strong> ) 28<br \/>\n<strong>Pamatnes izm\u0113ri (cm)<\/strong> 24,5 x 19,5<br \/>\nT\u0113rauda <strong>kr\u0101sa<\/strong> <\/p>\n<p>&#8211; pap\u012bra dvie\u013cu tur\u0113t\u0101js, kas izgatavots no augstas kvalit\u0101tes l\u0113juma deta\u013c\u0101m<br \/>\n&#8211; piestiprina gan pie sien\u0101m, gan koka virsm\u0101m.<br \/>\n&#8211; ir divi stiprin\u0101juma caurumi, skr\u016bves iek\u013cautas komplekt\u0101<\/p>\n<hr>\n<p>Skaisti un iztur\u012bgi izgatavotais <strong>pap\u012bra dvie\u013cu tur\u0113t\u0101js<\/strong> ir ide\u0101ls interjera moderniz\u0113\u0161anas veids, kas balst\u012bts uz lauku stila faktoriem. T\u0101s neap\u0161aub\u0101mi dekorat\u012bvais raksturs ir izcelts, izmantojot mas\u012bvkoka l\u012bstes, kas \u013cauj prec\u012bzi atveidot katru deta\u013cu.<\/p>\n<p>Koka rokturis dab\u012bg\u0101 eksotisk\u0101 koka kr\u0101s\u0101, ko izmanto dvie\u013cu ru\u013c\u013ca nostiprin\u0101\u0161anai, papildina pied\u0101v\u0101t\u0101s preces kop\u0113jo raksturu, garant\u0113jot \u0113rtu un bezr\u016bp\u012bgu lieto\u0161anu.<\/p>\n<p>Rokturis tiek piestiprin\u0101ts ar div\u0101m pievienotaj\u0101m skr\u016bv\u0113m.<\/p>\n<\/div>\n","protected":false},"excerpt":{"rendered":"<p>Modelis 01.632C. AI.250 EAN. 5905369921476 Materi\u0101ls Koks, \u010duguns Kop\u0113jais augstums (cm ) 19,5 Kop\u0113jais platums (cm ) 28 Pamatnes izm\u0113ri<\/p>\n","protected":false},"featured_media":86090,"comment_status":"open","ping_status":"closed","template":"","meta":{"_acf_changed":false,"pmpro_default_level":""},"product_brand":[],"product_cat":[24070,24084,24069],"product_tag":[],"class_list":{"0":"post-135288","1":"product","2":"type-product","3":"status-publish","4":"has-post-thumbnail","6":"product_cat-aksesuari","7":"product_cat-papira-turetaji","8":"product_cat-virtuves-rotajumi","9":"pmpro-has-access","11":"first","12":"instock","13":"shipping-taxable","14":"purchasable","15":"product-type-simple"},"acf":[],"yoast_head":"<!-- This site is optimized with the Yoast SEO plugin v24.9 - https:\/\/yoast.com\/wordpress\/plugins\/seo\/ -->\n<title>Pap\u012bra dvie\u013cu tur\u0113t\u0101js KORONA - MetalTale.com<\/title>\n<meta name=\"robots\" content=\"index, follow, max-snippet:-1, max-image-preview:large, max-video-preview:-1\" \/>\n<link rel=\"canonical\" href=\"https:\/\/metaltale.com\/lv\/produkts\/papira-dvielu-turetajs-korona\/\" \/>\n<meta property=\"og:locale\" content=\"lv_LV\" \/>\n<meta property=\"og:type\" content=\"article\" \/>\n<meta property=\"og:title\" content=\"Pap\u012bra dvie\u013cu tur\u0113t\u0101js KORONA - MetalTale.com\" \/>\n<meta property=\"og:description\" content=\"Modelis 01.632C. AI.250 EAN. 5905369921476 Materi\u0101ls Koks, \u010duguns Kop\u0113jais augstums (cm ) 19,5 Kop\u0113jais platums (cm ) 28 Pamatnes izm\u0113ri\" \/>\n<meta property=\"og:url\" content=\"https:\/\/metaltale.com\/lv\/produkts\/papira-dvielu-turetajs-korona\/\" \/>\n<meta property=\"og:site_name\" content=\"MetalTale.com\" \/>\n<meta property=\"og:image\" content=\"https:\/\/metaltale.com\/wp-content\/uploads\/2023\/10\/Popierinix173-rankx161luosx10Dix173-laikiklis-KORONA.jpg\" \/>\n\t<meta property=\"og:image:width\" content=\"800\" \/>\n\t<meta property=\"og:image:height\" content=\"800\" \/>\n\t<meta property=\"og:image:type\" content=\"image\/jpeg\" \/>\n<meta name=\"twitter:card\" content=\"summary_large_image\" \/>\n<meta name=\"twitter:label1\" content=\"Est. reading time\" \/>\n\t<meta name=\"twitter:data1\" content=\"1 minute\" \/>\n<script type=\"application\/ld+json\" class=\"yoast-schema-graph\">{\"@context\":\"https:\/\/schema.org\",\"@graph\":[{\"@type\":\"WebPage\",\"@id\":\"https:\/\/metaltale.com\/lv\/produkts\/papira-dvielu-turetajs-korona\/\",\"url\":\"https:\/\/metaltale.com\/lv\/produkts\/papira-dvielu-turetajs-korona\/\",\"name\":\"Pap\u012bra dvie\u013cu tur\u0113t\u0101js KORONA - MetalTale.com\",\"isPartOf\":{\"@id\":\"https:\/\/metaltale.com\/lv\/#website\"},\"primaryImageOfPage\":{\"@id\":\"https:\/\/metaltale.com\/lv\/produkts\/papira-dvielu-turetajs-korona\/#primaryimage\"},\"image\":{\"@id\":\"https:\/\/metaltale.com\/lv\/produkts\/papira-dvielu-turetajs-korona\/#primaryimage\"},\"thumbnailUrl\":\"https:\/\/metaltale.com\/wp-content\/uploads\/2023\/10\/Popierinix173-rankx161luosx10Dix173-laikiklis-KORONA.jpg\",\"datePublished\":\"2024-02-13T12:07:41+00:00\",\"breadcrumb\":{\"@id\":\"https:\/\/metaltale.com\/lv\/produkts\/papira-dvielu-turetajs-korona\/#breadcrumb\"},\"inLanguage\":\"lv-LV\",\"potentialAction\":[{\"@type\":\"ReadAction\",\"target\":[\"https:\/\/metaltale.com\/lv\/produkts\/papira-dvielu-turetajs-korona\/\"]}]},{\"@type\":\"ImageObject\",\"inLanguage\":\"lv-LV\",\"@id\":\"https:\/\/metaltale.com\/lv\/produkts\/papira-dvielu-turetajs-korona\/#primaryimage\",\"url\":\"https:\/\/metaltale.com\/wp-content\/uploads\/2023\/10\/Popierinix173-rankx161luosx10Dix173-laikiklis-KORONA.jpg\",\"contentUrl\":\"https:\/\/metaltale.com\/wp-content\/uploads\/2023\/10\/Popierinix173-rankx161luosx10Dix173-laikiklis-KORONA.jpg\",\"width\":800,\"height\":800},{\"@type\":\"BreadcrumbList\",\"@id\":\"https:\/\/metaltale.com\/lv\/produkts\/papira-dvielu-turetajs-korona\/#breadcrumb\",\"itemListElement\":[{\"@type\":\"ListItem\",\"position\":1,\"name\":\"Home\",\"item\":\"https:\/\/metaltale.com\/lv\/majas\/\"},{\"@type\":\"ListItem\",\"position\":2,\"name\":\"Veikals\",\"item\":\"https:\/\/metaltale.com\/lv\/shop\/\"},{\"@type\":\"ListItem\",\"position\":3,\"name\":\"Pap\u012bra dvie\u013cu tur\u0113t\u0101js KORONA\"}]},{\"@type\":\"WebSite\",\"@id\":\"https:\/\/metaltale.com\/lv\/#website\",\"url\":\"https:\/\/metaltale.com\/lv\/\",\"name\":\"Metaltale.com\",\"description\":\"\",\"potentialAction\":[{\"@type\":\"SearchAction\",\"target\":{\"@type\":\"EntryPoint\",\"urlTemplate\":\"https:\/\/metaltale.com\/lv\/?s={search_term_string}\"},\"query-input\":{\"@type\":\"PropertyValueSpecification\",\"valueRequired\":true,\"valueName\":\"search_term_string\"}}],\"inLanguage\":\"lv-LV\"}]}<\/script>\n<!-- \/ Yoast SEO plugin. -->","yoast_head_json":{"title":"Pap\u012bra dvie\u013cu tur\u0113t\u0101js KORONA - MetalTale.com","robots":{"index":"index","follow":"follow","max-snippet":"max-snippet:-1","max-image-preview":"max-image-preview:large","max-video-preview":"max-video-preview:-1"},"canonical":"https:\/\/metaltale.com\/lv\/produkts\/papira-dvielu-turetajs-korona\/","og_locale":"lv_LV","og_type":"article","og_title":"Pap\u012bra dvie\u013cu tur\u0113t\u0101js KORONA - MetalTale.com","og_description":"Modelis 01.632C. AI.250 EAN. 5905369921476 Materi\u0101ls Koks, \u010duguns Kop\u0113jais augstums (cm ) 19,5 Kop\u0113jais platums (cm ) 28 Pamatnes izm\u0113ri","og_url":"https:\/\/metaltale.com\/lv\/produkts\/papira-dvielu-turetajs-korona\/","og_site_name":"MetalTale.com","og_image":[{"width":800,"height":800,"url":"https:\/\/metaltale.com\/wp-content\/uploads\/2023\/10\/Popierinix173-rankx161luosx10Dix173-laikiklis-KORONA.jpg","type":"image\/jpeg"}],"twitter_card":"summary_large_image","twitter_misc":{"Est. reading time":"1 minute"},"schema":{"@context":"https:\/\/schema.org","@graph":[{"@type":"WebPage","@id":"https:\/\/metaltale.com\/lv\/produkts\/papira-dvielu-turetajs-korona\/","url":"https:\/\/metaltale.com\/lv\/produkts\/papira-dvielu-turetajs-korona\/","name":"Pap\u012bra dvie\u013cu tur\u0113t\u0101js KORONA - MetalTale.com","isPartOf":{"@id":"https:\/\/metaltale.com\/lv\/#website"},"primaryImageOfPage":{"@id":"https:\/\/metaltale.com\/lv\/produkts\/papira-dvielu-turetajs-korona\/#primaryimage"},"image":{"@id":"https:\/\/metaltale.com\/lv\/produkts\/papira-dvielu-turetajs-korona\/#primaryimage"},"thumbnailUrl":"https:\/\/metaltale.com\/wp-content\/uploads\/2023\/10\/Popierinix173-rankx161luosx10Dix173-laikiklis-KORONA.jpg","datePublished":"2024-02-13T12:07:41+00:00","breadcrumb":{"@id":"https:\/\/metaltale.com\/lv\/produkts\/papira-dvielu-turetajs-korona\/#breadcrumb"},"inLanguage":"lv-LV","potentialAction":[{"@type":"ReadAction","target":["https:\/\/metaltale.com\/lv\/produkts\/papira-dvielu-turetajs-korona\/"]}]},{"@type":"ImageObject","inLanguage":"lv-LV","@id":"https:\/\/metaltale.com\/lv\/produkts\/papira-dvielu-turetajs-korona\/#primaryimage","url":"https:\/\/metaltale.com\/wp-content\/uploads\/2023\/10\/Popierinix173-rankx161luosx10Dix173-laikiklis-KORONA.jpg","contentUrl":"https:\/\/metaltale.com\/wp-content\/uploads\/2023\/10\/Popierinix173-rankx161luosx10Dix173-laikiklis-KORONA.jpg","width":800,"height":800},{"@type":"BreadcrumbList","@id":"https:\/\/metaltale.com\/lv\/produkts\/papira-dvielu-turetajs-korona\/#breadcrumb","itemListElement":[{"@type":"ListItem","position":1,"name":"Home","item":"https:\/\/metaltale.com\/lv\/majas\/"},{"@type":"ListItem","position":2,"name":"Veikals","item":"https:\/\/metaltale.com\/lv\/shop\/"},{"@type":"ListItem","position":3,"name":"Pap\u012bra dvie\u013cu tur\u0113t\u0101js KORONA"}]},{"@type":"WebSite","@id":"https:\/\/metaltale.com\/lv\/#website","url":"https:\/\/metaltale.com\/lv\/","name":"Metaltale.com","description":"","potentialAction":[{"@type":"SearchAction","target":{"@type":"EntryPoint","urlTemplate":"https:\/\/metaltale.com\/lv\/?s={search_term_string}"},"query-input":{"@type":"PropertyValueSpecification","valueRequired":true,"valueName":"search_term_string"}}],"inLanguage":"lv-LV"}]}},"_links":{"self":[{"href":"https:\/\/metaltale.com\/lv\/wp-json\/wp\/v2\/product\/135288","targetHints":{"allow":["GET"]}}],"collection":[{"href":"https:\/\/metaltale.com\/lv\/wp-json\/wp\/v2\/product"}],"about":[{"href":"https:\/\/metaltale.com\/lv\/wp-json\/wp\/v2\/types\/product"}],"replies":[{"embeddable":true,"href":"https:\/\/metaltale.com\/lv\/wp-json\/wp\/v2\/comments?post=135288"}],"version-history":[{"count":0,"href":"https:\/\/metaltale.com\/lv\/wp-json\/wp\/v2\/product\/135288\/revisions"}],"wp:featuredmedia":[{"embeddable":true,"href":"https:\/\/metaltale.com\/lv\/wp-json\/wp\/v2\/media\/86090"}],"wp:attachment":[{"href":"https:\/\/metaltale.com\/lv\/wp-json\/wp\/v2\/media?parent=135288"}],"wp:term":[{"taxonomy":"product_brand","embeddable":true,"href":"https:\/\/metaltale.com\/lv\/wp-json\/wp\/v2\/product_brand?post=135288"},{"taxonomy":"product_cat","embeddable":true,"href":"https:\/\/metaltale.com\/lv\/wp-json\/wp\/v2\/product_cat?post=135288"},{"taxonomy":"product_tag","embeddable":true,"href":"https:\/\/metaltale.com\/lv\/wp-json\/wp\/v2\/product_tag?post=135288"}],"curies":[{"name":"wp","href":"https:\/\/api.w.org\/{rel}","templated":true}]}}