{"id":135286,"date":"2024-02-13T13:41:39","date_gmt":"2024-02-13T11:41:39","guid":{"rendered":"https:\/\/metaltale.com\/produktas\/terauda-pastavigais-svecu-turetajs-ar-smaili-un-vitni-75-mm\/"},"modified":"2024-02-13T13:41:39","modified_gmt":"2024-02-13T11:41:39","slug":"terauda-pastavigais-svecu-turetajs-ar-smaili-un-vitni-75-mm","status":"publish","type":"product","link":"https:\/\/metaltale.com\/lv\/produkts\/terauda-pastavigais-svecu-turetajs-ar-smaili-un-vitni-75-mm\/","title":{"rendered":"T\u0113rauda past\u0101v\u012bgais sve\u010du tur\u0113t\u0101js ar smaili un v\u012btni 75 mm"},"content":{"rendered":"<div class=\"prod_data\"><strong>Modelis<\/strong> 49.826.ABW.75  <br \/><strong>EAN.<\/strong>  5905369919794  <br \/><strong>Materi\u0101ls<\/strong> T\u0113rauds  <br \/><strong>Kop\u0113jais augstums (cm<\/strong> ) 6  <br \/>Kop\u0113jais diametrs (cm ) 7,5 <br \/><strong>Kr\u0101sa<\/strong> Melna  <\/p>\n<p>Sve\u010du stat\u012bvs ir izgatavots no augstas kvalit\u0101tes l\u0113juma.<\/p>\n<p>\u013boti vienk\u0101r\u0161s stat\u012bvs ar dekorat\u012bvu smaili, ko izmanto sveces caurumo\u0161anai.<\/p>\n<p>Tam ir <strong>3 mm<\/strong> diametra skr\u016bvju v\u012btne.<\/p>\n<\/p>\n<p><strong><span style=\"font-family:arial, helvetica, sans-serif;font-size:12pt;color:#ff6600;\">Piez\u012bme: izm\u0113ri nor\u0101d\u012bti collas<\/span><\/strong><\/p>\n<\/div>\n","protected":false},"excerpt":{"rendered":"<p>Modelis 49.826.ABW.75 EAN. 5905369919794 Materi\u0101ls T\u0113rauds Kop\u0113jais augstums (cm ) 6 Kop\u0113jais diametrs (cm ) 7,5 Kr\u0101sa Melna Sve\u010du stat\u012bvs<\/p>\n","protected":false},"featured_media":79759,"comment_status":"open","ping_status":"closed","template":"","meta":{"_acf_changed":false,"pmpro_default_level":""},"product_brand":[],"product_cat":[24105],"product_tag":[],"class_list":{"0":"post-135286","1":"product","2":"type-product","3":"status-publish","4":"has-post-thumbnail","6":"product_cat-uzcelamie-svecturi","7":"pmpro-has-access","9":"first","10":"instock","11":"shipping-taxable","12":"purchasable","13":"product-type-simple"},"acf":[],"yoast_head":"<!-- This site is optimized with the Yoast SEO plugin v24.9 - https:\/\/yoast.com\/wordpress\/plugins\/seo\/ -->\n<title>T\u0113rauda past\u0101v\u012bgais sve\u010du tur\u0113t\u0101js ar smaili un v\u012btni 75 mm - MetalTale.com<\/title>\n<meta name=\"robots\" content=\"index, follow, max-snippet:-1, max-image-preview:large, max-video-preview:-1\" \/>\n<link rel=\"canonical\" href=\"https:\/\/metaltale.com\/lv\/produkts\/terauda-pastavigais-svecu-turetajs-ar-smaili-un-vitni-75-mm\/\" \/>\n<meta property=\"og:locale\" content=\"lv_LV\" \/>\n<meta property=\"og:type\" content=\"article\" \/>\n<meta property=\"og:title\" content=\"T\u0113rauda past\u0101v\u012bgais sve\u010du tur\u0113t\u0101js ar smaili un v\u012btni 75 mm - MetalTale.com\" \/>\n<meta property=\"og:description\" content=\"Modelis 49.826.ABW.75 EAN. 5905369919794 Materi\u0101ls T\u0113rauds Kop\u0113jais augstums (cm ) 6 Kop\u0113jais diametrs (cm ) 7,5 Kr\u0101sa Melna Sve\u010du stat\u012bvs\" \/>\n<meta property=\"og:url\" content=\"https:\/\/metaltale.com\/lv\/produkts\/terauda-pastavigais-svecu-turetajs-ar-smaili-un-vitni-75-mm\/\" \/>\n<meta property=\"og:site_name\" content=\"MetalTale.com\" \/>\n<meta name=\"twitter:card\" content=\"summary_large_image\" \/>\n<script type=\"application\/ld+json\" class=\"yoast-schema-graph\">{\"@context\":\"https:\/\/schema.org\",\"@graph\":[{\"@type\":\"WebPage\",\"@id\":\"https:\/\/metaltale.com\/lv\/produkts\/terauda-pastavigais-svecu-turetajs-ar-smaili-un-vitni-75-mm\/\",\"url\":\"https:\/\/metaltale.com\/lv\/produkts\/terauda-pastavigais-svecu-turetajs-ar-smaili-un-vitni-75-mm\/\",\"name\":\"T\u0113rauda past\u0101v\u012bgais sve\u010du tur\u0113t\u0101js ar smaili un v\u012btni 75 mm - MetalTale.com\",\"isPartOf\":{\"@id\":\"https:\/\/metaltale.com\/lv\/#website\"},\"primaryImageOfPage\":{\"@id\":\"https:\/\/metaltale.com\/lv\/produkts\/terauda-pastavigais-svecu-turetajs-ar-smaili-un-vitni-75-mm\/#primaryimage\"},\"image\":{\"@id\":\"https:\/\/metaltale.com\/lv\/produkts\/terauda-pastavigais-svecu-turetajs-ar-smaili-un-vitni-75-mm\/#primaryimage\"},\"thumbnailUrl\":\"https:\/\/metaltale.com\/wp-content\/uploads\/2023\/10\/x17Dvakidx117-SU-SMAIGALIU-IR-SIx16ALU.jpg\",\"datePublished\":\"2024-02-13T11:41:39+00:00\",\"breadcrumb\":{\"@id\":\"https:\/\/metaltale.com\/lv\/produkts\/terauda-pastavigais-svecu-turetajs-ar-smaili-un-vitni-75-mm\/#breadcrumb\"},\"inLanguage\":\"lv-LV\",\"potentialAction\":[{\"@type\":\"ReadAction\",\"target\":[\"https:\/\/metaltale.com\/lv\/produkts\/terauda-pastavigais-svecu-turetajs-ar-smaili-un-vitni-75-mm\/\"]}]},{\"@type\":\"ImageObject\",\"inLanguage\":\"lv-LV\",\"@id\":\"https:\/\/metaltale.com\/lv\/produkts\/terauda-pastavigais-svecu-turetajs-ar-smaili-un-vitni-75-mm\/#primaryimage\",\"url\":\"https:\/\/metaltale.com\/wp-content\/uploads\/2023\/10\/x17Dvakidx117-SU-SMAIGALIU-IR-SIx16ALU.jpg\",\"contentUrl\":\"https:\/\/metaltale.com\/wp-content\/uploads\/2023\/10\/x17Dvakidx117-SU-SMAIGALIU-IR-SIx16ALU.jpg\",\"width\":800,\"height\":800},{\"@type\":\"BreadcrumbList\",\"@id\":\"https:\/\/metaltale.com\/lv\/produkts\/terauda-pastavigais-svecu-turetajs-ar-smaili-un-vitni-75-mm\/#breadcrumb\",\"itemListElement\":[{\"@type\":\"ListItem\",\"position\":1,\"name\":\"Home\",\"item\":\"https:\/\/metaltale.com\/lv\/majas\/\"},{\"@type\":\"ListItem\",\"position\":2,\"name\":\"Veikals\",\"item\":\"https:\/\/metaltale.com\/lv\/shop\/\"},{\"@type\":\"ListItem\",\"position\":3,\"name\":\"T\u0113rauda past\u0101v\u012bgais sve\u010du tur\u0113t\u0101js ar smaili un v\u012btni 75 mm\"}]},{\"@type\":\"WebSite\",\"@id\":\"https:\/\/metaltale.com\/lv\/#website\",\"url\":\"https:\/\/metaltale.com\/lv\/\",\"name\":\"Metaltale.com\",\"description\":\"\",\"potentialAction\":[{\"@type\":\"SearchAction\",\"target\":{\"@type\":\"EntryPoint\",\"urlTemplate\":\"https:\/\/metaltale.com\/lv\/?s={search_term_string}\"},\"query-input\":{\"@type\":\"PropertyValueSpecification\",\"valueRequired\":true,\"valueName\":\"search_term_string\"}}],\"inLanguage\":\"lv-LV\"}]}<\/script>\n<!-- \/ Yoast SEO plugin. -->","yoast_head_json":{"title":"T\u0113rauda past\u0101v\u012bgais sve\u010du tur\u0113t\u0101js ar smaili un v\u012btni 75 mm - MetalTale.com","robots":{"index":"index","follow":"follow","max-snippet":"max-snippet:-1","max-image-preview":"max-image-preview:large","max-video-preview":"max-video-preview:-1"},"canonical":"https:\/\/metaltale.com\/lv\/produkts\/terauda-pastavigais-svecu-turetajs-ar-smaili-un-vitni-75-mm\/","og_locale":"lv_LV","og_type":"article","og_title":"T\u0113rauda past\u0101v\u012bgais sve\u010du tur\u0113t\u0101js ar smaili un v\u012btni 75 mm - MetalTale.com","og_description":"Modelis 49.826.ABW.75 EAN. 5905369919794 Materi\u0101ls T\u0113rauds Kop\u0113jais augstums (cm ) 6 Kop\u0113jais diametrs (cm ) 7,5 Kr\u0101sa Melna Sve\u010du stat\u012bvs","og_url":"https:\/\/metaltale.com\/lv\/produkts\/terauda-pastavigais-svecu-turetajs-ar-smaili-un-vitni-75-mm\/","og_site_name":"MetalTale.com","twitter_card":"summary_large_image","schema":{"@context":"https:\/\/schema.org","@graph":[{"@type":"WebPage","@id":"https:\/\/metaltale.com\/lv\/produkts\/terauda-pastavigais-svecu-turetajs-ar-smaili-un-vitni-75-mm\/","url":"https:\/\/metaltale.com\/lv\/produkts\/terauda-pastavigais-svecu-turetajs-ar-smaili-un-vitni-75-mm\/","name":"T\u0113rauda past\u0101v\u012bgais sve\u010du tur\u0113t\u0101js ar smaili un v\u012btni 75 mm - MetalTale.com","isPartOf":{"@id":"https:\/\/metaltale.com\/lv\/#website"},"primaryImageOfPage":{"@id":"https:\/\/metaltale.com\/lv\/produkts\/terauda-pastavigais-svecu-turetajs-ar-smaili-un-vitni-75-mm\/#primaryimage"},"image":{"@id":"https:\/\/metaltale.com\/lv\/produkts\/terauda-pastavigais-svecu-turetajs-ar-smaili-un-vitni-75-mm\/#primaryimage"},"thumbnailUrl":"https:\/\/metaltale.com\/wp-content\/uploads\/2023\/10\/x17Dvakidx117-SU-SMAIGALIU-IR-SIx16ALU.jpg","datePublished":"2024-02-13T11:41:39+00:00","breadcrumb":{"@id":"https:\/\/metaltale.com\/lv\/produkts\/terauda-pastavigais-svecu-turetajs-ar-smaili-un-vitni-75-mm\/#breadcrumb"},"inLanguage":"lv-LV","potentialAction":[{"@type":"ReadAction","target":["https:\/\/metaltale.com\/lv\/produkts\/terauda-pastavigais-svecu-turetajs-ar-smaili-un-vitni-75-mm\/"]}]},{"@type":"ImageObject","inLanguage":"lv-LV","@id":"https:\/\/metaltale.com\/lv\/produkts\/terauda-pastavigais-svecu-turetajs-ar-smaili-un-vitni-75-mm\/#primaryimage","url":"https:\/\/metaltale.com\/wp-content\/uploads\/2023\/10\/x17Dvakidx117-SU-SMAIGALIU-IR-SIx16ALU.jpg","contentUrl":"https:\/\/metaltale.com\/wp-content\/uploads\/2023\/10\/x17Dvakidx117-SU-SMAIGALIU-IR-SIx16ALU.jpg","width":800,"height":800},{"@type":"BreadcrumbList","@id":"https:\/\/metaltale.com\/lv\/produkts\/terauda-pastavigais-svecu-turetajs-ar-smaili-un-vitni-75-mm\/#breadcrumb","itemListElement":[{"@type":"ListItem","position":1,"name":"Home","item":"https:\/\/metaltale.com\/lv\/majas\/"},{"@type":"ListItem","position":2,"name":"Veikals","item":"https:\/\/metaltale.com\/lv\/shop\/"},{"@type":"ListItem","position":3,"name":"T\u0113rauda past\u0101v\u012bgais sve\u010du tur\u0113t\u0101js ar smaili un v\u012btni 75 mm"}]},{"@type":"WebSite","@id":"https:\/\/metaltale.com\/lv\/#website","url":"https:\/\/metaltale.com\/lv\/","name":"Metaltale.com","description":"","potentialAction":[{"@type":"SearchAction","target":{"@type":"EntryPoint","urlTemplate":"https:\/\/metaltale.com\/lv\/?s={search_term_string}"},"query-input":{"@type":"PropertyValueSpecification","valueRequired":true,"valueName":"search_term_string"}}],"inLanguage":"lv-LV"}]}},"_links":{"self":[{"href":"https:\/\/metaltale.com\/lv\/wp-json\/wp\/v2\/product\/135286","targetHints":{"allow":["GET"]}}],"collection":[{"href":"https:\/\/metaltale.com\/lv\/wp-json\/wp\/v2\/product"}],"about":[{"href":"https:\/\/metaltale.com\/lv\/wp-json\/wp\/v2\/types\/product"}],"replies":[{"embeddable":true,"href":"https:\/\/metaltale.com\/lv\/wp-json\/wp\/v2\/comments?post=135286"}],"version-history":[{"count":0,"href":"https:\/\/metaltale.com\/lv\/wp-json\/wp\/v2\/product\/135286\/revisions"}],"wp:featuredmedia":[{"embeddable":true,"href":"https:\/\/metaltale.com\/lv\/wp-json\/wp\/v2\/media\/79759"}],"wp:attachment":[{"href":"https:\/\/metaltale.com\/lv\/wp-json\/wp\/v2\/media?parent=135286"}],"wp:term":[{"taxonomy":"product_brand","embeddable":true,"href":"https:\/\/metaltale.com\/lv\/wp-json\/wp\/v2\/product_brand?post=135286"},{"taxonomy":"product_cat","embeddable":true,"href":"https:\/\/metaltale.com\/lv\/wp-json\/wp\/v2\/product_cat?post=135286"},{"taxonomy":"product_tag","embeddable":true,"href":"https:\/\/metaltale.com\/lv\/wp-json\/wp\/v2\/product_tag?post=135286"}],"curies":[{"name":"wp","href":"https:\/\/api.w.org\/{rel}","templated":true}]}}