{"id":135280,"date":"2024-01-12T21:06:42","date_gmt":"2024-01-12T19:06:42","guid":{"rendered":"https:\/\/metaltale.com\/produktas\/terauda-balstiekarta-tytan-1-melna\/"},"modified":"2024-01-12T21:06:42","modified_gmt":"2024-01-12T19:06:42","slug":"terauda-balstiekarta-tytan-1-melna","status":"publish","type":"product","link":"https:\/\/metaltale.com\/lv\/produkts\/terauda-balstiekarta-tytan-1-melna\/","title":{"rendered":"T\u0113rauda balstiek\u0101rta TYTAN 1, melna"},"content":{"rendered":"<div class=\"prod_data\">\n<p><strong>Modelis<\/strong> ZA.TYTAN<br \/>\n<strong>Materi\u0101ls<\/strong> T\u0113rauds<br \/>\n<strong>Kop\u0113jais augstums (cm<\/strong> ) 180<br \/>\n<strong>Kop\u0113jais platums (cm<\/strong> ) 40<br \/>\n<strong>Kr\u0101sa<\/strong> Melna<br \/>\n<strong>PAPILDU INFORM\u0100CIJA<\/strong> Fons 40&#215;40 cm. Vertik\u0101l\u0101 gaisma 10&#215;10 cm. Regul\u0113jamas k\u0101jas<\/p>\n<p>Ap\u0123\u0113rbu, m\u0113te\u013cu un jaku pakarin\u0101\u0161ana.<\/p>\n<p>Piekare ir izgatavota no augstas kvalit\u0101tes t\u0113rauda un p\u0101rkl\u0101ta ar pulverkr\u0101su.<\/p>\n<p>Pamatnei ir regul\u0113jamas k\u0101jas<\/p>\n<\/div>\n","protected":false},"excerpt":{"rendered":"<p>Modelis ZA.TYTAN Materi\u0101ls T\u0113rauds Kop\u0113jais augstums (cm ) 180 Kop\u0113jais platums (cm ) 40 Kr\u0101sa Melna PAPILDU INFORM\u0100CIJA Fons 40&#215;40<\/p>\n","protected":false},"featured_media":119635,"comment_status":"open","ping_status":"closed","template":"","meta":{"_acf_changed":false,"pmpro_default_level":""},"product_brand":[],"product_cat":[24116,24057],"product_tag":[],"class_list":{"0":"post-135280","1":"product","2":"type-product","3":"status-publish","4":"has-post-thumbnail","6":"product_cat-pakaramie","7":"product_cat-rupnieciskas-mebeles","8":"pmpro-has-access","10":"first","11":"instock","12":"shipping-taxable","13":"purchasable","14":"product-type-simple"},"acf":[],"yoast_head":"<!-- This site is optimized with the Yoast SEO plugin v24.9 - https:\/\/yoast.com\/wordpress\/plugins\/seo\/ -->\n<title>T\u0113rauda balstiek\u0101rta TYTAN 1, melna - MetalTale.com<\/title>\n<meta name=\"robots\" content=\"index, follow, max-snippet:-1, max-image-preview:large, max-video-preview:-1\" \/>\n<link rel=\"canonical\" href=\"https:\/\/metaltale.com\/lv\/produkts\/terauda-balstiekarta-tytan-1-melna\/\" \/>\n<meta property=\"og:locale\" content=\"lv_LV\" \/>\n<meta property=\"og:type\" content=\"article\" \/>\n<meta property=\"og:title\" content=\"T\u0113rauda balstiek\u0101rta TYTAN 1, melna - MetalTale.com\" \/>\n<meta property=\"og:description\" content=\"Modelis ZA.TYTAN Materi\u0101ls T\u0113rauds Kop\u0113jais augstums (cm ) 180 Kop\u0113jais platums (cm ) 40 Kr\u0101sa Melna PAPILDU INFORM\u0100CIJA Fons 40&#215;40\" \/>\n<meta property=\"og:url\" content=\"https:\/\/metaltale.com\/lv\/produkts\/terauda-balstiekarta-tytan-1-melna\/\" \/>\n<meta property=\"og:site_name\" content=\"MetalTale.com\" \/>\n<meta name=\"twitter:card\" content=\"summary_large_image\" \/>\n<script type=\"application\/ld+json\" class=\"yoast-schema-graph\">{\"@context\":\"https:\/\/schema.org\",\"@graph\":[{\"@type\":\"WebPage\",\"@id\":\"https:\/\/metaltale.com\/lv\/produkts\/terauda-balstiekarta-tytan-1-melna\/\",\"url\":\"https:\/\/metaltale.com\/lv\/produkts\/terauda-balstiekarta-tytan-1-melna\/\",\"name\":\"T\u0113rauda balstiek\u0101rta TYTAN 1, melna - MetalTale.com\",\"isPartOf\":{\"@id\":\"https:\/\/metaltale.com\/lv\/#website\"},\"primaryImageOfPage\":{\"@id\":\"https:\/\/metaltale.com\/lv\/produkts\/terauda-balstiekarta-tytan-1-melna\/#primaryimage\"},\"image\":{\"@id\":\"https:\/\/metaltale.com\/lv\/produkts\/terauda-balstiekarta-tytan-1-melna\/#primaryimage\"},\"thumbnailUrl\":\"https:\/\/metaltale.com\/wp-content\/uploads\/2023\/11\/metaline-kabykla.jpg\",\"datePublished\":\"2024-01-12T19:06:42+00:00\",\"breadcrumb\":{\"@id\":\"https:\/\/metaltale.com\/lv\/produkts\/terauda-balstiekarta-tytan-1-melna\/#breadcrumb\"},\"inLanguage\":\"lv-LV\",\"potentialAction\":[{\"@type\":\"ReadAction\",\"target\":[\"https:\/\/metaltale.com\/lv\/produkts\/terauda-balstiekarta-tytan-1-melna\/\"]}]},{\"@type\":\"ImageObject\",\"inLanguage\":\"lv-LV\",\"@id\":\"https:\/\/metaltale.com\/lv\/produkts\/terauda-balstiekarta-tytan-1-melna\/#primaryimage\",\"url\":\"https:\/\/metaltale.com\/wp-content\/uploads\/2023\/11\/metaline-kabykla.jpg\",\"contentUrl\":\"https:\/\/metaltale.com\/wp-content\/uploads\/2023\/11\/metaline-kabykla.jpg\",\"width\":800,\"height\":800,\"caption\":\"met\u0101la pakaramais\"},{\"@type\":\"BreadcrumbList\",\"@id\":\"https:\/\/metaltale.com\/lv\/produkts\/terauda-balstiekarta-tytan-1-melna\/#breadcrumb\",\"itemListElement\":[{\"@type\":\"ListItem\",\"position\":1,\"name\":\"Home\",\"item\":\"https:\/\/metaltale.com\/lv\/majas\/\"},{\"@type\":\"ListItem\",\"position\":2,\"name\":\"Veikals\",\"item\":\"https:\/\/metaltale.com\/lv\/shop\/\"},{\"@type\":\"ListItem\",\"position\":3,\"name\":\"T\u0113rauda balstiek\u0101rta TYTAN 1, melna\"}]},{\"@type\":\"WebSite\",\"@id\":\"https:\/\/metaltale.com\/lv\/#website\",\"url\":\"https:\/\/metaltale.com\/lv\/\",\"name\":\"Metaltale.com\",\"description\":\"\",\"potentialAction\":[{\"@type\":\"SearchAction\",\"target\":{\"@type\":\"EntryPoint\",\"urlTemplate\":\"https:\/\/metaltale.com\/lv\/?s={search_term_string}\"},\"query-input\":{\"@type\":\"PropertyValueSpecification\",\"valueRequired\":true,\"valueName\":\"search_term_string\"}}],\"inLanguage\":\"lv-LV\"}]}<\/script>\n<!-- \/ Yoast SEO plugin. -->","yoast_head_json":{"title":"T\u0113rauda balstiek\u0101rta TYTAN 1, melna - MetalTale.com","robots":{"index":"index","follow":"follow","max-snippet":"max-snippet:-1","max-image-preview":"max-image-preview:large","max-video-preview":"max-video-preview:-1"},"canonical":"https:\/\/metaltale.com\/lv\/produkts\/terauda-balstiekarta-tytan-1-melna\/","og_locale":"lv_LV","og_type":"article","og_title":"T\u0113rauda balstiek\u0101rta TYTAN 1, melna - MetalTale.com","og_description":"Modelis ZA.TYTAN Materi\u0101ls T\u0113rauds Kop\u0113jais augstums (cm ) 180 Kop\u0113jais platums (cm ) 40 Kr\u0101sa Melna PAPILDU INFORM\u0100CIJA Fons 40&#215;40","og_url":"https:\/\/metaltale.com\/lv\/produkts\/terauda-balstiekarta-tytan-1-melna\/","og_site_name":"MetalTale.com","twitter_card":"summary_large_image","schema":{"@context":"https:\/\/schema.org","@graph":[{"@type":"WebPage","@id":"https:\/\/metaltale.com\/lv\/produkts\/terauda-balstiekarta-tytan-1-melna\/","url":"https:\/\/metaltale.com\/lv\/produkts\/terauda-balstiekarta-tytan-1-melna\/","name":"T\u0113rauda balstiek\u0101rta TYTAN 1, melna - MetalTale.com","isPartOf":{"@id":"https:\/\/metaltale.com\/lv\/#website"},"primaryImageOfPage":{"@id":"https:\/\/metaltale.com\/lv\/produkts\/terauda-balstiekarta-tytan-1-melna\/#primaryimage"},"image":{"@id":"https:\/\/metaltale.com\/lv\/produkts\/terauda-balstiekarta-tytan-1-melna\/#primaryimage"},"thumbnailUrl":"https:\/\/metaltale.com\/wp-content\/uploads\/2023\/11\/metaline-kabykla.jpg","datePublished":"2024-01-12T19:06:42+00:00","breadcrumb":{"@id":"https:\/\/metaltale.com\/lv\/produkts\/terauda-balstiekarta-tytan-1-melna\/#breadcrumb"},"inLanguage":"lv-LV","potentialAction":[{"@type":"ReadAction","target":["https:\/\/metaltale.com\/lv\/produkts\/terauda-balstiekarta-tytan-1-melna\/"]}]},{"@type":"ImageObject","inLanguage":"lv-LV","@id":"https:\/\/metaltale.com\/lv\/produkts\/terauda-balstiekarta-tytan-1-melna\/#primaryimage","url":"https:\/\/metaltale.com\/wp-content\/uploads\/2023\/11\/metaline-kabykla.jpg","contentUrl":"https:\/\/metaltale.com\/wp-content\/uploads\/2023\/11\/metaline-kabykla.jpg","width":800,"height":800,"caption":"met\u0101la pakaramais"},{"@type":"BreadcrumbList","@id":"https:\/\/metaltale.com\/lv\/produkts\/terauda-balstiekarta-tytan-1-melna\/#breadcrumb","itemListElement":[{"@type":"ListItem","position":1,"name":"Home","item":"https:\/\/metaltale.com\/lv\/majas\/"},{"@type":"ListItem","position":2,"name":"Veikals","item":"https:\/\/metaltale.com\/lv\/shop\/"},{"@type":"ListItem","position":3,"name":"T\u0113rauda balstiek\u0101rta TYTAN 1, melna"}]},{"@type":"WebSite","@id":"https:\/\/metaltale.com\/lv\/#website","url":"https:\/\/metaltale.com\/lv\/","name":"Metaltale.com","description":"","potentialAction":[{"@type":"SearchAction","target":{"@type":"EntryPoint","urlTemplate":"https:\/\/metaltale.com\/lv\/?s={search_term_string}"},"query-input":{"@type":"PropertyValueSpecification","valueRequired":true,"valueName":"search_term_string"}}],"inLanguage":"lv-LV"}]}},"_links":{"self":[{"href":"https:\/\/metaltale.com\/lv\/wp-json\/wp\/v2\/product\/135280","targetHints":{"allow":["GET"]}}],"collection":[{"href":"https:\/\/metaltale.com\/lv\/wp-json\/wp\/v2\/product"}],"about":[{"href":"https:\/\/metaltale.com\/lv\/wp-json\/wp\/v2\/types\/product"}],"replies":[{"embeddable":true,"href":"https:\/\/metaltale.com\/lv\/wp-json\/wp\/v2\/comments?post=135280"}],"version-history":[{"count":0,"href":"https:\/\/metaltale.com\/lv\/wp-json\/wp\/v2\/product\/135280\/revisions"}],"wp:featuredmedia":[{"embeddable":true,"href":"https:\/\/metaltale.com\/lv\/wp-json\/wp\/v2\/media\/119635"}],"wp:attachment":[{"href":"https:\/\/metaltale.com\/lv\/wp-json\/wp\/v2\/media?parent=135280"}],"wp:term":[{"taxonomy":"product_brand","embeddable":true,"href":"https:\/\/metaltale.com\/lv\/wp-json\/wp\/v2\/product_brand?post=135280"},{"taxonomy":"product_cat","embeddable":true,"href":"https:\/\/metaltale.com\/lv\/wp-json\/wp\/v2\/product_cat?post=135280"},{"taxonomy":"product_tag","embeddable":true,"href":"https:\/\/metaltale.com\/lv\/wp-json\/wp\/v2\/product_tag?post=135280"}],"curies":[{"name":"wp","href":"https:\/\/api.w.org\/{rel}","templated":true}]}}