{"id":135274,"date":"2024-02-13T14:25:06","date_gmt":"2024-02-13T12:25:06","guid":{"rendered":"https:\/\/metaltale.com\/produktas\/rotacijas-piekaramais-akis-rotary\/"},"modified":"2024-02-13T14:25:06","modified_gmt":"2024-02-13T12:25:06","slug":"rotacijas-piekaramais-akis-rotary","status":"publish","type":"product","link":"https:\/\/metaltale.com\/lv\/produkts\/rotacijas-piekaramais-akis-rotary\/","title":{"rendered":"Rot\u0101cijas piekaramais \u0101\u0137is ROTARY"},"content":{"rendered":"<div class=\"prod_data\">\n<h2>M\u0113be\u013cu papildapr\u012bkojums &#8211; FOLDING HANGER CABLE ROTARY<\/h2>\n<p><strong>Modelis:<\/strong> 70.336P. AI.105<br \/>\n<strong>EAN:<\/strong> 5905369918094<br \/>\n<strong>Materi\u0101ls:<\/strong> \u010duguns<br \/>\n<strong>Kop\u0113jais augstums (cm<\/strong> ): 7<br \/>\n<strong>Kop\u0113j\u0101 projekcija (cm<\/strong> ): 10<br \/>\n<strong>Pamatnes izm\u0113ri (cm)<\/strong>: 2,3 x 5,7<br \/>\n<strong>Kr\u0101sa:<\/strong> t\u0113rauda<\/p>\n<p>Lauku stila m\u0113be\u013cu aksesu\u0101ri atrod daudz praktisku pielietojumu, pateicoties to daudzpus\u012bbai, vienk\u0101r\u0161\u012bbai un iztur\u012bbai. \u0160is piekaramais \u0101\u0137is ir apr\u012bkots ar papildu e\u0146\u0123i, kas \u013cauj \u0101\u0137im br\u012bvi griezties par 180 gr\u0101diem. Komplekt\u0101 ir iek\u013cauts mont\u0101\u017eas skr\u016bvju komplekts.<\/p>\n<\/div>\n","protected":false},"excerpt":{"rendered":"<p>M\u0113be\u013cu papildapr\u012bkojums &#8211; FOLDING HANGER CABLE ROTARY Modelis: 70.336P. AI.105 EAN: 5905369918094 Materi\u0101ls: \u010duguns Kop\u0113jais augstums (cm ): 7 Kop\u0113j\u0101<\/p>\n","protected":false},"featured_media":117255,"comment_status":"open","ping_status":"closed","template":"","meta":{"_acf_changed":false,"pmpro_default_level":""},"product_brand":[],"product_cat":[23837,23862],"product_tag":[],"class_list":{"0":"post-135274","1":"product","2":"type-product","3":"status-publish","4":"has-post-thumbnail","6":"product_cat-mebeles-piederumi","7":"product_cat-pakabos-ir-kabliukai-lv","8":"pmpro-has-access","10":"first","11":"instock","12":"shipping-taxable","13":"purchasable","14":"product-type-simple"},"acf":[],"yoast_head":"<!-- This site is optimized with the Yoast SEO plugin v24.9 - https:\/\/yoast.com\/wordpress\/plugins\/seo\/ -->\n<title>Rot\u0101cijas piekaramais \u0101\u0137is ROTARY - MetalTale.com<\/title>\n<meta name=\"robots\" content=\"index, follow, max-snippet:-1, max-image-preview:large, max-video-preview:-1\" \/>\n<link rel=\"canonical\" href=\"https:\/\/metaltale.com\/lv\/produkts\/rotacijas-piekaramais-akis-rotary\/\" \/>\n<meta property=\"og:locale\" content=\"lv_LV\" \/>\n<meta property=\"og:type\" content=\"article\" \/>\n<meta property=\"og:title\" content=\"Rot\u0101cijas piekaramais \u0101\u0137is ROTARY - MetalTale.com\" \/>\n<meta property=\"og:description\" content=\"M\u0113be\u013cu papildapr\u012bkojums &#8211; FOLDING HANGER CABLE ROTARY Modelis: 70.336P. AI.105 EAN: 5905369918094 Materi\u0101ls: \u010duguns Kop\u0113jais augstums (cm ): 7 Kop\u0113j\u0101\" \/>\n<meta property=\"og:url\" content=\"https:\/\/metaltale.com\/lv\/produkts\/rotacijas-piekaramais-akis-rotary\/\" \/>\n<meta property=\"og:site_name\" content=\"MetalTale.com\" \/>\n<meta name=\"twitter:card\" content=\"summary_large_image\" \/>\n<script type=\"application\/ld+json\" class=\"yoast-schema-graph\">{\"@context\":\"https:\/\/schema.org\",\"@graph\":[{\"@type\":\"WebPage\",\"@id\":\"https:\/\/metaltale.com\/lv\/produkts\/rotacijas-piekaramais-akis-rotary\/\",\"url\":\"https:\/\/metaltale.com\/lv\/produkts\/rotacijas-piekaramais-akis-rotary\/\",\"name\":\"Rot\u0101cijas piekaramais \u0101\u0137is ROTARY - MetalTale.com\",\"isPartOf\":{\"@id\":\"https:\/\/metaltale.com\/lv\/#website\"},\"primaryImageOfPage\":{\"@id\":\"https:\/\/metaltale.com\/lv\/produkts\/rotacijas-piekaramais-akis-rotary\/#primaryimage\"},\"image\":{\"@id\":\"https:\/\/metaltale.com\/lv\/produkts\/rotacijas-piekaramais-akis-rotary\/#primaryimage\"},\"thumbnailUrl\":\"https:\/\/metaltale.com\/wp-content\/uploads\/2023\/12\/SUKAMASIS-KABLYS.jpg\",\"datePublished\":\"2024-02-13T12:25:06+00:00\",\"breadcrumb\":{\"@id\":\"https:\/\/metaltale.com\/lv\/produkts\/rotacijas-piekaramais-akis-rotary\/#breadcrumb\"},\"inLanguage\":\"lv-LV\",\"potentialAction\":[{\"@type\":\"ReadAction\",\"target\":[\"https:\/\/metaltale.com\/lv\/produkts\/rotacijas-piekaramais-akis-rotary\/\"]}]},{\"@type\":\"ImageObject\",\"inLanguage\":\"lv-LV\",\"@id\":\"https:\/\/metaltale.com\/lv\/produkts\/rotacijas-piekaramais-akis-rotary\/#primaryimage\",\"url\":\"https:\/\/metaltale.com\/wp-content\/uploads\/2023\/12\/SUKAMASIS-KABLYS.jpg\",\"contentUrl\":\"https:\/\/metaltale.com\/wp-content\/uploads\/2023\/12\/SUKAMASIS-KABLYS.jpg\",\"width\":800,\"height\":800,\"caption\":\"Rot\u0101cijas piekaramais \u0101\u0137is ROTARY\"},{\"@type\":\"BreadcrumbList\",\"@id\":\"https:\/\/metaltale.com\/lv\/produkts\/rotacijas-piekaramais-akis-rotary\/#breadcrumb\",\"itemListElement\":[{\"@type\":\"ListItem\",\"position\":1,\"name\":\"Home\",\"item\":\"https:\/\/metaltale.com\/lv\/majas\/\"},{\"@type\":\"ListItem\",\"position\":2,\"name\":\"Veikals\",\"item\":\"https:\/\/metaltale.com\/lv\/shop\/\"},{\"@type\":\"ListItem\",\"position\":3,\"name\":\"Rot\u0101cijas piekaramais \u0101\u0137is ROTARY\"}]},{\"@type\":\"WebSite\",\"@id\":\"https:\/\/metaltale.com\/lv\/#website\",\"url\":\"https:\/\/metaltale.com\/lv\/\",\"name\":\"Metaltale.com\",\"description\":\"\",\"potentialAction\":[{\"@type\":\"SearchAction\",\"target\":{\"@type\":\"EntryPoint\",\"urlTemplate\":\"https:\/\/metaltale.com\/lv\/?s={search_term_string}\"},\"query-input\":{\"@type\":\"PropertyValueSpecification\",\"valueRequired\":true,\"valueName\":\"search_term_string\"}}],\"inLanguage\":\"lv-LV\"}]}<\/script>\n<!-- \/ Yoast SEO plugin. -->","yoast_head_json":{"title":"Rot\u0101cijas piekaramais \u0101\u0137is ROTARY - MetalTale.com","robots":{"index":"index","follow":"follow","max-snippet":"max-snippet:-1","max-image-preview":"max-image-preview:large","max-video-preview":"max-video-preview:-1"},"canonical":"https:\/\/metaltale.com\/lv\/produkts\/rotacijas-piekaramais-akis-rotary\/","og_locale":"lv_LV","og_type":"article","og_title":"Rot\u0101cijas piekaramais \u0101\u0137is ROTARY - MetalTale.com","og_description":"M\u0113be\u013cu papildapr\u012bkojums &#8211; FOLDING HANGER CABLE ROTARY Modelis: 70.336P. AI.105 EAN: 5905369918094 Materi\u0101ls: \u010duguns Kop\u0113jais augstums (cm ): 7 Kop\u0113j\u0101","og_url":"https:\/\/metaltale.com\/lv\/produkts\/rotacijas-piekaramais-akis-rotary\/","og_site_name":"MetalTale.com","twitter_card":"summary_large_image","schema":{"@context":"https:\/\/schema.org","@graph":[{"@type":"WebPage","@id":"https:\/\/metaltale.com\/lv\/produkts\/rotacijas-piekaramais-akis-rotary\/","url":"https:\/\/metaltale.com\/lv\/produkts\/rotacijas-piekaramais-akis-rotary\/","name":"Rot\u0101cijas piekaramais \u0101\u0137is ROTARY - MetalTale.com","isPartOf":{"@id":"https:\/\/metaltale.com\/lv\/#website"},"primaryImageOfPage":{"@id":"https:\/\/metaltale.com\/lv\/produkts\/rotacijas-piekaramais-akis-rotary\/#primaryimage"},"image":{"@id":"https:\/\/metaltale.com\/lv\/produkts\/rotacijas-piekaramais-akis-rotary\/#primaryimage"},"thumbnailUrl":"https:\/\/metaltale.com\/wp-content\/uploads\/2023\/12\/SUKAMASIS-KABLYS.jpg","datePublished":"2024-02-13T12:25:06+00:00","breadcrumb":{"@id":"https:\/\/metaltale.com\/lv\/produkts\/rotacijas-piekaramais-akis-rotary\/#breadcrumb"},"inLanguage":"lv-LV","potentialAction":[{"@type":"ReadAction","target":["https:\/\/metaltale.com\/lv\/produkts\/rotacijas-piekaramais-akis-rotary\/"]}]},{"@type":"ImageObject","inLanguage":"lv-LV","@id":"https:\/\/metaltale.com\/lv\/produkts\/rotacijas-piekaramais-akis-rotary\/#primaryimage","url":"https:\/\/metaltale.com\/wp-content\/uploads\/2023\/12\/SUKAMASIS-KABLYS.jpg","contentUrl":"https:\/\/metaltale.com\/wp-content\/uploads\/2023\/12\/SUKAMASIS-KABLYS.jpg","width":800,"height":800,"caption":"Rot\u0101cijas piekaramais \u0101\u0137is ROTARY"},{"@type":"BreadcrumbList","@id":"https:\/\/metaltale.com\/lv\/produkts\/rotacijas-piekaramais-akis-rotary\/#breadcrumb","itemListElement":[{"@type":"ListItem","position":1,"name":"Home","item":"https:\/\/metaltale.com\/lv\/majas\/"},{"@type":"ListItem","position":2,"name":"Veikals","item":"https:\/\/metaltale.com\/lv\/shop\/"},{"@type":"ListItem","position":3,"name":"Rot\u0101cijas piekaramais \u0101\u0137is ROTARY"}]},{"@type":"WebSite","@id":"https:\/\/metaltale.com\/lv\/#website","url":"https:\/\/metaltale.com\/lv\/","name":"Metaltale.com","description":"","potentialAction":[{"@type":"SearchAction","target":{"@type":"EntryPoint","urlTemplate":"https:\/\/metaltale.com\/lv\/?s={search_term_string}"},"query-input":{"@type":"PropertyValueSpecification","valueRequired":true,"valueName":"search_term_string"}}],"inLanguage":"lv-LV"}]}},"_links":{"self":[{"href":"https:\/\/metaltale.com\/lv\/wp-json\/wp\/v2\/product\/135274","targetHints":{"allow":["GET"]}}],"collection":[{"href":"https:\/\/metaltale.com\/lv\/wp-json\/wp\/v2\/product"}],"about":[{"href":"https:\/\/metaltale.com\/lv\/wp-json\/wp\/v2\/types\/product"}],"replies":[{"embeddable":true,"href":"https:\/\/metaltale.com\/lv\/wp-json\/wp\/v2\/comments?post=135274"}],"version-history":[{"count":0,"href":"https:\/\/metaltale.com\/lv\/wp-json\/wp\/v2\/product\/135274\/revisions"}],"wp:featuredmedia":[{"embeddable":true,"href":"https:\/\/metaltale.com\/lv\/wp-json\/wp\/v2\/media\/117255"}],"wp:attachment":[{"href":"https:\/\/metaltale.com\/lv\/wp-json\/wp\/v2\/media?parent=135274"}],"wp:term":[{"taxonomy":"product_brand","embeddable":true,"href":"https:\/\/metaltale.com\/lv\/wp-json\/wp\/v2\/product_brand?post=135274"},{"taxonomy":"product_cat","embeddable":true,"href":"https:\/\/metaltale.com\/lv\/wp-json\/wp\/v2\/product_cat?post=135274"},{"taxonomy":"product_tag","embeddable":true,"href":"https:\/\/metaltale.com\/lv\/wp-json\/wp\/v2\/product_tag?post=135274"}],"curies":[{"name":"wp","href":"https:\/\/api.w.org\/{rel}","templated":true}]}}