{"id":135259,"date":"2024-02-13T15:03:58","date_gmt":"2024-02-13T13:03:58","guid":{"rendered":"https:\/\/metaltale.com\/produktas\/beninu-stikla-bidamas-durvis-wovena\/"},"modified":"2024-02-13T15:03:58","modified_gmt":"2024-02-13T13:03:58","slug":"beninu-stikla-bidamas-durvis-wovena","status":"publish","type":"product","link":"https:\/\/metaltale.com\/lv\/produkts\/beninu-stikla-bidamas-durvis-wovena\/","title":{"rendered":"B\u0113ni\u0146u stikla b\u012bd\u0101m\u0101s durvis WOVENA"},"content":{"rendered":"<div class=\"prod_data\">EITI <strong>modelis<\/strong>. FL. PRGR <br \/><strong>Materi\u0101ls<\/strong> Alum\u012bnijs, stikls  <br \/><strong>Materi\u0101la biezums (cm<\/strong> ) 3  <br \/>Kop\u0113jais augstums (cm ) 210 <br \/><strong>Stikla tips<\/strong> R\u016bd\u012bts  <br \/><strong>R\u0101mja kr\u0101sa<\/strong> Melna  <br \/><strong>Stikla biezums (cm<\/strong> ) 0,8  <br \/><strong>Stikla kr\u0101sa<\/strong> Caursp\u012bd\u012bgs  <br \/>Pieg\u0101des veids Piln\u012bb\u0101 samont\u0113ts produkts <br \/><strong>PAPILDU INFORM\u0100CIJA<\/strong> Pied\u0101v\u0101jums attiecas tikai uz durv\u012bm un neietver b\u012bd\u0101m\u0101s sist\u0113mas un citus piederumus.  <\/p>\n<hr>\n<p>&#8211; Durvis, kas izgatavotas no alum\u012bnija un stikla kombin\u0101cijas<br \/>&#8211; R\u0101mis izgatavots no augstas kvalit\u0101tes, \u012bpa\u0161i viegla alum\u012bnija, kas nodro\u0161ina stabilit\u0101ti un \u0113rtu lieto\u0161anu.<br \/>&#8211; 0,8 % izmantot\u0101 stikla<br \/>&#8211; viena durvju puse ir rievota, bet otra &#8211; gluda.<br \/>&#8211; durv\u012bs nav mont\u0101\u017eas caurumu<br \/>&#8211; pulverkr\u0101sas p\u0101rkl\u0101jums \u013cauj izmantot durvis mitruma iedarb\u012bbai pak\u013caut\u0101s viet\u0101s.<br \/>&#8211; m\u016bsdien\u012bga kr\u0101so\u0161anas tehnolo\u0123ija apvienojum\u0101 ar augstas kvalit\u0101tes lak\u0101m nodro\u0161ina ilgnotur\u012bgu kr\u0101su un iztur\u012bbu pret skr\u0101p\u0113jumiem.<br \/>&#8211; \u0160im durvju modelim ir rakstur\u012bgas horizont\u0101las stiklojuma sloksnes.<br \/>&#8211; univers\u0101ls dizains nodro\u0161ina, ka durvis lieliski iederas jebkura stila b\u0113ni\u0146u vai modern\u0101 interjer\u0101.<\/p>\n<hr>\n<p>WOVENA b\u012bd\u0101maj\u0101m durv\u012bm ir ori\u0123in\u0101ls raksturs, pateicoties gofr\u0113t\u0101 stikla izmanto\u0161anai, kas nodro\u0161ina priv\u0101tumu telp\u0101. Durvis izce\u013cas ar prec\u012bzu izgatavo\u0161anu un uzman\u012bbu deta\u013c\u0101m. durv\u012bm ir pulvera p\u0101rkl\u0101juma r\u0101mis, t\u0101p\u0113c t\u0101s var izmantot ne tikai dz\u012bvojam\u0101 istab\u0101 vai darba telp\u0101, bet ar\u012b vannas istab\u0101 vai virtuv\u0113. Met\u0101la konstrukcija padara tos ide\u0101li piem\u0113rotus pla\u0161am b\u0113ni\u0146u stila interjeram, bet to elegance lau\u017e formu.<\/p>\n<hr>\n<p>*<span> dubulto b\u012bd\u0101mo durvju sist\u0113mai j\u0101izmanto <\/span> tikai<span class=\"hiddenGrammarError\">atsperojuma tipa<\/span><span> sliedes <\/span>.  <\/p>\n<\/div>\n","protected":false},"excerpt":{"rendered":"<p>EITI modelis. FL. PRGR Materi\u0101ls Alum\u012bnijs, stikls Materi\u0101la biezums (cm ) 3 Kop\u0113jais augstums (cm ) 210 Stikla tips R\u016bd\u012bts<\/p>\n","protected":false},"featured_media":106708,"comment_status":"open","ping_status":"closed","template":"","meta":{"_acf_changed":false,"pmpro_default_level":""},"product_brand":[],"product_cat":[24065],"product_tag":[],"class_list":{"0":"post-135259","1":"product","2":"type-product","3":"status-publish","4":"has-post-thumbnail","6":"product_cat-stikla-bidamas-durvis","7":"pmpro-has-access","9":"first","10":"instock","11":"shipping-taxable","12":"purchasable","13":"product-type-simple"},"acf":[],"yoast_head":"<!-- This site is optimized with the Yoast SEO plugin v24.9 - https:\/\/yoast.com\/wordpress\/plugins\/seo\/ -->\n<title>B\u0113ni\u0146u stikla b\u012bd\u0101m\u0101s durvis WOVENA - MetalTale.com<\/title>\n<meta name=\"robots\" content=\"index, follow, max-snippet:-1, max-image-preview:large, max-video-preview:-1\" \/>\n<link rel=\"canonical\" href=\"https:\/\/metaltale.com\/lv\/produkts\/beninu-stikla-bidamas-durvis-wovena\/\" \/>\n<meta property=\"og:locale\" content=\"lv_LV\" \/>\n<meta property=\"og:type\" content=\"article\" \/>\n<meta property=\"og:title\" content=\"B\u0113ni\u0146u stikla b\u012bd\u0101m\u0101s durvis WOVENA - MetalTale.com\" \/>\n<meta property=\"og:description\" content=\"EITI modelis. FL. PRGR Materi\u0101ls Alum\u012bnijs, stikls Materi\u0101la biezums (cm ) 3 Kop\u0113jais augstums (cm ) 210 Stikla tips R\u016bd\u012bts\" \/>\n<meta property=\"og:url\" content=\"https:\/\/metaltale.com\/lv\/produkts\/beninu-stikla-bidamas-durvis-wovena\/\" \/>\n<meta property=\"og:site_name\" content=\"MetalTale.com\" \/>\n<meta name=\"twitter:card\" content=\"summary_large_image\" \/>\n<meta name=\"twitter:label1\" content=\"Est. reading time\" \/>\n\t<meta name=\"twitter:data1\" content=\"1 minute\" \/>\n<script type=\"application\/ld+json\" class=\"yoast-schema-graph\">{\"@context\":\"https:\/\/schema.org\",\"@graph\":[{\"@type\":\"WebPage\",\"@id\":\"https:\/\/metaltale.com\/lv\/produkts\/beninu-stikla-bidamas-durvis-wovena\/\",\"url\":\"https:\/\/metaltale.com\/lv\/produkts\/beninu-stikla-bidamas-durvis-wovena\/\",\"name\":\"B\u0113ni\u0146u stikla b\u012bd\u0101m\u0101s durvis WOVENA - MetalTale.com\",\"isPartOf\":{\"@id\":\"https:\/\/metaltale.com\/lv\/#website\"},\"primaryImageOfPage\":{\"@id\":\"https:\/\/metaltale.com\/lv\/produkts\/beninu-stikla-bidamas-durvis-wovena\/#primaryimage\"},\"image\":{\"@id\":\"https:\/\/metaltale.com\/lv\/produkts\/beninu-stikla-bidamas-durvis-wovena\/#primaryimage\"},\"thumbnailUrl\":\"https:\/\/metaltale.com\/wp-content\/uploads\/2023\/11\/AUSTOS-stiklo-durys-100x210-Gofruotas-stiklas.jpg\",\"datePublished\":\"2024-02-13T13:03:58+00:00\",\"breadcrumb\":{\"@id\":\"https:\/\/metaltale.com\/lv\/produkts\/beninu-stikla-bidamas-durvis-wovena\/#breadcrumb\"},\"inLanguage\":\"lv-LV\",\"potentialAction\":[{\"@type\":\"ReadAction\",\"target\":[\"https:\/\/metaltale.com\/lv\/produkts\/beninu-stikla-bidamas-durvis-wovena\/\"]}]},{\"@type\":\"ImageObject\",\"inLanguage\":\"lv-LV\",\"@id\":\"https:\/\/metaltale.com\/lv\/produkts\/beninu-stikla-bidamas-durvis-wovena\/#primaryimage\",\"url\":\"https:\/\/metaltale.com\/wp-content\/uploads\/2023\/11\/AUSTOS-stiklo-durys-100x210-Gofruotas-stiklas.jpg\",\"contentUrl\":\"https:\/\/metaltale.com\/wp-content\/uploads\/2023\/11\/AUSTOS-stiklo-durys-100x210-Gofruotas-stiklas.jpg\",\"width\":800,\"height\":800},{\"@type\":\"BreadcrumbList\",\"@id\":\"https:\/\/metaltale.com\/lv\/produkts\/beninu-stikla-bidamas-durvis-wovena\/#breadcrumb\",\"itemListElement\":[{\"@type\":\"ListItem\",\"position\":1,\"name\":\"Home\",\"item\":\"https:\/\/metaltale.com\/lv\/majas\/\"},{\"@type\":\"ListItem\",\"position\":2,\"name\":\"Veikals\",\"item\":\"https:\/\/metaltale.com\/lv\/shop\/\"},{\"@type\":\"ListItem\",\"position\":3,\"name\":\"B\u0113ni\u0146u stikla b\u012bd\u0101m\u0101s durvis WOVENA\"}]},{\"@type\":\"WebSite\",\"@id\":\"https:\/\/metaltale.com\/lv\/#website\",\"url\":\"https:\/\/metaltale.com\/lv\/\",\"name\":\"Metaltale.com\",\"description\":\"\",\"potentialAction\":[{\"@type\":\"SearchAction\",\"target\":{\"@type\":\"EntryPoint\",\"urlTemplate\":\"https:\/\/metaltale.com\/lv\/?s={search_term_string}\"},\"query-input\":{\"@type\":\"PropertyValueSpecification\",\"valueRequired\":true,\"valueName\":\"search_term_string\"}}],\"inLanguage\":\"lv-LV\"}]}<\/script>\n<!-- \/ Yoast SEO plugin. -->","yoast_head_json":{"title":"B\u0113ni\u0146u stikla b\u012bd\u0101m\u0101s durvis WOVENA - MetalTale.com","robots":{"index":"index","follow":"follow","max-snippet":"max-snippet:-1","max-image-preview":"max-image-preview:large","max-video-preview":"max-video-preview:-1"},"canonical":"https:\/\/metaltale.com\/lv\/produkts\/beninu-stikla-bidamas-durvis-wovena\/","og_locale":"lv_LV","og_type":"article","og_title":"B\u0113ni\u0146u stikla b\u012bd\u0101m\u0101s durvis WOVENA - MetalTale.com","og_description":"EITI modelis. FL. PRGR Materi\u0101ls Alum\u012bnijs, stikls Materi\u0101la biezums (cm ) 3 Kop\u0113jais augstums (cm ) 210 Stikla tips R\u016bd\u012bts","og_url":"https:\/\/metaltale.com\/lv\/produkts\/beninu-stikla-bidamas-durvis-wovena\/","og_site_name":"MetalTale.com","twitter_card":"summary_large_image","twitter_misc":{"Est. reading time":"1 minute"},"schema":{"@context":"https:\/\/schema.org","@graph":[{"@type":"WebPage","@id":"https:\/\/metaltale.com\/lv\/produkts\/beninu-stikla-bidamas-durvis-wovena\/","url":"https:\/\/metaltale.com\/lv\/produkts\/beninu-stikla-bidamas-durvis-wovena\/","name":"B\u0113ni\u0146u stikla b\u012bd\u0101m\u0101s durvis WOVENA - MetalTale.com","isPartOf":{"@id":"https:\/\/metaltale.com\/lv\/#website"},"primaryImageOfPage":{"@id":"https:\/\/metaltale.com\/lv\/produkts\/beninu-stikla-bidamas-durvis-wovena\/#primaryimage"},"image":{"@id":"https:\/\/metaltale.com\/lv\/produkts\/beninu-stikla-bidamas-durvis-wovena\/#primaryimage"},"thumbnailUrl":"https:\/\/metaltale.com\/wp-content\/uploads\/2023\/11\/AUSTOS-stiklo-durys-100x210-Gofruotas-stiklas.jpg","datePublished":"2024-02-13T13:03:58+00:00","breadcrumb":{"@id":"https:\/\/metaltale.com\/lv\/produkts\/beninu-stikla-bidamas-durvis-wovena\/#breadcrumb"},"inLanguage":"lv-LV","potentialAction":[{"@type":"ReadAction","target":["https:\/\/metaltale.com\/lv\/produkts\/beninu-stikla-bidamas-durvis-wovena\/"]}]},{"@type":"ImageObject","inLanguage":"lv-LV","@id":"https:\/\/metaltale.com\/lv\/produkts\/beninu-stikla-bidamas-durvis-wovena\/#primaryimage","url":"https:\/\/metaltale.com\/wp-content\/uploads\/2023\/11\/AUSTOS-stiklo-durys-100x210-Gofruotas-stiklas.jpg","contentUrl":"https:\/\/metaltale.com\/wp-content\/uploads\/2023\/11\/AUSTOS-stiklo-durys-100x210-Gofruotas-stiklas.jpg","width":800,"height":800},{"@type":"BreadcrumbList","@id":"https:\/\/metaltale.com\/lv\/produkts\/beninu-stikla-bidamas-durvis-wovena\/#breadcrumb","itemListElement":[{"@type":"ListItem","position":1,"name":"Home","item":"https:\/\/metaltale.com\/lv\/majas\/"},{"@type":"ListItem","position":2,"name":"Veikals","item":"https:\/\/metaltale.com\/lv\/shop\/"},{"@type":"ListItem","position":3,"name":"B\u0113ni\u0146u stikla b\u012bd\u0101m\u0101s durvis WOVENA"}]},{"@type":"WebSite","@id":"https:\/\/metaltale.com\/lv\/#website","url":"https:\/\/metaltale.com\/lv\/","name":"Metaltale.com","description":"","potentialAction":[{"@type":"SearchAction","target":{"@type":"EntryPoint","urlTemplate":"https:\/\/metaltale.com\/lv\/?s={search_term_string}"},"query-input":{"@type":"PropertyValueSpecification","valueRequired":true,"valueName":"search_term_string"}}],"inLanguage":"lv-LV"}]}},"_links":{"self":[{"href":"https:\/\/metaltale.com\/lv\/wp-json\/wp\/v2\/product\/135259","targetHints":{"allow":["GET"]}}],"collection":[{"href":"https:\/\/metaltale.com\/lv\/wp-json\/wp\/v2\/product"}],"about":[{"href":"https:\/\/metaltale.com\/lv\/wp-json\/wp\/v2\/types\/product"}],"replies":[{"embeddable":true,"href":"https:\/\/metaltale.com\/lv\/wp-json\/wp\/v2\/comments?post=135259"}],"version-history":[{"count":0,"href":"https:\/\/metaltale.com\/lv\/wp-json\/wp\/v2\/product\/135259\/revisions"}],"wp:featuredmedia":[{"embeddable":true,"href":"https:\/\/metaltale.com\/lv\/wp-json\/wp\/v2\/media\/106708"}],"wp:attachment":[{"href":"https:\/\/metaltale.com\/lv\/wp-json\/wp\/v2\/media?parent=135259"}],"wp:term":[{"taxonomy":"product_brand","embeddable":true,"href":"https:\/\/metaltale.com\/lv\/wp-json\/wp\/v2\/product_brand?post=135259"},{"taxonomy":"product_cat","embeddable":true,"href":"https:\/\/metaltale.com\/lv\/wp-json\/wp\/v2\/product_cat?post=135259"},{"taxonomy":"product_tag","embeddable":true,"href":"https:\/\/metaltale.com\/lv\/wp-json\/wp\/v2\/product_tag?post=135259"}],"curies":[{"name":"wp","href":"https:\/\/api.w.org\/{rel}","templated":true}]}}