{"id":135249,"date":"2024-02-13T13:23:41","date_gmt":"2024-02-13T11:23:41","guid":{"rendered":"https:\/\/metaltale.com\/produktas\/tivoli-stikla-bidamas-beninu-durvis\/"},"modified":"2024-02-13T13:23:41","modified_gmt":"2024-02-13T11:23:41","slug":"tivoli-stikla-bidamas-beninu-durvis","status":"publish","type":"product","link":"https:\/\/metaltale.com\/lv\/produkts\/tivoli-stikla-bidamas-beninu-durvis\/","title":{"rendered":"TIVOLI stikla b\u012bd\u0101m\u0101s b\u0113ni\u0146u durvis"},"content":{"rendered":"<div class=\"prod_data\"><strong>Modelis<\/strong> SE.101.PRGR  <br \/><strong>Materi\u0101ls<\/strong> Met\u0101ls, stikls  <br \/>Kop\u0113jais augstums (cm ) 210 <br \/><strong>Dzi\u013cums (cm<\/strong> ) 3,2  <br \/><strong>Stikla tips<\/strong> R\u016bd\u012bts  <br \/><strong>R\u0101mja kr\u0101sa<\/strong> Melna  <br \/><strong>Stikla biezums (cm<\/strong> ) 0,4  <br \/><strong>Stikla kr\u0101sa<\/strong> Caursp\u012bd\u012bgs \/ pienains  <br \/>Apdare Pulvera p\u0101rkl\u0101jums <br \/><strong>Virsmas tips<\/strong> Gluda <strong>virsma<\/strong>  <br \/>Pieg\u0101des veids Piln\u012bb\u0101 samont\u0113ts produkts <br \/>PAPILDU INFORM\u0100CIJA Pied\u0101v\u0101jums attiecas tikai uz vienu durvju paneli un neietver b\u012bd\u0101mo sist\u0113mu un citus piederumus. <br \/><strong>Uzst\u0101d\u012b\u0161anas nor\u0101d\u012bjumi<\/strong> Lejupiel\u0101d\u0113t  <\/p>\n<hr>\n<p>&#8211; durvis ir izgatavotas no augstas kvalit\u0101tes t\u0113rauda un stikla.<br \/>&#8211; 4 milimetru stikls iztur\u012bg\u0101 r\u0101m\u012b, kas nodro\u0161ina iztur\u012bbu un lieto\u0161anas dro\u0161\u012bbu.<br \/>&#8211; divi stikla kr\u0101su varianti piln\u012bgi caursp\u012bd\u012bg\u0101m un necaursp\u012bd\u012bg\u0101m durv\u012bm.<br \/>&#8211; pulverkr\u0101sas p\u0101rkl\u0101jums \u013cauj izmantot durvis mitruma iedarb\u012bbai pak\u013caut\u0101s telp\u0101s.<br \/>&#8211; m\u016bsdien\u012bga kr\u0101so\u0161anas tehnolo\u0123ija apvienojum\u0101 ar augstas kvalit\u0101tes lak\u0101m nodro\u0161ina ilgnotur\u012bgu kr\u0101su un iztur\u012bbu pret skr\u0101p\u0113jumiem.<br \/>&#8211; R\u0101mja konstrukcija \u013cauj uzst\u0101d\u012bt virspus\u0113 vai caurbrauco\u0161as b\u012bd\u0101m\u0101s sist\u0113mas (skatiet foto galeriju).<br \/>&#8211; \u0160im durvju modelim ir rakstur\u012bgas horizont\u0101las stiklojuma sloksnes un viena vertik\u0101la sloksne.<br \/>&#8211; t\u0101 daudzpus\u012bgais dizains nodro\u0161ina, ka tas lieliski iederas jebkura stila b\u0113ni\u0146u telp\u0101s, k\u0101 ar\u012b modernos interjeros.<\/p>\n<hr>\n<p>Stikla b\u012bd\u0101m\u0101s durvis ir arvien popul\u0101r\u0101ks risin\u0101jums tiem, kas mekl\u0113 stilu un eleganci. Pateicoties met\u0101la konstrukcijai, tie iederas pla\u0161os b\u0113ni\u0146u stila interjeros, un to elegance g\u016bst apbalvojumus. Pateicoties to stiklojumam, t\u0101s lieliski paspilgtina harmonisku m\u016bsdienu interjeru dizainu. Pulverkr\u0101sas p\u0101rkl\u0101jums \u013cauj durvis izmantot ne tikai dz\u012bvojam\u0101 istab\u0101, gu\u013camistab\u0101 un gaiten\u012b, bet ar\u012b vannas istab\u0101 vai virtuv\u0113. Tivoli ir uzman\u012bbu piesaisto\u0161s risin\u0101jums, kas dz\u012bvok\u013ciem un m\u0101j\u0101m pie\u0161\u0137ir unik\u0101lu elegances atmosf\u0113ru.<\/p>\n<hr>\n<p>*\u0160r\u0113\u017eu uzst\u0101d\u012b\u0161anas instrukcijas var izmantot da\u017e\u0101diem durvju tipiem. Att\u0101lums starp malas sliedes malu un durvju atv\u0113ruma malu ir j\u0101piel\u0101go, lai nodro\u0161in\u0101tu, ka durvju v\u0113rtne nosedz durvju atv\u0113rumu v\u0113lamaj\u0101 veid\u0101.<\/p>\n<p>* Bezmaksas pieg\u0101des pakalpojums ir pieejams tikai pas\u016bt\u012bjumiem, kuru kop\u0113j\u0101 v\u0113rt\u012bba p\u0101rsniedz 1000 PLN.<br \/>* bezmaksas pieg\u0101des pakalpojums ir pieejams pas\u016bt\u012bjumiem ar vismaz 1 durv\u012bm<br \/>* Dubult\u0101s b\u012bd\u0101mo durvju sist\u0113m\u0101s izmantojiet tikai FREIM e\u0146\u0123u vadotnes.<\/p>\n<hr>\n<\/div>\n","protected":false},"excerpt":{"rendered":"<p>Modelis SE.101.PRGR Materi\u0101ls Met\u0101ls, stikls Kop\u0113jais augstums (cm ) 210 Dzi\u013cums (cm ) 3,2 Stikla tips R\u016bd\u012bts R\u0101mja kr\u0101sa Melna<\/p>\n","protected":false},"featured_media":77560,"comment_status":"open","ping_status":"closed","template":"","meta":{"_acf_changed":false,"pmpro_default_level":""},"product_brand":[],"product_cat":[24064,24059,24065],"product_tag":[],"class_list":{"0":"post-135249","1":"product","2":"type-product","3":"status-publish","4":"has-post-thumbnail","6":"product_cat-bidamas-durvis-lv","7":"product_cat-bidamo-durvju-sistemas","8":"product_cat-stikla-bidamas-durvis","9":"pmpro-has-access","11":"first","12":"instock","13":"shipping-taxable","14":"purchasable","15":"product-type-simple"},"acf":[],"yoast_head":"<!-- This site is optimized with the Yoast SEO plugin v24.9 - https:\/\/yoast.com\/wordpress\/plugins\/seo\/ -->\n<title>TIVOLI stikla b\u012bd\u0101m\u0101s b\u0113ni\u0146u durvis - MetalTale.com<\/title>\n<meta name=\"robots\" content=\"index, follow, max-snippet:-1, max-image-preview:large, max-video-preview:-1\" \/>\n<link rel=\"canonical\" href=\"https:\/\/metaltale.com\/lv\/produkts\/tivoli-stikla-bidamas-beninu-durvis\/\" \/>\n<meta property=\"og:locale\" content=\"lv_LV\" \/>\n<meta property=\"og:type\" content=\"article\" \/>\n<meta property=\"og:title\" content=\"TIVOLI stikla b\u012bd\u0101m\u0101s b\u0113ni\u0146u durvis - MetalTale.com\" \/>\n<meta property=\"og:description\" content=\"Modelis SE.101.PRGR Materi\u0101ls Met\u0101ls, stikls Kop\u0113jais augstums (cm ) 210 Dzi\u013cums (cm ) 3,2 Stikla tips R\u016bd\u012bts R\u0101mja kr\u0101sa Melna\" \/>\n<meta property=\"og:url\" content=\"https:\/\/metaltale.com\/lv\/produkts\/tivoli-stikla-bidamas-beninu-durvis\/\" \/>\n<meta property=\"og:site_name\" content=\"MetalTale.com\" \/>\n<meta property=\"og:image\" content=\"http:\/\/metaltale.com\/wp-content\/uploads\/2023\/10\/TIVOLI-durys-90x210-skaidrios.jpg\" \/>\n\t<meta property=\"og:image:width\" content=\"800\" \/>\n\t<meta property=\"og:image:height\" content=\"800\" \/>\n\t<meta property=\"og:image:type\" content=\"image\/jpeg\" \/>\n<meta name=\"twitter:card\" content=\"summary_large_image\" \/>\n<meta name=\"twitter:label1\" content=\"Est. reading time\" \/>\n\t<meta name=\"twitter:data1\" content=\"2 minutes\" \/>\n<script type=\"application\/ld+json\" class=\"yoast-schema-graph\">{\"@context\":\"https:\/\/schema.org\",\"@graph\":[{\"@type\":\"WebPage\",\"@id\":\"https:\/\/metaltale.com\/lv\/produkts\/tivoli-stikla-bidamas-beninu-durvis\/\",\"url\":\"https:\/\/metaltale.com\/lv\/produkts\/tivoli-stikla-bidamas-beninu-durvis\/\",\"name\":\"TIVOLI stikla b\u012bd\u0101m\u0101s b\u0113ni\u0146u durvis - MetalTale.com\",\"isPartOf\":{\"@id\":\"https:\/\/metaltale.com\/lv\/#website\"},\"primaryImageOfPage\":{\"@id\":\"https:\/\/metaltale.com\/lv\/produkts\/tivoli-stikla-bidamas-beninu-durvis\/#primaryimage\"},\"image\":{\"@id\":\"https:\/\/metaltale.com\/lv\/produkts\/tivoli-stikla-bidamas-beninu-durvis\/#primaryimage\"},\"thumbnailUrl\":\"https:\/\/metaltale.com\/wp-content\/uploads\/2023\/10\/TIVOLI-durys-90x210-skaidrios.jpg\",\"datePublished\":\"2024-02-13T11:23:41+00:00\",\"breadcrumb\":{\"@id\":\"https:\/\/metaltale.com\/lv\/produkts\/tivoli-stikla-bidamas-beninu-durvis\/#breadcrumb\"},\"inLanguage\":\"lv-LV\",\"potentialAction\":[{\"@type\":\"ReadAction\",\"target\":[\"https:\/\/metaltale.com\/lv\/produkts\/tivoli-stikla-bidamas-beninu-durvis\/\"]}]},{\"@type\":\"ImageObject\",\"inLanguage\":\"lv-LV\",\"@id\":\"https:\/\/metaltale.com\/lv\/produkts\/tivoli-stikla-bidamas-beninu-durvis\/#primaryimage\",\"url\":\"https:\/\/metaltale.com\/wp-content\/uploads\/2023\/10\/TIVOLI-durys-90x210-skaidrios.jpg\",\"contentUrl\":\"https:\/\/metaltale.com\/wp-content\/uploads\/2023\/10\/TIVOLI-durys-90x210-skaidrios.jpg\",\"width\":800,\"height\":800,\"caption\":\"Stiklin\u0117s stumdomosios durys TIVOLI 90x210 matinis\"},{\"@type\":\"BreadcrumbList\",\"@id\":\"https:\/\/metaltale.com\/lv\/produkts\/tivoli-stikla-bidamas-beninu-durvis\/#breadcrumb\",\"itemListElement\":[{\"@type\":\"ListItem\",\"position\":1,\"name\":\"Home\",\"item\":\"https:\/\/metaltale.com\/lv\/majas\/\"},{\"@type\":\"ListItem\",\"position\":2,\"name\":\"Veikals\",\"item\":\"https:\/\/metaltale.com\/lv\/shop\/\"},{\"@type\":\"ListItem\",\"position\":3,\"name\":\"TIVOLI stikla b\u012bd\u0101m\u0101s b\u0113ni\u0146u durvis\"}]},{\"@type\":\"WebSite\",\"@id\":\"https:\/\/metaltale.com\/lv\/#website\",\"url\":\"https:\/\/metaltale.com\/lv\/\",\"name\":\"Metaltale.com\",\"description\":\"\",\"potentialAction\":[{\"@type\":\"SearchAction\",\"target\":{\"@type\":\"EntryPoint\",\"urlTemplate\":\"https:\/\/metaltale.com\/lv\/?s={search_term_string}\"},\"query-input\":{\"@type\":\"PropertyValueSpecification\",\"valueRequired\":true,\"valueName\":\"search_term_string\"}}],\"inLanguage\":\"lv-LV\"}]}<\/script>\n<!-- \/ Yoast SEO plugin. -->","yoast_head_json":{"title":"TIVOLI stikla b\u012bd\u0101m\u0101s b\u0113ni\u0146u durvis - MetalTale.com","robots":{"index":"index","follow":"follow","max-snippet":"max-snippet:-1","max-image-preview":"max-image-preview:large","max-video-preview":"max-video-preview:-1"},"canonical":"https:\/\/metaltale.com\/lv\/produkts\/tivoli-stikla-bidamas-beninu-durvis\/","og_locale":"lv_LV","og_type":"article","og_title":"TIVOLI stikla b\u012bd\u0101m\u0101s b\u0113ni\u0146u durvis - MetalTale.com","og_description":"Modelis SE.101.PRGR Materi\u0101ls Met\u0101ls, stikls Kop\u0113jais augstums (cm ) 210 Dzi\u013cums (cm ) 3,2 Stikla tips R\u016bd\u012bts R\u0101mja kr\u0101sa Melna","og_url":"https:\/\/metaltale.com\/lv\/produkts\/tivoli-stikla-bidamas-beninu-durvis\/","og_site_name":"MetalTale.com","og_image":[{"width":800,"height":800,"url":"http:\/\/metaltale.com\/wp-content\/uploads\/2023\/10\/TIVOLI-durys-90x210-skaidrios.jpg","type":"image\/jpeg"}],"twitter_card":"summary_large_image","twitter_misc":{"Est. reading time":"2 minutes"},"schema":{"@context":"https:\/\/schema.org","@graph":[{"@type":"WebPage","@id":"https:\/\/metaltale.com\/lv\/produkts\/tivoli-stikla-bidamas-beninu-durvis\/","url":"https:\/\/metaltale.com\/lv\/produkts\/tivoli-stikla-bidamas-beninu-durvis\/","name":"TIVOLI stikla b\u012bd\u0101m\u0101s b\u0113ni\u0146u durvis - MetalTale.com","isPartOf":{"@id":"https:\/\/metaltale.com\/lv\/#website"},"primaryImageOfPage":{"@id":"https:\/\/metaltale.com\/lv\/produkts\/tivoli-stikla-bidamas-beninu-durvis\/#primaryimage"},"image":{"@id":"https:\/\/metaltale.com\/lv\/produkts\/tivoli-stikla-bidamas-beninu-durvis\/#primaryimage"},"thumbnailUrl":"https:\/\/metaltale.com\/wp-content\/uploads\/2023\/10\/TIVOLI-durys-90x210-skaidrios.jpg","datePublished":"2024-02-13T11:23:41+00:00","breadcrumb":{"@id":"https:\/\/metaltale.com\/lv\/produkts\/tivoli-stikla-bidamas-beninu-durvis\/#breadcrumb"},"inLanguage":"lv-LV","potentialAction":[{"@type":"ReadAction","target":["https:\/\/metaltale.com\/lv\/produkts\/tivoli-stikla-bidamas-beninu-durvis\/"]}]},{"@type":"ImageObject","inLanguage":"lv-LV","@id":"https:\/\/metaltale.com\/lv\/produkts\/tivoli-stikla-bidamas-beninu-durvis\/#primaryimage","url":"https:\/\/metaltale.com\/wp-content\/uploads\/2023\/10\/TIVOLI-durys-90x210-skaidrios.jpg","contentUrl":"https:\/\/metaltale.com\/wp-content\/uploads\/2023\/10\/TIVOLI-durys-90x210-skaidrios.jpg","width":800,"height":800,"caption":"Stiklin\u0117s stumdomosios durys TIVOLI 90x210 matinis"},{"@type":"BreadcrumbList","@id":"https:\/\/metaltale.com\/lv\/produkts\/tivoli-stikla-bidamas-beninu-durvis\/#breadcrumb","itemListElement":[{"@type":"ListItem","position":1,"name":"Home","item":"https:\/\/metaltale.com\/lv\/majas\/"},{"@type":"ListItem","position":2,"name":"Veikals","item":"https:\/\/metaltale.com\/lv\/shop\/"},{"@type":"ListItem","position":3,"name":"TIVOLI stikla b\u012bd\u0101m\u0101s b\u0113ni\u0146u durvis"}]},{"@type":"WebSite","@id":"https:\/\/metaltale.com\/lv\/#website","url":"https:\/\/metaltale.com\/lv\/","name":"Metaltale.com","description":"","potentialAction":[{"@type":"SearchAction","target":{"@type":"EntryPoint","urlTemplate":"https:\/\/metaltale.com\/lv\/?s={search_term_string}"},"query-input":{"@type":"PropertyValueSpecification","valueRequired":true,"valueName":"search_term_string"}}],"inLanguage":"lv-LV"}]}},"_links":{"self":[{"href":"https:\/\/metaltale.com\/lv\/wp-json\/wp\/v2\/product\/135249","targetHints":{"allow":["GET"]}}],"collection":[{"href":"https:\/\/metaltale.com\/lv\/wp-json\/wp\/v2\/product"}],"about":[{"href":"https:\/\/metaltale.com\/lv\/wp-json\/wp\/v2\/types\/product"}],"replies":[{"embeddable":true,"href":"https:\/\/metaltale.com\/lv\/wp-json\/wp\/v2\/comments?post=135249"}],"version-history":[{"count":0,"href":"https:\/\/metaltale.com\/lv\/wp-json\/wp\/v2\/product\/135249\/revisions"}],"wp:featuredmedia":[{"embeddable":true,"href":"https:\/\/metaltale.com\/lv\/wp-json\/wp\/v2\/media\/77560"}],"wp:attachment":[{"href":"https:\/\/metaltale.com\/lv\/wp-json\/wp\/v2\/media?parent=135249"}],"wp:term":[{"taxonomy":"product_brand","embeddable":true,"href":"https:\/\/metaltale.com\/lv\/wp-json\/wp\/v2\/product_brand?post=135249"},{"taxonomy":"product_cat","embeddable":true,"href":"https:\/\/metaltale.com\/lv\/wp-json\/wp\/v2\/product_cat?post=135249"},{"taxonomy":"product_tag","embeddable":true,"href":"https:\/\/metaltale.com\/lv\/wp-json\/wp\/v2\/product_tag?post=135249"}],"curies":[{"name":"wp","href":"https:\/\/api.w.org\/{rel}","templated":true}]}}