{"id":135231,"date":"2024-02-13T13:25:05","date_gmt":"2024-02-13T11:25:05","guid":{"rendered":"https:\/\/metaltale.com\/produktas\/glossy-stikla-bidamas-beninu-durvis-2\/"},"modified":"2024-02-13T13:25:05","modified_gmt":"2024-02-13T11:25:05","slug":"glossy-stikla-bidamas-beninu-durvis-2","status":"publish","type":"product","link":"https:\/\/metaltale.com\/lv\/produkts\/glossy-stikla-bidamas-beninu-durvis-2\/","title":{"rendered":"GLOSSY stikla b\u012bd\u0101m\u0101s b\u0113ni\u0146u durvis"},"content":{"rendered":"<div class=\"prod_data\">SAVE <strong>modelis<\/strong>. AL002. PRGR <br \/><strong>Materi\u0101ls<\/strong> Alum\u012bnijs, stikls  <br \/><strong>Biezums (cm<\/strong> ) 3  <br \/>Kop\u0113jais augstums (cm ) 210 <br \/><strong>Stikla tips<\/strong> R\u016bd\u012bts  <br \/><strong>R\u0101mja kr\u0101sa<\/strong> Melna  <br \/><strong>Stikla biezums (cm<\/strong> ) 0,8  <br \/><strong>Stikla kr\u0101sa<\/strong> Caursp\u012bd\u012bgs \/ pienains  <br \/><strong>Virsmas tips<\/strong> Gluda <strong>virsma<\/strong>  <br \/><strong>Pieg\u0101des veids<\/strong> Izstr\u0101d\u0101jums mont\u0101\u017eas elementos  <br \/>PAPILDU INFORM\u0100CIJA Pied\u0101v\u0101jums attiecas tikai uz vienu durvju paneli un neietver b\u012bd\u0101mo sist\u0113mu un citus piederumus. <br \/><strong>Uzst\u0101d\u012b\u0161anas nor\u0101d\u012bjumi<\/strong> Lejupiel\u0101d\u0113t  <\/p>\n<hr>\n<p>&#8211; Durvis, kas izgatavotas no alum\u012bnija un stikla kombin\u0101cijas<br \/>&#8211; Vien\u0101 pus\u0113 ir rokturis<br \/>&#8211; R\u0101mis izgatavots no augstas kvalit\u0101tes, \u012bpa\u0161i viegla alum\u012bnija, kas nodro\u0161ina stabilit\u0101ti un \u0113rtu lieto\u0161anu.<br \/>&#8211; 8 mm biezi stikla pane\u013ci maksim\u0101lai dro\u0161\u012bbai<br \/>&#8211; pulverkr\u0101sas p\u0101rkl\u0101jums padara durvis piem\u0113rotas lieto\u0161anai pat mitruma iedarb\u012bbas zon\u0101s.<br \/>&#8211; m\u016bsdien\u012bga kr\u0101so\u0161anas tehnolo\u0123ija apvienojum\u0101 ar augstas kvalit\u0101tes lak\u0101m nodro\u0161ina ilgnotur\u012bgu kr\u0101su un iztur\u012bbu pret skr\u0101p\u0113jumiem.<br \/>&#8211; R\u0101mja konstrukcija \u013cauj uzst\u0101d\u012bt virspus\u0113 vai caurbrauco\u0161as b\u012bd\u0101m\u0101s sist\u0113mas (skatiet foto galeriju).<br \/>&#8211; \u0160im durvju modelim ir rakstur\u012bgas horizont\u0101las stiklojuma sloksnes un viena vertik\u0101la sloksne.<br \/>&#8211; daudzpus\u012bgs dizains, lai to var\u0113tu lieliski piel\u0101got jebkura stila b\u0113ni\u0146u telp\u0101m un <span class=\"hiddenGrammarError\">m\u016bsdien\u012bgiem<\/span> interjeriem.<\/p>\n<hr>\n<p>Glossi ir luksusa b\u012bd\u0101m\u0101s durvis ar greznu un priek\u0161z\u012bm\u012bgu dizainu. \u012apa\u0161i viegl\u0101 konstrukcija, kas izgatavota no augst\u0101k\u0101s kvalit\u0101tes alum\u012bnija, apvienojum\u0101 ar 8 mm biezu iztur\u012bgu stiklu garant\u0113 komfortu un piln\u012bgu lieto\u0161anas dro\u0161\u012bbu. \u0160is modelis ir ide\u0101ls risin\u0101jums jebkura veida interjeram neatkar\u012bgi no stila un telpas. Caursp\u012bd\u012bgs vai gai\u0161s, piena kr\u0101sas stikls &#8211; vizu\u0101li izce\u013c jebkuru minim\u0101lisma stila telpu. Tipiskiem b\u0113ni\u0146u un industri\u0101liem interjeriem tas pie\u0161\u0137irs drosm\u012bgu eleganci un stilu. Glossi durvju nedr\u012bkst tr\u016bkt modern\u0101s, m\u016bsdien\u012bga dizaina m\u0101j\u0101s un dz\u012bvok\u013cos. \u0160is produkts ir pied\u0101v\u0101jums vispras\u012bg\u0101kajiem, risin\u0101jums tiem, kas mekl\u0113 augst\u0101k\u0101s kvalit\u0101tes materi\u0101lus un perfektu precizit\u0101ti ra\u017eo\u0161an\u0101.<\/p>\n<hr>\n<p>*<span> dubulto b\u012bd\u0101mo durvju sist\u0113m\u0101s j\u0101izmanto <\/span> tikai<span class=\"hiddenGrammarError\">piekaramie<\/span><span> sliedi <\/span>.  <\/p>\n<\/p>\n<\/div>\n","protected":false},"excerpt":{"rendered":"<p>SAVE modelis. AL002. PRGR Materi\u0101ls Alum\u012bnijs, stikls Biezums (cm ) 3 Kop\u0113jais augstums (cm ) 210 Stikla tips R\u016bd\u012bts R\u0101mja<\/p>\n","protected":false},"featured_media":77659,"comment_status":"open","ping_status":"closed","template":"","meta":{"_acf_changed":false,"pmpro_default_level":""},"product_brand":[],"product_cat":[24065],"product_tag":[],"class_list":{"0":"post-135231","1":"product","2":"type-product","3":"status-publish","4":"has-post-thumbnail","6":"product_cat-stikla-bidamas-durvis","7":"pmpro-has-access","9":"first","10":"instock","11":"shipping-taxable","12":"purchasable","13":"product-type-simple"},"acf":[],"yoast_head":"<!-- This site is optimized with the Yoast SEO plugin v24.9 - https:\/\/yoast.com\/wordpress\/plugins\/seo\/ -->\n<title>GLOSSY stikla b\u012bd\u0101m\u0101s b\u0113ni\u0146u durvis - MetalTale.com<\/title>\n<meta name=\"robots\" content=\"index, follow, max-snippet:-1, max-image-preview:large, max-video-preview:-1\" \/>\n<link rel=\"canonical\" href=\"https:\/\/metaltale.com\/lv\/produkts\/glossy-stikla-bidamas-beninu-durvis-2\/\" \/>\n<meta property=\"og:locale\" content=\"lv_LV\" \/>\n<meta property=\"og:type\" content=\"article\" \/>\n<meta property=\"og:title\" content=\"GLOSSY stikla b\u012bd\u0101m\u0101s b\u0113ni\u0146u durvis - MetalTale.com\" \/>\n<meta property=\"og:description\" content=\"SAVE modelis. AL002. PRGR Materi\u0101ls Alum\u012bnijs, stikls Biezums (cm ) 3 Kop\u0113jais augstums (cm ) 210 Stikla tips R\u016bd\u012bts R\u0101mja\" \/>\n<meta property=\"og:url\" content=\"https:\/\/metaltale.com\/lv\/produkts\/glossy-stikla-bidamas-beninu-durvis-2\/\" \/>\n<meta property=\"og:site_name\" content=\"MetalTale.com\" \/>\n<meta name=\"twitter:card\" content=\"summary_large_image\" \/>\n<meta name=\"twitter:label1\" content=\"Est. reading time\" \/>\n\t<meta name=\"twitter:data1\" content=\"2 minutes\" \/>\n<script type=\"application\/ld+json\" class=\"yoast-schema-graph\">{\"@context\":\"https:\/\/schema.org\",\"@graph\":[{\"@type\":\"WebPage\",\"@id\":\"https:\/\/metaltale.com\/lv\/produkts\/glossy-stikla-bidamas-beninu-durvis-2\/\",\"url\":\"https:\/\/metaltale.com\/lv\/produkts\/glossy-stikla-bidamas-beninu-durvis-2\/\",\"name\":\"GLOSSY stikla b\u012bd\u0101m\u0101s b\u0113ni\u0146u durvis - MetalTale.com\",\"isPartOf\":{\"@id\":\"https:\/\/metaltale.com\/lv\/#website\"},\"primaryImageOfPage\":{\"@id\":\"https:\/\/metaltale.com\/lv\/produkts\/glossy-stikla-bidamas-beninu-durvis-2\/#primaryimage\"},\"image\":{\"@id\":\"https:\/\/metaltale.com\/lv\/produkts\/glossy-stikla-bidamas-beninu-durvis-2\/#primaryimage\"},\"thumbnailUrl\":\"https:\/\/metaltale.com\/wp-content\/uploads\/2023\/10\/Durys-Blizgios-90x210-skaidrios.jpg\",\"datePublished\":\"2024-02-13T11:25:05+00:00\",\"breadcrumb\":{\"@id\":\"https:\/\/metaltale.com\/lv\/produkts\/glossy-stikla-bidamas-beninu-durvis-2\/#breadcrumb\"},\"inLanguage\":\"lv-LV\",\"potentialAction\":[{\"@type\":\"ReadAction\",\"target\":[\"https:\/\/metaltale.com\/lv\/produkts\/glossy-stikla-bidamas-beninu-durvis-2\/\"]}]},{\"@type\":\"ImageObject\",\"inLanguage\":\"lv-LV\",\"@id\":\"https:\/\/metaltale.com\/lv\/produkts\/glossy-stikla-bidamas-beninu-durvis-2\/#primaryimage\",\"url\":\"https:\/\/metaltale.com\/wp-content\/uploads\/2023\/10\/Durys-Blizgios-90x210-skaidrios.jpg\",\"contentUrl\":\"https:\/\/metaltale.com\/wp-content\/uploads\/2023\/10\/Durys-Blizgios-90x210-skaidrios.jpg\",\"width\":800,\"height\":800,\"caption\":\"Stiklin\u0117s stumdomos durys GLOSSY skaidrus\"},{\"@type\":\"BreadcrumbList\",\"@id\":\"https:\/\/metaltale.com\/lv\/produkts\/glossy-stikla-bidamas-beninu-durvis-2\/#breadcrumb\",\"itemListElement\":[{\"@type\":\"ListItem\",\"position\":1,\"name\":\"Home\",\"item\":\"https:\/\/metaltale.com\/lv\/majas\/\"},{\"@type\":\"ListItem\",\"position\":2,\"name\":\"Veikals\",\"item\":\"https:\/\/metaltale.com\/lv\/shop\/\"},{\"@type\":\"ListItem\",\"position\":3,\"name\":\"GLOSSY stikla b\u012bd\u0101m\u0101s b\u0113ni\u0146u durvis\"}]},{\"@type\":\"WebSite\",\"@id\":\"https:\/\/metaltale.com\/lv\/#website\",\"url\":\"https:\/\/metaltale.com\/lv\/\",\"name\":\"Metaltale.com\",\"description\":\"\",\"potentialAction\":[{\"@type\":\"SearchAction\",\"target\":{\"@type\":\"EntryPoint\",\"urlTemplate\":\"https:\/\/metaltale.com\/lv\/?s={search_term_string}\"},\"query-input\":{\"@type\":\"PropertyValueSpecification\",\"valueRequired\":true,\"valueName\":\"search_term_string\"}}],\"inLanguage\":\"lv-LV\"}]}<\/script>\n<!-- \/ Yoast SEO plugin. -->","yoast_head_json":{"title":"GLOSSY stikla b\u012bd\u0101m\u0101s b\u0113ni\u0146u durvis - MetalTale.com","robots":{"index":"index","follow":"follow","max-snippet":"max-snippet:-1","max-image-preview":"max-image-preview:large","max-video-preview":"max-video-preview:-1"},"canonical":"https:\/\/metaltale.com\/lv\/produkts\/glossy-stikla-bidamas-beninu-durvis-2\/","og_locale":"lv_LV","og_type":"article","og_title":"GLOSSY stikla b\u012bd\u0101m\u0101s b\u0113ni\u0146u durvis - MetalTale.com","og_description":"SAVE modelis. AL002. PRGR Materi\u0101ls Alum\u012bnijs, stikls Biezums (cm ) 3 Kop\u0113jais augstums (cm ) 210 Stikla tips R\u016bd\u012bts R\u0101mja","og_url":"https:\/\/metaltale.com\/lv\/produkts\/glossy-stikla-bidamas-beninu-durvis-2\/","og_site_name":"MetalTale.com","twitter_card":"summary_large_image","twitter_misc":{"Est. reading time":"2 minutes"},"schema":{"@context":"https:\/\/schema.org","@graph":[{"@type":"WebPage","@id":"https:\/\/metaltale.com\/lv\/produkts\/glossy-stikla-bidamas-beninu-durvis-2\/","url":"https:\/\/metaltale.com\/lv\/produkts\/glossy-stikla-bidamas-beninu-durvis-2\/","name":"GLOSSY stikla b\u012bd\u0101m\u0101s b\u0113ni\u0146u durvis - MetalTale.com","isPartOf":{"@id":"https:\/\/metaltale.com\/lv\/#website"},"primaryImageOfPage":{"@id":"https:\/\/metaltale.com\/lv\/produkts\/glossy-stikla-bidamas-beninu-durvis-2\/#primaryimage"},"image":{"@id":"https:\/\/metaltale.com\/lv\/produkts\/glossy-stikla-bidamas-beninu-durvis-2\/#primaryimage"},"thumbnailUrl":"https:\/\/metaltale.com\/wp-content\/uploads\/2023\/10\/Durys-Blizgios-90x210-skaidrios.jpg","datePublished":"2024-02-13T11:25:05+00:00","breadcrumb":{"@id":"https:\/\/metaltale.com\/lv\/produkts\/glossy-stikla-bidamas-beninu-durvis-2\/#breadcrumb"},"inLanguage":"lv-LV","potentialAction":[{"@type":"ReadAction","target":["https:\/\/metaltale.com\/lv\/produkts\/glossy-stikla-bidamas-beninu-durvis-2\/"]}]},{"@type":"ImageObject","inLanguage":"lv-LV","@id":"https:\/\/metaltale.com\/lv\/produkts\/glossy-stikla-bidamas-beninu-durvis-2\/#primaryimage","url":"https:\/\/metaltale.com\/wp-content\/uploads\/2023\/10\/Durys-Blizgios-90x210-skaidrios.jpg","contentUrl":"https:\/\/metaltale.com\/wp-content\/uploads\/2023\/10\/Durys-Blizgios-90x210-skaidrios.jpg","width":800,"height":800,"caption":"Stiklin\u0117s stumdomos durys GLOSSY skaidrus"},{"@type":"BreadcrumbList","@id":"https:\/\/metaltale.com\/lv\/produkts\/glossy-stikla-bidamas-beninu-durvis-2\/#breadcrumb","itemListElement":[{"@type":"ListItem","position":1,"name":"Home","item":"https:\/\/metaltale.com\/lv\/majas\/"},{"@type":"ListItem","position":2,"name":"Veikals","item":"https:\/\/metaltale.com\/lv\/shop\/"},{"@type":"ListItem","position":3,"name":"GLOSSY stikla b\u012bd\u0101m\u0101s b\u0113ni\u0146u durvis"}]},{"@type":"WebSite","@id":"https:\/\/metaltale.com\/lv\/#website","url":"https:\/\/metaltale.com\/lv\/","name":"Metaltale.com","description":"","potentialAction":[{"@type":"SearchAction","target":{"@type":"EntryPoint","urlTemplate":"https:\/\/metaltale.com\/lv\/?s={search_term_string}"},"query-input":{"@type":"PropertyValueSpecification","valueRequired":true,"valueName":"search_term_string"}}],"inLanguage":"lv-LV"}]}},"_links":{"self":[{"href":"https:\/\/metaltale.com\/lv\/wp-json\/wp\/v2\/product\/135231","targetHints":{"allow":["GET"]}}],"collection":[{"href":"https:\/\/metaltale.com\/lv\/wp-json\/wp\/v2\/product"}],"about":[{"href":"https:\/\/metaltale.com\/lv\/wp-json\/wp\/v2\/types\/product"}],"replies":[{"embeddable":true,"href":"https:\/\/metaltale.com\/lv\/wp-json\/wp\/v2\/comments?post=135231"}],"version-history":[{"count":0,"href":"https:\/\/metaltale.com\/lv\/wp-json\/wp\/v2\/product\/135231\/revisions"}],"wp:featuredmedia":[{"embeddable":true,"href":"https:\/\/metaltale.com\/lv\/wp-json\/wp\/v2\/media\/77659"}],"wp:attachment":[{"href":"https:\/\/metaltale.com\/lv\/wp-json\/wp\/v2\/media?parent=135231"}],"wp:term":[{"taxonomy":"product_brand","embeddable":true,"href":"https:\/\/metaltale.com\/lv\/wp-json\/wp\/v2\/product_brand?post=135231"},{"taxonomy":"product_cat","embeddable":true,"href":"https:\/\/metaltale.com\/lv\/wp-json\/wp\/v2\/product_cat?post=135231"},{"taxonomy":"product_tag","embeddable":true,"href":"https:\/\/metaltale.com\/lv\/wp-json\/wp\/v2\/product_tag?post=135231"}],"curies":[{"name":"wp","href":"https:\/\/api.w.org\/{rel}","templated":true}]}}