{"id":135226,"date":"2024-02-13T14:25:06","date_gmt":"2024-02-13T12:25:06","guid":{"rendered":"https:\/\/metaltale.com\/produktas\/atkares-akis-heart\/"},"modified":"2024-02-13T14:25:06","modified_gmt":"2024-02-13T12:25:06","slug":"atkares-akis-heart","status":"publish","type":"product","link":"https:\/\/metaltale.com\/lv\/produkts\/atkares-akis-heart\/","title":{"rendered":"Atkares \u0101\u0137is HEART"},"content":{"rendered":"<div class=\"prod_data\">\n<h2>M\u0113be\u013cu aksesu\u0101ri &#8211; PAKARAMAIS Kabe\u013cu augstums &#8211; HANGER CABLES HEIGHT<\/h2>\n<p><strong>Modelis:<\/strong> 03.337.HFB.125<br \/>\n<strong>EAN:<\/strong> 5905369917844<br \/>\n<strong>Materi\u0101ls:<\/strong> t\u0113rauds<br \/>\n<strong>Kop\u0113jais augstums (cm<\/strong> ): 12,5<br \/>\n<strong>Kop\u0113j\u0101 projekcija (cm<\/strong> ): 5,5<br \/>\n<strong>Pamatnes izm\u0113ri, platums (cm<\/strong> ): 6<br \/>\n<strong>Kr\u0101sa:<\/strong> melna<\/p>\n<p>Pat viss\u012bk\u0101k\u0101s deta\u013cas pal\u012bdz pie\u0161\u0137irt j\u016bsu m\u0101jai v\u0113lamo stilu. \u0160is ar rok\u0101m darin\u0101tais \u0101\u0137is ir izgatavots no augst\u0101k\u0101s kvalit\u0101tes t\u0113rauda, t\u0101p\u0113c tas ir \u013coti iztur\u012bgs un iztur\u012bgs. Komplekt\u0101 ir iek\u013cauts mont\u0101\u017eas skr\u016bvju komplekts.<\/p>\n<\/div>\n","protected":false},"excerpt":{"rendered":"<p>M\u0113be\u013cu aksesu\u0101ri &#8211; PAKARAMAIS Kabe\u013cu augstums &#8211; HANGER CABLES HEIGHT Modelis: 03.337.HFB.125 EAN: 5905369917844 Materi\u0101ls: t\u0113rauds Kop\u0113jais augstums (cm ):<\/p>\n","protected":false},"featured_media":112706,"comment_status":"open","ping_status":"closed","template":"","meta":{"_acf_changed":false,"pmpro_default_level":""},"product_brand":[],"product_cat":[23837,23862],"product_tag":[],"class_list":{"0":"post-135226","1":"product","2":"type-product","3":"status-publish","4":"has-post-thumbnail","6":"product_cat-mebeles-piederumi","7":"product_cat-pakabos-ir-kabliukai-lv","8":"pmpro-has-access","10":"first","11":"instock","12":"shipping-taxable","13":"purchasable","14":"product-type-simple"},"acf":[],"yoast_head":"<!-- This site is optimized with the Yoast SEO plugin v24.9 - https:\/\/yoast.com\/wordpress\/plugins\/seo\/ -->\n<title>Atkares \u0101\u0137is HEART - MetalTale.com<\/title>\n<meta name=\"robots\" content=\"index, follow, max-snippet:-1, max-image-preview:large, max-video-preview:-1\" \/>\n<link rel=\"canonical\" href=\"https:\/\/metaltale.com\/lv\/produkts\/atkares-akis-heart\/\" \/>\n<meta property=\"og:locale\" content=\"lv_LV\" \/>\n<meta property=\"og:type\" content=\"article\" \/>\n<meta property=\"og:title\" content=\"Atkares \u0101\u0137is HEART - MetalTale.com\" \/>\n<meta property=\"og:description\" content=\"M\u0113be\u013cu aksesu\u0101ri &#8211; PAKARAMAIS Kabe\u013cu augstums &#8211; HANGER CABLES HEIGHT Modelis: 03.337.HFB.125 EAN: 5905369917844 Materi\u0101ls: t\u0113rauds Kop\u0113jais augstums (cm ):\" \/>\n<meta property=\"og:url\" content=\"https:\/\/metaltale.com\/lv\/produkts\/atkares-akis-heart\/\" \/>\n<meta property=\"og:site_name\" content=\"MetalTale.com\" \/>\n<meta name=\"twitter:card\" content=\"summary_large_image\" \/>\n<script type=\"application\/ld+json\" class=\"yoast-schema-graph\">{\"@context\":\"https:\/\/schema.org\",\"@graph\":[{\"@type\":\"WebPage\",\"@id\":\"https:\/\/metaltale.com\/lv\/produkts\/atkares-akis-heart\/\",\"url\":\"https:\/\/metaltale.com\/lv\/produkts\/atkares-akis-heart\/\",\"name\":\"Atkares \u0101\u0137is HEART - MetalTale.com\",\"isPartOf\":{\"@id\":\"https:\/\/metaltale.com\/lv\/#website\"},\"primaryImageOfPage\":{\"@id\":\"https:\/\/metaltale.com\/lv\/produkts\/atkares-akis-heart\/#primaryimage\"},\"image\":{\"@id\":\"https:\/\/metaltale.com\/lv\/produkts\/atkares-akis-heart\/#primaryimage\"},\"thumbnailUrl\":\"https:\/\/metaltale.com\/wp-content\/uploads\/2023\/11\/Kablys-KALTINx116-x160IRDIS-125mm.jpg\",\"datePublished\":\"2024-02-13T12:25:06+00:00\",\"breadcrumb\":{\"@id\":\"https:\/\/metaltale.com\/lv\/produkts\/atkares-akis-heart\/#breadcrumb\"},\"inLanguage\":\"lv-LV\",\"potentialAction\":[{\"@type\":\"ReadAction\",\"target\":[\"https:\/\/metaltale.com\/lv\/produkts\/atkares-akis-heart\/\"]}]},{\"@type\":\"ImageObject\",\"inLanguage\":\"lv-LV\",\"@id\":\"https:\/\/metaltale.com\/lv\/produkts\/atkares-akis-heart\/#primaryimage\",\"url\":\"https:\/\/metaltale.com\/wp-content\/uploads\/2023\/11\/Kablys-KALTINx116-x160IRDIS-125mm.jpg\",\"contentUrl\":\"https:\/\/metaltale.com\/wp-content\/uploads\/2023\/11\/Kablys-KALTINx116-x160IRDIS-125mm.jpg\",\"width\":800,\"height\":800,\"caption\":\"Atkares \u0101\u0137is HEART\"},{\"@type\":\"BreadcrumbList\",\"@id\":\"https:\/\/metaltale.com\/lv\/produkts\/atkares-akis-heart\/#breadcrumb\",\"itemListElement\":[{\"@type\":\"ListItem\",\"position\":1,\"name\":\"Home\",\"item\":\"https:\/\/metaltale.com\/lv\/majas\/\"},{\"@type\":\"ListItem\",\"position\":2,\"name\":\"Veikals\",\"item\":\"https:\/\/metaltale.com\/lv\/shop\/\"},{\"@type\":\"ListItem\",\"position\":3,\"name\":\"Atkares \u0101\u0137is HEART\"}]},{\"@type\":\"WebSite\",\"@id\":\"https:\/\/metaltale.com\/lv\/#website\",\"url\":\"https:\/\/metaltale.com\/lv\/\",\"name\":\"Metaltale.com\",\"description\":\"\",\"potentialAction\":[{\"@type\":\"SearchAction\",\"target\":{\"@type\":\"EntryPoint\",\"urlTemplate\":\"https:\/\/metaltale.com\/lv\/?s={search_term_string}\"},\"query-input\":{\"@type\":\"PropertyValueSpecification\",\"valueRequired\":true,\"valueName\":\"search_term_string\"}}],\"inLanguage\":\"lv-LV\"}]}<\/script>\n<!-- \/ Yoast SEO plugin. -->","yoast_head_json":{"title":"Atkares \u0101\u0137is HEART - MetalTale.com","robots":{"index":"index","follow":"follow","max-snippet":"max-snippet:-1","max-image-preview":"max-image-preview:large","max-video-preview":"max-video-preview:-1"},"canonical":"https:\/\/metaltale.com\/lv\/produkts\/atkares-akis-heart\/","og_locale":"lv_LV","og_type":"article","og_title":"Atkares \u0101\u0137is HEART - MetalTale.com","og_description":"M\u0113be\u013cu aksesu\u0101ri &#8211; PAKARAMAIS Kabe\u013cu augstums &#8211; HANGER CABLES HEIGHT Modelis: 03.337.HFB.125 EAN: 5905369917844 Materi\u0101ls: t\u0113rauds Kop\u0113jais augstums (cm ):","og_url":"https:\/\/metaltale.com\/lv\/produkts\/atkares-akis-heart\/","og_site_name":"MetalTale.com","twitter_card":"summary_large_image","schema":{"@context":"https:\/\/schema.org","@graph":[{"@type":"WebPage","@id":"https:\/\/metaltale.com\/lv\/produkts\/atkares-akis-heart\/","url":"https:\/\/metaltale.com\/lv\/produkts\/atkares-akis-heart\/","name":"Atkares \u0101\u0137is HEART - MetalTale.com","isPartOf":{"@id":"https:\/\/metaltale.com\/lv\/#website"},"primaryImageOfPage":{"@id":"https:\/\/metaltale.com\/lv\/produkts\/atkares-akis-heart\/#primaryimage"},"image":{"@id":"https:\/\/metaltale.com\/lv\/produkts\/atkares-akis-heart\/#primaryimage"},"thumbnailUrl":"https:\/\/metaltale.com\/wp-content\/uploads\/2023\/11\/Kablys-KALTINx116-x160IRDIS-125mm.jpg","datePublished":"2024-02-13T12:25:06+00:00","breadcrumb":{"@id":"https:\/\/metaltale.com\/lv\/produkts\/atkares-akis-heart\/#breadcrumb"},"inLanguage":"lv-LV","potentialAction":[{"@type":"ReadAction","target":["https:\/\/metaltale.com\/lv\/produkts\/atkares-akis-heart\/"]}]},{"@type":"ImageObject","inLanguage":"lv-LV","@id":"https:\/\/metaltale.com\/lv\/produkts\/atkares-akis-heart\/#primaryimage","url":"https:\/\/metaltale.com\/wp-content\/uploads\/2023\/11\/Kablys-KALTINx116-x160IRDIS-125mm.jpg","contentUrl":"https:\/\/metaltale.com\/wp-content\/uploads\/2023\/11\/Kablys-KALTINx116-x160IRDIS-125mm.jpg","width":800,"height":800,"caption":"Atkares \u0101\u0137is HEART"},{"@type":"BreadcrumbList","@id":"https:\/\/metaltale.com\/lv\/produkts\/atkares-akis-heart\/#breadcrumb","itemListElement":[{"@type":"ListItem","position":1,"name":"Home","item":"https:\/\/metaltale.com\/lv\/majas\/"},{"@type":"ListItem","position":2,"name":"Veikals","item":"https:\/\/metaltale.com\/lv\/shop\/"},{"@type":"ListItem","position":3,"name":"Atkares \u0101\u0137is HEART"}]},{"@type":"WebSite","@id":"https:\/\/metaltale.com\/lv\/#website","url":"https:\/\/metaltale.com\/lv\/","name":"Metaltale.com","description":"","potentialAction":[{"@type":"SearchAction","target":{"@type":"EntryPoint","urlTemplate":"https:\/\/metaltale.com\/lv\/?s={search_term_string}"},"query-input":{"@type":"PropertyValueSpecification","valueRequired":true,"valueName":"search_term_string"}}],"inLanguage":"lv-LV"}]}},"_links":{"self":[{"href":"https:\/\/metaltale.com\/lv\/wp-json\/wp\/v2\/product\/135226","targetHints":{"allow":["GET"]}}],"collection":[{"href":"https:\/\/metaltale.com\/lv\/wp-json\/wp\/v2\/product"}],"about":[{"href":"https:\/\/metaltale.com\/lv\/wp-json\/wp\/v2\/types\/product"}],"replies":[{"embeddable":true,"href":"https:\/\/metaltale.com\/lv\/wp-json\/wp\/v2\/comments?post=135226"}],"version-history":[{"count":0,"href":"https:\/\/metaltale.com\/lv\/wp-json\/wp\/v2\/product\/135226\/revisions"}],"wp:featuredmedia":[{"embeddable":true,"href":"https:\/\/metaltale.com\/lv\/wp-json\/wp\/v2\/media\/112706"}],"wp:attachment":[{"href":"https:\/\/metaltale.com\/lv\/wp-json\/wp\/v2\/media?parent=135226"}],"wp:term":[{"taxonomy":"product_brand","embeddable":true,"href":"https:\/\/metaltale.com\/lv\/wp-json\/wp\/v2\/product_brand?post=135226"},{"taxonomy":"product_cat","embeddable":true,"href":"https:\/\/metaltale.com\/lv\/wp-json\/wp\/v2\/product_cat?post=135226"},{"taxonomy":"product_tag","embeddable":true,"href":"https:\/\/metaltale.com\/lv\/wp-json\/wp\/v2\/product_tag?post=135226"}],"curies":[{"name":"wp","href":"https:\/\/api.w.org\/{rel}","templated":true}]}}