{"id":135215,"date":"2024-02-13T13:41:04","date_gmt":"2024-02-13T11:41:04","guid":{"rendered":"https:\/\/metaltale.com\/produktas\/pacyfic-manualais-pudelu-atverejs\/"},"modified":"2024-02-13T13:41:04","modified_gmt":"2024-02-13T11:41:04","slug":"pacyfic-manualais-pudelu-atverejs","status":"publish","type":"product","link":"https:\/\/metaltale.com\/lv\/produkts\/pacyfic-manualais-pudelu-atverejs\/","title":{"rendered":"PACYFIC manu\u0101lais pude\u013cu atv\u0113r\u0113js"},"content":{"rendered":"<div class=\"prod_data\"><strong>Modelis<\/strong> 70.410.AI. CPAC  <br \/><strong>EAN.<\/strong>  5905369919329  <br \/><strong> [cm]Kop\u0113jais garums<\/strong> 11 <strong> <\/strong> <br \/><strong>Biezums (cm<\/strong> ) 0,5  <br \/>Kop\u0113jais platums (cm ) 4 <br \/>T\u0113rauda kr\u0101sa <\/p>\n<p>&#8220;Pacyfik manu\u0101lais pude\u013cu atv\u0113r\u0113js ir izgatavots no \u010duguna.<\/p>\n<p>T\u0101 virsma ir veca un patin\u0113ta, lai pie\u0161\u0137irtu tai retro stilu.<\/p>\n<p>Atv\u0113rt\u0101js izskat\u0101s t\u0101, it k\u0101 tas vair\u0101kus gadus b\u016btu gul\u0113jis vec\u0101 garderobes atvilktn\u0113.<\/p>\n<\/p>\n<p>Atv\u0113r\u0113js pats par sevi var b\u016bt \u013coti for\u0161s s\u012bkr\u012bks retro m\u0101jas virtuv\u0113, k\u0101 ar\u012b interesanta d\u0101vana tiem, kam pat\u012bk retro stils. To var izmantot ar\u012b k\u0101 atsl\u0113gu piekari\u0146u, lai vajadz\u012bbas gad\u012bjum\u0101 b\u016btu pa rokai.<\/p>\n<\/div>\n","protected":false},"excerpt":{"rendered":"<p>Modelis 70.410.AI. CPAC EAN. 5905369919329 [cm]Kop\u0113jais garums 11 Biezums (cm ) 0,5 Kop\u0113jais platums (cm ) 4 T\u0113rauda kr\u0101sa &#8220;Pacyfik<\/p>\n","protected":false},"featured_media":67657,"comment_status":"open","ping_status":"closed","template":"","meta":{"_acf_changed":false,"pmpro_default_level":""},"product_brand":[],"product_cat":[24069],"product_tag":[],"class_list":{"0":"post-135215","1":"product","2":"type-product","3":"status-publish","4":"has-post-thumbnail","6":"product_cat-virtuves-rotajumi","7":"pmpro-has-access","9":"first","10":"instock","11":"shipping-taxable","12":"purchasable","13":"product-type-simple"},"acf":[],"yoast_head":"<!-- This site is optimized with the Yoast SEO plugin v24.9 - https:\/\/yoast.com\/wordpress\/plugins\/seo\/ -->\n<title>PACYFIC manu\u0101lais pude\u013cu atv\u0113r\u0113js - MetalTale.com<\/title>\n<meta name=\"robots\" content=\"index, follow, max-snippet:-1, max-image-preview:large, max-video-preview:-1\" \/>\n<link rel=\"canonical\" href=\"https:\/\/metaltale.com\/lv\/produkts\/pacyfic-manualais-pudelu-atverejs\/\" \/>\n<meta property=\"og:locale\" content=\"lv_LV\" \/>\n<meta property=\"og:type\" content=\"article\" \/>\n<meta property=\"og:title\" content=\"PACYFIC manu\u0101lais pude\u013cu atv\u0113r\u0113js - MetalTale.com\" \/>\n<meta property=\"og:description\" content=\"Modelis 70.410.AI. CPAC EAN. 5905369919329 [cm]Kop\u0113jais garums 11 Biezums (cm ) 0,5 Kop\u0113jais platums (cm ) 4 T\u0113rauda kr\u0101sa &#8220;Pacyfik\" \/>\n<meta property=\"og:url\" content=\"https:\/\/metaltale.com\/lv\/produkts\/pacyfic-manualais-pudelu-atverejs\/\" \/>\n<meta property=\"og:site_name\" content=\"MetalTale.com\" \/>\n<meta name=\"twitter:card\" content=\"summary_large_image\" \/>\n<meta name=\"twitter:label1\" content=\"Est. reading time\" \/>\n\t<meta name=\"twitter:data1\" content=\"1 minute\" \/>\n<script type=\"application\/ld+json\" class=\"yoast-schema-graph\">{\"@context\":\"https:\/\/schema.org\",\"@graph\":[{\"@type\":\"WebPage\",\"@id\":\"https:\/\/metaltale.com\/lv\/produkts\/pacyfic-manualais-pudelu-atverejs\/\",\"url\":\"https:\/\/metaltale.com\/lv\/produkts\/pacyfic-manualais-pudelu-atverejs\/\",\"name\":\"PACYFIC manu\u0101lais pude\u013cu atv\u0113r\u0113js - MetalTale.com\",\"isPartOf\":{\"@id\":\"https:\/\/metaltale.com\/lv\/#website\"},\"primaryImageOfPage\":{\"@id\":\"https:\/\/metaltale.com\/lv\/produkts\/pacyfic-manualais-pudelu-atverejs\/#primaryimage\"},\"image\":{\"@id\":\"https:\/\/metaltale.com\/lv\/produkts\/pacyfic-manualais-pudelu-atverejs\/#primaryimage\"},\"thumbnailUrl\":\"https:\/\/metaltale.com\/wp-content\/uploads\/2023\/09\/Otwieracz-PACYFIC.jpg\",\"datePublished\":\"2024-02-13T11:41:04+00:00\",\"breadcrumb\":{\"@id\":\"https:\/\/metaltale.com\/lv\/produkts\/pacyfic-manualais-pudelu-atverejs\/#breadcrumb\"},\"inLanguage\":\"lv-LV\",\"potentialAction\":[{\"@type\":\"ReadAction\",\"target\":[\"https:\/\/metaltale.com\/lv\/produkts\/pacyfic-manualais-pudelu-atverejs\/\"]}]},{\"@type\":\"ImageObject\",\"inLanguage\":\"lv-LV\",\"@id\":\"https:\/\/metaltale.com\/lv\/produkts\/pacyfic-manualais-pudelu-atverejs\/#primaryimage\",\"url\":\"https:\/\/metaltale.com\/wp-content\/uploads\/2023\/09\/Otwieracz-PACYFIC.jpg\",\"contentUrl\":\"https:\/\/metaltale.com\/wp-content\/uploads\/2023\/09\/Otwieracz-PACYFIC.jpg\",\"width\":800,\"height\":800},{\"@type\":\"BreadcrumbList\",\"@id\":\"https:\/\/metaltale.com\/lv\/produkts\/pacyfic-manualais-pudelu-atverejs\/#breadcrumb\",\"itemListElement\":[{\"@type\":\"ListItem\",\"position\":1,\"name\":\"Home\",\"item\":\"https:\/\/metaltale.com\/lv\/majas\/\"},{\"@type\":\"ListItem\",\"position\":2,\"name\":\"Veikals\",\"item\":\"https:\/\/metaltale.com\/lv\/shop\/\"},{\"@type\":\"ListItem\",\"position\":3,\"name\":\"PACYFIC manu\u0101lais pude\u013cu atv\u0113r\u0113js\"}]},{\"@type\":\"WebSite\",\"@id\":\"https:\/\/metaltale.com\/lv\/#website\",\"url\":\"https:\/\/metaltale.com\/lv\/\",\"name\":\"Metaltale.com\",\"description\":\"\",\"potentialAction\":[{\"@type\":\"SearchAction\",\"target\":{\"@type\":\"EntryPoint\",\"urlTemplate\":\"https:\/\/metaltale.com\/lv\/?s={search_term_string}\"},\"query-input\":{\"@type\":\"PropertyValueSpecification\",\"valueRequired\":true,\"valueName\":\"search_term_string\"}}],\"inLanguage\":\"lv-LV\"}]}<\/script>\n<!-- \/ Yoast SEO plugin. -->","yoast_head_json":{"title":"PACYFIC manu\u0101lais pude\u013cu atv\u0113r\u0113js - MetalTale.com","robots":{"index":"index","follow":"follow","max-snippet":"max-snippet:-1","max-image-preview":"max-image-preview:large","max-video-preview":"max-video-preview:-1"},"canonical":"https:\/\/metaltale.com\/lv\/produkts\/pacyfic-manualais-pudelu-atverejs\/","og_locale":"lv_LV","og_type":"article","og_title":"PACYFIC manu\u0101lais pude\u013cu atv\u0113r\u0113js - MetalTale.com","og_description":"Modelis 70.410.AI. CPAC EAN. 5905369919329 [cm]Kop\u0113jais garums 11 Biezums (cm ) 0,5 Kop\u0113jais platums (cm ) 4 T\u0113rauda kr\u0101sa &#8220;Pacyfik","og_url":"https:\/\/metaltale.com\/lv\/produkts\/pacyfic-manualais-pudelu-atverejs\/","og_site_name":"MetalTale.com","twitter_card":"summary_large_image","twitter_misc":{"Est. reading time":"1 minute"},"schema":{"@context":"https:\/\/schema.org","@graph":[{"@type":"WebPage","@id":"https:\/\/metaltale.com\/lv\/produkts\/pacyfic-manualais-pudelu-atverejs\/","url":"https:\/\/metaltale.com\/lv\/produkts\/pacyfic-manualais-pudelu-atverejs\/","name":"PACYFIC manu\u0101lais pude\u013cu atv\u0113r\u0113js - MetalTale.com","isPartOf":{"@id":"https:\/\/metaltale.com\/lv\/#website"},"primaryImageOfPage":{"@id":"https:\/\/metaltale.com\/lv\/produkts\/pacyfic-manualais-pudelu-atverejs\/#primaryimage"},"image":{"@id":"https:\/\/metaltale.com\/lv\/produkts\/pacyfic-manualais-pudelu-atverejs\/#primaryimage"},"thumbnailUrl":"https:\/\/metaltale.com\/wp-content\/uploads\/2023\/09\/Otwieracz-PACYFIC.jpg","datePublished":"2024-02-13T11:41:04+00:00","breadcrumb":{"@id":"https:\/\/metaltale.com\/lv\/produkts\/pacyfic-manualais-pudelu-atverejs\/#breadcrumb"},"inLanguage":"lv-LV","potentialAction":[{"@type":"ReadAction","target":["https:\/\/metaltale.com\/lv\/produkts\/pacyfic-manualais-pudelu-atverejs\/"]}]},{"@type":"ImageObject","inLanguage":"lv-LV","@id":"https:\/\/metaltale.com\/lv\/produkts\/pacyfic-manualais-pudelu-atverejs\/#primaryimage","url":"https:\/\/metaltale.com\/wp-content\/uploads\/2023\/09\/Otwieracz-PACYFIC.jpg","contentUrl":"https:\/\/metaltale.com\/wp-content\/uploads\/2023\/09\/Otwieracz-PACYFIC.jpg","width":800,"height":800},{"@type":"BreadcrumbList","@id":"https:\/\/metaltale.com\/lv\/produkts\/pacyfic-manualais-pudelu-atverejs\/#breadcrumb","itemListElement":[{"@type":"ListItem","position":1,"name":"Home","item":"https:\/\/metaltale.com\/lv\/majas\/"},{"@type":"ListItem","position":2,"name":"Veikals","item":"https:\/\/metaltale.com\/lv\/shop\/"},{"@type":"ListItem","position":3,"name":"PACYFIC manu\u0101lais pude\u013cu atv\u0113r\u0113js"}]},{"@type":"WebSite","@id":"https:\/\/metaltale.com\/lv\/#website","url":"https:\/\/metaltale.com\/lv\/","name":"Metaltale.com","description":"","potentialAction":[{"@type":"SearchAction","target":{"@type":"EntryPoint","urlTemplate":"https:\/\/metaltale.com\/lv\/?s={search_term_string}"},"query-input":{"@type":"PropertyValueSpecification","valueRequired":true,"valueName":"search_term_string"}}],"inLanguage":"lv-LV"}]}},"_links":{"self":[{"href":"https:\/\/metaltale.com\/lv\/wp-json\/wp\/v2\/product\/135215","targetHints":{"allow":["GET"]}}],"collection":[{"href":"https:\/\/metaltale.com\/lv\/wp-json\/wp\/v2\/product"}],"about":[{"href":"https:\/\/metaltale.com\/lv\/wp-json\/wp\/v2\/types\/product"}],"replies":[{"embeddable":true,"href":"https:\/\/metaltale.com\/lv\/wp-json\/wp\/v2\/comments?post=135215"}],"version-history":[{"count":0,"href":"https:\/\/metaltale.com\/lv\/wp-json\/wp\/v2\/product\/135215\/revisions"}],"wp:featuredmedia":[{"embeddable":true,"href":"https:\/\/metaltale.com\/lv\/wp-json\/wp\/v2\/media\/67657"}],"wp:attachment":[{"href":"https:\/\/metaltale.com\/lv\/wp-json\/wp\/v2\/media?parent=135215"}],"wp:term":[{"taxonomy":"product_brand","embeddable":true,"href":"https:\/\/metaltale.com\/lv\/wp-json\/wp\/v2\/product_brand?post=135215"},{"taxonomy":"product_cat","embeddable":true,"href":"https:\/\/metaltale.com\/lv\/wp-json\/wp\/v2\/product_cat?post=135215"},{"taxonomy":"product_tag","embeddable":true,"href":"https:\/\/metaltale.com\/lv\/wp-json\/wp\/v2\/product_tag?post=135215"}],"curies":[{"name":"wp","href":"https:\/\/api.w.org\/{rel}","templated":true}]}}