{"id":135201,"date":"2024-01-12T20:57:10","date_gmt":"2024-01-12T18:57:10","guid":{"rendered":"https:\/\/metaltale.com\/produktas\/naturwood-darba-virsma-90x160-neapstradata\/"},"modified":"2024-01-12T20:57:10","modified_gmt":"2024-01-12T18:57:10","slug":"naturwood-darba-virsma-90x160-neapstradata","status":"publish","type":"product","link":"https:\/\/metaltale.com\/lv\/produkts\/naturwood-darba-virsma-90x160-neapstradata\/","title":{"rendered":"NATURWOOD darba virsma 90&#215;160 neapstr\u0101d\u0101ta"},"content":{"rendered":"<div class=\"prod_data\"><strong>Modelis<\/strong> SE.BLT.SE-PRGR  <br \/><strong>Materi\u0101ls<\/strong> Koka riekstkoks  <br \/><strong>Materi\u0101la biezums (cm<\/strong> ) 3,8  <br \/><strong>Kr\u0101sa<\/strong> Koks &#8211; dab\u012bg\u0101 e\u013c\u013ca  <br \/><strong>Apdare<\/strong> ar e\u013c\u013cas audumu  <br \/><strong>Daudzums komplekt\u0101<\/strong> 1 gab.  <\/p>\n<table align=\"center\" border=\"0\" style=\"width: 100%;\">\n<tbody>\n<tr>\n<td><\/td>\n<td><\/td>\n<td><\/td>\n<\/tr>\n<\/tbody>\n<\/table>\n<p>&#8211; riekstkoka virsma, format\u0113ta (visas malas sagrieztas taisn\u0101 le\u0146\u0137\u012b)<br \/>&#8211; aug\u0161\u0113j\u0101 virsma aizsarg\u0101ta ar e\u013c\u013cu  <br \/>&#8211; Vienpus\u0113ja &#8211; aug\u0161\u0113j\u0101 pus\u0113 redzama apdares kvalit\u0101te un smalki noapa\u013cot\u0101s malas.<br \/>&#8211; ir saglab\u0101ta riekstkoka koksnes dabisk\u0101 arhitekt\u016bra ar kr\u0101sas mai\u0146u un da\u017e\u0101diem rakstiem.<br \/>&#8211; bez plais\u0101m vai pl\u012bsumiem<br \/>&#8211; pied\u0101v\u0101jums attiecas tikai uz darba virsmu, un tas neattiecas uz m\u0113be\u013cu k\u0101j\u0101m.<\/p>\n<hr>\n<p><span class=\"hiddenSpellError\">Porsa<\/span><span>darba virsmas <\/span> <span>  ir \u012bsts dabas \u0161edevrs. Tiem rakstur\u012bga izteikta, sapl\u016bsto\u0161a valriekstu koksnes tekst\u016bra da\u017e\u0101dos to\u0146os, s\u0101kot no tum\u0161i br\u016bnas, caur intens\u012bvi medainu l\u012bdz pat maigi salmu kr\u0101sai. Izstr\u0101d\u0101jumam ir rakstur\u012bgas maigas, nel\u012bdzenas malas.  <\/span><span class=\"hiddenSpellError\">Porsa<\/span><span> darba virsmas <\/span> &#8211;<span>  Tas ir perfekti atsedzams koks, kas izcelts ar dab\u012bg\u0101m e\u013c\u013c\u0101m. \u0160is impregn\u0113\u0161anas veids ne tikai saglab\u0101 koksnes dabisko strukt\u016bru, bet ar\u012b atkl\u0101j t\u0101s skaistumu. Darba virsmai ir aug\u0161\u0113j\u0101 un apak\u0161\u0113j\u0101 da\u013ca, kuras var at\u0161\u0137irt gan p\u0113c apdares, gan p\u0113c malu veida &#8211; aug\u0161\u0113j\u0101 da\u013ca ir nedaudz noapa\u013cota.<\/span><\/p>\n<\/div>\n","protected":false},"excerpt":{"rendered":"<p>Modelis SE.BLT.SE-PRGR Materi\u0101ls Koka riekstkoks Materi\u0101la biezums (cm ) 3,8 Kr\u0101sa Koks &#8211; dab\u012bg\u0101 e\u013c\u013ca Apdare ar e\u013c\u013cas audumu Daudzums<\/p>\n","protected":false},"featured_media":99034,"comment_status":"open","ping_status":"closed","template":"","meta":{"_acf_changed":false,"pmpro_default_level":""},"product_brand":[],"product_cat":[24058],"product_tag":[],"class_list":{"0":"post-135201","1":"product","2":"type-product","3":"status-publish","4":"has-post-thumbnail","6":"product_cat-koka-darba-virsmas","7":"pmpro-has-access","9":"first","10":"instock","11":"shipping-taxable","12":"purchasable","13":"product-type-simple"},"acf":[],"yoast_head":"<!-- This site is optimized with the Yoast SEO plugin v24.9 - https:\/\/yoast.com\/wordpress\/plugins\/seo\/ -->\n<title>NATURWOOD darba virsma 90x160 neapstr\u0101d\u0101ta - MetalTale.com<\/title>\n<meta name=\"robots\" content=\"index, follow, max-snippet:-1, max-image-preview:large, max-video-preview:-1\" \/>\n<link rel=\"canonical\" href=\"https:\/\/metaltale.com\/lv\/produkts\/naturwood-darba-virsma-90x160-neapstradata\/\" \/>\n<meta property=\"og:locale\" content=\"lv_LV\" \/>\n<meta property=\"og:type\" content=\"article\" \/>\n<meta property=\"og:title\" content=\"NATURWOOD darba virsma 90x160 neapstr\u0101d\u0101ta - MetalTale.com\" \/>\n<meta property=\"og:description\" content=\"Modelis SE.BLT.SE-PRGR Materi\u0101ls Koka riekstkoks Materi\u0101la biezums (cm ) 3,8 Kr\u0101sa Koks &#8211; dab\u012bg\u0101 e\u013c\u013ca Apdare ar e\u013c\u013cas audumu Daudzums\" \/>\n<meta property=\"og:url\" content=\"https:\/\/metaltale.com\/lv\/produkts\/naturwood-darba-virsma-90x160-neapstradata\/\" \/>\n<meta property=\"og:site_name\" content=\"MetalTale.com\" \/>\n<meta name=\"twitter:card\" content=\"summary_large_image\" \/>\n<meta name=\"twitter:label1\" content=\"Est. reading time\" \/>\n\t<meta name=\"twitter:data1\" content=\"1 minute\" \/>\n<script type=\"application\/ld+json\" class=\"yoast-schema-graph\">{\"@context\":\"https:\/\/schema.org\",\"@graph\":[{\"@type\":\"WebPage\",\"@id\":\"https:\/\/metaltale.com\/lv\/produkts\/naturwood-darba-virsma-90x160-neapstradata\/\",\"url\":\"https:\/\/metaltale.com\/lv\/produkts\/naturwood-darba-virsma-90x160-neapstradata\/\",\"name\":\"NATURWOOD darba virsma 90x160 neapstr\u0101d\u0101ta - MetalTale.com\",\"isPartOf\":{\"@id\":\"https:\/\/metaltale.com\/lv\/#website\"},\"primaryImageOfPage\":{\"@id\":\"https:\/\/metaltale.com\/lv\/produkts\/naturwood-darba-virsma-90x160-neapstradata\/#primaryimage\"},\"image\":{\"@id\":\"https:\/\/metaltale.com\/lv\/produkts\/naturwood-darba-virsma-90x160-neapstradata\/#primaryimage\"},\"thumbnailUrl\":\"https:\/\/metaltale.com\/wp-content\/uploads\/2023\/11\/Stalvirx161is-ANTIQUE-80x180-raw.jpg\",\"datePublished\":\"2024-01-12T18:57:10+00:00\",\"breadcrumb\":{\"@id\":\"https:\/\/metaltale.com\/lv\/produkts\/naturwood-darba-virsma-90x160-neapstradata\/#breadcrumb\"},\"inLanguage\":\"lv-LV\",\"potentialAction\":[{\"@type\":\"ReadAction\",\"target\":[\"https:\/\/metaltale.com\/lv\/produkts\/naturwood-darba-virsma-90x160-neapstradata\/\"]}]},{\"@type\":\"ImageObject\",\"inLanguage\":\"lv-LV\",\"@id\":\"https:\/\/metaltale.com\/lv\/produkts\/naturwood-darba-virsma-90x160-neapstradata\/#primaryimage\",\"url\":\"https:\/\/metaltale.com\/wp-content\/uploads\/2023\/11\/Stalvirx161is-ANTIQUE-80x180-raw.jpg\",\"contentUrl\":\"https:\/\/metaltale.com\/wp-content\/uploads\/2023\/11\/Stalvirx161is-ANTIQUE-80x180-raw.jpg\",\"width\":800,\"height\":800},{\"@type\":\"BreadcrumbList\",\"@id\":\"https:\/\/metaltale.com\/lv\/produkts\/naturwood-darba-virsma-90x160-neapstradata\/#breadcrumb\",\"itemListElement\":[{\"@type\":\"ListItem\",\"position\":1,\"name\":\"Home\",\"item\":\"https:\/\/metaltale.com\/lv\/majas\/\"},{\"@type\":\"ListItem\",\"position\":2,\"name\":\"Veikals\",\"item\":\"https:\/\/metaltale.com\/lv\/shop\/\"},{\"@type\":\"ListItem\",\"position\":3,\"name\":\"NATURWOOD darba virsma 90&#215;160 neapstr\u0101d\u0101ta\"}]},{\"@type\":\"WebSite\",\"@id\":\"https:\/\/metaltale.com\/lv\/#website\",\"url\":\"https:\/\/metaltale.com\/lv\/\",\"name\":\"Metaltale.com\",\"description\":\"\",\"potentialAction\":[{\"@type\":\"SearchAction\",\"target\":{\"@type\":\"EntryPoint\",\"urlTemplate\":\"https:\/\/metaltale.com\/lv\/?s={search_term_string}\"},\"query-input\":{\"@type\":\"PropertyValueSpecification\",\"valueRequired\":true,\"valueName\":\"search_term_string\"}}],\"inLanguage\":\"lv-LV\"}]}<\/script>\n<!-- \/ Yoast SEO plugin. -->","yoast_head_json":{"title":"NATURWOOD darba virsma 90x160 neapstr\u0101d\u0101ta - MetalTale.com","robots":{"index":"index","follow":"follow","max-snippet":"max-snippet:-1","max-image-preview":"max-image-preview:large","max-video-preview":"max-video-preview:-1"},"canonical":"https:\/\/metaltale.com\/lv\/produkts\/naturwood-darba-virsma-90x160-neapstradata\/","og_locale":"lv_LV","og_type":"article","og_title":"NATURWOOD darba virsma 90x160 neapstr\u0101d\u0101ta - MetalTale.com","og_description":"Modelis SE.BLT.SE-PRGR Materi\u0101ls Koka riekstkoks Materi\u0101la biezums (cm ) 3,8 Kr\u0101sa Koks &#8211; dab\u012bg\u0101 e\u013c\u013ca Apdare ar e\u013c\u013cas audumu Daudzums","og_url":"https:\/\/metaltale.com\/lv\/produkts\/naturwood-darba-virsma-90x160-neapstradata\/","og_site_name":"MetalTale.com","twitter_card":"summary_large_image","twitter_misc":{"Est. reading time":"1 minute"},"schema":{"@context":"https:\/\/schema.org","@graph":[{"@type":"WebPage","@id":"https:\/\/metaltale.com\/lv\/produkts\/naturwood-darba-virsma-90x160-neapstradata\/","url":"https:\/\/metaltale.com\/lv\/produkts\/naturwood-darba-virsma-90x160-neapstradata\/","name":"NATURWOOD darba virsma 90x160 neapstr\u0101d\u0101ta - MetalTale.com","isPartOf":{"@id":"https:\/\/metaltale.com\/lv\/#website"},"primaryImageOfPage":{"@id":"https:\/\/metaltale.com\/lv\/produkts\/naturwood-darba-virsma-90x160-neapstradata\/#primaryimage"},"image":{"@id":"https:\/\/metaltale.com\/lv\/produkts\/naturwood-darba-virsma-90x160-neapstradata\/#primaryimage"},"thumbnailUrl":"https:\/\/metaltale.com\/wp-content\/uploads\/2023\/11\/Stalvirx161is-ANTIQUE-80x180-raw.jpg","datePublished":"2024-01-12T18:57:10+00:00","breadcrumb":{"@id":"https:\/\/metaltale.com\/lv\/produkts\/naturwood-darba-virsma-90x160-neapstradata\/#breadcrumb"},"inLanguage":"lv-LV","potentialAction":[{"@type":"ReadAction","target":["https:\/\/metaltale.com\/lv\/produkts\/naturwood-darba-virsma-90x160-neapstradata\/"]}]},{"@type":"ImageObject","inLanguage":"lv-LV","@id":"https:\/\/metaltale.com\/lv\/produkts\/naturwood-darba-virsma-90x160-neapstradata\/#primaryimage","url":"https:\/\/metaltale.com\/wp-content\/uploads\/2023\/11\/Stalvirx161is-ANTIQUE-80x180-raw.jpg","contentUrl":"https:\/\/metaltale.com\/wp-content\/uploads\/2023\/11\/Stalvirx161is-ANTIQUE-80x180-raw.jpg","width":800,"height":800},{"@type":"BreadcrumbList","@id":"https:\/\/metaltale.com\/lv\/produkts\/naturwood-darba-virsma-90x160-neapstradata\/#breadcrumb","itemListElement":[{"@type":"ListItem","position":1,"name":"Home","item":"https:\/\/metaltale.com\/lv\/majas\/"},{"@type":"ListItem","position":2,"name":"Veikals","item":"https:\/\/metaltale.com\/lv\/shop\/"},{"@type":"ListItem","position":3,"name":"NATURWOOD darba virsma 90&#215;160 neapstr\u0101d\u0101ta"}]},{"@type":"WebSite","@id":"https:\/\/metaltale.com\/lv\/#website","url":"https:\/\/metaltale.com\/lv\/","name":"Metaltale.com","description":"","potentialAction":[{"@type":"SearchAction","target":{"@type":"EntryPoint","urlTemplate":"https:\/\/metaltale.com\/lv\/?s={search_term_string}"},"query-input":{"@type":"PropertyValueSpecification","valueRequired":true,"valueName":"search_term_string"}}],"inLanguage":"lv-LV"}]}},"_links":{"self":[{"href":"https:\/\/metaltale.com\/lv\/wp-json\/wp\/v2\/product\/135201","targetHints":{"allow":["GET"]}}],"collection":[{"href":"https:\/\/metaltale.com\/lv\/wp-json\/wp\/v2\/product"}],"about":[{"href":"https:\/\/metaltale.com\/lv\/wp-json\/wp\/v2\/types\/product"}],"replies":[{"embeddable":true,"href":"https:\/\/metaltale.com\/lv\/wp-json\/wp\/v2\/comments?post=135201"}],"version-history":[{"count":0,"href":"https:\/\/metaltale.com\/lv\/wp-json\/wp\/v2\/product\/135201\/revisions"}],"wp:featuredmedia":[{"embeddable":true,"href":"https:\/\/metaltale.com\/lv\/wp-json\/wp\/v2\/media\/99034"}],"wp:attachment":[{"href":"https:\/\/metaltale.com\/lv\/wp-json\/wp\/v2\/media?parent=135201"}],"wp:term":[{"taxonomy":"product_brand","embeddable":true,"href":"https:\/\/metaltale.com\/lv\/wp-json\/wp\/v2\/product_brand?post=135201"},{"taxonomy":"product_cat","embeddable":true,"href":"https:\/\/metaltale.com\/lv\/wp-json\/wp\/v2\/product_cat?post=135201"},{"taxonomy":"product_tag","embeddable":true,"href":"https:\/\/metaltale.com\/lv\/wp-json\/wp\/v2\/product_tag?post=135201"}],"curies":[{"name":"wp","href":"https:\/\/api.w.org\/{rel}","templated":true}]}}