{"id":135178,"date":"2024-02-13T13:49:04","date_gmt":"2024-02-13T11:49:04","guid":{"rendered":"https:\/\/metaltale.com\/produktas\/stacionarais-izlietnes-krans-antikais-misins-glen-high\/"},"modified":"2024-02-13T13:49:04","modified_gmt":"2024-02-13T11:49:04","slug":"stacionarais-izlietnes-krans-antikais-misins-glen-high","status":"publish","type":"product","link":"https:\/\/metaltale.com\/lv\/produkts\/stacionarais-izlietnes-krans-antikais-misins-glen-high\/","title":{"rendered":"Stacion\u0101rais izlietnes kr\u0101ns Ant\u012bkais misi\u0146\u0161 GLEN high"},"content":{"rendered":"<div class=\"prod_data\">WX <strong>modelis<\/strong>. HT92522  <br \/>Gold Glen kolekcija <br \/><strong>EAN.<\/strong>  5905369900952  <br \/>Mais\u012bt\u0101ja tips Br\u012bvi st\u0101vo\u0161s <br \/><strong>Izsmidzin\u0101t\u0101ja garums (cm<\/strong> ) 15  <br \/>Materi\u0101ls Misi\u0146\u0161 <br \/>Uzst\u0101d\u012b\u0161anas atveres diametrs 3,2 <br \/><strong>Augstums (cm<\/strong> ) 31  <br \/><strong>Augstums ar paceltu rokturi<\/strong> 34  <br \/>Perlators (aerators ) J\u0101 <br \/>Rot\u0113jo\u0161s izsmidzin\u0101t\u0101js J\u0101 <br \/>Kr\u0101sa Ant\u012bkais misi\u0146\u0161 <br \/>Apdare M\u012bksta, sat\u012bna efekts <br \/>Papildus inform\u0101cija \u0160\u013c\u016btene M8x3\/8&#8243; kr\u0101na garumam 50cm <br \/><strong>Augstums l\u012bdz izsmidzin\u0101t\u0101jam (cm<\/strong> ) 18,5  <br \/>Kop\u0113j\u0101 projekcija (cm ) 21 <\/p>\n<p>&#8211; misi\u0146a akumulators<br \/>&#8211; fiks\u0113ts izpl\u016bdes<br \/>&#8211; keramikas galva &#8211; elements, kas nodro\u0161ina pareizu \u016bdens sadali.<br \/>&#8211; aerators &#8211; aerators, kas nodro\u0161ina maz\u0101ku \u016bdens pat\u0113ri\u0146u.<br \/>&#8211; visi mont\u0101\u017eai nepiecie\u0161amie elementi komplekt\u0101 (\u0161\u013c\u016btenes, skr\u016bve pie galda virsmas, bl\u012bves pie skr\u016bves).<br \/>&#8211; viegla apkope &#8211; silts \u016bdens un PH neitr\u0101las ziepes.<br \/>&#8211; Skat\u012bt citus Gold Glen kolekcijas mode\u013cus<\/p>\n<hr>\n<p dir=\"ltr\">Misi\u0146a galda izlietnes kr\u0101ns ir izstr\u0101d\u0101jums, kas ir ide\u0101li piem\u0113rots retro, vintage un kr\u0101sain\u0101m tualet\u0113m un vannas istab\u0101m. Smalkais reljefs pie\u0161\u0137ir tam \u0161armu un izce\u013c t\u0101 ant\u012bko raksturu. \u016adens pl\u016bsma tiek regul\u0113ta ar \u0113rtu rokturi, kas ar\u012b rot\u0101ts ar izliektu rot\u0101jumu. Interjeru interesanti papildina st\u0101vo\u0161ais mais\u012bt\u0101js maigi sp\u012bd\u012bg\u0101 misi\u0146a kr\u0101s\u0101. Pied\u0101v\u0101jum\u0101 eso\u0161ais misi\u0146a br\u012bvi st\u0101vo\u0161ais mais\u012bt\u0101js ir lieliska izv\u0113le retro stila entuziastiem elegant\u0101 izpild\u012bjum\u0101. Dekorat\u012bvie elementi un apdare padara mais\u012bt\u0101ju piem\u0113rotu ar\u012b kr\u0101sain\u0101m un eklektisk\u0101m vannas istab\u0101m. Produkts ir izgatavots atbilsto\u0161i m\u016bsdienu standartiem, lai nodro\u0161in\u0101tu funkcionalit\u0101ti un komfortu.  <\/p>\n<hr>\n<p dir=\"ltr\">\n<\/div>\n","protected":false},"excerpt":{"rendered":"<p>WX modelis. HT92522 Gold Glen kolekcija EAN. 5905369900952 Mais\u012bt\u0101ja tips Br\u012bvi st\u0101vo\u0161s Izsmidzin\u0101t\u0101ja garums (cm ) 15 Materi\u0101ls Misi\u0146\u0161 Uzst\u0101d\u012b\u0161anas<\/p>\n","protected":false},"featured_media":80692,"comment_status":"open","ping_status":"closed","template":"","meta":{"_acf_changed":false,"pmpro_default_level":""},"product_brand":[],"product_cat":[24094],"product_tag":[],"class_list":{"0":"post-135178","1":"product","2":"type-product","3":"status-publish","4":"has-post-thumbnail","6":"product_cat-izlietnes-maisitaji","7":"pmpro-has-access","9":"first","10":"instock","11":"shipping-taxable","12":"purchasable","13":"product-type-simple"},"acf":[],"yoast_head":"<!-- This site is optimized with the Yoast SEO plugin v24.9 - https:\/\/yoast.com\/wordpress\/plugins\/seo\/ -->\n<title>Stacion\u0101rais izlietnes kr\u0101ns Ant\u012bkais misi\u0146\u0161 GLEN high - MetalTale.com<\/title>\n<meta name=\"robots\" content=\"index, follow, max-snippet:-1, max-image-preview:large, max-video-preview:-1\" \/>\n<link rel=\"canonical\" href=\"https:\/\/metaltale.com\/lv\/produkts\/stacionarais-izlietnes-krans-antikais-misins-glen-high\/\" \/>\n<meta property=\"og:locale\" content=\"lv_LV\" \/>\n<meta property=\"og:type\" content=\"article\" \/>\n<meta property=\"og:title\" content=\"Stacion\u0101rais izlietnes kr\u0101ns Ant\u012bkais misi\u0146\u0161 GLEN high - MetalTale.com\" \/>\n<meta property=\"og:description\" content=\"WX modelis. HT92522 Gold Glen kolekcija EAN. 5905369900952 Mais\u012bt\u0101ja tips Br\u012bvi st\u0101vo\u0161s Izsmidzin\u0101t\u0101ja garums (cm ) 15 Materi\u0101ls Misi\u0146\u0161 Uzst\u0101d\u012b\u0161anas\" \/>\n<meta property=\"og:url\" content=\"https:\/\/metaltale.com\/lv\/produkts\/stacionarais-izlietnes-krans-antikais-misins-glen-high\/\" \/>\n<meta property=\"og:site_name\" content=\"MetalTale.com\" \/>\n<meta name=\"twitter:card\" content=\"summary_large_image\" \/>\n<meta name=\"twitter:label1\" content=\"Est. reading time\" \/>\n\t<meta name=\"twitter:data1\" content=\"1 minute\" \/>\n<script type=\"application\/ld+json\" class=\"yoast-schema-graph\">{\"@context\":\"https:\/\/schema.org\",\"@graph\":[{\"@type\":\"WebPage\",\"@id\":\"https:\/\/metaltale.com\/lv\/produkts\/stacionarais-izlietnes-krans-antikais-misins-glen-high\/\",\"url\":\"https:\/\/metaltale.com\/lv\/produkts\/stacionarais-izlietnes-krans-antikais-misins-glen-high\/\",\"name\":\"Stacion\u0101rais izlietnes kr\u0101ns Ant\u012bkais misi\u0146\u0161 GLEN high - MetalTale.com\",\"isPartOf\":{\"@id\":\"https:\/\/metaltale.com\/lv\/#website\"},\"primaryImageOfPage\":{\"@id\":\"https:\/\/metaltale.com\/lv\/produkts\/stacionarais-izlietnes-krans-antikais-misins-glen-high\/#primaryimage\"},\"image\":{\"@id\":\"https:\/\/metaltale.com\/lv\/produkts\/stacionarais-izlietnes-krans-antikais-misins-glen-high\/#primaryimage\"},\"thumbnailUrl\":\"https:\/\/metaltale.com\/wp-content\/uploads\/2023\/10\/GLEN-1-ant-grindx173-pastatomas-maix161ytuvas.jpg\",\"datePublished\":\"2024-02-13T11:49:04+00:00\",\"breadcrumb\":{\"@id\":\"https:\/\/metaltale.com\/lv\/produkts\/stacionarais-izlietnes-krans-antikais-misins-glen-high\/#breadcrumb\"},\"inLanguage\":\"lv-LV\",\"potentialAction\":[{\"@type\":\"ReadAction\",\"target\":[\"https:\/\/metaltale.com\/lv\/produkts\/stacionarais-izlietnes-krans-antikais-misins-glen-high\/\"]}]},{\"@type\":\"ImageObject\",\"inLanguage\":\"lv-LV\",\"@id\":\"https:\/\/metaltale.com\/lv\/produkts\/stacionarais-izlietnes-krans-antikais-misins-glen-high\/#primaryimage\",\"url\":\"https:\/\/metaltale.com\/wp-content\/uploads\/2023\/10\/GLEN-1-ant-grindx173-pastatomas-maix161ytuvas.jpg\",\"contentUrl\":\"https:\/\/metaltale.com\/wp-content\/uploads\/2023\/10\/GLEN-1-ant-grindx173-pastatomas-maix161ytuvas.jpg\",\"width\":800,\"height\":800},{\"@type\":\"BreadcrumbList\",\"@id\":\"https:\/\/metaltale.com\/lv\/produkts\/stacionarais-izlietnes-krans-antikais-misins-glen-high\/#breadcrumb\",\"itemListElement\":[{\"@type\":\"ListItem\",\"position\":1,\"name\":\"Home\",\"item\":\"https:\/\/metaltale.com\/lv\/majas\/\"},{\"@type\":\"ListItem\",\"position\":2,\"name\":\"Veikals\",\"item\":\"https:\/\/metaltale.com\/lv\/shop\/\"},{\"@type\":\"ListItem\",\"position\":3,\"name\":\"Stacion\u0101rais izlietnes kr\u0101ns Ant\u012bkais misi\u0146\u0161 GLEN high\"}]},{\"@type\":\"WebSite\",\"@id\":\"https:\/\/metaltale.com\/lv\/#website\",\"url\":\"https:\/\/metaltale.com\/lv\/\",\"name\":\"Metaltale.com\",\"description\":\"\",\"potentialAction\":[{\"@type\":\"SearchAction\",\"target\":{\"@type\":\"EntryPoint\",\"urlTemplate\":\"https:\/\/metaltale.com\/lv\/?s={search_term_string}\"},\"query-input\":{\"@type\":\"PropertyValueSpecification\",\"valueRequired\":true,\"valueName\":\"search_term_string\"}}],\"inLanguage\":\"lv-LV\"}]}<\/script>\n<!-- \/ Yoast SEO plugin. -->","yoast_head_json":{"title":"Stacion\u0101rais izlietnes kr\u0101ns Ant\u012bkais misi\u0146\u0161 GLEN high - MetalTale.com","robots":{"index":"index","follow":"follow","max-snippet":"max-snippet:-1","max-image-preview":"max-image-preview:large","max-video-preview":"max-video-preview:-1"},"canonical":"https:\/\/metaltale.com\/lv\/produkts\/stacionarais-izlietnes-krans-antikais-misins-glen-high\/","og_locale":"lv_LV","og_type":"article","og_title":"Stacion\u0101rais izlietnes kr\u0101ns Ant\u012bkais misi\u0146\u0161 GLEN high - MetalTale.com","og_description":"WX modelis. HT92522 Gold Glen kolekcija EAN. 5905369900952 Mais\u012bt\u0101ja tips Br\u012bvi st\u0101vo\u0161s Izsmidzin\u0101t\u0101ja garums (cm ) 15 Materi\u0101ls Misi\u0146\u0161 Uzst\u0101d\u012b\u0161anas","og_url":"https:\/\/metaltale.com\/lv\/produkts\/stacionarais-izlietnes-krans-antikais-misins-glen-high\/","og_site_name":"MetalTale.com","twitter_card":"summary_large_image","twitter_misc":{"Est. reading time":"1 minute"},"schema":{"@context":"https:\/\/schema.org","@graph":[{"@type":"WebPage","@id":"https:\/\/metaltale.com\/lv\/produkts\/stacionarais-izlietnes-krans-antikais-misins-glen-high\/","url":"https:\/\/metaltale.com\/lv\/produkts\/stacionarais-izlietnes-krans-antikais-misins-glen-high\/","name":"Stacion\u0101rais izlietnes kr\u0101ns Ant\u012bkais misi\u0146\u0161 GLEN high - MetalTale.com","isPartOf":{"@id":"https:\/\/metaltale.com\/lv\/#website"},"primaryImageOfPage":{"@id":"https:\/\/metaltale.com\/lv\/produkts\/stacionarais-izlietnes-krans-antikais-misins-glen-high\/#primaryimage"},"image":{"@id":"https:\/\/metaltale.com\/lv\/produkts\/stacionarais-izlietnes-krans-antikais-misins-glen-high\/#primaryimage"},"thumbnailUrl":"https:\/\/metaltale.com\/wp-content\/uploads\/2023\/10\/GLEN-1-ant-grindx173-pastatomas-maix161ytuvas.jpg","datePublished":"2024-02-13T11:49:04+00:00","breadcrumb":{"@id":"https:\/\/metaltale.com\/lv\/produkts\/stacionarais-izlietnes-krans-antikais-misins-glen-high\/#breadcrumb"},"inLanguage":"lv-LV","potentialAction":[{"@type":"ReadAction","target":["https:\/\/metaltale.com\/lv\/produkts\/stacionarais-izlietnes-krans-antikais-misins-glen-high\/"]}]},{"@type":"ImageObject","inLanguage":"lv-LV","@id":"https:\/\/metaltale.com\/lv\/produkts\/stacionarais-izlietnes-krans-antikais-misins-glen-high\/#primaryimage","url":"https:\/\/metaltale.com\/wp-content\/uploads\/2023\/10\/GLEN-1-ant-grindx173-pastatomas-maix161ytuvas.jpg","contentUrl":"https:\/\/metaltale.com\/wp-content\/uploads\/2023\/10\/GLEN-1-ant-grindx173-pastatomas-maix161ytuvas.jpg","width":800,"height":800},{"@type":"BreadcrumbList","@id":"https:\/\/metaltale.com\/lv\/produkts\/stacionarais-izlietnes-krans-antikais-misins-glen-high\/#breadcrumb","itemListElement":[{"@type":"ListItem","position":1,"name":"Home","item":"https:\/\/metaltale.com\/lv\/majas\/"},{"@type":"ListItem","position":2,"name":"Veikals","item":"https:\/\/metaltale.com\/lv\/shop\/"},{"@type":"ListItem","position":3,"name":"Stacion\u0101rais izlietnes kr\u0101ns Ant\u012bkais misi\u0146\u0161 GLEN high"}]},{"@type":"WebSite","@id":"https:\/\/metaltale.com\/lv\/#website","url":"https:\/\/metaltale.com\/lv\/","name":"Metaltale.com","description":"","potentialAction":[{"@type":"SearchAction","target":{"@type":"EntryPoint","urlTemplate":"https:\/\/metaltale.com\/lv\/?s={search_term_string}"},"query-input":{"@type":"PropertyValueSpecification","valueRequired":true,"valueName":"search_term_string"}}],"inLanguage":"lv-LV"}]}},"_links":{"self":[{"href":"https:\/\/metaltale.com\/lv\/wp-json\/wp\/v2\/product\/135178","targetHints":{"allow":["GET"]}}],"collection":[{"href":"https:\/\/metaltale.com\/lv\/wp-json\/wp\/v2\/product"}],"about":[{"href":"https:\/\/metaltale.com\/lv\/wp-json\/wp\/v2\/types\/product"}],"replies":[{"embeddable":true,"href":"https:\/\/metaltale.com\/lv\/wp-json\/wp\/v2\/comments?post=135178"}],"version-history":[{"count":0,"href":"https:\/\/metaltale.com\/lv\/wp-json\/wp\/v2\/product\/135178\/revisions"}],"wp:featuredmedia":[{"embeddable":true,"href":"https:\/\/metaltale.com\/lv\/wp-json\/wp\/v2\/media\/80692"}],"wp:attachment":[{"href":"https:\/\/metaltale.com\/lv\/wp-json\/wp\/v2\/media?parent=135178"}],"wp:term":[{"taxonomy":"product_brand","embeddable":true,"href":"https:\/\/metaltale.com\/lv\/wp-json\/wp\/v2\/product_brand?post=135178"},{"taxonomy":"product_cat","embeddable":true,"href":"https:\/\/metaltale.com\/lv\/wp-json\/wp\/v2\/product_cat?post=135178"},{"taxonomy":"product_tag","embeddable":true,"href":"https:\/\/metaltale.com\/lv\/wp-json\/wp\/v2\/product_tag?post=135178"}],"curies":[{"name":"wp","href":"https:\/\/api.w.org\/{rel}","templated":true}]}}