{"id":135156,"date":"2024-02-13T13:57:04","date_gmt":"2024-02-13T11:57:04","guid":{"rendered":"https:\/\/metaltale.com\/produktas\/polsterets-bara-kresls-industrial-4-terauda-peleks\/"},"modified":"2024-02-13T13:57:04","modified_gmt":"2024-02-13T11:57:04","slug":"polsterets-bara-kresls-industrial-4-terauda-peleks","status":"publish","type":"product","link":"https:\/\/metaltale.com\/lv\/produkts\/polsterets-bara-kresls-industrial-4-terauda-peleks\/","title":{"rendered":"Polster\u0113ts b\u0101ra kr\u0113sls INDUSTRIAL 4, t\u0113rauda pel\u0113ks"},"content":{"rendered":"<div class=\"prod_data\">\n<p>ZA <strong>modelis<\/strong>. T3<br \/>\n<strong>Materi\u0101ls<\/strong> T\u0113rauds<br \/>\n<strong>Kop\u0113jais augstums (cm<\/strong> ) 85<br \/>\n<strong>Kop\u0113jais platums (cm<\/strong> ) 45<br \/>\n<strong>Svars (kg<\/strong> ) 25<br \/>\n<strong>Kr\u0101sa<\/strong> T\u0113rauda pel\u0113ka<\/p>\n<div class=\"std\">\n<p>Prezent\u0113t\u0101 kr\u0113sla pamat\u0101 ir klasiskie mode\u013ci, kas bie\u017ei sastopami darbn\u012bc\u0101s vai r\u016bpniec\u012bbas r\u016bpn\u012bc\u0101s.<\/p>\n<p>T\u0101 nedaudz neapstr\u0101d\u0101t\u0101, dabisk\u0101 t\u0113rauda kr\u0101sa padara to par noz\u012bm\u012bgu vizu\u0101lu akcentu iek\u0101rtot\u0101s telp\u0101s.<\/p>\n<p>Apdare tika izgatavota no p\u0113c ra\u017eo\u0161anas izgatavotiem \u012bstas \u0101das gabaliem.<\/p>\n<p>Kr\u0113sls kalpo k\u0101 praktisks s\u0113deklis ar izteiktu industri\u0101lu raksturu.<\/p>\n<p>Pla\u0161\u0101s s\u0113dek\u013ca augstuma regul\u0113\u0161anas iesp\u0113jas ir praktiskas lieto\u0161anas garantija.<\/p>\n<p>S\u0113dekli var regul\u0113t no 83 l\u012bdz 112 cm. Lai ieg\u016btu pilnu kr\u0113sla izm\u0113ru, t\u0101 augstumam pieskaitiet 36 cm atzveltnes augstumu.<\/p>\n<p>S\u0113dek\u013ca augstums 83-112 cm<\/p>\n<p>Augstums ar balstu 120-150 cm<\/p>\n<p>S\u0113dek\u013ca diametrs 35 cm<\/p>\n<p>Kop\u0113jais diametrs 45 cm<\/p>\n<\/div>\n<\/div>\n","protected":false},"excerpt":{"rendered":"<p>ZA modelis. T3 Materi\u0101ls T\u0113rauds Kop\u0113jais augstums (cm ) 85 Kop\u0113jais platums (cm ) 45 Svars (kg ) 25 Kr\u0101sa<\/p>\n","protected":false},"featured_media":68785,"comment_status":"open","ping_status":"closed","template":"","meta":{"_acf_changed":false,"pmpro_default_level":""},"product_brand":[],"product_cat":[24114,24057],"product_tag":[],"class_list":{"0":"post-135156","1":"product","2":"type-product","3":"status-publish","4":"has-post-thumbnail","6":"product_cat-bara-kresli","7":"product_cat-rupnieciskas-mebeles","8":"pmpro-has-access","10":"first","11":"instock","12":"shipping-taxable","13":"purchasable","14":"product-type-simple"},"acf":[],"yoast_head":"<!-- This site is optimized with the Yoast SEO plugin v24.9 - https:\/\/yoast.com\/wordpress\/plugins\/seo\/ -->\n<title>Polster\u0113ts b\u0101ra kr\u0113sls INDUSTRIAL 4, t\u0113rauda pel\u0113ks - MetalTale.com<\/title>\n<meta name=\"robots\" content=\"index, follow, max-snippet:-1, max-image-preview:large, max-video-preview:-1\" \/>\n<link rel=\"canonical\" href=\"https:\/\/metaltale.com\/lv\/produkts\/polsterets-bara-kresls-industrial-4-terauda-peleks\/\" \/>\n<meta property=\"og:locale\" content=\"lv_LV\" \/>\n<meta property=\"og:type\" content=\"article\" \/>\n<meta property=\"og:title\" content=\"Polster\u0113ts b\u0101ra kr\u0113sls INDUSTRIAL 4, t\u0113rauda pel\u0113ks - MetalTale.com\" \/>\n<meta property=\"og:description\" content=\"ZA modelis. T3 Materi\u0101ls T\u0113rauds Kop\u0113jais augstums (cm ) 85 Kop\u0113jais platums (cm ) 45 Svars (kg ) 25 Kr\u0101sa\" \/>\n<meta property=\"og:url\" content=\"https:\/\/metaltale.com\/lv\/produkts\/polsterets-bara-kresls-industrial-4-terauda-peleks\/\" \/>\n<meta property=\"og:site_name\" content=\"MetalTale.com\" \/>\n<meta name=\"twitter:card\" content=\"summary_large_image\" \/>\n<meta name=\"twitter:label1\" content=\"Est. reading time\" \/>\n\t<meta name=\"twitter:data1\" content=\"1 minute\" \/>\n<script type=\"application\/ld+json\" class=\"yoast-schema-graph\">{\"@context\":\"https:\/\/schema.org\",\"@graph\":[{\"@type\":\"WebPage\",\"@id\":\"https:\/\/metaltale.com\/lv\/produkts\/polsterets-bara-kresls-industrial-4-terauda-peleks\/\",\"url\":\"https:\/\/metaltale.com\/lv\/produkts\/polsterets-bara-kresls-industrial-4-terauda-peleks\/\",\"name\":\"Polster\u0113ts b\u0101ra kr\u0113sls INDUSTRIAL 4, t\u0113rauda pel\u0113ks - MetalTale.com\",\"isPartOf\":{\"@id\":\"https:\/\/metaltale.com\/lv\/#website\"},\"primaryImageOfPage\":{\"@id\":\"https:\/\/metaltale.com\/lv\/produkts\/polsterets-bara-kresls-industrial-4-terauda-peleks\/#primaryimage\"},\"image\":{\"@id\":\"https:\/\/metaltale.com\/lv\/produkts\/polsterets-bara-kresls-industrial-4-terauda-peleks\/#primaryimage\"},\"thumbnailUrl\":\"https:\/\/metaltale.com\/wp-content\/uploads\/2023\/09\/Minkx161ta-baro-kx117dx117-INDUSTRIAL-4-plienas.jpg\",\"datePublished\":\"2024-02-13T11:57:04+00:00\",\"breadcrumb\":{\"@id\":\"https:\/\/metaltale.com\/lv\/produkts\/polsterets-bara-kresls-industrial-4-terauda-peleks\/#breadcrumb\"},\"inLanguage\":\"lv-LV\",\"potentialAction\":[{\"@type\":\"ReadAction\",\"target\":[\"https:\/\/metaltale.com\/lv\/produkts\/polsterets-bara-kresls-industrial-4-terauda-peleks\/\"]}]},{\"@type\":\"ImageObject\",\"inLanguage\":\"lv-LV\",\"@id\":\"https:\/\/metaltale.com\/lv\/produkts\/polsterets-bara-kresls-industrial-4-terauda-peleks\/#primaryimage\",\"url\":\"https:\/\/metaltale.com\/wp-content\/uploads\/2023\/09\/Minkx161ta-baro-kx117dx117-INDUSTRIAL-4-plienas.jpg\",\"contentUrl\":\"https:\/\/metaltale.com\/wp-content\/uploads\/2023\/09\/Minkx161ta-baro-kx117dx117-INDUSTRIAL-4-plienas.jpg\",\"width\":800,\"height\":800,\"caption\":\"B\u0101ra taburete\"},{\"@type\":\"BreadcrumbList\",\"@id\":\"https:\/\/metaltale.com\/lv\/produkts\/polsterets-bara-kresls-industrial-4-terauda-peleks\/#breadcrumb\",\"itemListElement\":[{\"@type\":\"ListItem\",\"position\":1,\"name\":\"Home\",\"item\":\"https:\/\/metaltale.com\/lv\/majas\/\"},{\"@type\":\"ListItem\",\"position\":2,\"name\":\"Veikals\",\"item\":\"https:\/\/metaltale.com\/lv\/shop\/\"},{\"@type\":\"ListItem\",\"position\":3,\"name\":\"Polster\u0113ts b\u0101ra kr\u0113sls INDUSTRIAL 4, t\u0113rauda pel\u0113ks\"}]},{\"@type\":\"WebSite\",\"@id\":\"https:\/\/metaltale.com\/lv\/#website\",\"url\":\"https:\/\/metaltale.com\/lv\/\",\"name\":\"Metaltale.com\",\"description\":\"\",\"potentialAction\":[{\"@type\":\"SearchAction\",\"target\":{\"@type\":\"EntryPoint\",\"urlTemplate\":\"https:\/\/metaltale.com\/lv\/?s={search_term_string}\"},\"query-input\":{\"@type\":\"PropertyValueSpecification\",\"valueRequired\":true,\"valueName\":\"search_term_string\"}}],\"inLanguage\":\"lv-LV\"}]}<\/script>\n<!-- \/ Yoast SEO plugin. -->","yoast_head_json":{"title":"Polster\u0113ts b\u0101ra kr\u0113sls INDUSTRIAL 4, t\u0113rauda pel\u0113ks - MetalTale.com","robots":{"index":"index","follow":"follow","max-snippet":"max-snippet:-1","max-image-preview":"max-image-preview:large","max-video-preview":"max-video-preview:-1"},"canonical":"https:\/\/metaltale.com\/lv\/produkts\/polsterets-bara-kresls-industrial-4-terauda-peleks\/","og_locale":"lv_LV","og_type":"article","og_title":"Polster\u0113ts b\u0101ra kr\u0113sls INDUSTRIAL 4, t\u0113rauda pel\u0113ks - MetalTale.com","og_description":"ZA modelis. T3 Materi\u0101ls T\u0113rauds Kop\u0113jais augstums (cm ) 85 Kop\u0113jais platums (cm ) 45 Svars (kg ) 25 Kr\u0101sa","og_url":"https:\/\/metaltale.com\/lv\/produkts\/polsterets-bara-kresls-industrial-4-terauda-peleks\/","og_site_name":"MetalTale.com","twitter_card":"summary_large_image","twitter_misc":{"Est. reading time":"1 minute"},"schema":{"@context":"https:\/\/schema.org","@graph":[{"@type":"WebPage","@id":"https:\/\/metaltale.com\/lv\/produkts\/polsterets-bara-kresls-industrial-4-terauda-peleks\/","url":"https:\/\/metaltale.com\/lv\/produkts\/polsterets-bara-kresls-industrial-4-terauda-peleks\/","name":"Polster\u0113ts b\u0101ra kr\u0113sls INDUSTRIAL 4, t\u0113rauda pel\u0113ks - MetalTale.com","isPartOf":{"@id":"https:\/\/metaltale.com\/lv\/#website"},"primaryImageOfPage":{"@id":"https:\/\/metaltale.com\/lv\/produkts\/polsterets-bara-kresls-industrial-4-terauda-peleks\/#primaryimage"},"image":{"@id":"https:\/\/metaltale.com\/lv\/produkts\/polsterets-bara-kresls-industrial-4-terauda-peleks\/#primaryimage"},"thumbnailUrl":"https:\/\/metaltale.com\/wp-content\/uploads\/2023\/09\/Minkx161ta-baro-kx117dx117-INDUSTRIAL-4-plienas.jpg","datePublished":"2024-02-13T11:57:04+00:00","breadcrumb":{"@id":"https:\/\/metaltale.com\/lv\/produkts\/polsterets-bara-kresls-industrial-4-terauda-peleks\/#breadcrumb"},"inLanguage":"lv-LV","potentialAction":[{"@type":"ReadAction","target":["https:\/\/metaltale.com\/lv\/produkts\/polsterets-bara-kresls-industrial-4-terauda-peleks\/"]}]},{"@type":"ImageObject","inLanguage":"lv-LV","@id":"https:\/\/metaltale.com\/lv\/produkts\/polsterets-bara-kresls-industrial-4-terauda-peleks\/#primaryimage","url":"https:\/\/metaltale.com\/wp-content\/uploads\/2023\/09\/Minkx161ta-baro-kx117dx117-INDUSTRIAL-4-plienas.jpg","contentUrl":"https:\/\/metaltale.com\/wp-content\/uploads\/2023\/09\/Minkx161ta-baro-kx117dx117-INDUSTRIAL-4-plienas.jpg","width":800,"height":800,"caption":"B\u0101ra taburete"},{"@type":"BreadcrumbList","@id":"https:\/\/metaltale.com\/lv\/produkts\/polsterets-bara-kresls-industrial-4-terauda-peleks\/#breadcrumb","itemListElement":[{"@type":"ListItem","position":1,"name":"Home","item":"https:\/\/metaltale.com\/lv\/majas\/"},{"@type":"ListItem","position":2,"name":"Veikals","item":"https:\/\/metaltale.com\/lv\/shop\/"},{"@type":"ListItem","position":3,"name":"Polster\u0113ts b\u0101ra kr\u0113sls INDUSTRIAL 4, t\u0113rauda pel\u0113ks"}]},{"@type":"WebSite","@id":"https:\/\/metaltale.com\/lv\/#website","url":"https:\/\/metaltale.com\/lv\/","name":"Metaltale.com","description":"","potentialAction":[{"@type":"SearchAction","target":{"@type":"EntryPoint","urlTemplate":"https:\/\/metaltale.com\/lv\/?s={search_term_string}"},"query-input":{"@type":"PropertyValueSpecification","valueRequired":true,"valueName":"search_term_string"}}],"inLanguage":"lv-LV"}]}},"_links":{"self":[{"href":"https:\/\/metaltale.com\/lv\/wp-json\/wp\/v2\/product\/135156","targetHints":{"allow":["GET"]}}],"collection":[{"href":"https:\/\/metaltale.com\/lv\/wp-json\/wp\/v2\/product"}],"about":[{"href":"https:\/\/metaltale.com\/lv\/wp-json\/wp\/v2\/types\/product"}],"replies":[{"embeddable":true,"href":"https:\/\/metaltale.com\/lv\/wp-json\/wp\/v2\/comments?post=135156"}],"version-history":[{"count":0,"href":"https:\/\/metaltale.com\/lv\/wp-json\/wp\/v2\/product\/135156\/revisions"}],"wp:featuredmedia":[{"embeddable":true,"href":"https:\/\/metaltale.com\/lv\/wp-json\/wp\/v2\/media\/68785"}],"wp:attachment":[{"href":"https:\/\/metaltale.com\/lv\/wp-json\/wp\/v2\/media?parent=135156"}],"wp:term":[{"taxonomy":"product_brand","embeddable":true,"href":"https:\/\/metaltale.com\/lv\/wp-json\/wp\/v2\/product_brand?post=135156"},{"taxonomy":"product_cat","embeddable":true,"href":"https:\/\/metaltale.com\/lv\/wp-json\/wp\/v2\/product_cat?post=135156"},{"taxonomy":"product_tag","embeddable":true,"href":"https:\/\/metaltale.com\/lv\/wp-json\/wp\/v2\/product_tag?post=135156"}],"curies":[{"name":"wp","href":"https:\/\/api.w.org\/{rel}","templated":true}]}}