{"id":135133,"date":"2024-01-12T21:11:03","date_gmt":"2024-01-12T19:11:03","guid":{"rendered":"https:\/\/metaltale.com\/produktas\/metala-apgleznosana-3d-benini-lady-africa-2\/"},"modified":"2024-01-12T21:11:03","modified_gmt":"2024-01-12T19:11:03","slug":"metala-apgleznosana-3d-benini-lady-africa-2","status":"publish","type":"product","link":"https:\/\/metaltale.com\/lv\/produkts\/metala-apgleznosana-3d-benini-lady-africa-2\/","title":{"rendered":"Met\u0101la apglezno\u0161ana 3D b\u0113ni\u0146i LADY AFRICA 2"},"content":{"rendered":"<div class=\"prod_data\">\n<p><strong>Modelis<\/strong> PT. L22307<br \/>\n<strong>Platums (cm<\/strong> ) 80<br \/>\n<strong>Augstums (cm<\/strong> ) 120<br \/>\n<strong>Biezums (cm<\/strong> ) 6<br \/>\n<strong>Materi\u0101ls<\/strong> T\u0113rauds<br \/>\n<strong>Formas<\/strong> Taisnst\u016bra <strong>formas<\/strong><br \/>\nOrient\u0101cija Vertik\u0101l\u0101<br \/>\nCilv\u0113ki ar mot\u012bviem<\/p>\n<p>met\u0101la 3D att\u0113ls no p\u0101rstr\u0101d\u0101ta t\u0113rauda<\/p>\n<p>Faktiskie izvirz\u012bjumi<\/p>\n<p>kr\u0101sas, ko rada kr\u0101sa vai dabiska kr\u0101sas mai\u0146a un korozija.<\/p>\n<p>Impregn\u0113\u0161ana ar caursp\u012bd\u012bgu laku garant\u0113 kr\u0101sas notur\u012bbu un iztur\u012bbu pret skr\u0101p\u0113jumiem.<\/p>\n<p>Glezn\u0101 att\u0113lota sieviete tradicion\u0101l\u0101 afrik\u0101\u0146u t\u0113rp\u0101, un tai ir izteiksm\u012bga kr\u0101su gamma, kas att\u0113lo fig\u016bru uz melna fona.<\/p>\n<hr>\n<p>B\u0113ni\u0146u 3D skats tika izveidots, izmantojot otrreiz\u0113ji p\u0101rstr\u0101d\u0101ta t\u0113rauda materi\u0101lus. Papildus tradicion\u0101laj\u0101m kr\u0101s\u0101m att\u0113la kr\u0101so\u0161anai tika izmantotas ar\u012b t\u0113rauda dabisk\u0101s kr\u0101sas izmai\u0146as. Tr\u012bsdimensiju forma pie\u0161\u0137ir tai unik\u0101lu raksturu un at\u0161\u0137ir to no tradicion\u0101laj\u0101m glezn\u0101m. 3D att\u0113ls ir neliels m\u0101kslas darbs, kas b\u016bs skaists m\u016bsu interjeru rot\u0101jums un pie\u0161\u0137irs tiem \u012bpa\u0161u raksturu. Spilgto simbolu spilgto kr\u0101su un meln\u0101 samta fona kombin\u0101cija padara att\u0113lu dzi\u013c\u0101ku un piesaisto\u0161\u0101ku. Visa virsma ir p\u0101rkl\u0101ta ar caursp\u012bd\u012bgu laku, kas aizsarg\u0101 pret skr\u0101p\u0113jumiem. Uzst\u0101d\u012b\u0161ana ir vienk\u0101r\u0161a un intuit\u012bva, izmantojot komplekta mont\u0101\u017eas kron\u0161teinus.<\/p>\n<\/div>\n","protected":false},"excerpt":{"rendered":"<p>Modelis PT. L22307 Platums (cm ) 80 Augstums (cm ) 120 Biezums (cm ) 6 Materi\u0101ls T\u0113rauds Formas Taisnst\u016bra formas<\/p>\n","protected":false},"featured_media":112784,"comment_status":"open","ping_status":"closed","template":"","meta":{"_acf_changed":false,"pmpro_default_level":""},"product_brand":[],"product_cat":[24055,23908],"product_tag":[],"class_list":{"0":"post-135133","1":"product","2":"type-product","3":"status-publish","4":"has-post-thumbnail","6":"product_cat-rotajumi","7":"product_cat-3d-paveikslai-lv","8":"pmpro-has-access","10":"first","11":"instock","12":"shipping-taxable","13":"purchasable","14":"product-type-simple"},"acf":[],"yoast_head":"<!-- This site is optimized with the Yoast SEO plugin v24.9 - https:\/\/yoast.com\/wordpress\/plugins\/seo\/ -->\n<title>Met\u0101la apglezno\u0161ana 3D b\u0113ni\u0146i LADY AFRICA 2 - MetalTale.com<\/title>\n<meta name=\"robots\" content=\"index, follow, max-snippet:-1, max-image-preview:large, max-video-preview:-1\" \/>\n<link rel=\"canonical\" href=\"https:\/\/metaltale.com\/lv\/produkts\/metala-apgleznosana-3d-benini-lady-africa-2\/\" \/>\n<meta property=\"og:locale\" content=\"lv_LV\" \/>\n<meta property=\"og:type\" content=\"article\" \/>\n<meta property=\"og:title\" content=\"Met\u0101la apglezno\u0161ana 3D b\u0113ni\u0146i LADY AFRICA 2 - MetalTale.com\" \/>\n<meta property=\"og:description\" content=\"Modelis PT. L22307 Platums (cm ) 80 Augstums (cm ) 120 Biezums (cm ) 6 Materi\u0101ls T\u0113rauds Formas Taisnst\u016bra formas\" \/>\n<meta property=\"og:url\" content=\"https:\/\/metaltale.com\/lv\/produkts\/metala-apgleznosana-3d-benini-lady-africa-2\/\" \/>\n<meta property=\"og:site_name\" content=\"MetalTale.com\" \/>\n<meta property=\"og:image\" content=\"http:\/\/metaltale.com\/wp-content\/uploads\/2023\/11\/Metalo-tapybos-3D-loftas-LADY-AFRICA-2.jpg\" \/>\n\t<meta property=\"og:image:width\" content=\"800\" \/>\n\t<meta property=\"og:image:height\" content=\"800\" \/>\n\t<meta property=\"og:image:type\" content=\"image\/jpeg\" \/>\n<meta name=\"twitter:card\" content=\"summary_large_image\" \/>\n<meta name=\"twitter:label1\" content=\"Est. reading time\" \/>\n\t<meta name=\"twitter:data1\" content=\"1 minute\" \/>\n<script type=\"application\/ld+json\" class=\"yoast-schema-graph\">{\"@context\":\"https:\/\/schema.org\",\"@graph\":[{\"@type\":\"WebPage\",\"@id\":\"https:\/\/metaltale.com\/lv\/produkts\/metala-apgleznosana-3d-benini-lady-africa-2\/\",\"url\":\"https:\/\/metaltale.com\/lv\/produkts\/metala-apgleznosana-3d-benini-lady-africa-2\/\",\"name\":\"Met\u0101la apglezno\u0161ana 3D b\u0113ni\u0146i LADY AFRICA 2 - MetalTale.com\",\"isPartOf\":{\"@id\":\"https:\/\/metaltale.com\/lv\/#website\"},\"primaryImageOfPage\":{\"@id\":\"https:\/\/metaltale.com\/lv\/produkts\/metala-apgleznosana-3d-benini-lady-africa-2\/#primaryimage\"},\"image\":{\"@id\":\"https:\/\/metaltale.com\/lv\/produkts\/metala-apgleznosana-3d-benini-lady-africa-2\/#primaryimage\"},\"thumbnailUrl\":\"https:\/\/metaltale.com\/wp-content\/uploads\/2023\/11\/Metalo-tapybos-3D-loftas-LADY-AFRICA-2.jpg\",\"datePublished\":\"2024-01-12T19:11:03+00:00\",\"breadcrumb\":{\"@id\":\"https:\/\/metaltale.com\/lv\/produkts\/metala-apgleznosana-3d-benini-lady-africa-2\/#breadcrumb\"},\"inLanguage\":\"lv-LV\",\"potentialAction\":[{\"@type\":\"ReadAction\",\"target\":[\"https:\/\/metaltale.com\/lv\/produkts\/metala-apgleznosana-3d-benini-lady-africa-2\/\"]}]},{\"@type\":\"ImageObject\",\"inLanguage\":\"lv-LV\",\"@id\":\"https:\/\/metaltale.com\/lv\/produkts\/metala-apgleznosana-3d-benini-lady-africa-2\/#primaryimage\",\"url\":\"https:\/\/metaltale.com\/wp-content\/uploads\/2023\/11\/Metalo-tapybos-3D-loftas-LADY-AFRICA-2.jpg\",\"contentUrl\":\"https:\/\/metaltale.com\/wp-content\/uploads\/2023\/11\/Metalo-tapybos-3D-loftas-LADY-AFRICA-2.jpg\",\"width\":800,\"height\":800},{\"@type\":\"BreadcrumbList\",\"@id\":\"https:\/\/metaltale.com\/lv\/produkts\/metala-apgleznosana-3d-benini-lady-africa-2\/#breadcrumb\",\"itemListElement\":[{\"@type\":\"ListItem\",\"position\":1,\"name\":\"Home\",\"item\":\"https:\/\/metaltale.com\/lv\/majas\/\"},{\"@type\":\"ListItem\",\"position\":2,\"name\":\"Veikals\",\"item\":\"https:\/\/metaltale.com\/lv\/shop\/\"},{\"@type\":\"ListItem\",\"position\":3,\"name\":\"Met\u0101la apglezno\u0161ana 3D b\u0113ni\u0146i LADY AFRICA 2\"}]},{\"@type\":\"WebSite\",\"@id\":\"https:\/\/metaltale.com\/lv\/#website\",\"url\":\"https:\/\/metaltale.com\/lv\/\",\"name\":\"Metaltale.com\",\"description\":\"\",\"potentialAction\":[{\"@type\":\"SearchAction\",\"target\":{\"@type\":\"EntryPoint\",\"urlTemplate\":\"https:\/\/metaltale.com\/lv\/?s={search_term_string}\"},\"query-input\":{\"@type\":\"PropertyValueSpecification\",\"valueRequired\":true,\"valueName\":\"search_term_string\"}}],\"inLanguage\":\"lv-LV\"}]}<\/script>\n<!-- \/ Yoast SEO plugin. -->","yoast_head_json":{"title":"Met\u0101la apglezno\u0161ana 3D b\u0113ni\u0146i LADY AFRICA 2 - MetalTale.com","robots":{"index":"index","follow":"follow","max-snippet":"max-snippet:-1","max-image-preview":"max-image-preview:large","max-video-preview":"max-video-preview:-1"},"canonical":"https:\/\/metaltale.com\/lv\/produkts\/metala-apgleznosana-3d-benini-lady-africa-2\/","og_locale":"lv_LV","og_type":"article","og_title":"Met\u0101la apglezno\u0161ana 3D b\u0113ni\u0146i LADY AFRICA 2 - MetalTale.com","og_description":"Modelis PT. L22307 Platums (cm ) 80 Augstums (cm ) 120 Biezums (cm ) 6 Materi\u0101ls T\u0113rauds Formas Taisnst\u016bra formas","og_url":"https:\/\/metaltale.com\/lv\/produkts\/metala-apgleznosana-3d-benini-lady-africa-2\/","og_site_name":"MetalTale.com","og_image":[{"width":800,"height":800,"url":"http:\/\/metaltale.com\/wp-content\/uploads\/2023\/11\/Metalo-tapybos-3D-loftas-LADY-AFRICA-2.jpg","type":"image\/jpeg"}],"twitter_card":"summary_large_image","twitter_misc":{"Est. reading time":"1 minute"},"schema":{"@context":"https:\/\/schema.org","@graph":[{"@type":"WebPage","@id":"https:\/\/metaltale.com\/lv\/produkts\/metala-apgleznosana-3d-benini-lady-africa-2\/","url":"https:\/\/metaltale.com\/lv\/produkts\/metala-apgleznosana-3d-benini-lady-africa-2\/","name":"Met\u0101la apglezno\u0161ana 3D b\u0113ni\u0146i LADY AFRICA 2 - MetalTale.com","isPartOf":{"@id":"https:\/\/metaltale.com\/lv\/#website"},"primaryImageOfPage":{"@id":"https:\/\/metaltale.com\/lv\/produkts\/metala-apgleznosana-3d-benini-lady-africa-2\/#primaryimage"},"image":{"@id":"https:\/\/metaltale.com\/lv\/produkts\/metala-apgleznosana-3d-benini-lady-africa-2\/#primaryimage"},"thumbnailUrl":"https:\/\/metaltale.com\/wp-content\/uploads\/2023\/11\/Metalo-tapybos-3D-loftas-LADY-AFRICA-2.jpg","datePublished":"2024-01-12T19:11:03+00:00","breadcrumb":{"@id":"https:\/\/metaltale.com\/lv\/produkts\/metala-apgleznosana-3d-benini-lady-africa-2\/#breadcrumb"},"inLanguage":"lv-LV","potentialAction":[{"@type":"ReadAction","target":["https:\/\/metaltale.com\/lv\/produkts\/metala-apgleznosana-3d-benini-lady-africa-2\/"]}]},{"@type":"ImageObject","inLanguage":"lv-LV","@id":"https:\/\/metaltale.com\/lv\/produkts\/metala-apgleznosana-3d-benini-lady-africa-2\/#primaryimage","url":"https:\/\/metaltale.com\/wp-content\/uploads\/2023\/11\/Metalo-tapybos-3D-loftas-LADY-AFRICA-2.jpg","contentUrl":"https:\/\/metaltale.com\/wp-content\/uploads\/2023\/11\/Metalo-tapybos-3D-loftas-LADY-AFRICA-2.jpg","width":800,"height":800},{"@type":"BreadcrumbList","@id":"https:\/\/metaltale.com\/lv\/produkts\/metala-apgleznosana-3d-benini-lady-africa-2\/#breadcrumb","itemListElement":[{"@type":"ListItem","position":1,"name":"Home","item":"https:\/\/metaltale.com\/lv\/majas\/"},{"@type":"ListItem","position":2,"name":"Veikals","item":"https:\/\/metaltale.com\/lv\/shop\/"},{"@type":"ListItem","position":3,"name":"Met\u0101la apglezno\u0161ana 3D b\u0113ni\u0146i LADY AFRICA 2"}]},{"@type":"WebSite","@id":"https:\/\/metaltale.com\/lv\/#website","url":"https:\/\/metaltale.com\/lv\/","name":"Metaltale.com","description":"","potentialAction":[{"@type":"SearchAction","target":{"@type":"EntryPoint","urlTemplate":"https:\/\/metaltale.com\/lv\/?s={search_term_string}"},"query-input":{"@type":"PropertyValueSpecification","valueRequired":true,"valueName":"search_term_string"}}],"inLanguage":"lv-LV"}]}},"_links":{"self":[{"href":"https:\/\/metaltale.com\/lv\/wp-json\/wp\/v2\/product\/135133","targetHints":{"allow":["GET"]}}],"collection":[{"href":"https:\/\/metaltale.com\/lv\/wp-json\/wp\/v2\/product"}],"about":[{"href":"https:\/\/metaltale.com\/lv\/wp-json\/wp\/v2\/types\/product"}],"replies":[{"embeddable":true,"href":"https:\/\/metaltale.com\/lv\/wp-json\/wp\/v2\/comments?post=135133"}],"version-history":[{"count":0,"href":"https:\/\/metaltale.com\/lv\/wp-json\/wp\/v2\/product\/135133\/revisions"}],"wp:featuredmedia":[{"embeddable":true,"href":"https:\/\/metaltale.com\/lv\/wp-json\/wp\/v2\/media\/112784"}],"wp:attachment":[{"href":"https:\/\/metaltale.com\/lv\/wp-json\/wp\/v2\/media?parent=135133"}],"wp:term":[{"taxonomy":"product_brand","embeddable":true,"href":"https:\/\/metaltale.com\/lv\/wp-json\/wp\/v2\/product_brand?post=135133"},{"taxonomy":"product_cat","embeddable":true,"href":"https:\/\/metaltale.com\/lv\/wp-json\/wp\/v2\/product_cat?post=135133"},{"taxonomy":"product_tag","embeddable":true,"href":"https:\/\/metaltale.com\/lv\/wp-json\/wp\/v2\/product_tag?post=135133"}],"curies":[{"name":"wp","href":"https:\/\/api.w.org\/{rel}","templated":true}]}}