{"id":135126,"date":"2024-02-13T14:29:51","date_gmt":"2024-02-13T12:29:51","guid":{"rendered":"https:\/\/metaltale.com\/produktas\/metala-skulptura-dance\/"},"modified":"2024-02-13T14:29:51","modified_gmt":"2024-02-13T12:29:51","slug":"metala-skulptura-dance","status":"publish","type":"product","link":"https:\/\/metaltale.com\/lv\/produkts\/metala-skulptura-dance\/","title":{"rendered":"Met\u0101la skulpt\u016bra DANCE"},"content":{"rendered":"<div class=\"prod_data\"><strong>Modelis<\/strong> PT. SF21012  <br \/><strong>EAN.<\/strong>  5907772073728  <br \/><strong>Platums (cm<\/strong> ) 26,5  <br \/><strong>Augstums (cm<\/strong> ) 36  <br \/><strong>Biezums (cm<\/strong> ) 11,5  <br \/><strong>Materi\u0101ls<\/strong> Met\u0101ls  <br \/><strong>Motivs<\/strong> Cilv\u0113ki, m\u016bzika  <\/p>\n<p>&#8211; met\u0101la skulpt\u016bra no p\u0101rstr\u0101d\u0101tiem materi\u0101liem<br \/>&#8211; skaitlis ir spilgt\u0101s kr\u0101s\u0101s ar p\u0101rsvaru silt\u0101s kr\u0101s\u0101s.<br \/>&#8211; Pamatnes materi\u0101la aizsardz\u012bba aizsarg\u0101 ar\u012b plaukta vai m\u0113be\u013cu virsmu, uz kuras skulpt\u016bra tiks novietota.<br \/>&#8211; redzamie savienojumi, otas nospiedumi un \u0161uves nosaka apdares veidu.<br \/>&#8211; ori\u0123in\u0101ls rot\u0101jums un lieliska ideja d\u0101vanai<br \/>&#8211; dinamiska kompoz\u012bcija, kur\u0101 att\u0113lots dejojo\u0161s p\u0101ris.<\/p>\n<hr>\n<p>Iespaid\u012bga dejas fig\u016bra un kust\u012bb\u0101 vi\u013c\u0146ojo\u0161s audums, kas iem\u016b\u017ein\u0101ts met\u0101l\u0101? Tam ir j\u0101darbojas. P\u0101rstr\u0101d\u0101ta t\u0113rauda skulpt\u016bra, kur\u0101 p\u0101ris kustas m\u016bzikas ritm\u0101, ir neuzkr\u012bto\u0161s un dizaina zi\u0146\u0101 nevainojams dekors, kas viegli ieder\u0113sies gu\u013camistabas vai dz\u012bvojam\u0101s istabas iek\u0101rtojum\u0101 neatkar\u012bgi no to stila. Dekora ori\u0123inalit\u0101ti pie\u0161\u0137ir gan \u0161\u0137ietami nepiln\u012bg\u0101 forma, gan izteiksm\u012bg\u0101s kr\u0101sas &#8211; domin\u0113 dzeltena un sarkana kr\u0101sa, ko m\u012bkstina zili elementi. R\u016bpniecisko dizainu un no izpildes tehnikas izrieto\u0161o stingr\u012bbu m\u012bkstina kr\u0101su kr\u0101\u0161\u0146ums, kas piln\u012bb\u0101 maina fig\u016bras raksturu. Dejojo\u0161ajiem t\u0113liem ir pasaku vai pasaku noska\u0146a, t\u0101p\u0113c skulpt\u016bra &#8220;Dance&#8221; ne tikai apmierin\u0101s m\u016bzikas cien\u012bt\u0101jus, bet ar\u012b noder\u0113s pusaud\u017eu istab\u0101s. Met\u0101la fig\u016bra ir lielisks d\u0101vanu pied\u0101v\u0101jums.<\/p>\n<\/div>\n","protected":false},"excerpt":{"rendered":"<p>Modelis PT. SF21012 EAN. 5907772073728 Platums (cm ) 26,5 Augstums (cm ) 36 Biezums (cm ) 11,5 Materi\u0101ls Met\u0101ls Motivs<\/p>\n","protected":false},"featured_media":88437,"comment_status":"open","ping_status":"closed","template":"","meta":{"_acf_changed":false,"pmpro_default_level":""},"product_brand":[],"product_cat":[24055],"product_tag":[],"class_list":{"0":"post-135126","1":"product","2":"type-product","3":"status-publish","4":"has-post-thumbnail","6":"product_cat-rotajumi","7":"pmpro-has-access","9":"first","10":"instock","11":"shipping-taxable","12":"purchasable","13":"product-type-simple"},"acf":[],"yoast_head":"<!-- This site is optimized with the Yoast SEO plugin v24.9 - https:\/\/yoast.com\/wordpress\/plugins\/seo\/ -->\n<title>Met\u0101la skulpt\u016bra DANCE - MetalTale.com<\/title>\n<meta name=\"robots\" content=\"index, follow, max-snippet:-1, max-image-preview:large, max-video-preview:-1\" \/>\n<link rel=\"canonical\" href=\"https:\/\/metaltale.com\/lv\/produkts\/metala-skulptura-dance\/\" \/>\n<meta property=\"og:locale\" content=\"lv_LV\" \/>\n<meta property=\"og:type\" content=\"article\" \/>\n<meta property=\"og:title\" content=\"Met\u0101la skulpt\u016bra DANCE - MetalTale.com\" \/>\n<meta property=\"og:description\" content=\"Modelis PT. SF21012 EAN. 5907772073728 Platums (cm ) 26,5 Augstums (cm ) 36 Biezums (cm ) 11,5 Materi\u0101ls Met\u0101ls Motivs\" \/>\n<meta property=\"og:url\" content=\"https:\/\/metaltale.com\/lv\/produkts\/metala-skulptura-dance\/\" \/>\n<meta property=\"og:site_name\" content=\"MetalTale.com\" \/>\n<meta name=\"twitter:card\" content=\"summary_large_image\" \/>\n<meta name=\"twitter:label1\" content=\"Est. reading time\" \/>\n\t<meta name=\"twitter:data1\" content=\"1 minute\" \/>\n<script type=\"application\/ld+json\" class=\"yoast-schema-graph\">{\"@context\":\"https:\/\/schema.org\",\"@graph\":[{\"@type\":\"WebPage\",\"@id\":\"https:\/\/metaltale.com\/lv\/produkts\/metala-skulptura-dance\/\",\"url\":\"https:\/\/metaltale.com\/lv\/produkts\/metala-skulptura-dance\/\",\"name\":\"Met\u0101la skulpt\u016bra DANCE - MetalTale.com\",\"isPartOf\":{\"@id\":\"https:\/\/metaltale.com\/lv\/#website\"},\"primaryImageOfPage\":{\"@id\":\"https:\/\/metaltale.com\/lv\/produkts\/metala-skulptura-dance\/#primaryimage\"},\"image\":{\"@id\":\"https:\/\/metaltale.com\/lv\/produkts\/metala-skulptura-dance\/#primaryimage\"},\"thumbnailUrl\":\"https:\/\/metaltale.com\/wp-content\/uploads\/2023\/10\/Metalo-skulptx16Bra-x160OKIS.jpg\",\"datePublished\":\"2024-02-13T12:29:51+00:00\",\"breadcrumb\":{\"@id\":\"https:\/\/metaltale.com\/lv\/produkts\/metala-skulptura-dance\/#breadcrumb\"},\"inLanguage\":\"lv-LV\",\"potentialAction\":[{\"@type\":\"ReadAction\",\"target\":[\"https:\/\/metaltale.com\/lv\/produkts\/metala-skulptura-dance\/\"]}]},{\"@type\":\"ImageObject\",\"inLanguage\":\"lv-LV\",\"@id\":\"https:\/\/metaltale.com\/lv\/produkts\/metala-skulptura-dance\/#primaryimage\",\"url\":\"https:\/\/metaltale.com\/wp-content\/uploads\/2023\/10\/Metalo-skulptx16Bra-x160OKIS.jpg\",\"contentUrl\":\"https:\/\/metaltale.com\/wp-content\/uploads\/2023\/10\/Metalo-skulptx16Bra-x160OKIS.jpg\",\"width\":800,\"height\":800},{\"@type\":\"BreadcrumbList\",\"@id\":\"https:\/\/metaltale.com\/lv\/produkts\/metala-skulptura-dance\/#breadcrumb\",\"itemListElement\":[{\"@type\":\"ListItem\",\"position\":1,\"name\":\"Home\",\"item\":\"https:\/\/metaltale.com\/lv\/majas\/\"},{\"@type\":\"ListItem\",\"position\":2,\"name\":\"Veikals\",\"item\":\"https:\/\/metaltale.com\/lv\/shop\/\"},{\"@type\":\"ListItem\",\"position\":3,\"name\":\"Met\u0101la skulpt\u016bra DANCE\"}]},{\"@type\":\"WebSite\",\"@id\":\"https:\/\/metaltale.com\/lv\/#website\",\"url\":\"https:\/\/metaltale.com\/lv\/\",\"name\":\"Metaltale.com\",\"description\":\"\",\"potentialAction\":[{\"@type\":\"SearchAction\",\"target\":{\"@type\":\"EntryPoint\",\"urlTemplate\":\"https:\/\/metaltale.com\/lv\/?s={search_term_string}\"},\"query-input\":{\"@type\":\"PropertyValueSpecification\",\"valueRequired\":true,\"valueName\":\"search_term_string\"}}],\"inLanguage\":\"lv-LV\"}]}<\/script>\n<!-- \/ Yoast SEO plugin. -->","yoast_head_json":{"title":"Met\u0101la skulpt\u016bra DANCE - MetalTale.com","robots":{"index":"index","follow":"follow","max-snippet":"max-snippet:-1","max-image-preview":"max-image-preview:large","max-video-preview":"max-video-preview:-1"},"canonical":"https:\/\/metaltale.com\/lv\/produkts\/metala-skulptura-dance\/","og_locale":"lv_LV","og_type":"article","og_title":"Met\u0101la skulpt\u016bra DANCE - MetalTale.com","og_description":"Modelis PT. SF21012 EAN. 5907772073728 Platums (cm ) 26,5 Augstums (cm ) 36 Biezums (cm ) 11,5 Materi\u0101ls Met\u0101ls Motivs","og_url":"https:\/\/metaltale.com\/lv\/produkts\/metala-skulptura-dance\/","og_site_name":"MetalTale.com","twitter_card":"summary_large_image","twitter_misc":{"Est. reading time":"1 minute"},"schema":{"@context":"https:\/\/schema.org","@graph":[{"@type":"WebPage","@id":"https:\/\/metaltale.com\/lv\/produkts\/metala-skulptura-dance\/","url":"https:\/\/metaltale.com\/lv\/produkts\/metala-skulptura-dance\/","name":"Met\u0101la skulpt\u016bra DANCE - MetalTale.com","isPartOf":{"@id":"https:\/\/metaltale.com\/lv\/#website"},"primaryImageOfPage":{"@id":"https:\/\/metaltale.com\/lv\/produkts\/metala-skulptura-dance\/#primaryimage"},"image":{"@id":"https:\/\/metaltale.com\/lv\/produkts\/metala-skulptura-dance\/#primaryimage"},"thumbnailUrl":"https:\/\/metaltale.com\/wp-content\/uploads\/2023\/10\/Metalo-skulptx16Bra-x160OKIS.jpg","datePublished":"2024-02-13T12:29:51+00:00","breadcrumb":{"@id":"https:\/\/metaltale.com\/lv\/produkts\/metala-skulptura-dance\/#breadcrumb"},"inLanguage":"lv-LV","potentialAction":[{"@type":"ReadAction","target":["https:\/\/metaltale.com\/lv\/produkts\/metala-skulptura-dance\/"]}]},{"@type":"ImageObject","inLanguage":"lv-LV","@id":"https:\/\/metaltale.com\/lv\/produkts\/metala-skulptura-dance\/#primaryimage","url":"https:\/\/metaltale.com\/wp-content\/uploads\/2023\/10\/Metalo-skulptx16Bra-x160OKIS.jpg","contentUrl":"https:\/\/metaltale.com\/wp-content\/uploads\/2023\/10\/Metalo-skulptx16Bra-x160OKIS.jpg","width":800,"height":800},{"@type":"BreadcrumbList","@id":"https:\/\/metaltale.com\/lv\/produkts\/metala-skulptura-dance\/#breadcrumb","itemListElement":[{"@type":"ListItem","position":1,"name":"Home","item":"https:\/\/metaltale.com\/lv\/majas\/"},{"@type":"ListItem","position":2,"name":"Veikals","item":"https:\/\/metaltale.com\/lv\/shop\/"},{"@type":"ListItem","position":3,"name":"Met\u0101la skulpt\u016bra DANCE"}]},{"@type":"WebSite","@id":"https:\/\/metaltale.com\/lv\/#website","url":"https:\/\/metaltale.com\/lv\/","name":"Metaltale.com","description":"","potentialAction":[{"@type":"SearchAction","target":{"@type":"EntryPoint","urlTemplate":"https:\/\/metaltale.com\/lv\/?s={search_term_string}"},"query-input":{"@type":"PropertyValueSpecification","valueRequired":true,"valueName":"search_term_string"}}],"inLanguage":"lv-LV"}]}},"_links":{"self":[{"href":"https:\/\/metaltale.com\/lv\/wp-json\/wp\/v2\/product\/135126","targetHints":{"allow":["GET"]}}],"collection":[{"href":"https:\/\/metaltale.com\/lv\/wp-json\/wp\/v2\/product"}],"about":[{"href":"https:\/\/metaltale.com\/lv\/wp-json\/wp\/v2\/types\/product"}],"replies":[{"embeddable":true,"href":"https:\/\/metaltale.com\/lv\/wp-json\/wp\/v2\/comments?post=135126"}],"version-history":[{"count":0,"href":"https:\/\/metaltale.com\/lv\/wp-json\/wp\/v2\/product\/135126\/revisions"}],"wp:featuredmedia":[{"embeddable":true,"href":"https:\/\/metaltale.com\/lv\/wp-json\/wp\/v2\/media\/88437"}],"wp:attachment":[{"href":"https:\/\/metaltale.com\/lv\/wp-json\/wp\/v2\/media?parent=135126"}],"wp:term":[{"taxonomy":"product_brand","embeddable":true,"href":"https:\/\/metaltale.com\/lv\/wp-json\/wp\/v2\/product_brand?post=135126"},{"taxonomy":"product_cat","embeddable":true,"href":"https:\/\/metaltale.com\/lv\/wp-json\/wp\/v2\/product_cat?post=135126"},{"taxonomy":"product_tag","embeddable":true,"href":"https:\/\/metaltale.com\/lv\/wp-json\/wp\/v2\/product_tag?post=135126"}],"curies":[{"name":"wp","href":"https:\/\/api.w.org\/{rel}","templated":true}]}}