{"id":135123,"date":"2024-02-13T14:29:51","date_gmt":"2024-02-13T12:29:51","guid":{"rendered":"https:\/\/metaltale.com\/produktas\/metala-skulptura-musician-2\/"},"modified":"2024-02-13T14:29:51","modified_gmt":"2024-02-13T12:29:51","slug":"metala-skulptura-musician-2","status":"publish","type":"product","link":"https:\/\/metaltale.com\/lv\/produkts\/metala-skulptura-musician-2\/","title":{"rendered":"Met\u0101la skulpt\u016bra MUSICIAN 2"},"content":{"rendered":"<div class=\"prod_data\"><strong>Modelis<\/strong> PT. SF21021  <br \/><strong>EAN.<\/strong>  5907772073735  <br \/><strong>Platums (cm)<\/strong> 16  <br \/><strong>Augstums (cm<\/strong> ) 56  <br \/><strong>Biezums (cm<\/strong> ) 13  <br \/><strong>Materi\u0101ls<\/strong> Met\u0101ls  <br \/><strong>Motivs<\/strong> Cilv\u0113ki, m\u016bzika  <\/p>\n<p>&#8211; met\u0101la skulpt\u016bra no p\u0101rstr\u0101d\u0101tiem materi\u0101liem<br \/>&#8211; ko\u0161i kr\u0101sains skaitlis<br \/>&#8211; Pamatnes materi\u0101la aizsardz\u012bba aizsarg\u0101 ar\u012b plaukta vai m\u0113be\u013cu virsmu, uz kuras skulpt\u016bra tiks novietota.<br \/>&#8211; redzamie savienojumi, otas nospiedumi un \u0161uves nosaka apdares veidu.<br \/>&#8211; ori\u0123in\u0101ls rot\u0101jums un lieliska ideja d\u0101vanai<br \/>&#8211; glezna, kur\u0101 att\u0113lots v\u012brietis, kas sp\u0113l\u0113 saksofonu<\/p>\n<hr>\n<p>Met\u0101la skulpt\u016bra, kas izgatavota no p\u0101rstr\u0101d\u0101ta t\u0113rauda un ir cilv\u0113ka, kur\u0161 sp\u0113l\u0113 saksofonu, form\u0101, un t\u0101 ir dekor\u0101cija m\u016bzikas faniem. Liel\u0101 fig\u016bra ir ori\u0123in\u0101ls papildin\u0101jums dz\u012bvojam\u0101s istabas kumod\u0113m, kas lieliski izskat\u0101s uz koka galda virsm\u0101m vai plauktiem. Statujas raksturo pjedest\u0101ls, uz kura novietota m\u016bzi\u0137a fig\u016bra, kas pie\u0161\u0137ir izstr\u0101d\u0101jumam autentiskumu un stabilit\u0101ti. M\u016bsdien\u012bga dz\u012bvojam\u0101s istabas skulpt\u016bra b\u016bs lieliska ori\u0123in\u0101la d\u0101vana. Met\u0101la fig\u016bri\u0146as piesaista uzman\u012bbu k\u0101 individu\u0101li dekori, ta\u010du t\u0101s lieliski izskat\u0101s ar\u012b grup\u0101, veidojot unik\u0101lu kompoz\u012bciju.<\/p>\n<\/div>\n","protected":false},"excerpt":{"rendered":"<p>Modelis PT. SF21021 EAN. 5907772073735 Platums (cm) 16 Augstums (cm ) 56 Biezums (cm ) 13 Materi\u0101ls Met\u0101ls Motivs Cilv\u0113ki,<\/p>\n","protected":false},"featured_media":88503,"comment_status":"open","ping_status":"closed","template":"","meta":{"_acf_changed":false,"pmpro_default_level":""},"product_brand":[],"product_cat":[24055],"product_tag":[],"class_list":{"0":"post-135123","1":"product","2":"type-product","3":"status-publish","4":"has-post-thumbnail","6":"product_cat-rotajumi","7":"pmpro-has-access","9":"first","10":"instock","11":"shipping-taxable","12":"purchasable","13":"product-type-simple"},"acf":[],"yoast_head":"<!-- This site is optimized with the Yoast SEO plugin v24.9 - https:\/\/yoast.com\/wordpress\/plugins\/seo\/ -->\n<title>Met\u0101la skulpt\u016bra MUSICIAN 2 - MetalTale.com<\/title>\n<meta name=\"robots\" content=\"index, follow, max-snippet:-1, max-image-preview:large, max-video-preview:-1\" \/>\n<link rel=\"canonical\" href=\"https:\/\/metaltale.com\/lv\/produkts\/metala-skulptura-musician-2\/\" \/>\n<meta property=\"og:locale\" content=\"lv_LV\" \/>\n<meta property=\"og:type\" content=\"article\" \/>\n<meta property=\"og:title\" content=\"Met\u0101la skulpt\u016bra MUSICIAN 2 - MetalTale.com\" \/>\n<meta property=\"og:description\" content=\"Modelis PT. SF21021 EAN. 5907772073735 Platums (cm) 16 Augstums (cm ) 56 Biezums (cm ) 13 Materi\u0101ls Met\u0101ls Motivs Cilv\u0113ki,\" \/>\n<meta property=\"og:url\" content=\"https:\/\/metaltale.com\/lv\/produkts\/metala-skulptura-musician-2\/\" \/>\n<meta property=\"og:site_name\" content=\"MetalTale.com\" \/>\n<meta name=\"twitter:card\" content=\"summary_large_image\" \/>\n<meta name=\"twitter:label1\" content=\"Est. reading time\" \/>\n\t<meta name=\"twitter:data1\" content=\"1 minute\" \/>\n<script type=\"application\/ld+json\" class=\"yoast-schema-graph\">{\"@context\":\"https:\/\/schema.org\",\"@graph\":[{\"@type\":\"WebPage\",\"@id\":\"https:\/\/metaltale.com\/lv\/produkts\/metala-skulptura-musician-2\/\",\"url\":\"https:\/\/metaltale.com\/lv\/produkts\/metala-skulptura-musician-2\/\",\"name\":\"Met\u0101la skulpt\u016bra MUSICIAN 2 - MetalTale.com\",\"isPartOf\":{\"@id\":\"https:\/\/metaltale.com\/lv\/#website\"},\"primaryImageOfPage\":{\"@id\":\"https:\/\/metaltale.com\/lv\/produkts\/metala-skulptura-musician-2\/#primaryimage\"},\"image\":{\"@id\":\"https:\/\/metaltale.com\/lv\/produkts\/metala-skulptura-musician-2\/#primaryimage\"},\"thumbnailUrl\":\"https:\/\/metaltale.com\/wp-content\/uploads\/2023\/10\/Metalo-skulptx16Bra-MUZIKANTAS-2.jpg\",\"datePublished\":\"2024-02-13T12:29:51+00:00\",\"breadcrumb\":{\"@id\":\"https:\/\/metaltale.com\/lv\/produkts\/metala-skulptura-musician-2\/#breadcrumb\"},\"inLanguage\":\"lv-LV\",\"potentialAction\":[{\"@type\":\"ReadAction\",\"target\":[\"https:\/\/metaltale.com\/lv\/produkts\/metala-skulptura-musician-2\/\"]}]},{\"@type\":\"ImageObject\",\"inLanguage\":\"lv-LV\",\"@id\":\"https:\/\/metaltale.com\/lv\/produkts\/metala-skulptura-musician-2\/#primaryimage\",\"url\":\"https:\/\/metaltale.com\/wp-content\/uploads\/2023\/10\/Metalo-skulptx16Bra-MUZIKANTAS-2.jpg\",\"contentUrl\":\"https:\/\/metaltale.com\/wp-content\/uploads\/2023\/10\/Metalo-skulptx16Bra-MUZIKANTAS-2.jpg\",\"width\":800,\"height\":800},{\"@type\":\"BreadcrumbList\",\"@id\":\"https:\/\/metaltale.com\/lv\/produkts\/metala-skulptura-musician-2\/#breadcrumb\",\"itemListElement\":[{\"@type\":\"ListItem\",\"position\":1,\"name\":\"Home\",\"item\":\"https:\/\/metaltale.com\/lv\/majas\/\"},{\"@type\":\"ListItem\",\"position\":2,\"name\":\"Veikals\",\"item\":\"https:\/\/metaltale.com\/lv\/shop\/\"},{\"@type\":\"ListItem\",\"position\":3,\"name\":\"Met\u0101la skulpt\u016bra MUSICIAN 2\"}]},{\"@type\":\"WebSite\",\"@id\":\"https:\/\/metaltale.com\/lv\/#website\",\"url\":\"https:\/\/metaltale.com\/lv\/\",\"name\":\"Metaltale.com\",\"description\":\"\",\"potentialAction\":[{\"@type\":\"SearchAction\",\"target\":{\"@type\":\"EntryPoint\",\"urlTemplate\":\"https:\/\/metaltale.com\/lv\/?s={search_term_string}\"},\"query-input\":{\"@type\":\"PropertyValueSpecification\",\"valueRequired\":true,\"valueName\":\"search_term_string\"}}],\"inLanguage\":\"lv-LV\"}]}<\/script>\n<!-- \/ Yoast SEO plugin. -->","yoast_head_json":{"title":"Met\u0101la skulpt\u016bra MUSICIAN 2 - MetalTale.com","robots":{"index":"index","follow":"follow","max-snippet":"max-snippet:-1","max-image-preview":"max-image-preview:large","max-video-preview":"max-video-preview:-1"},"canonical":"https:\/\/metaltale.com\/lv\/produkts\/metala-skulptura-musician-2\/","og_locale":"lv_LV","og_type":"article","og_title":"Met\u0101la skulpt\u016bra MUSICIAN 2 - MetalTale.com","og_description":"Modelis PT. SF21021 EAN. 5907772073735 Platums (cm) 16 Augstums (cm ) 56 Biezums (cm ) 13 Materi\u0101ls Met\u0101ls Motivs Cilv\u0113ki,","og_url":"https:\/\/metaltale.com\/lv\/produkts\/metala-skulptura-musician-2\/","og_site_name":"MetalTale.com","twitter_card":"summary_large_image","twitter_misc":{"Est. reading time":"1 minute"},"schema":{"@context":"https:\/\/schema.org","@graph":[{"@type":"WebPage","@id":"https:\/\/metaltale.com\/lv\/produkts\/metala-skulptura-musician-2\/","url":"https:\/\/metaltale.com\/lv\/produkts\/metala-skulptura-musician-2\/","name":"Met\u0101la skulpt\u016bra MUSICIAN 2 - MetalTale.com","isPartOf":{"@id":"https:\/\/metaltale.com\/lv\/#website"},"primaryImageOfPage":{"@id":"https:\/\/metaltale.com\/lv\/produkts\/metala-skulptura-musician-2\/#primaryimage"},"image":{"@id":"https:\/\/metaltale.com\/lv\/produkts\/metala-skulptura-musician-2\/#primaryimage"},"thumbnailUrl":"https:\/\/metaltale.com\/wp-content\/uploads\/2023\/10\/Metalo-skulptx16Bra-MUZIKANTAS-2.jpg","datePublished":"2024-02-13T12:29:51+00:00","breadcrumb":{"@id":"https:\/\/metaltale.com\/lv\/produkts\/metala-skulptura-musician-2\/#breadcrumb"},"inLanguage":"lv-LV","potentialAction":[{"@type":"ReadAction","target":["https:\/\/metaltale.com\/lv\/produkts\/metala-skulptura-musician-2\/"]}]},{"@type":"ImageObject","inLanguage":"lv-LV","@id":"https:\/\/metaltale.com\/lv\/produkts\/metala-skulptura-musician-2\/#primaryimage","url":"https:\/\/metaltale.com\/wp-content\/uploads\/2023\/10\/Metalo-skulptx16Bra-MUZIKANTAS-2.jpg","contentUrl":"https:\/\/metaltale.com\/wp-content\/uploads\/2023\/10\/Metalo-skulptx16Bra-MUZIKANTAS-2.jpg","width":800,"height":800},{"@type":"BreadcrumbList","@id":"https:\/\/metaltale.com\/lv\/produkts\/metala-skulptura-musician-2\/#breadcrumb","itemListElement":[{"@type":"ListItem","position":1,"name":"Home","item":"https:\/\/metaltale.com\/lv\/majas\/"},{"@type":"ListItem","position":2,"name":"Veikals","item":"https:\/\/metaltale.com\/lv\/shop\/"},{"@type":"ListItem","position":3,"name":"Met\u0101la skulpt\u016bra MUSICIAN 2"}]},{"@type":"WebSite","@id":"https:\/\/metaltale.com\/lv\/#website","url":"https:\/\/metaltale.com\/lv\/","name":"Metaltale.com","description":"","potentialAction":[{"@type":"SearchAction","target":{"@type":"EntryPoint","urlTemplate":"https:\/\/metaltale.com\/lv\/?s={search_term_string}"},"query-input":{"@type":"PropertyValueSpecification","valueRequired":true,"valueName":"search_term_string"}}],"inLanguage":"lv-LV"}]}},"_links":{"self":[{"href":"https:\/\/metaltale.com\/lv\/wp-json\/wp\/v2\/product\/135123","targetHints":{"allow":["GET"]}}],"collection":[{"href":"https:\/\/metaltale.com\/lv\/wp-json\/wp\/v2\/product"}],"about":[{"href":"https:\/\/metaltale.com\/lv\/wp-json\/wp\/v2\/types\/product"}],"replies":[{"embeddable":true,"href":"https:\/\/metaltale.com\/lv\/wp-json\/wp\/v2\/comments?post=135123"}],"version-history":[{"count":0,"href":"https:\/\/metaltale.com\/lv\/wp-json\/wp\/v2\/product\/135123\/revisions"}],"wp:featuredmedia":[{"embeddable":true,"href":"https:\/\/metaltale.com\/lv\/wp-json\/wp\/v2\/media\/88503"}],"wp:attachment":[{"href":"https:\/\/metaltale.com\/lv\/wp-json\/wp\/v2\/media?parent=135123"}],"wp:term":[{"taxonomy":"product_brand","embeddable":true,"href":"https:\/\/metaltale.com\/lv\/wp-json\/wp\/v2\/product_brand?post=135123"},{"taxonomy":"product_cat","embeddable":true,"href":"https:\/\/metaltale.com\/lv\/wp-json\/wp\/v2\/product_cat?post=135123"},{"taxonomy":"product_tag","embeddable":true,"href":"https:\/\/metaltale.com\/lv\/wp-json\/wp\/v2\/product_tag?post=135123"}],"curies":[{"name":"wp","href":"https:\/\/api.w.org\/{rel}","templated":true}]}}