{"id":135120,"date":"2024-02-13T14:29:51","date_gmt":"2024-02-13T12:29:51","guid":{"rendered":"https:\/\/metaltale.com\/produktas\/metala-skulptura-musician-3\/"},"modified":"2024-02-13T14:29:51","modified_gmt":"2024-02-13T12:29:51","slug":"metala-skulptura-musician-3","status":"publish","type":"product","link":"https:\/\/metaltale.com\/lv\/produkts\/metala-skulptura-musician-3\/","title":{"rendered":"Met\u0101la skulpt\u016bra MUSICIAN 3"},"content":{"rendered":"<div class=\"prod_data\"><strong>Modelis<\/strong> PT. SF21024  <br \/><strong>EAN.<\/strong>  5907772073742  <br \/><strong>Platums (cm<\/strong> ) 20  <br \/><strong>Augstums (cm<\/strong> ) 56  <br \/><strong>Biezums (cm<\/strong> ) 10  <br \/><strong>Materi\u0101ls<\/strong> Met\u0101ls  <br \/><strong>Motivs<\/strong> Cilv\u0113ki, m\u016bzika  <\/p>\n<p>&#8211; met\u0101la skulpt\u016bra no p\u0101rstr\u0101d\u0101tiem materi\u0101liem<br \/>&#8211; ko\u0161i kr\u0101sains skaitlis<br \/>&#8211; Pamatnes materi\u0101la aizsardz\u012bba aizsarg\u0101 ar\u012b plaukta vai m\u0113be\u013cu virsmu, uz kuras skulpt\u016bra tiks novietota.<br \/>&#8211; redzamie savienojumi, otas nospiedumi un \u0161uves nosaka apdares veidu.<br \/>&#8211; ori\u0123in\u0101ls rot\u0101jums un lieliska ideja d\u0101vanai<br \/>&#8211; V\u012brie\u0161a skulpt\u016bra, kas sp\u0113l\u0113 konrabas sp\u0113li<\/p>\n<hr>\n<p>P\u0101rstr\u0101d\u0101ta t\u0113rauda fig\u016bra ir ori\u0123in\u0101ls veids, k\u0101 papildin\u0101t vai atsvaidzin\u0101t kompoz\u012bciju. Met\u0101la skulpt\u016bru Muzyk 3 raksturo kontrast\u0113jo\u0161a mas\u012bvas cilv\u0113ka formas un smalkas m\u016bzikas instrumenta kont\u016bras kombin\u0101cija. Smalkais un gandr\u012bz neredzamais kontrabass intri\u0123\u0113 un piesaista uzman\u012bbu. Rakstur\u012bga skulpt\u016bras iez\u012bme ir t\u0101s unik\u0101lais kr\u0101su risin\u0101jums. Augsta met\u0101la skulpt\u016bra atrodas uz stabila pjedest\u0101la. Neparastais t\u0113rauda ornaments izskat\u0101s pievilc\u012bgi uz koka virsm\u0101m, bet vien\u012bgais ierobe\u017eojums ir izt\u0113le. Dekorat\u012bva met\u0101la fig\u016bra ir lieliska ideja d\u0101vanai &#8211; \u012bpa\u0161i m\u016bzikas faniem.<\/p>\n<\/div>\n","protected":false},"excerpt":{"rendered":"<p>Modelis PT. SF21024 EAN. 5907772073742 Platums (cm ) 20 Augstums (cm ) 56 Biezums (cm ) 10 Materi\u0101ls Met\u0101ls Motivs<\/p>\n","protected":false},"featured_media":98026,"comment_status":"open","ping_status":"closed","template":"","meta":{"_acf_changed":false,"pmpro_default_level":""},"product_brand":[],"product_cat":[24055],"product_tag":[],"class_list":{"0":"post-135120","1":"product","2":"type-product","3":"status-publish","4":"has-post-thumbnail","6":"product_cat-rotajumi","7":"pmpro-has-access","9":"first","10":"instock","11":"shipping-taxable","12":"purchasable","13":"product-type-simple"},"acf":[],"yoast_head":"<!-- This site is optimized with the Yoast SEO plugin v24.9 - https:\/\/yoast.com\/wordpress\/plugins\/seo\/ -->\n<title>Met\u0101la skulpt\u016bra MUSICIAN 3 - MetalTale.com<\/title>\n<meta name=\"robots\" content=\"index, follow, max-snippet:-1, max-image-preview:large, max-video-preview:-1\" \/>\n<link rel=\"canonical\" href=\"https:\/\/metaltale.com\/lv\/produkts\/metala-skulptura-musician-3\/\" \/>\n<meta property=\"og:locale\" content=\"lv_LV\" \/>\n<meta property=\"og:type\" content=\"article\" \/>\n<meta property=\"og:title\" content=\"Met\u0101la skulpt\u016bra MUSICIAN 3 - MetalTale.com\" \/>\n<meta property=\"og:description\" content=\"Modelis PT. SF21024 EAN. 5907772073742 Platums (cm ) 20 Augstums (cm ) 56 Biezums (cm ) 10 Materi\u0101ls Met\u0101ls Motivs\" \/>\n<meta property=\"og:url\" content=\"https:\/\/metaltale.com\/lv\/produkts\/metala-skulptura-musician-3\/\" \/>\n<meta property=\"og:site_name\" content=\"MetalTale.com\" \/>\n<meta name=\"twitter:card\" content=\"summary_large_image\" \/>\n<meta name=\"twitter:label1\" content=\"Est. reading time\" \/>\n\t<meta name=\"twitter:data1\" content=\"1 minute\" \/>\n<script type=\"application\/ld+json\" class=\"yoast-schema-graph\">{\"@context\":\"https:\/\/schema.org\",\"@graph\":[{\"@type\":\"WebPage\",\"@id\":\"https:\/\/metaltale.com\/lv\/produkts\/metala-skulptura-musician-3\/\",\"url\":\"https:\/\/metaltale.com\/lv\/produkts\/metala-skulptura-musician-3\/\",\"name\":\"Met\u0101la skulpt\u016bra MUSICIAN 3 - MetalTale.com\",\"isPartOf\":{\"@id\":\"https:\/\/metaltale.com\/lv\/#website\"},\"primaryImageOfPage\":{\"@id\":\"https:\/\/metaltale.com\/lv\/produkts\/metala-skulptura-musician-3\/#primaryimage\"},\"image\":{\"@id\":\"https:\/\/metaltale.com\/lv\/produkts\/metala-skulptura-musician-3\/#primaryimage\"},\"thumbnailUrl\":\"https:\/\/metaltale.com\/wp-content\/uploads\/2023\/11\/Metalo-skulptx16Bra-MUZIKANTAS-3.jpg\",\"datePublished\":\"2024-02-13T12:29:51+00:00\",\"breadcrumb\":{\"@id\":\"https:\/\/metaltale.com\/lv\/produkts\/metala-skulptura-musician-3\/#breadcrumb\"},\"inLanguage\":\"lv-LV\",\"potentialAction\":[{\"@type\":\"ReadAction\",\"target\":[\"https:\/\/metaltale.com\/lv\/produkts\/metala-skulptura-musician-3\/\"]}]},{\"@type\":\"ImageObject\",\"inLanguage\":\"lv-LV\",\"@id\":\"https:\/\/metaltale.com\/lv\/produkts\/metala-skulptura-musician-3\/#primaryimage\",\"url\":\"https:\/\/metaltale.com\/wp-content\/uploads\/2023\/11\/Metalo-skulptx16Bra-MUZIKANTAS-3.jpg\",\"contentUrl\":\"https:\/\/metaltale.com\/wp-content\/uploads\/2023\/11\/Metalo-skulptx16Bra-MUZIKANTAS-3.jpg\",\"width\":800,\"height\":800},{\"@type\":\"BreadcrumbList\",\"@id\":\"https:\/\/metaltale.com\/lv\/produkts\/metala-skulptura-musician-3\/#breadcrumb\",\"itemListElement\":[{\"@type\":\"ListItem\",\"position\":1,\"name\":\"Home\",\"item\":\"https:\/\/metaltale.com\/lv\/majas\/\"},{\"@type\":\"ListItem\",\"position\":2,\"name\":\"Veikals\",\"item\":\"https:\/\/metaltale.com\/lv\/shop\/\"},{\"@type\":\"ListItem\",\"position\":3,\"name\":\"Met\u0101la skulpt\u016bra MUSICIAN 3\"}]},{\"@type\":\"WebSite\",\"@id\":\"https:\/\/metaltale.com\/lv\/#website\",\"url\":\"https:\/\/metaltale.com\/lv\/\",\"name\":\"Metaltale.com\",\"description\":\"\",\"potentialAction\":[{\"@type\":\"SearchAction\",\"target\":{\"@type\":\"EntryPoint\",\"urlTemplate\":\"https:\/\/metaltale.com\/lv\/?s={search_term_string}\"},\"query-input\":{\"@type\":\"PropertyValueSpecification\",\"valueRequired\":true,\"valueName\":\"search_term_string\"}}],\"inLanguage\":\"lv-LV\"}]}<\/script>\n<!-- \/ Yoast SEO plugin. -->","yoast_head_json":{"title":"Met\u0101la skulpt\u016bra MUSICIAN 3 - MetalTale.com","robots":{"index":"index","follow":"follow","max-snippet":"max-snippet:-1","max-image-preview":"max-image-preview:large","max-video-preview":"max-video-preview:-1"},"canonical":"https:\/\/metaltale.com\/lv\/produkts\/metala-skulptura-musician-3\/","og_locale":"lv_LV","og_type":"article","og_title":"Met\u0101la skulpt\u016bra MUSICIAN 3 - MetalTale.com","og_description":"Modelis PT. SF21024 EAN. 5907772073742 Platums (cm ) 20 Augstums (cm ) 56 Biezums (cm ) 10 Materi\u0101ls Met\u0101ls Motivs","og_url":"https:\/\/metaltale.com\/lv\/produkts\/metala-skulptura-musician-3\/","og_site_name":"MetalTale.com","twitter_card":"summary_large_image","twitter_misc":{"Est. reading time":"1 minute"},"schema":{"@context":"https:\/\/schema.org","@graph":[{"@type":"WebPage","@id":"https:\/\/metaltale.com\/lv\/produkts\/metala-skulptura-musician-3\/","url":"https:\/\/metaltale.com\/lv\/produkts\/metala-skulptura-musician-3\/","name":"Met\u0101la skulpt\u016bra MUSICIAN 3 - MetalTale.com","isPartOf":{"@id":"https:\/\/metaltale.com\/lv\/#website"},"primaryImageOfPage":{"@id":"https:\/\/metaltale.com\/lv\/produkts\/metala-skulptura-musician-3\/#primaryimage"},"image":{"@id":"https:\/\/metaltale.com\/lv\/produkts\/metala-skulptura-musician-3\/#primaryimage"},"thumbnailUrl":"https:\/\/metaltale.com\/wp-content\/uploads\/2023\/11\/Metalo-skulptx16Bra-MUZIKANTAS-3.jpg","datePublished":"2024-02-13T12:29:51+00:00","breadcrumb":{"@id":"https:\/\/metaltale.com\/lv\/produkts\/metala-skulptura-musician-3\/#breadcrumb"},"inLanguage":"lv-LV","potentialAction":[{"@type":"ReadAction","target":["https:\/\/metaltale.com\/lv\/produkts\/metala-skulptura-musician-3\/"]}]},{"@type":"ImageObject","inLanguage":"lv-LV","@id":"https:\/\/metaltale.com\/lv\/produkts\/metala-skulptura-musician-3\/#primaryimage","url":"https:\/\/metaltale.com\/wp-content\/uploads\/2023\/11\/Metalo-skulptx16Bra-MUZIKANTAS-3.jpg","contentUrl":"https:\/\/metaltale.com\/wp-content\/uploads\/2023\/11\/Metalo-skulptx16Bra-MUZIKANTAS-3.jpg","width":800,"height":800},{"@type":"BreadcrumbList","@id":"https:\/\/metaltale.com\/lv\/produkts\/metala-skulptura-musician-3\/#breadcrumb","itemListElement":[{"@type":"ListItem","position":1,"name":"Home","item":"https:\/\/metaltale.com\/lv\/majas\/"},{"@type":"ListItem","position":2,"name":"Veikals","item":"https:\/\/metaltale.com\/lv\/shop\/"},{"@type":"ListItem","position":3,"name":"Met\u0101la skulpt\u016bra MUSICIAN 3"}]},{"@type":"WebSite","@id":"https:\/\/metaltale.com\/lv\/#website","url":"https:\/\/metaltale.com\/lv\/","name":"Metaltale.com","description":"","potentialAction":[{"@type":"SearchAction","target":{"@type":"EntryPoint","urlTemplate":"https:\/\/metaltale.com\/lv\/?s={search_term_string}"},"query-input":{"@type":"PropertyValueSpecification","valueRequired":true,"valueName":"search_term_string"}}],"inLanguage":"lv-LV"}]}},"_links":{"self":[{"href":"https:\/\/metaltale.com\/lv\/wp-json\/wp\/v2\/product\/135120","targetHints":{"allow":["GET"]}}],"collection":[{"href":"https:\/\/metaltale.com\/lv\/wp-json\/wp\/v2\/product"}],"about":[{"href":"https:\/\/metaltale.com\/lv\/wp-json\/wp\/v2\/types\/product"}],"replies":[{"embeddable":true,"href":"https:\/\/metaltale.com\/lv\/wp-json\/wp\/v2\/comments?post=135120"}],"version-history":[{"count":0,"href":"https:\/\/metaltale.com\/lv\/wp-json\/wp\/v2\/product\/135120\/revisions"}],"wp:featuredmedia":[{"embeddable":true,"href":"https:\/\/metaltale.com\/lv\/wp-json\/wp\/v2\/media\/98026"}],"wp:attachment":[{"href":"https:\/\/metaltale.com\/lv\/wp-json\/wp\/v2\/media?parent=135120"}],"wp:term":[{"taxonomy":"product_brand","embeddable":true,"href":"https:\/\/metaltale.com\/lv\/wp-json\/wp\/v2\/product_brand?post=135120"},{"taxonomy":"product_cat","embeddable":true,"href":"https:\/\/metaltale.com\/lv\/wp-json\/wp\/v2\/product_cat?post=135120"},{"taxonomy":"product_tag","embeddable":true,"href":"https:\/\/metaltale.com\/lv\/wp-json\/wp\/v2\/product_tag?post=135120"}],"curies":[{"name":"wp","href":"https:\/\/api.w.org\/{rel}","templated":true}]}}