{"id":135109,"date":"2024-02-13T15:15:50","date_gmt":"2024-02-13T13:15:50","guid":{"rendered":"https:\/\/metaltale.com\/produktas\/metala-skulptura-kolarz\/"},"modified":"2024-02-13T15:15:50","modified_gmt":"2024-02-13T13:15:50","slug":"metala-skulptura-kolarz","status":"publish","type":"product","link":"https:\/\/metaltale.com\/lv\/produkts\/metala-skulptura-kolarz\/","title":{"rendered":"Met\u0101la skulpt\u016bra KOLARZ"},"content":{"rendered":"<div class=\"prod_data\">\n<p><strong>Modelis<\/strong> PT. SF22012<br \/>\nCilv\u0113ki ar mot\u012bviem<br \/>\n<strong>Materi\u0101ls<\/strong> T\u0113rauds<br \/>\n<strong>Biezums (cm<\/strong> ) 6<br \/>\n<strong>Platums (cm<\/strong> ) 35<br \/>\nAugstums (cm ) 40<\/p>\n<p>met\u0101la skulpt\u016bra no p\u0101rstr\u0101d\u0101tiem materi\u0101liem<\/p>\n<p>Tiek uzskat\u012bts, ka fig\u016bra ir spilgt\u0101s kr\u0101s\u0101s, ar p\u0101rsvaru silt\u0101s kr\u0101s\u0101s.<\/p>\n<p>Pamatnes materi\u0101la aizsardz\u012bba aizsarg\u0101 ar\u012b plaukta vai m\u0113be\u013cu virsmu, uz kuras skulpt\u016bra tiks novietota.<\/p>\n<p>Redzam\u0101s \u0161uves, sukas p\u0113das un metin\u0101juma \u0161uves nosaka apdares raksturu.<\/p>\n<p>Ori\u0123in\u0101ls rot\u0101jums un lieliska ideja d\u0101vanai<\/p>\n<p>Rite\u0146brauc\u0113js dinamisk\u0101 kompoz\u012bcij\u0101<\/p>\n<hr>\n<p>Ori\u0123in\u0101la velosip\u0113dista fig\u016bra, kas lieliski ataino fig\u016bru kust\u012bb\u0101. Skulpt\u016bra ir izgatavota no p\u0101rstr\u0101d\u0101ta t\u0113rauda, kas tai pie\u0161\u0137ir unik\u0101lu raksturu. Sp\u0113c\u012bgo kr\u0101su izmanto\u0161ana v\u0113l vair\u0101k izce\u013c fig\u016bras ori\u0123in\u0101lo stilu. Rite\u0146brauc\u0113js bija att\u0113lots tipisk\u0101 poz\u012bcij\u0101, saliekts uz priek\u0161u, braucot ar velosip\u0113du sacens\u012bb\u0101s. Velosip\u0113da deta\u013cas ir r\u016bp\u012bgi izstr\u0101d\u0101tas, kas kop\u0101 ar pa\u0161as skulpt\u016bras sare\u017e\u0123\u012bto apstr\u0101di padara to \u013coti iespaid\u012bgu un iespaid\u012bgu. T\u0101 ir lieliska izv\u0113le velosip\u0113distiem un b\u0113ni\u0146u stila cien\u012bt\u0101jiem.<\/p>\n<\/div>\n","protected":false},"excerpt":{"rendered":"<p>Modelis PT. SF22012 Cilv\u0113ki ar mot\u012bviem Materi\u0101ls T\u0113rauds Biezums (cm ) 6 Platums (cm ) 35 Augstums (cm ) 40<\/p>\n","protected":false},"featured_media":114434,"comment_status":"open","ping_status":"closed","template":"","meta":{"_acf_changed":false,"pmpro_default_level":""},"product_brand":[],"product_cat":[24129,24055],"product_tag":[],"class_list":{"0":"post-135109","1":"product","2":"type-product","3":"status-publish","4":"has-post-thumbnail","6":"product_cat-metala-skulpturas","7":"product_cat-rotajumi","8":"pmpro-has-access","10":"first","11":"instock","12":"shipping-taxable","13":"purchasable","14":"product-type-simple"},"acf":[],"yoast_head":"<!-- This site is optimized with the Yoast SEO plugin v24.9 - https:\/\/yoast.com\/wordpress\/plugins\/seo\/ -->\n<title>Met\u0101la skulpt\u016bra KOLARZ - MetalTale.com<\/title>\n<meta name=\"robots\" content=\"index, follow, max-snippet:-1, max-image-preview:large, max-video-preview:-1\" \/>\n<link rel=\"canonical\" href=\"https:\/\/metaltale.com\/lv\/produkts\/metala-skulptura-kolarz\/\" \/>\n<meta property=\"og:locale\" content=\"lv_LV\" \/>\n<meta property=\"og:type\" content=\"article\" \/>\n<meta property=\"og:title\" content=\"Met\u0101la skulpt\u016bra KOLARZ - MetalTale.com\" \/>\n<meta property=\"og:description\" content=\"Modelis PT. SF22012 Cilv\u0113ki ar mot\u012bviem Materi\u0101ls T\u0113rauds Biezums (cm ) 6 Platums (cm ) 35 Augstums (cm ) 40\" \/>\n<meta property=\"og:url\" content=\"https:\/\/metaltale.com\/lv\/produkts\/metala-skulptura-kolarz\/\" \/>\n<meta property=\"og:site_name\" content=\"MetalTale.com\" \/>\n<meta name=\"twitter:card\" content=\"summary_large_image\" \/>\n<meta name=\"twitter:label1\" content=\"Est. reading time\" \/>\n\t<meta name=\"twitter:data1\" content=\"1 minute\" \/>\n<script type=\"application\/ld+json\" class=\"yoast-schema-graph\">{\"@context\":\"https:\/\/schema.org\",\"@graph\":[{\"@type\":\"WebPage\",\"@id\":\"https:\/\/metaltale.com\/lv\/produkts\/metala-skulptura-kolarz\/\",\"url\":\"https:\/\/metaltale.com\/lv\/produkts\/metala-skulptura-kolarz\/\",\"name\":\"Met\u0101la skulpt\u016bra KOLARZ - MetalTale.com\",\"isPartOf\":{\"@id\":\"https:\/\/metaltale.com\/lv\/#website\"},\"primaryImageOfPage\":{\"@id\":\"https:\/\/metaltale.com\/lv\/produkts\/metala-skulptura-kolarz\/#primaryimage\"},\"image\":{\"@id\":\"https:\/\/metaltale.com\/lv\/produkts\/metala-skulptura-kolarz\/#primaryimage\"},\"thumbnailUrl\":\"https:\/\/metaltale.com\/wp-content\/uploads\/2023\/11\/Metalo-skulptx16Bra-KOLARZ.jpg\",\"datePublished\":\"2024-02-13T13:15:50+00:00\",\"breadcrumb\":{\"@id\":\"https:\/\/metaltale.com\/lv\/produkts\/metala-skulptura-kolarz\/#breadcrumb\"},\"inLanguage\":\"lv-LV\",\"potentialAction\":[{\"@type\":\"ReadAction\",\"target\":[\"https:\/\/metaltale.com\/lv\/produkts\/metala-skulptura-kolarz\/\"]}]},{\"@type\":\"ImageObject\",\"inLanguage\":\"lv-LV\",\"@id\":\"https:\/\/metaltale.com\/lv\/produkts\/metala-skulptura-kolarz\/#primaryimage\",\"url\":\"https:\/\/metaltale.com\/wp-content\/uploads\/2023\/11\/Metalo-skulptx16Bra-KOLARZ.jpg\",\"contentUrl\":\"https:\/\/metaltale.com\/wp-content\/uploads\/2023\/11\/Metalo-skulptx16Bra-KOLARZ.jpg\",\"width\":800,\"height\":800},{\"@type\":\"BreadcrumbList\",\"@id\":\"https:\/\/metaltale.com\/lv\/produkts\/metala-skulptura-kolarz\/#breadcrumb\",\"itemListElement\":[{\"@type\":\"ListItem\",\"position\":1,\"name\":\"Home\",\"item\":\"https:\/\/metaltale.com\/lv\/majas\/\"},{\"@type\":\"ListItem\",\"position\":2,\"name\":\"Veikals\",\"item\":\"https:\/\/metaltale.com\/lv\/shop\/\"},{\"@type\":\"ListItem\",\"position\":3,\"name\":\"Met\u0101la skulpt\u016bra KOLARZ\"}]},{\"@type\":\"WebSite\",\"@id\":\"https:\/\/metaltale.com\/lv\/#website\",\"url\":\"https:\/\/metaltale.com\/lv\/\",\"name\":\"Metaltale.com\",\"description\":\"\",\"potentialAction\":[{\"@type\":\"SearchAction\",\"target\":{\"@type\":\"EntryPoint\",\"urlTemplate\":\"https:\/\/metaltale.com\/lv\/?s={search_term_string}\"},\"query-input\":{\"@type\":\"PropertyValueSpecification\",\"valueRequired\":true,\"valueName\":\"search_term_string\"}}],\"inLanguage\":\"lv-LV\"}]}<\/script>\n<!-- \/ Yoast SEO plugin. -->","yoast_head_json":{"title":"Met\u0101la skulpt\u016bra KOLARZ - MetalTale.com","robots":{"index":"index","follow":"follow","max-snippet":"max-snippet:-1","max-image-preview":"max-image-preview:large","max-video-preview":"max-video-preview:-1"},"canonical":"https:\/\/metaltale.com\/lv\/produkts\/metala-skulptura-kolarz\/","og_locale":"lv_LV","og_type":"article","og_title":"Met\u0101la skulpt\u016bra KOLARZ - MetalTale.com","og_description":"Modelis PT. SF22012 Cilv\u0113ki ar mot\u012bviem Materi\u0101ls T\u0113rauds Biezums (cm ) 6 Platums (cm ) 35 Augstums (cm ) 40","og_url":"https:\/\/metaltale.com\/lv\/produkts\/metala-skulptura-kolarz\/","og_site_name":"MetalTale.com","twitter_card":"summary_large_image","twitter_misc":{"Est. reading time":"1 minute"},"schema":{"@context":"https:\/\/schema.org","@graph":[{"@type":"WebPage","@id":"https:\/\/metaltale.com\/lv\/produkts\/metala-skulptura-kolarz\/","url":"https:\/\/metaltale.com\/lv\/produkts\/metala-skulptura-kolarz\/","name":"Met\u0101la skulpt\u016bra KOLARZ - MetalTale.com","isPartOf":{"@id":"https:\/\/metaltale.com\/lv\/#website"},"primaryImageOfPage":{"@id":"https:\/\/metaltale.com\/lv\/produkts\/metala-skulptura-kolarz\/#primaryimage"},"image":{"@id":"https:\/\/metaltale.com\/lv\/produkts\/metala-skulptura-kolarz\/#primaryimage"},"thumbnailUrl":"https:\/\/metaltale.com\/wp-content\/uploads\/2023\/11\/Metalo-skulptx16Bra-KOLARZ.jpg","datePublished":"2024-02-13T13:15:50+00:00","breadcrumb":{"@id":"https:\/\/metaltale.com\/lv\/produkts\/metala-skulptura-kolarz\/#breadcrumb"},"inLanguage":"lv-LV","potentialAction":[{"@type":"ReadAction","target":["https:\/\/metaltale.com\/lv\/produkts\/metala-skulptura-kolarz\/"]}]},{"@type":"ImageObject","inLanguage":"lv-LV","@id":"https:\/\/metaltale.com\/lv\/produkts\/metala-skulptura-kolarz\/#primaryimage","url":"https:\/\/metaltale.com\/wp-content\/uploads\/2023\/11\/Metalo-skulptx16Bra-KOLARZ.jpg","contentUrl":"https:\/\/metaltale.com\/wp-content\/uploads\/2023\/11\/Metalo-skulptx16Bra-KOLARZ.jpg","width":800,"height":800},{"@type":"BreadcrumbList","@id":"https:\/\/metaltale.com\/lv\/produkts\/metala-skulptura-kolarz\/#breadcrumb","itemListElement":[{"@type":"ListItem","position":1,"name":"Home","item":"https:\/\/metaltale.com\/lv\/majas\/"},{"@type":"ListItem","position":2,"name":"Veikals","item":"https:\/\/metaltale.com\/lv\/shop\/"},{"@type":"ListItem","position":3,"name":"Met\u0101la skulpt\u016bra KOLARZ"}]},{"@type":"WebSite","@id":"https:\/\/metaltale.com\/lv\/#website","url":"https:\/\/metaltale.com\/lv\/","name":"Metaltale.com","description":"","potentialAction":[{"@type":"SearchAction","target":{"@type":"EntryPoint","urlTemplate":"https:\/\/metaltale.com\/lv\/?s={search_term_string}"},"query-input":{"@type":"PropertyValueSpecification","valueRequired":true,"valueName":"search_term_string"}}],"inLanguage":"lv-LV"}]}},"_links":{"self":[{"href":"https:\/\/metaltale.com\/lv\/wp-json\/wp\/v2\/product\/135109","targetHints":{"allow":["GET"]}}],"collection":[{"href":"https:\/\/metaltale.com\/lv\/wp-json\/wp\/v2\/product"}],"about":[{"href":"https:\/\/metaltale.com\/lv\/wp-json\/wp\/v2\/types\/product"}],"replies":[{"embeddable":true,"href":"https:\/\/metaltale.com\/lv\/wp-json\/wp\/v2\/comments?post=135109"}],"version-history":[{"count":0,"href":"https:\/\/metaltale.com\/lv\/wp-json\/wp\/v2\/product\/135109\/revisions"}],"wp:featuredmedia":[{"embeddable":true,"href":"https:\/\/metaltale.com\/lv\/wp-json\/wp\/v2\/media\/114434"}],"wp:attachment":[{"href":"https:\/\/metaltale.com\/lv\/wp-json\/wp\/v2\/media?parent=135109"}],"wp:term":[{"taxonomy":"product_brand","embeddable":true,"href":"https:\/\/metaltale.com\/lv\/wp-json\/wp\/v2\/product_brand?post=135109"},{"taxonomy":"product_cat","embeddable":true,"href":"https:\/\/metaltale.com\/lv\/wp-json\/wp\/v2\/product_cat?post=135109"},{"taxonomy":"product_tag","embeddable":true,"href":"https:\/\/metaltale.com\/lv\/wp-json\/wp\/v2\/product_tag?post=135109"}],"curies":[{"name":"wp","href":"https:\/\/api.w.org\/{rel}","templated":true}]}}