{"id":135103,"date":"2024-02-13T15:15:50","date_gmt":"2024-02-13T13:15:50","guid":{"rendered":"https:\/\/metaltale.com\/produktas\/metala-skulptura-dotyk\/"},"modified":"2024-02-13T15:15:50","modified_gmt":"2024-02-13T13:15:50","slug":"metala-skulptura-dotyk","status":"publish","type":"product","link":"https:\/\/metaltale.com\/lv\/produkts\/metala-skulptura-dotyk\/","title":{"rendered":"Met\u0101la skulpt\u016bra DOTYK"},"content":{"rendered":"<div class=\"prod_data\"><strong>Modelis<\/strong> PT. SF22001  <br \/>Cilv\u0113ki ar <strong>mot\u012bviem<\/strong>  <br \/><strong>Materi\u0101ls<\/strong> T\u0113rauds  <br \/><strong>Biezums (cm<\/strong> ) 6  <br \/>Platums (cm ) 17 <br \/><strong>Augstums (cm<\/strong> ) 65  <\/p>\n<p>met\u0101la skulpt\u016bra no p\u0101rstr\u0101d\u0101tiem materi\u0101liem<\/p>\n<p>Tiek uzskat\u012bts, ka glezna ir br\u016bn\u0101s kr\u0101s\u0101s<\/p>\n<p>Pamatnes materi\u0101la aizsardz\u012bba aizsarg\u0101 ar\u012b plaukta vai m\u0113be\u013cu virsmu, uz kuras skulpt\u016bra tiks novietota.<\/p>\n<p>Redzam\u0101s \u0161uves, sukas p\u0113das un metin\u0101juma \u0161uves nosaka apdares raksturu.<\/p>\n<p>Ori\u0123in\u0101ls rot\u0101jums un lieliska ideja d\u0101vanai<\/p>\n<p>Skulpt\u016bra att\u0113lo cilv\u0113ka roku piesk\u0101rienu.<\/p>\n<hr>\n<p>Skulpt\u016brai piem\u012bt pasniegt\u0101 piesk\u0101riena maigums un smalkums. Tas ir izgatavots no p\u0101rstr\u0101d\u0101ta t\u0113rauda un ietur\u0113ts br\u016bn\u0101 kr\u0101s\u0101, kas tam pie\u0161\u0137ir elegantu un neparastu dizainu. Skulpt\u016bra var simboliz\u0113t vienot\u012bbu, attiec\u012bbas vai draudz\u012bbu starp diviem cilv\u0113kiem. \u0160\u012b fig\u016bri\u0146a, kas izgatavota ar uzman\u012bbu pret deta\u013c\u0101m, b\u016bs lielisks papildin\u0101jums modernam, retro vai b\u0113ni\u0146u interjeram. Skulpt\u016bra b\u016bs ar\u012b ori\u0123in\u0101la d\u0101vin\u0101juma ideja, \u012bpa\u0161i m\u012b\u013cotajam cilv\u0113kam.<\/p>\n<\/p>\n<\/div>\n","protected":false},"excerpt":{"rendered":"<p>Modelis PT. SF22001 Cilv\u0113ki ar mot\u012bviem Materi\u0101ls T\u0113rauds Biezums (cm ) 6 Platums (cm ) 17 Augstums (cm ) 65<\/p>\n","protected":false},"featured_media":114393,"comment_status":"open","ping_status":"closed","template":"","meta":{"_acf_changed":false,"pmpro_default_level":""},"product_brand":[],"product_cat":[24055],"product_tag":[],"class_list":{"0":"post-135103","1":"product","2":"type-product","3":"status-publish","4":"has-post-thumbnail","6":"product_cat-rotajumi","7":"pmpro-has-access","9":"first","10":"instock","11":"shipping-taxable","12":"purchasable","13":"product-type-simple"},"acf":[],"yoast_head":"<!-- This site is optimized with the Yoast SEO plugin v24.9 - https:\/\/yoast.com\/wordpress\/plugins\/seo\/ -->\n<title>Met\u0101la skulpt\u016bra DOTYK - MetalTale.com<\/title>\n<meta name=\"robots\" content=\"index, follow, max-snippet:-1, max-image-preview:large, max-video-preview:-1\" \/>\n<link rel=\"canonical\" href=\"https:\/\/metaltale.com\/lv\/produkts\/metala-skulptura-dotyk\/\" \/>\n<meta property=\"og:locale\" content=\"lv_LV\" \/>\n<meta property=\"og:type\" content=\"article\" \/>\n<meta property=\"og:title\" content=\"Met\u0101la skulpt\u016bra DOTYK - MetalTale.com\" \/>\n<meta property=\"og:description\" content=\"Modelis PT. SF22001 Cilv\u0113ki ar mot\u012bviem Materi\u0101ls T\u0113rauds Biezums (cm ) 6 Platums (cm ) 17 Augstums (cm ) 65\" \/>\n<meta property=\"og:url\" content=\"https:\/\/metaltale.com\/lv\/produkts\/metala-skulptura-dotyk\/\" \/>\n<meta property=\"og:site_name\" content=\"MetalTale.com\" \/>\n<meta name=\"twitter:card\" content=\"summary_large_image\" \/>\n<meta name=\"twitter:label1\" content=\"Est. reading time\" \/>\n\t<meta name=\"twitter:data1\" content=\"1 minute\" \/>\n<script type=\"application\/ld+json\" class=\"yoast-schema-graph\">{\"@context\":\"https:\/\/schema.org\",\"@graph\":[{\"@type\":\"WebPage\",\"@id\":\"https:\/\/metaltale.com\/lv\/produkts\/metala-skulptura-dotyk\/\",\"url\":\"https:\/\/metaltale.com\/lv\/produkts\/metala-skulptura-dotyk\/\",\"name\":\"Met\u0101la skulpt\u016bra DOTYK - MetalTale.com\",\"isPartOf\":{\"@id\":\"https:\/\/metaltale.com\/lv\/#website\"},\"primaryImageOfPage\":{\"@id\":\"https:\/\/metaltale.com\/lv\/produkts\/metala-skulptura-dotyk\/#primaryimage\"},\"image\":{\"@id\":\"https:\/\/metaltale.com\/lv\/produkts\/metala-skulptura-dotyk\/#primaryimage\"},\"thumbnailUrl\":\"https:\/\/metaltale.com\/wp-content\/uploads\/2023\/11\/Metalo-skulptx16Bra-DOTYK.jpg\",\"datePublished\":\"2024-02-13T13:15:50+00:00\",\"breadcrumb\":{\"@id\":\"https:\/\/metaltale.com\/lv\/produkts\/metala-skulptura-dotyk\/#breadcrumb\"},\"inLanguage\":\"lv-LV\",\"potentialAction\":[{\"@type\":\"ReadAction\",\"target\":[\"https:\/\/metaltale.com\/lv\/produkts\/metala-skulptura-dotyk\/\"]}]},{\"@type\":\"ImageObject\",\"inLanguage\":\"lv-LV\",\"@id\":\"https:\/\/metaltale.com\/lv\/produkts\/metala-skulptura-dotyk\/#primaryimage\",\"url\":\"https:\/\/metaltale.com\/wp-content\/uploads\/2023\/11\/Metalo-skulptx16Bra-DOTYK.jpg\",\"contentUrl\":\"https:\/\/metaltale.com\/wp-content\/uploads\/2023\/11\/Metalo-skulptx16Bra-DOTYK.jpg\",\"width\":800,\"height\":800},{\"@type\":\"BreadcrumbList\",\"@id\":\"https:\/\/metaltale.com\/lv\/produkts\/metala-skulptura-dotyk\/#breadcrumb\",\"itemListElement\":[{\"@type\":\"ListItem\",\"position\":1,\"name\":\"Home\",\"item\":\"https:\/\/metaltale.com\/lv\/majas\/\"},{\"@type\":\"ListItem\",\"position\":2,\"name\":\"Veikals\",\"item\":\"https:\/\/metaltale.com\/lv\/shop\/\"},{\"@type\":\"ListItem\",\"position\":3,\"name\":\"Met\u0101la skulpt\u016bra DOTYK\"}]},{\"@type\":\"WebSite\",\"@id\":\"https:\/\/metaltale.com\/lv\/#website\",\"url\":\"https:\/\/metaltale.com\/lv\/\",\"name\":\"Metaltale.com\",\"description\":\"\",\"potentialAction\":[{\"@type\":\"SearchAction\",\"target\":{\"@type\":\"EntryPoint\",\"urlTemplate\":\"https:\/\/metaltale.com\/lv\/?s={search_term_string}\"},\"query-input\":{\"@type\":\"PropertyValueSpecification\",\"valueRequired\":true,\"valueName\":\"search_term_string\"}}],\"inLanguage\":\"lv-LV\"}]}<\/script>\n<!-- \/ Yoast SEO plugin. -->","yoast_head_json":{"title":"Met\u0101la skulpt\u016bra DOTYK - MetalTale.com","robots":{"index":"index","follow":"follow","max-snippet":"max-snippet:-1","max-image-preview":"max-image-preview:large","max-video-preview":"max-video-preview:-1"},"canonical":"https:\/\/metaltale.com\/lv\/produkts\/metala-skulptura-dotyk\/","og_locale":"lv_LV","og_type":"article","og_title":"Met\u0101la skulpt\u016bra DOTYK - MetalTale.com","og_description":"Modelis PT. SF22001 Cilv\u0113ki ar mot\u012bviem Materi\u0101ls T\u0113rauds Biezums (cm ) 6 Platums (cm ) 17 Augstums (cm ) 65","og_url":"https:\/\/metaltale.com\/lv\/produkts\/metala-skulptura-dotyk\/","og_site_name":"MetalTale.com","twitter_card":"summary_large_image","twitter_misc":{"Est. reading time":"1 minute"},"schema":{"@context":"https:\/\/schema.org","@graph":[{"@type":"WebPage","@id":"https:\/\/metaltale.com\/lv\/produkts\/metala-skulptura-dotyk\/","url":"https:\/\/metaltale.com\/lv\/produkts\/metala-skulptura-dotyk\/","name":"Met\u0101la skulpt\u016bra DOTYK - MetalTale.com","isPartOf":{"@id":"https:\/\/metaltale.com\/lv\/#website"},"primaryImageOfPage":{"@id":"https:\/\/metaltale.com\/lv\/produkts\/metala-skulptura-dotyk\/#primaryimage"},"image":{"@id":"https:\/\/metaltale.com\/lv\/produkts\/metala-skulptura-dotyk\/#primaryimage"},"thumbnailUrl":"https:\/\/metaltale.com\/wp-content\/uploads\/2023\/11\/Metalo-skulptx16Bra-DOTYK.jpg","datePublished":"2024-02-13T13:15:50+00:00","breadcrumb":{"@id":"https:\/\/metaltale.com\/lv\/produkts\/metala-skulptura-dotyk\/#breadcrumb"},"inLanguage":"lv-LV","potentialAction":[{"@type":"ReadAction","target":["https:\/\/metaltale.com\/lv\/produkts\/metala-skulptura-dotyk\/"]}]},{"@type":"ImageObject","inLanguage":"lv-LV","@id":"https:\/\/metaltale.com\/lv\/produkts\/metala-skulptura-dotyk\/#primaryimage","url":"https:\/\/metaltale.com\/wp-content\/uploads\/2023\/11\/Metalo-skulptx16Bra-DOTYK.jpg","contentUrl":"https:\/\/metaltale.com\/wp-content\/uploads\/2023\/11\/Metalo-skulptx16Bra-DOTYK.jpg","width":800,"height":800},{"@type":"BreadcrumbList","@id":"https:\/\/metaltale.com\/lv\/produkts\/metala-skulptura-dotyk\/#breadcrumb","itemListElement":[{"@type":"ListItem","position":1,"name":"Home","item":"https:\/\/metaltale.com\/lv\/majas\/"},{"@type":"ListItem","position":2,"name":"Veikals","item":"https:\/\/metaltale.com\/lv\/shop\/"},{"@type":"ListItem","position":3,"name":"Met\u0101la skulpt\u016bra DOTYK"}]},{"@type":"WebSite","@id":"https:\/\/metaltale.com\/lv\/#website","url":"https:\/\/metaltale.com\/lv\/","name":"Metaltale.com","description":"","potentialAction":[{"@type":"SearchAction","target":{"@type":"EntryPoint","urlTemplate":"https:\/\/metaltale.com\/lv\/?s={search_term_string}"},"query-input":{"@type":"PropertyValueSpecification","valueRequired":true,"valueName":"search_term_string"}}],"inLanguage":"lv-LV"}]}},"_links":{"self":[{"href":"https:\/\/metaltale.com\/lv\/wp-json\/wp\/v2\/product\/135103","targetHints":{"allow":["GET"]}}],"collection":[{"href":"https:\/\/metaltale.com\/lv\/wp-json\/wp\/v2\/product"}],"about":[{"href":"https:\/\/metaltale.com\/lv\/wp-json\/wp\/v2\/types\/product"}],"replies":[{"embeddable":true,"href":"https:\/\/metaltale.com\/lv\/wp-json\/wp\/v2\/comments?post=135103"}],"version-history":[{"count":0,"href":"https:\/\/metaltale.com\/lv\/wp-json\/wp\/v2\/product\/135103\/revisions"}],"wp:featuredmedia":[{"embeddable":true,"href":"https:\/\/metaltale.com\/lv\/wp-json\/wp\/v2\/media\/114393"}],"wp:attachment":[{"href":"https:\/\/metaltale.com\/lv\/wp-json\/wp\/v2\/media?parent=135103"}],"wp:term":[{"taxonomy":"product_brand","embeddable":true,"href":"https:\/\/metaltale.com\/lv\/wp-json\/wp\/v2\/product_brand?post=135103"},{"taxonomy":"product_cat","embeddable":true,"href":"https:\/\/metaltale.com\/lv\/wp-json\/wp\/v2\/product_cat?post=135103"},{"taxonomy":"product_tag","embeddable":true,"href":"https:\/\/metaltale.com\/lv\/wp-json\/wp\/v2\/product_tag?post=135103"}],"curies":[{"name":"wp","href":"https:\/\/api.w.org\/{rel}","templated":true}]}}