{"id":135102,"date":"2024-02-13T13:17:08","date_gmt":"2024-02-13T11:17:08","guid":{"rendered":"https:\/\/metaltale.com\/produktas\/metala-3d-loft-nature-dream-1-75x150-cm\/"},"modified":"2024-02-13T13:17:08","modified_gmt":"2024-02-13T11:17:08","slug":"metala-3d-loft-nature-dream-1-75x150-cm","status":"publish","type":"product","link":"https:\/\/metaltale.com\/lv\/produkts\/metala-3d-loft-nature-dream-1-75x150-cm\/","title":{"rendered":"Met\u0101la 3D LOFT NATURE DREAM 1; 75&#215;150 cm"},"content":{"rendered":"<div class=\"prod_data\">\n<p><strong>Modelis<\/strong> JIS. AFA<br \/>\n<strong>EAN.<\/strong>  5907772071984<br \/>\nOrient\u0101cija Vertik\u0101l\u0101<br \/>\nDz\u012bvnieku mot\u012bvs<br \/>\n<strong>Materi\u0101ls<\/strong> T\u0113rauds<br \/>\n<strong>Biezums (cm<\/strong> ) 7<br \/>\n<strong>Platums (cm<\/strong> ) 75<br \/>\n<strong>Augstums (cm<\/strong> ) 150<\/p>\n<hr>\n<p>Met\u0101liski, tr\u012bsdimensiju sienu dekori ir sava veida revol\u016bcija un jebkura interjera re\u0101las p\u0101rveido\u0161anas garantija. \u0160\u0101d\u0101 veid\u0101 rad\u012bt\u0101s gleznas atst\u0101j milz\u012bgu iespaidu, un t\u0101s nevar palikt vienaldz\u012bgas. Iepriek\u0161 redzamais \u0100frikas zilo\u0146a b\u0113ni\u0146u att\u0113ls tika izveidots, izmantojot p\u0101rstr\u0101d\u0101tus t\u0113rauda materi\u0101lus. Ar pareizajiem komponentiem un maig\u0101m kr\u0101s\u0101m tas k\u013c\u016bst par \u012bstu m\u0101kslas darbu. Papildus tradicion\u0101laj\u0101m kr\u0101s\u0101m att\u0113la kr\u0101so\u0161anai tika izmantotas ar\u012b t\u0113rauda dabisk\u0101s kr\u0101sas izmai\u0146as. Visa virsma ir p\u0101rkl\u0101ta ar caursp\u012bd\u012bgu sl\u0101ni, kas garant\u0113, ka glezna b\u016bs j\u016bsu interjera pievilc\u012bgs papildin\u0101jums daudzus gadus. 3D att\u0113li no veikala pied\u0101v\u0101juma Rustykalneuchwyty.pl piesaist\u012bt uzman\u012bbu, main\u012bt interjeru, p\u0101rtraukums mode\u013cus. Tie ir ide\u0101ls pied\u0101v\u0101jums neaizmirstamai d\u0101vanai.<\/p>\n<hr>\n<\/div>\n","protected":false},"excerpt":{"rendered":"<p>Modelis JIS. AFA EAN. 5907772071984 Orient\u0101cija Vertik\u0101l\u0101 Dz\u012bvnieku mot\u012bvs Materi\u0101ls T\u0113rauds Biezums (cm ) 7 Platums (cm ) 75 Augstums<\/p>\n","protected":false},"featured_media":64765,"comment_status":"open","ping_status":"closed","template":"","meta":{"_acf_changed":false,"pmpro_default_level":""},"product_brand":[],"product_cat":[24055,23908],"product_tag":[],"class_list":{"0":"post-135102","1":"product","2":"type-product","3":"status-publish","4":"has-post-thumbnail","6":"product_cat-rotajumi","7":"product_cat-3d-paveikslai-lv","8":"pmpro-has-access","10":"first","11":"instock","12":"shipping-taxable","13":"purchasable","14":"product-type-simple"},"acf":[],"yoast_head":"<!-- This site is optimized with the Yoast SEO plugin v24.9 - https:\/\/yoast.com\/wordpress\/plugins\/seo\/ -->\n<title>Met\u0101la 3D LOFT NATURE DREAM 1; 75x150 cm - MetalTale.com<\/title>\n<meta name=\"robots\" content=\"index, follow, max-snippet:-1, max-image-preview:large, max-video-preview:-1\" \/>\n<link rel=\"canonical\" href=\"https:\/\/metaltale.com\/lv\/produkts\/metala-3d-loft-nature-dream-1-75x150-cm\/\" \/>\n<meta property=\"og:locale\" content=\"lv_LV\" \/>\n<meta property=\"og:type\" content=\"article\" \/>\n<meta property=\"og:title\" content=\"Met\u0101la 3D LOFT NATURE DREAM 1; 75x150 cm - MetalTale.com\" \/>\n<meta property=\"og:description\" content=\"Modelis JIS. AFA EAN. 5907772071984 Orient\u0101cija Vertik\u0101l\u0101 Dz\u012bvnieku mot\u012bvs Materi\u0101ls T\u0113rauds Biezums (cm ) 7 Platums (cm ) 75 Augstums\" \/>\n<meta property=\"og:url\" content=\"https:\/\/metaltale.com\/lv\/produkts\/metala-3d-loft-nature-dream-1-75x150-cm\/\" \/>\n<meta property=\"og:site_name\" content=\"MetalTale.com\" \/>\n<meta property=\"og:image\" content=\"http:\/\/metaltale.com\/wp-content\/uploads\/2023\/09\/3D-vaizdas-DRAMBLYS-1.jpg\" \/>\n\t<meta property=\"og:image:width\" content=\"800\" \/>\n\t<meta property=\"og:image:height\" content=\"800\" \/>\n\t<meta property=\"og:image:type\" content=\"image\/jpeg\" \/>\n<meta name=\"twitter:card\" content=\"summary_large_image\" \/>\n<meta name=\"twitter:label1\" content=\"Est. reading time\" \/>\n\t<meta name=\"twitter:data1\" content=\"1 minute\" \/>\n<script type=\"application\/ld+json\" class=\"yoast-schema-graph\">{\"@context\":\"https:\/\/schema.org\",\"@graph\":[{\"@type\":\"WebPage\",\"@id\":\"https:\/\/metaltale.com\/lv\/produkts\/metala-3d-loft-nature-dream-1-75x150-cm\/\",\"url\":\"https:\/\/metaltale.com\/lv\/produkts\/metala-3d-loft-nature-dream-1-75x150-cm\/\",\"name\":\"Met\u0101la 3D LOFT NATURE DREAM 1; 75x150 cm - MetalTale.com\",\"isPartOf\":{\"@id\":\"https:\/\/metaltale.com\/lv\/#website\"},\"primaryImageOfPage\":{\"@id\":\"https:\/\/metaltale.com\/lv\/produkts\/metala-3d-loft-nature-dream-1-75x150-cm\/#primaryimage\"},\"image\":{\"@id\":\"https:\/\/metaltale.com\/lv\/produkts\/metala-3d-loft-nature-dream-1-75x150-cm\/#primaryimage\"},\"thumbnailUrl\":\"https:\/\/metaltale.com\/wp-content\/uploads\/2023\/09\/3D-vaizdas-DRAMBLYS-1.jpg\",\"datePublished\":\"2024-02-13T11:17:08+00:00\",\"breadcrumb\":{\"@id\":\"https:\/\/metaltale.com\/lv\/produkts\/metala-3d-loft-nature-dream-1-75x150-cm\/#breadcrumb\"},\"inLanguage\":\"lv-LV\",\"potentialAction\":[{\"@type\":\"ReadAction\",\"target\":[\"https:\/\/metaltale.com\/lv\/produkts\/metala-3d-loft-nature-dream-1-75x150-cm\/\"]}]},{\"@type\":\"ImageObject\",\"inLanguage\":\"lv-LV\",\"@id\":\"https:\/\/metaltale.com\/lv\/produkts\/metala-3d-loft-nature-dream-1-75x150-cm\/#primaryimage\",\"url\":\"https:\/\/metaltale.com\/wp-content\/uploads\/2023\/09\/3D-vaizdas-DRAMBLYS-1.jpg\",\"contentUrl\":\"https:\/\/metaltale.com\/wp-content\/uploads\/2023\/09\/3D-vaizdas-DRAMBLYS-1.jpg\",\"width\":800,\"height\":800},{\"@type\":\"BreadcrumbList\",\"@id\":\"https:\/\/metaltale.com\/lv\/produkts\/metala-3d-loft-nature-dream-1-75x150-cm\/#breadcrumb\",\"itemListElement\":[{\"@type\":\"ListItem\",\"position\":1,\"name\":\"Home\",\"item\":\"https:\/\/metaltale.com\/lv\/majas\/\"},{\"@type\":\"ListItem\",\"position\":2,\"name\":\"Veikals\",\"item\":\"https:\/\/metaltale.com\/lv\/shop\/\"},{\"@type\":\"ListItem\",\"position\":3,\"name\":\"Met\u0101la 3D LOFT NATURE DREAM 1; 75&#215;150 cm\"}]},{\"@type\":\"WebSite\",\"@id\":\"https:\/\/metaltale.com\/lv\/#website\",\"url\":\"https:\/\/metaltale.com\/lv\/\",\"name\":\"Metaltale.com\",\"description\":\"\",\"potentialAction\":[{\"@type\":\"SearchAction\",\"target\":{\"@type\":\"EntryPoint\",\"urlTemplate\":\"https:\/\/metaltale.com\/lv\/?s={search_term_string}\"},\"query-input\":{\"@type\":\"PropertyValueSpecification\",\"valueRequired\":true,\"valueName\":\"search_term_string\"}}],\"inLanguage\":\"lv-LV\"}]}<\/script>\n<!-- \/ Yoast SEO plugin. -->","yoast_head_json":{"title":"Met\u0101la 3D LOFT NATURE DREAM 1; 75x150 cm - MetalTale.com","robots":{"index":"index","follow":"follow","max-snippet":"max-snippet:-1","max-image-preview":"max-image-preview:large","max-video-preview":"max-video-preview:-1"},"canonical":"https:\/\/metaltale.com\/lv\/produkts\/metala-3d-loft-nature-dream-1-75x150-cm\/","og_locale":"lv_LV","og_type":"article","og_title":"Met\u0101la 3D LOFT NATURE DREAM 1; 75x150 cm - MetalTale.com","og_description":"Modelis JIS. AFA EAN. 5907772071984 Orient\u0101cija Vertik\u0101l\u0101 Dz\u012bvnieku mot\u012bvs Materi\u0101ls T\u0113rauds Biezums (cm ) 7 Platums (cm ) 75 Augstums","og_url":"https:\/\/metaltale.com\/lv\/produkts\/metala-3d-loft-nature-dream-1-75x150-cm\/","og_site_name":"MetalTale.com","og_image":[{"width":800,"height":800,"url":"http:\/\/metaltale.com\/wp-content\/uploads\/2023\/09\/3D-vaizdas-DRAMBLYS-1.jpg","type":"image\/jpeg"}],"twitter_card":"summary_large_image","twitter_misc":{"Est. reading time":"1 minute"},"schema":{"@context":"https:\/\/schema.org","@graph":[{"@type":"WebPage","@id":"https:\/\/metaltale.com\/lv\/produkts\/metala-3d-loft-nature-dream-1-75x150-cm\/","url":"https:\/\/metaltale.com\/lv\/produkts\/metala-3d-loft-nature-dream-1-75x150-cm\/","name":"Met\u0101la 3D LOFT NATURE DREAM 1; 75x150 cm - MetalTale.com","isPartOf":{"@id":"https:\/\/metaltale.com\/lv\/#website"},"primaryImageOfPage":{"@id":"https:\/\/metaltale.com\/lv\/produkts\/metala-3d-loft-nature-dream-1-75x150-cm\/#primaryimage"},"image":{"@id":"https:\/\/metaltale.com\/lv\/produkts\/metala-3d-loft-nature-dream-1-75x150-cm\/#primaryimage"},"thumbnailUrl":"https:\/\/metaltale.com\/wp-content\/uploads\/2023\/09\/3D-vaizdas-DRAMBLYS-1.jpg","datePublished":"2024-02-13T11:17:08+00:00","breadcrumb":{"@id":"https:\/\/metaltale.com\/lv\/produkts\/metala-3d-loft-nature-dream-1-75x150-cm\/#breadcrumb"},"inLanguage":"lv-LV","potentialAction":[{"@type":"ReadAction","target":["https:\/\/metaltale.com\/lv\/produkts\/metala-3d-loft-nature-dream-1-75x150-cm\/"]}]},{"@type":"ImageObject","inLanguage":"lv-LV","@id":"https:\/\/metaltale.com\/lv\/produkts\/metala-3d-loft-nature-dream-1-75x150-cm\/#primaryimage","url":"https:\/\/metaltale.com\/wp-content\/uploads\/2023\/09\/3D-vaizdas-DRAMBLYS-1.jpg","contentUrl":"https:\/\/metaltale.com\/wp-content\/uploads\/2023\/09\/3D-vaizdas-DRAMBLYS-1.jpg","width":800,"height":800},{"@type":"BreadcrumbList","@id":"https:\/\/metaltale.com\/lv\/produkts\/metala-3d-loft-nature-dream-1-75x150-cm\/#breadcrumb","itemListElement":[{"@type":"ListItem","position":1,"name":"Home","item":"https:\/\/metaltale.com\/lv\/majas\/"},{"@type":"ListItem","position":2,"name":"Veikals","item":"https:\/\/metaltale.com\/lv\/shop\/"},{"@type":"ListItem","position":3,"name":"Met\u0101la 3D LOFT NATURE DREAM 1; 75&#215;150 cm"}]},{"@type":"WebSite","@id":"https:\/\/metaltale.com\/lv\/#website","url":"https:\/\/metaltale.com\/lv\/","name":"Metaltale.com","description":"","potentialAction":[{"@type":"SearchAction","target":{"@type":"EntryPoint","urlTemplate":"https:\/\/metaltale.com\/lv\/?s={search_term_string}"},"query-input":{"@type":"PropertyValueSpecification","valueRequired":true,"valueName":"search_term_string"}}],"inLanguage":"lv-LV"}]}},"_links":{"self":[{"href":"https:\/\/metaltale.com\/lv\/wp-json\/wp\/v2\/product\/135102","targetHints":{"allow":["GET"]}}],"collection":[{"href":"https:\/\/metaltale.com\/lv\/wp-json\/wp\/v2\/product"}],"about":[{"href":"https:\/\/metaltale.com\/lv\/wp-json\/wp\/v2\/types\/product"}],"replies":[{"embeddable":true,"href":"https:\/\/metaltale.com\/lv\/wp-json\/wp\/v2\/comments?post=135102"}],"version-history":[{"count":0,"href":"https:\/\/metaltale.com\/lv\/wp-json\/wp\/v2\/product\/135102\/revisions"}],"wp:featuredmedia":[{"embeddable":true,"href":"https:\/\/metaltale.com\/lv\/wp-json\/wp\/v2\/media\/64765"}],"wp:attachment":[{"href":"https:\/\/metaltale.com\/lv\/wp-json\/wp\/v2\/media?parent=135102"}],"wp:term":[{"taxonomy":"product_brand","embeddable":true,"href":"https:\/\/metaltale.com\/lv\/wp-json\/wp\/v2\/product_brand?post=135102"},{"taxonomy":"product_cat","embeddable":true,"href":"https:\/\/metaltale.com\/lv\/wp-json\/wp\/v2\/product_cat?post=135102"},{"taxonomy":"product_tag","embeddable":true,"href":"https:\/\/metaltale.com\/lv\/wp-json\/wp\/v2\/product_tag?post=135102"}],"curies":[{"name":"wp","href":"https:\/\/api.w.org\/{rel}","templated":true}]}}