{"id":135080,"date":"2024-02-13T13:47:43","date_gmt":"2024-02-13T11:47:43","guid":{"rendered":"https:\/\/metaltale.com\/produktas\/stacionarais-izlietnes-krans-melns-ely-zems\/"},"modified":"2024-02-13T13:47:43","modified_gmt":"2024-02-13T11:47:43","slug":"stacionarais-izlietnes-krans-melns-ely-zems","status":"publish","type":"product","link":"https:\/\/metaltale.com\/lv\/produkts\/stacionarais-izlietnes-krans-melns-ely-zems\/","title":{"rendered":"Stacion\u0101rais izlietnes kr\u0101ns melns ELY zems"},"content":{"rendered":"<div class=\"prod_data\">WX <strong>modelis<\/strong>. B529. SHI. BLA  <br \/>Vienk\u0101r\u0161i retro kolekcija <br \/><strong>EAN.<\/strong>  5905369900686  <br \/>Mais\u012bt\u0101ja tips Br\u012bvi st\u0101vo\u0161s <br \/><strong>Izsmidzin\u0101t\u0101ja garums (cm<\/strong> ) 15  <br \/>Materi\u0101ls Misi\u0146\u0161 <br \/>Uzst\u0101d\u012b\u0161anas atveres diametrs 3,2 <br \/><strong>Augstums (cm<\/strong> ) 21,5  <br \/><strong>Augstums ar paceltu rokturi<\/strong> 23,5  <br \/>Perlators (aerators ) J\u0101 <br \/>Rot\u0113jo\u0161s izsmidzin\u0101t\u0101js J\u0101 <br \/><strong>Kr\u0101sa<\/strong> Melna  <br \/>Apdare M\u012bksta, sat\u012bna efekts <br \/>Papildus inform\u0101cija \u0160\u013c\u016btene M8x3\/8&#8243; kr\u0101na garums 50cm <\/p>\n<div class=\"std\">\n<p>&#8211; misi\u0146a akumulators<br \/>&#8211; rot\u0113jo\u0161s izsmidzin\u0101t\u0101js<br \/>&#8211; keramikas galva &#8211; elements, kas nodro\u0161ina pareizu \u016bdens sadali.<br \/>&#8211; aerators &#8211; aerators, kas nodro\u0161ina maz\u0101ku \u016bdens pat\u0113ri\u0146u.<br \/>&#8211; visi mont\u0101\u017eai nepiecie\u0161amie elementi komplekt\u0101 (\u0161\u013c\u016btenes, skr\u016bve pie galda virsmas, bl\u012bves pie skr\u016bves). <br \/>&#8211; skatiet citus mode\u013cus kolekcij\u0101 Simply Retro<\/p>\n<hr>\n<p>Izlietnes mais\u012bt\u0101js ir neaizst\u0101jams vannas istabas piederums, kam j\u0101b\u016bt stil\u012bgam un izcilas kvalit\u0101tes. Pied\u0101v\u0101tais zemst\u0101vo\u0161ais mais\u012bt\u0101js atbilst abiem nosac\u012bjumiem &#8211; tas ir izgatavots no misi\u0146a, tam ir keramiska galvi\u0146a ar vienm\u0113r\u012bgu \u016bdens pl\u016bsmas regul\u0113\u0161anu un aeratoru, un tas ir veidots p\u0113c pirms daudziem gadiem ra\u017eotajiem mode\u013ciem. Retro un vintage interjeram ir daudz piekrit\u0113ju, un kolekcija Simply Retro vi\u0146iem b\u016bs saisto\u0161a. Sat\u012bna melnais, kas bag\u0101tin\u0101ts ar ant\u012bkas br\u016bnas un ro\u017eaina zelta skr\u0101p\u0113jumiem, izskat\u0101s \u012bpa\u0161i izteiksm\u012bgi un labi iederas ar\u012b modern\u0101s vannasistab\u0101s.  <\/p>\n<hr>\n<\/div>\n<\/div>\n","protected":false},"excerpt":{"rendered":"<p>WX modelis. B529. SHI. BLA Vienk\u0101r\u0161i retro kolekcija EAN. 5905369900686 Mais\u012bt\u0101ja tips Br\u012bvi st\u0101vo\u0161s Izsmidzin\u0101t\u0101ja garums (cm ) 15 Materi\u0101ls<\/p>\n","protected":false},"featured_media":80431,"comment_status":"open","ping_status":"closed","template":"","meta":{"_acf_changed":false,"pmpro_default_level":""},"product_brand":[],"product_cat":[24094],"product_tag":[],"class_list":{"0":"post-135080","1":"product","2":"type-product","3":"status-publish","4":"has-post-thumbnail","6":"product_cat-izlietnes-maisitaji","7":"pmpro-has-access","9":"first","10":"instock","11":"shipping-taxable","12":"purchasable","13":"product-type-simple"},"acf":[],"yoast_head":"<!-- This site is optimized with the Yoast SEO plugin v24.9 - https:\/\/yoast.com\/wordpress\/plugins\/seo\/ -->\n<title>Stacion\u0101rais izlietnes kr\u0101ns melns ELY zems - MetalTale.com<\/title>\n<meta name=\"robots\" content=\"index, follow, max-snippet:-1, max-image-preview:large, max-video-preview:-1\" \/>\n<link rel=\"canonical\" href=\"https:\/\/metaltale.com\/lv\/produkts\/stacionarais-izlietnes-krans-melns-ely-zems\/\" \/>\n<meta property=\"og:locale\" content=\"lv_LV\" \/>\n<meta property=\"og:type\" content=\"article\" \/>\n<meta property=\"og:title\" content=\"Stacion\u0101rais izlietnes kr\u0101ns melns ELY zems - MetalTale.com\" \/>\n<meta property=\"og:description\" content=\"WX modelis. B529. SHI. BLA Vienk\u0101r\u0161i retro kolekcija EAN. 5905369900686 Mais\u012bt\u0101ja tips Br\u012bvi st\u0101vo\u0161s Izsmidzin\u0101t\u0101ja garums (cm ) 15 Materi\u0101ls\" \/>\n<meta property=\"og:url\" content=\"https:\/\/metaltale.com\/lv\/produkts\/stacionarais-izlietnes-krans-melns-ely-zems\/\" \/>\n<meta property=\"og:site_name\" content=\"MetalTale.com\" \/>\n<meta name=\"twitter:card\" content=\"summary_large_image\" \/>\n<meta name=\"twitter:label1\" content=\"Est. reading time\" \/>\n\t<meta name=\"twitter:data1\" content=\"1 minute\" \/>\n<script type=\"application\/ld+json\" class=\"yoast-schema-graph\">{\"@context\":\"https:\/\/schema.org\",\"@graph\":[{\"@type\":\"WebPage\",\"@id\":\"https:\/\/metaltale.com\/lv\/produkts\/stacionarais-izlietnes-krans-melns-ely-zems\/\",\"url\":\"https:\/\/metaltale.com\/lv\/produkts\/stacionarais-izlietnes-krans-melns-ely-zems\/\",\"name\":\"Stacion\u0101rais izlietnes kr\u0101ns melns ELY zems - MetalTale.com\",\"isPartOf\":{\"@id\":\"https:\/\/metaltale.com\/lv\/#website\"},\"primaryImageOfPage\":{\"@id\":\"https:\/\/metaltale.com\/lv\/produkts\/stacionarais-izlietnes-krans-melns-ely-zems\/#primaryimage\"},\"image\":{\"@id\":\"https:\/\/metaltale.com\/lv\/produkts\/stacionarais-izlietnes-krans-melns-ely-zems\/#primaryimage\"},\"thumbnailUrl\":\"https:\/\/metaltale.com\/wp-content\/uploads\/2023\/10\/Stovintis-maix161ytuvas-ELY-LOW.jpg\",\"datePublished\":\"2024-02-13T11:47:43+00:00\",\"breadcrumb\":{\"@id\":\"https:\/\/metaltale.com\/lv\/produkts\/stacionarais-izlietnes-krans-melns-ely-zems\/#breadcrumb\"},\"inLanguage\":\"lv-LV\",\"potentialAction\":[{\"@type\":\"ReadAction\",\"target\":[\"https:\/\/metaltale.com\/lv\/produkts\/stacionarais-izlietnes-krans-melns-ely-zems\/\"]}]},{\"@type\":\"ImageObject\",\"inLanguage\":\"lv-LV\",\"@id\":\"https:\/\/metaltale.com\/lv\/produkts\/stacionarais-izlietnes-krans-melns-ely-zems\/#primaryimage\",\"url\":\"https:\/\/metaltale.com\/wp-content\/uploads\/2023\/10\/Stovintis-maix161ytuvas-ELY-LOW.jpg\",\"contentUrl\":\"https:\/\/metaltale.com\/wp-content\/uploads\/2023\/10\/Stovintis-maix161ytuvas-ELY-LOW.jpg\",\"width\":800,\"height\":800},{\"@type\":\"BreadcrumbList\",\"@id\":\"https:\/\/metaltale.com\/lv\/produkts\/stacionarais-izlietnes-krans-melns-ely-zems\/#breadcrumb\",\"itemListElement\":[{\"@type\":\"ListItem\",\"position\":1,\"name\":\"Home\",\"item\":\"https:\/\/metaltale.com\/lv\/majas\/\"},{\"@type\":\"ListItem\",\"position\":2,\"name\":\"Veikals\",\"item\":\"https:\/\/metaltale.com\/lv\/shop\/\"},{\"@type\":\"ListItem\",\"position\":3,\"name\":\"Stacion\u0101rais izlietnes kr\u0101ns melns ELY zems\"}]},{\"@type\":\"WebSite\",\"@id\":\"https:\/\/metaltale.com\/lv\/#website\",\"url\":\"https:\/\/metaltale.com\/lv\/\",\"name\":\"Metaltale.com\",\"description\":\"\",\"potentialAction\":[{\"@type\":\"SearchAction\",\"target\":{\"@type\":\"EntryPoint\",\"urlTemplate\":\"https:\/\/metaltale.com\/lv\/?s={search_term_string}\"},\"query-input\":{\"@type\":\"PropertyValueSpecification\",\"valueRequired\":true,\"valueName\":\"search_term_string\"}}],\"inLanguage\":\"lv-LV\"}]}<\/script>\n<!-- \/ Yoast SEO plugin. -->","yoast_head_json":{"title":"Stacion\u0101rais izlietnes kr\u0101ns melns ELY zems - MetalTale.com","robots":{"index":"index","follow":"follow","max-snippet":"max-snippet:-1","max-image-preview":"max-image-preview:large","max-video-preview":"max-video-preview:-1"},"canonical":"https:\/\/metaltale.com\/lv\/produkts\/stacionarais-izlietnes-krans-melns-ely-zems\/","og_locale":"lv_LV","og_type":"article","og_title":"Stacion\u0101rais izlietnes kr\u0101ns melns ELY zems - MetalTale.com","og_description":"WX modelis. B529. SHI. BLA Vienk\u0101r\u0161i retro kolekcija EAN. 5905369900686 Mais\u012bt\u0101ja tips Br\u012bvi st\u0101vo\u0161s Izsmidzin\u0101t\u0101ja garums (cm ) 15 Materi\u0101ls","og_url":"https:\/\/metaltale.com\/lv\/produkts\/stacionarais-izlietnes-krans-melns-ely-zems\/","og_site_name":"MetalTale.com","twitter_card":"summary_large_image","twitter_misc":{"Est. reading time":"1 minute"},"schema":{"@context":"https:\/\/schema.org","@graph":[{"@type":"WebPage","@id":"https:\/\/metaltale.com\/lv\/produkts\/stacionarais-izlietnes-krans-melns-ely-zems\/","url":"https:\/\/metaltale.com\/lv\/produkts\/stacionarais-izlietnes-krans-melns-ely-zems\/","name":"Stacion\u0101rais izlietnes kr\u0101ns melns ELY zems - MetalTale.com","isPartOf":{"@id":"https:\/\/metaltale.com\/lv\/#website"},"primaryImageOfPage":{"@id":"https:\/\/metaltale.com\/lv\/produkts\/stacionarais-izlietnes-krans-melns-ely-zems\/#primaryimage"},"image":{"@id":"https:\/\/metaltale.com\/lv\/produkts\/stacionarais-izlietnes-krans-melns-ely-zems\/#primaryimage"},"thumbnailUrl":"https:\/\/metaltale.com\/wp-content\/uploads\/2023\/10\/Stovintis-maix161ytuvas-ELY-LOW.jpg","datePublished":"2024-02-13T11:47:43+00:00","breadcrumb":{"@id":"https:\/\/metaltale.com\/lv\/produkts\/stacionarais-izlietnes-krans-melns-ely-zems\/#breadcrumb"},"inLanguage":"lv-LV","potentialAction":[{"@type":"ReadAction","target":["https:\/\/metaltale.com\/lv\/produkts\/stacionarais-izlietnes-krans-melns-ely-zems\/"]}]},{"@type":"ImageObject","inLanguage":"lv-LV","@id":"https:\/\/metaltale.com\/lv\/produkts\/stacionarais-izlietnes-krans-melns-ely-zems\/#primaryimage","url":"https:\/\/metaltale.com\/wp-content\/uploads\/2023\/10\/Stovintis-maix161ytuvas-ELY-LOW.jpg","contentUrl":"https:\/\/metaltale.com\/wp-content\/uploads\/2023\/10\/Stovintis-maix161ytuvas-ELY-LOW.jpg","width":800,"height":800},{"@type":"BreadcrumbList","@id":"https:\/\/metaltale.com\/lv\/produkts\/stacionarais-izlietnes-krans-melns-ely-zems\/#breadcrumb","itemListElement":[{"@type":"ListItem","position":1,"name":"Home","item":"https:\/\/metaltale.com\/lv\/majas\/"},{"@type":"ListItem","position":2,"name":"Veikals","item":"https:\/\/metaltale.com\/lv\/shop\/"},{"@type":"ListItem","position":3,"name":"Stacion\u0101rais izlietnes kr\u0101ns melns ELY zems"}]},{"@type":"WebSite","@id":"https:\/\/metaltale.com\/lv\/#website","url":"https:\/\/metaltale.com\/lv\/","name":"Metaltale.com","description":"","potentialAction":[{"@type":"SearchAction","target":{"@type":"EntryPoint","urlTemplate":"https:\/\/metaltale.com\/lv\/?s={search_term_string}"},"query-input":{"@type":"PropertyValueSpecification","valueRequired":true,"valueName":"search_term_string"}}],"inLanguage":"lv-LV"}]}},"_links":{"self":[{"href":"https:\/\/metaltale.com\/lv\/wp-json\/wp\/v2\/product\/135080","targetHints":{"allow":["GET"]}}],"collection":[{"href":"https:\/\/metaltale.com\/lv\/wp-json\/wp\/v2\/product"}],"about":[{"href":"https:\/\/metaltale.com\/lv\/wp-json\/wp\/v2\/types\/product"}],"replies":[{"embeddable":true,"href":"https:\/\/metaltale.com\/lv\/wp-json\/wp\/v2\/comments?post=135080"}],"version-history":[{"count":0,"href":"https:\/\/metaltale.com\/lv\/wp-json\/wp\/v2\/product\/135080\/revisions"}],"wp:featuredmedia":[{"embeddable":true,"href":"https:\/\/metaltale.com\/lv\/wp-json\/wp\/v2\/media\/80431"}],"wp:attachment":[{"href":"https:\/\/metaltale.com\/lv\/wp-json\/wp\/v2\/media?parent=135080"}],"wp:term":[{"taxonomy":"product_brand","embeddable":true,"href":"https:\/\/metaltale.com\/lv\/wp-json\/wp\/v2\/product_brand?post=135080"},{"taxonomy":"product_cat","embeddable":true,"href":"https:\/\/metaltale.com\/lv\/wp-json\/wp\/v2\/product_cat?post=135080"},{"taxonomy":"product_tag","embeddable":true,"href":"https:\/\/metaltale.com\/lv\/wp-json\/wp\/v2\/product_tag?post=135080"}],"curies":[{"name":"wp","href":"https:\/\/api.w.org\/{rel}","templated":true}]}}