{"id":135075,"date":"2024-02-13T13:47:43","date_gmt":"2024-02-13T11:47:43","guid":{"rendered":"https:\/\/metaltale.com\/produktas\/stacionarais-izlietnes-krans-melns-chester-gars\/"},"modified":"2024-02-13T13:47:43","modified_gmt":"2024-02-13T11:47:43","slug":"stacionarais-izlietnes-krans-melns-chester-gars","status":"publish","type":"product","link":"https:\/\/metaltale.com\/lv\/produkts\/stacionarais-izlietnes-krans-melns-chester-gars\/","title":{"rendered":"Stacion\u0101rais izlietnes kr\u0101ns melns CHESTER gar\u0161"},"content":{"rendered":"<div class=\"prod_data\"><strong>Modelis<\/strong> WX.8006HB.HIG.BLA  <br \/>Vienk\u0101r\u0161i retro kolekcija <br \/><strong>EAN.<\/strong>  5905369900648  <br \/>Mais\u012bt\u0101ja tips Br\u012bvi st\u0101vo\u0161s <br \/>Izsmidzin\u0101t\u0101ja garums (cm ) 8,5 <br \/>Materi\u0101ls Misi\u0146\u0161 <br \/>Uzst\u0101d\u012b\u0161anas atveres diametrs 3,2 <br \/><strong>Augstums (cm<\/strong> ) 36  <br \/>Perlators (aerators ) N\u0113 <br \/>Rot\u0113jo\u0161s izsmidzin\u0101t\u0101js N\u0113 <br \/><strong>Kr\u0101sa<\/strong> Melna  <br \/>Apdare M\u012bksta, sat\u012bna efekts <br \/>Papildus inform\u0101cija \u0160\u013c\u016btene M8x3\/8&#8243; kr\u0101na garums 50cm <br \/><strong>Augstums l\u012bdz izsmidzin\u0101t\u0101jam (cm<\/strong> ) 23  <br \/><strong>Kop\u0113j\u0101 projekcija (cm<\/strong> ) 14  <\/p>\n<p>&#8211; misi\u0146a akumulators<br \/>&#8211; keramikas galva &#8211; elements, kas nodro\u0161ina pareizu \u016bdens sadali.<br \/>&#8211; visi mont\u0101\u017eai nepiecie\u0161amie elementi komplekt\u0101 (\u0161\u013c\u016btenes, skr\u016bve pie galda virsmas, bl\u012bves pie skr\u016bves).<br \/>&#8211; skatiet citus mode\u013cus kolekcij\u0101 Simply Retro<\/p>\n<hr>\n<p>Melnais misi\u0146a galda kr\u0101ns ir augstas kvalit\u0101tes risin\u0101jums &#8211; ide\u0101li piem\u0113rots virtuvei un vannas istabai. Modelis ir stiliz\u0113ts k\u0101 vecmod\u012bgs, nedaudz raupj\u0161 un r\u016bpn\u012bcas kr\u0101ns. \u0160\u012b br\u012bvi st\u0101vo\u0161\u0101 mais\u012bt\u0101ja industri\u0101lo raksturu m\u012bkstina interesantais \u016bdenskrituma izpl\u016bdums. \u0160im kr\u0101nam ir rakstur\u012bga vienk\u0101r\u0161\u012bba un daudzpus\u012bba, un tas ieder\u0113sies b\u0113ni\u0146os, senatn\u012bg\u0101s, rustik\u0101l\u0101s un modern\u0101s kompoz\u012bcij\u0101s. Augstais mais\u012bt\u0101ja kr\u0101ns ir ide\u0101ls apvienojums ar akmens virsmas izlietni, un tas izskat\u0101s \u013coti stil\u012bgi ar\u012b kombin\u0101cij\u0101 ar koka un betona imit\u0101ciju pie sienas.  <\/p>\n<hr>\n<\/div>\n","protected":false},"excerpt":{"rendered":"<p>Modelis WX.8006HB.HIG.BLA Vienk\u0101r\u0161i retro kolekcija EAN. 5905369900648 Mais\u012bt\u0101ja tips Br\u012bvi st\u0101vo\u0161s Izsmidzin\u0101t\u0101ja garums (cm ) 8,5 Materi\u0101ls Misi\u0146\u0161 Uzst\u0101d\u012b\u0161anas atveres<\/p>\n","protected":false},"featured_media":80347,"comment_status":"open","ping_status":"closed","template":"","meta":{"_acf_changed":false,"pmpro_default_level":""},"product_brand":[],"product_cat":[24094],"product_tag":[],"class_list":{"0":"post-135075","1":"product","2":"type-product","3":"status-publish","4":"has-post-thumbnail","6":"product_cat-izlietnes-maisitaji","7":"pmpro-has-access","9":"first","10":"instock","11":"shipping-taxable","12":"purchasable","13":"product-type-simple"},"acf":[],"yoast_head":"<!-- This site is optimized with the Yoast SEO plugin v24.9 - https:\/\/yoast.com\/wordpress\/plugins\/seo\/ -->\n<title>Stacion\u0101rais izlietnes kr\u0101ns melns CHESTER gar\u0161 - MetalTale.com<\/title>\n<meta name=\"robots\" content=\"index, follow, max-snippet:-1, max-image-preview:large, max-video-preview:-1\" \/>\n<link rel=\"canonical\" href=\"https:\/\/metaltale.com\/lv\/produkts\/stacionarais-izlietnes-krans-melns-chester-gars\/\" \/>\n<meta property=\"og:locale\" content=\"lv_LV\" \/>\n<meta property=\"og:type\" content=\"article\" \/>\n<meta property=\"og:title\" content=\"Stacion\u0101rais izlietnes kr\u0101ns melns CHESTER gar\u0161 - MetalTale.com\" \/>\n<meta property=\"og:description\" content=\"Modelis WX.8006HB.HIG.BLA Vienk\u0101r\u0161i retro kolekcija EAN. 5905369900648 Mais\u012bt\u0101ja tips Br\u012bvi st\u0101vo\u0161s Izsmidzin\u0101t\u0101ja garums (cm ) 8,5 Materi\u0101ls Misi\u0146\u0161 Uzst\u0101d\u012b\u0161anas atveres\" \/>\n<meta property=\"og:url\" content=\"https:\/\/metaltale.com\/lv\/produkts\/stacionarais-izlietnes-krans-melns-chester-gars\/\" \/>\n<meta property=\"og:site_name\" content=\"MetalTale.com\" \/>\n<meta name=\"twitter:card\" content=\"summary_large_image\" \/>\n<meta name=\"twitter:label1\" content=\"Est. reading time\" \/>\n\t<meta name=\"twitter:data1\" content=\"1 minute\" \/>\n<script type=\"application\/ld+json\" class=\"yoast-schema-graph\">{\"@context\":\"https:\/\/schema.org\",\"@graph\":[{\"@type\":\"WebPage\",\"@id\":\"https:\/\/metaltale.com\/lv\/produkts\/stacionarais-izlietnes-krans-melns-chester-gars\/\",\"url\":\"https:\/\/metaltale.com\/lv\/produkts\/stacionarais-izlietnes-krans-melns-chester-gars\/\",\"name\":\"Stacion\u0101rais izlietnes kr\u0101ns melns CHESTER gar\u0161 - MetalTale.com\",\"isPartOf\":{\"@id\":\"https:\/\/metaltale.com\/lv\/#website\"},\"primaryImageOfPage\":{\"@id\":\"https:\/\/metaltale.com\/lv\/produkts\/stacionarais-izlietnes-krans-melns-chester-gars\/#primaryimage\"},\"image\":{\"@id\":\"https:\/\/metaltale.com\/lv\/produkts\/stacionarais-izlietnes-krans-melns-chester-gars\/#primaryimage\"},\"thumbnailUrl\":\"https:\/\/metaltale.com\/wp-content\/uploads\/2023\/10\/Grindx173-maix161ytuvas-CHESTER-2.jpg\",\"datePublished\":\"2024-02-13T11:47:43+00:00\",\"breadcrumb\":{\"@id\":\"https:\/\/metaltale.com\/lv\/produkts\/stacionarais-izlietnes-krans-melns-chester-gars\/#breadcrumb\"},\"inLanguage\":\"lv-LV\",\"potentialAction\":[{\"@type\":\"ReadAction\",\"target\":[\"https:\/\/metaltale.com\/lv\/produkts\/stacionarais-izlietnes-krans-melns-chester-gars\/\"]}]},{\"@type\":\"ImageObject\",\"inLanguage\":\"lv-LV\",\"@id\":\"https:\/\/metaltale.com\/lv\/produkts\/stacionarais-izlietnes-krans-melns-chester-gars\/#primaryimage\",\"url\":\"https:\/\/metaltale.com\/wp-content\/uploads\/2023\/10\/Grindx173-maix161ytuvas-CHESTER-2.jpg\",\"contentUrl\":\"https:\/\/metaltale.com\/wp-content\/uploads\/2023\/10\/Grindx173-maix161ytuvas-CHESTER-2.jpg\",\"width\":800,\"height\":800},{\"@type\":\"BreadcrumbList\",\"@id\":\"https:\/\/metaltale.com\/lv\/produkts\/stacionarais-izlietnes-krans-melns-chester-gars\/#breadcrumb\",\"itemListElement\":[{\"@type\":\"ListItem\",\"position\":1,\"name\":\"Home\",\"item\":\"https:\/\/metaltale.com\/lv\/majas\/\"},{\"@type\":\"ListItem\",\"position\":2,\"name\":\"Veikals\",\"item\":\"https:\/\/metaltale.com\/lv\/shop\/\"},{\"@type\":\"ListItem\",\"position\":3,\"name\":\"Stacion\u0101rais izlietnes kr\u0101ns melns CHESTER gar\u0161\"}]},{\"@type\":\"WebSite\",\"@id\":\"https:\/\/metaltale.com\/lv\/#website\",\"url\":\"https:\/\/metaltale.com\/lv\/\",\"name\":\"Metaltale.com\",\"description\":\"\",\"potentialAction\":[{\"@type\":\"SearchAction\",\"target\":{\"@type\":\"EntryPoint\",\"urlTemplate\":\"https:\/\/metaltale.com\/lv\/?s={search_term_string}\"},\"query-input\":{\"@type\":\"PropertyValueSpecification\",\"valueRequired\":true,\"valueName\":\"search_term_string\"}}],\"inLanguage\":\"lv-LV\"}]}<\/script>\n<!-- \/ Yoast SEO plugin. -->","yoast_head_json":{"title":"Stacion\u0101rais izlietnes kr\u0101ns melns CHESTER gar\u0161 - MetalTale.com","robots":{"index":"index","follow":"follow","max-snippet":"max-snippet:-1","max-image-preview":"max-image-preview:large","max-video-preview":"max-video-preview:-1"},"canonical":"https:\/\/metaltale.com\/lv\/produkts\/stacionarais-izlietnes-krans-melns-chester-gars\/","og_locale":"lv_LV","og_type":"article","og_title":"Stacion\u0101rais izlietnes kr\u0101ns melns CHESTER gar\u0161 - MetalTale.com","og_description":"Modelis WX.8006HB.HIG.BLA Vienk\u0101r\u0161i retro kolekcija EAN. 5905369900648 Mais\u012bt\u0101ja tips Br\u012bvi st\u0101vo\u0161s Izsmidzin\u0101t\u0101ja garums (cm ) 8,5 Materi\u0101ls Misi\u0146\u0161 Uzst\u0101d\u012b\u0161anas atveres","og_url":"https:\/\/metaltale.com\/lv\/produkts\/stacionarais-izlietnes-krans-melns-chester-gars\/","og_site_name":"MetalTale.com","twitter_card":"summary_large_image","twitter_misc":{"Est. reading time":"1 minute"},"schema":{"@context":"https:\/\/schema.org","@graph":[{"@type":"WebPage","@id":"https:\/\/metaltale.com\/lv\/produkts\/stacionarais-izlietnes-krans-melns-chester-gars\/","url":"https:\/\/metaltale.com\/lv\/produkts\/stacionarais-izlietnes-krans-melns-chester-gars\/","name":"Stacion\u0101rais izlietnes kr\u0101ns melns CHESTER gar\u0161 - MetalTale.com","isPartOf":{"@id":"https:\/\/metaltale.com\/lv\/#website"},"primaryImageOfPage":{"@id":"https:\/\/metaltale.com\/lv\/produkts\/stacionarais-izlietnes-krans-melns-chester-gars\/#primaryimage"},"image":{"@id":"https:\/\/metaltale.com\/lv\/produkts\/stacionarais-izlietnes-krans-melns-chester-gars\/#primaryimage"},"thumbnailUrl":"https:\/\/metaltale.com\/wp-content\/uploads\/2023\/10\/Grindx173-maix161ytuvas-CHESTER-2.jpg","datePublished":"2024-02-13T11:47:43+00:00","breadcrumb":{"@id":"https:\/\/metaltale.com\/lv\/produkts\/stacionarais-izlietnes-krans-melns-chester-gars\/#breadcrumb"},"inLanguage":"lv-LV","potentialAction":[{"@type":"ReadAction","target":["https:\/\/metaltale.com\/lv\/produkts\/stacionarais-izlietnes-krans-melns-chester-gars\/"]}]},{"@type":"ImageObject","inLanguage":"lv-LV","@id":"https:\/\/metaltale.com\/lv\/produkts\/stacionarais-izlietnes-krans-melns-chester-gars\/#primaryimage","url":"https:\/\/metaltale.com\/wp-content\/uploads\/2023\/10\/Grindx173-maix161ytuvas-CHESTER-2.jpg","contentUrl":"https:\/\/metaltale.com\/wp-content\/uploads\/2023\/10\/Grindx173-maix161ytuvas-CHESTER-2.jpg","width":800,"height":800},{"@type":"BreadcrumbList","@id":"https:\/\/metaltale.com\/lv\/produkts\/stacionarais-izlietnes-krans-melns-chester-gars\/#breadcrumb","itemListElement":[{"@type":"ListItem","position":1,"name":"Home","item":"https:\/\/metaltale.com\/lv\/majas\/"},{"@type":"ListItem","position":2,"name":"Veikals","item":"https:\/\/metaltale.com\/lv\/shop\/"},{"@type":"ListItem","position":3,"name":"Stacion\u0101rais izlietnes kr\u0101ns melns CHESTER gar\u0161"}]},{"@type":"WebSite","@id":"https:\/\/metaltale.com\/lv\/#website","url":"https:\/\/metaltale.com\/lv\/","name":"Metaltale.com","description":"","potentialAction":[{"@type":"SearchAction","target":{"@type":"EntryPoint","urlTemplate":"https:\/\/metaltale.com\/lv\/?s={search_term_string}"},"query-input":{"@type":"PropertyValueSpecification","valueRequired":true,"valueName":"search_term_string"}}],"inLanguage":"lv-LV"}]}},"_links":{"self":[{"href":"https:\/\/metaltale.com\/lv\/wp-json\/wp\/v2\/product\/135075","targetHints":{"allow":["GET"]}}],"collection":[{"href":"https:\/\/metaltale.com\/lv\/wp-json\/wp\/v2\/product"}],"about":[{"href":"https:\/\/metaltale.com\/lv\/wp-json\/wp\/v2\/types\/product"}],"replies":[{"embeddable":true,"href":"https:\/\/metaltale.com\/lv\/wp-json\/wp\/v2\/comments?post=135075"}],"version-history":[{"count":0,"href":"https:\/\/metaltale.com\/lv\/wp-json\/wp\/v2\/product\/135075\/revisions"}],"wp:featuredmedia":[{"embeddable":true,"href":"https:\/\/metaltale.com\/lv\/wp-json\/wp\/v2\/media\/80347"}],"wp:attachment":[{"href":"https:\/\/metaltale.com\/lv\/wp-json\/wp\/v2\/media?parent=135075"}],"wp:term":[{"taxonomy":"product_brand","embeddable":true,"href":"https:\/\/metaltale.com\/lv\/wp-json\/wp\/v2\/product_brand?post=135075"},{"taxonomy":"product_cat","embeddable":true,"href":"https:\/\/metaltale.com\/lv\/wp-json\/wp\/v2\/product_cat?post=135075"},{"taxonomy":"product_tag","embeddable":true,"href":"https:\/\/metaltale.com\/lv\/wp-json\/wp\/v2\/product_tag?post=135075"}],"curies":[{"name":"wp","href":"https:\/\/api.w.org\/{rel}","templated":true}]}}